{"id":38997,"date":"2025-02-27T15:30:18","date_gmt":"2025-02-27T14:30:18","guid":{"rendered":"https:\/\/www-lykketegning.wp3.hcweb.dev\/?post_type=product&#038;p=38997"},"modified":"2025-04-28T08:52:00","modified_gmt":"2025-04-28T06:52:00","slug":"personlige-illustrasjoner","status":"publish","type":"product","link":"https:\/\/www.lykketegning.no\/de\/produkt\/personlige-illustrasjoner\/","title":{"rendered":"Personalisierte Illustrationen"},"content":{"rendered":"<h2>Personalisierte Illustrationen!<\/h2>\n<p>Einzigartige, handgezeichnete Motive, die nach Ihren W\u00fcnschen gestaltet werden. Perfekt zum Verschenken oder f\u00fcr die eigene Gestaltung. Perfekt zum Verschenken oder zum eigenen Vergn\u00fcgen.<\/p>\n<p>Wenn Sie eine einzigartige Zeichnung w\u00fcnschen, beginnen die Preise bei 1500 SEK f\u00fcr A4.<\/p>\n<p>Schreiben Sie in das Kommentarfeld, was Sie gerne sehen w\u00fcrden. Vergesst nicht, die Gr\u00f6\u00dfe, die Haarfarbe und den Haartyp der Personen anzugeben, die ihr gerne dabei haben m\u00f6chtet. Ich schicke Ihnen zun\u00e4chst eine grobe Skizze, die Sie korrigieren k\u00f6nnen, dann \u00fcberarbeite ich die Illustrationen und schicke sie Ihnen per Post zu. Wenn es mehr als 5 Personen sind, kontaktieren Sie mich bitte f\u00fcr einen Preis. Senden Sie eine E-Mail an post@lykketegning.no f\u00fcr weitere Informationen.<\/p>","protected":false},"excerpt":{"rendered":"<h2>Personalisierte Illustrationen!<\/h2>\n<p>Einzigartige, handgezeichnete Motive, die nach Ihren W\u00fcnschen gestaltet werden. Perfekt zum Verschenken oder f\u00fcr die eigene Gestaltung. Perfekt zum Verschenken oder zum eigenen Vergn\u00fcgen.<\/p>\n<p>Wenn Sie eine einzigartige Zeichnung w\u00fcnschen, beginnen die Preise bei 1500 SEK f\u00fcr A4.<\/p>\n<p>Schreiben Sie in das Kommentarfeld, was Sie gerne sehen w\u00fcrden. Vergesst nicht, die Gr\u00f6\u00dfe, die Haarfarbe und den Haartyp der Personen anzugeben, die ihr gerne dabei haben m\u00f6chtet. Ich schicke Ihnen zun\u00e4chst eine grobe Skizze, die Sie korrigieren k\u00f6nnen, dann \u00fcberarbeite ich die Illustrationen und schicke sie Ihnen per Post zu. Wenn es mehr als 5 Personen sind, kontaktieren Sie mich bitte f\u00fcr einen Preis. Senden Sie eine E-Mail an post@lykketegning.no f\u00fcr weitere Informationen.<\/p>","protected":false},"featured_media":39839,"comment_status":"open","ping_status":"closed","template":"","meta":[],"product_brand":[],"product_cat":[166,83,167,165,75,168],"product_tag":[395,396,348,69,394,393,50],"class_list":{"0":"post-38997","1":"product","2":"type-product","3":"status-publish","4":"has-post-thumbnail","6":"product_cat-barn","7":"product_cat-bryllupsgaver","8":"product_cat-familietegning","9":"product_cat-handtegnede-unike-illustrasjoner","10":"product_cat-konfirmasjonsgave","11":"product_cat-takkegave","12":"product_tag-etter-eget-onske","13":"product_tag-familie","14":"product_tag-familiebilde","15":"product_tag-illustrasjon","16":"product_tag-personlige-illustrasjoner","17":"product_tag-personlige-tegninger","18":"product_tag-tegning","20":"first","21":"instock","22":"featured","23":"purchasable","24":"product-type-simple"},"yoast_head":"<!-- This site is optimized with the Yoast SEO plugin v27.5 - https:\/\/yoast.com\/product\/yoast-seo-wordpress\/ -->\n<title>Personlige illustrasjoner - LYKKETEGNING ILLUSTRAT\u00d8R<\/title>\n<meta name=\"description\" content=\"V\u00e5re personlige illustrasjoner og gaver gj\u00f8r konfirmasjonen ekstra spesiell. Perfekt som en minneverdig gave til konfirmanten eller en hjertevarm hilsen.\" \/>\n<meta name=\"robots\" content=\"index, follow, max-snippet:-1, max-image-preview:large, max-video-preview:-1\" \/>\n<link rel=\"canonical\" href=\"https:\/\/www.lykketegning.no\/de\/product-2\/personligt-anpassade-illustrationer\/\" \/>\n<meta property=\"og:locale\" content=\"de_DE\" \/>\n<meta property=\"og:type\" content=\"article\" \/>\n<meta property=\"og:title\" content=\"Personlige illustrasjoner - LYKKETEGNING ILLUSTRAT\u00d8R\" \/>\n<meta property=\"og:description\" content=\"V\u00e5re personlige illustrasjoner og gaver gj\u00f8r konfirmasjonen ekstra spesiell. Perfekt som en minneverdig gave til konfirmanten eller en hjertevarm hilsen.\" \/>\n<meta property=\"og:url\" content=\"https:\/\/www.lykketegning.no\/de\/product-2\/personligt-anpassade-illustrationer\/\" \/>\n<meta property=\"og:site_name\" content=\"LYKKETEGNING ILLUSTRAT\u00d8R\" \/>\n<meta property=\"article:publisher\" content=\"https:\/\/www.facebook.com\/lykketegning\/\" \/>\n<meta property=\"article:modified_time\" content=\"2025-04-28T06:52:00+00:00\" \/>\n<meta property=\"og:image\" content=\"https:\/\/www.lykketegning.no\/wp-content\/uploads\/2025\/02\/Lykketegning_Ingebjorg.jpg\" \/>\n\t<meta property=\"og:image:width\" content=\"480\" \/>\n\t<meta property=\"og:image:height\" content=\"640\" \/>\n\t<meta property=\"og:image:type\" content=\"image\/jpeg\" \/>\n<meta name=\"twitter:card\" content=\"summary_large_image\" \/>\n<meta name=\"twitter:label1\" content=\"Gesch\u00e4tzte Lesezeit\" \/>\n\t<meta name=\"twitter:data1\" content=\"1\u00a0Minute\" \/>\n<script type=\"application\/ld+json\" class=\"yoast-schema-graph\">{\"@context\":\"https:\\\/\\\/schema.org\",\"@graph\":[{\"@type\":\"WebPage\",\"@id\":\"https:\\\/\\\/www.lykketegning.no\\\/sv\\\/product-2\\\/personligt-anpassade-illustrationer\\\/\",\"url\":\"https:\\\/\\\/www.lykketegning.no\\\/sv\\\/product-2\\\/personligt-anpassade-illustrationer\\\/\",\"name\":\"Personlige illustrasjoner - LYKKETEGNING ILLUSTRAT\u00d8R\",\"isPartOf\":{\"@id\":\"https:\\\/\\\/www.lykketegning.no\\\/#website\"},\"primaryImageOfPage\":{\"@id\":\"https:\\\/\\\/www.lykketegning.no\\\/sv\\\/product-2\\\/personligt-anpassade-illustrationer\\\/#primaryimage\"},\"image\":{\"@id\":\"https:\\\/\\\/www.lykketegning.no\\\/sv\\\/product-2\\\/personligt-anpassade-illustrationer\\\/#primaryimage\"},\"thumbnailUrl\":\"https:\\\/\\\/www.lykketegning.no\\\/wp-content\\\/uploads\\\/2025\\\/02\\\/Lykketegning_Ingebjorg.jpg\",\"datePublished\":\"2025-02-27T14:30:18+00:00\",\"dateModified\":\"2025-04-28T06:52:00+00:00\",\"description\":\"V\u00e5re personlige illustrasjoner og gaver gj\u00f8r konfirmasjonen ekstra spesiell. Perfekt som en minneverdig gave til konfirmanten eller en hjertevarm hilsen.\",\"breadcrumb\":{\"@id\":\"https:\\\/\\\/www.lykketegning.no\\\/sv\\\/product-2\\\/personligt-anpassade-illustrationer\\\/#breadcrumb\"},\"inLanguage\":\"de\",\"potentialAction\":[{\"@type\":\"ReadAction\",\"target\":[\"https:\\\/\\\/www.lykketegning.no\\\/sv\\\/product-2\\\/personligt-anpassade-illustrationer\\\/\"]}]},{\"@type\":\"ImageObject\",\"inLanguage\":\"de\",\"@id\":\"https:\\\/\\\/www.lykketegning.no\\\/sv\\\/product-2\\\/personligt-anpassade-illustrationer\\\/#primaryimage\",\"url\":\"https:\\\/\\\/www.lykketegning.no\\\/wp-content\\\/uploads\\\/2025\\\/02\\\/Lykketegning_Ingebjorg.jpg\",\"contentUrl\":\"https:\\\/\\\/www.lykketegning.no\\\/wp-content\\\/uploads\\\/2025\\\/02\\\/Lykketegning_Ingebjorg.jpg\",\"width\":480,\"height\":640},{\"@type\":\"BreadcrumbList\",\"@id\":\"https:\\\/\\\/www.lykketegning.no\\\/sv\\\/product-2\\\/personligt-anpassade-illustrationer\\\/#breadcrumb\",\"itemListElement\":[{\"@type\":\"ListItem\",\"position\":1,\"name\":\"Hjem\",\"item\":\"https:\\\/\\\/www.lykketegning.no\\\/\"},{\"@type\":\"ListItem\",\"position\":2,\"name\":\"Shop\",\"item\":\"https:\\\/\\\/www.lykketegning.no\\\/sv\\\/webbutik\\\/\"},{\"@type\":\"ListItem\",\"position\":3,\"name\":\"Personlige illustrasjoner\"}]},{\"@type\":\"WebSite\",\"@id\":\"https:\\\/\\\/www.lykketegning.no\\\/#website\",\"url\":\"https:\\\/\\\/www.lykketegning.no\\\/\",\"name\":\"LYKKETEGNING ILLUSTRAT\u00d8R\",\"description\":\"\",\"publisher\":{\"@id\":\"https:\\\/\\\/www.lykketegning.no\\\/#organization\"},\"potentialAction\":[{\"@type\":\"SearchAction\",\"target\":{\"@type\":\"EntryPoint\",\"urlTemplate\":\"https:\\\/\\\/www.lykketegning.no\\\/?s={search_term_string}\"},\"query-input\":{\"@type\":\"PropertyValueSpecification\",\"valueRequired\":true,\"valueName\":\"search_term_string\"}}],\"inLanguage\":\"de\"},{\"@type\":\"Organization\",\"@id\":\"https:\\\/\\\/www.lykketegning.no\\\/#organization\",\"name\":\"LYKKETEGNING ILLUSTRAT\u00d8R\",\"url\":\"https:\\\/\\\/www.lykketegning.no\\\/\",\"logo\":{\"@type\":\"ImageObject\",\"inLanguage\":\"de\",\"@id\":\"https:\\\/\\\/www.lykketegning.no\\\/#\\\/schema\\\/logo\\\/image\\\/\",\"url\":\"https:\\\/\\\/www.lykketegning.no\\\/wp-content\\\/uploads\\\/2020\\\/03\\\/Logo2020_h400px.jpg\",\"contentUrl\":\"https:\\\/\\\/www.lykketegning.no\\\/wp-content\\\/uploads\\\/2020\\\/03\\\/Logo2020_h400px.jpg\",\"width\":1024,\"height\":400,\"caption\":\"LYKKETEGNING ILLUSTRAT\u00d8R\"},\"image\":{\"@id\":\"https:\\\/\\\/www.lykketegning.no\\\/#\\\/schema\\\/logo\\\/image\\\/\"},\"sameAs\":[\"https:\\\/\\\/www.facebook.com\\\/lykketegning\\\/\",\"https:\\\/\\\/www.instagram.com\\\/lykketegning\\\/\",\"https:\\\/\\\/www.youtube.com\\\/@lykketegningillustrations\",\"https:\\\/\\\/www.tiktok.com\\\/@lykketegningillustration\"]}]}<\/script>\n<!-- \/ Yoast SEO plugin. -->","yoast_head_json":{"title":"Personalisierte Illustrationen - LYKKETEGNING ILLUSTRAT\u00d8R","description":"Unsere personalisierten Illustrationen und Geschenke machen Ihre Abschlussfeier zu etwas ganz Besonderem. Perfekt als unvergessliches Geschenk f\u00fcr den Absolventen oder als herzerw\u00e4rmender Gru\u00df.","robots":{"index":"index","follow":"follow","max-snippet":"max-snippet:-1","max-image-preview":"max-image-preview:large","max-video-preview":"max-video-preview:-1"},"canonical":"https:\/\/www.lykketegning.no\/de\/product-2\/personligt-anpassade-illustrationer\/","og_locale":"de_DE","og_type":"article","og_title":"Personlige illustrasjoner - LYKKETEGNING ILLUSTRAT\u00d8R","og_description":"V\u00e5re personlige illustrasjoner og gaver gj\u00f8r konfirmasjonen ekstra spesiell. Perfekt som en minneverdig gave til konfirmanten eller en hjertevarm hilsen.","og_url":"https:\/\/www.lykketegning.no\/de\/product-2\/personligt-anpassade-illustrationer\/","og_site_name":"LYKKETEGNING ILLUSTRAT\u00d8R","article_publisher":"https:\/\/www.facebook.com\/lykketegning\/","article_modified_time":"2025-04-28T06:52:00+00:00","og_image":[{"width":480,"height":640,"url":"https:\/\/www.lykketegning.no\/wp-content\/uploads\/2025\/02\/Lykketegning_Ingebjorg.jpg","type":"image\/jpeg"}],"twitter_card":"summary_large_image","twitter_misc":{"Gesch\u00e4tzte Lesezeit":"1\u00a0Minute"},"schema":{"@context":"https:\/\/schema.org","@graph":[{"@type":"WebPage","@id":"https:\/\/www.lykketegning.no\/sv\/product-2\/personligt-anpassade-illustrationer\/","url":"https:\/\/www.lykketegning.no\/sv\/product-2\/personligt-anpassade-illustrationer\/","name":"Personalisierte Illustrationen - LYKKETEGNING ILLUSTRAT\u00d8R","isPartOf":{"@id":"https:\/\/www.lykketegning.no\/#website"},"primaryImageOfPage":{"@id":"https:\/\/www.lykketegning.no\/sv\/product-2\/personligt-anpassade-illustrationer\/#primaryimage"},"image":{"@id":"https:\/\/www.lykketegning.no\/sv\/product-2\/personligt-anpassade-illustrationer\/#primaryimage"},"thumbnailUrl":"https:\/\/www.lykketegning.no\/wp-content\/uploads\/2025\/02\/Lykketegning_Ingebjorg.jpg","datePublished":"2025-02-27T14:30:18+00:00","dateModified":"2025-04-28T06:52:00+00:00","description":"Unsere personalisierten Illustrationen und Geschenke machen Ihre Abschlussfeier zu etwas ganz Besonderem. Perfekt als unvergessliches Geschenk f\u00fcr den Absolventen oder als herzerw\u00e4rmender Gru\u00df.","breadcrumb":{"@id":"https:\/\/www.lykketegning.no\/sv\/product-2\/personligt-anpassade-illustrationer\/#breadcrumb"},"inLanguage":"de","potentialAction":[{"@type":"ReadAction","target":["https:\/\/www.lykketegning.no\/sv\/product-2\/personligt-anpassade-illustrationer\/"]}]},{"@type":"ImageObject","inLanguage":"de","@id":"https:\/\/www.lykketegning.no\/sv\/product-2\/personligt-anpassade-illustrationer\/#primaryimage","url":"https:\/\/www.lykketegning.no\/wp-content\/uploads\/2025\/02\/Lykketegning_Ingebjorg.jpg","contentUrl":"https:\/\/www.lykketegning.no\/wp-content\/uploads\/2025\/02\/Lykketegning_Ingebjorg.jpg","width":480,"height":640},{"@type":"BreadcrumbList","@id":"https:\/\/www.lykketegning.no\/sv\/product-2\/personligt-anpassade-illustrationer\/#breadcrumb","itemListElement":[{"@type":"ListItem","position":1,"name":"Hjem","item":"https:\/\/www.lykketegning.no\/"},{"@type":"ListItem","position":2,"name":"Shop","item":"https:\/\/www.lykketegning.no\/sv\/webbutik\/"},{"@type":"ListItem","position":3,"name":"Personlige illustrasjoner"}]},{"@type":"WebSite","@id":"https:\/\/www.lykketegning.no\/#website","url":"https:\/\/www.lykketegning.no\/","name":"GL\u00dcCKSZEICHNUNG ILLUSTRATOR","description":"","publisher":{"@id":"https:\/\/www.lykketegning.no\/#organization"},"potentialAction":[{"@type":"SearchAction","target":{"@type":"EntryPoint","urlTemplate":"https:\/\/www.lykketegning.no\/?s={search_term_string}"},"query-input":{"@type":"PropertyValueSpecification","valueRequired":true,"valueName":"search_term_string"}}],"inLanguage":"de"},{"@type":"Organization","@id":"https:\/\/www.lykketegning.no\/#organization","name":"GL\u00dcCKSZEICHNUNG ILLUSTRATOR","url":"https:\/\/www.lykketegning.no\/","logo":{"@type":"ImageObject","inLanguage":"de","@id":"https:\/\/www.lykketegning.no\/#\/schema\/logo\/image\/","url":"https:\/\/www.lykketegning.no\/wp-content\/uploads\/2020\/03\/Logo2020_h400px.jpg","contentUrl":"https:\/\/www.lykketegning.no\/wp-content\/uploads\/2020\/03\/Logo2020_h400px.jpg","width":1024,"height":400,"caption":"LYKKETEGNING ILLUSTRAT\u00d8R"},"image":{"@id":"https:\/\/www.lykketegning.no\/#\/schema\/logo\/image\/"},"sameAs":["https:\/\/www.facebook.com\/lykketegning\/","https:\/\/www.instagram.com\/lykketegning\/","https:\/\/www.youtube.com\/@lykketegningillustrations","https:\/\/www.tiktok.com\/@lykketegningillustration"]}]}},"_links":{"self":[{"href":"https:\/\/www.lykketegning.no\/de\/wp-json\/wp\/v2\/product\/38997","targetHints":{"allow":["GET"]}}],"collection":[{"href":"https:\/\/www.lykketegning.no\/de\/wp-json\/wp\/v2\/product"}],"about":[{"href":"https:\/\/www.lykketegning.no\/de\/wp-json\/wp\/v2\/types\/product"}],"replies":[{"embeddable":true,"href":"https:\/\/www.lykketegning.no\/de\/wp-json\/wp\/v2\/comments?post=38997"}],"wp:featuredmedia":[{"embeddable":true,"href":"https:\/\/www.lykketegning.no\/de\/wp-json\/wp\/v2\/media\/39839"}],"wp:attachment":[{"href":"https:\/\/www.lykketegning.no\/de\/wp-json\/wp\/v2\/media?parent=38997"}],"wp:term":[{"taxonomy":"product_brand","embeddable":true,"href":"https:\/\/www.lykketegning.no\/de\/wp-json\/wp\/v2\/product_brand?post=38997"},{"taxonomy":"product_cat","embeddable":true,"href":"https:\/\/www.lykketegning.no\/de\/wp-json\/wp\/v2\/product_cat?post=38997"},{"taxonomy":"product_tag","embeddable":true,"href":"https:\/\/www.lykketegning.no\/de\/wp-json\/wp\/v2\/product_tag?post=38997"}],"curies":[{"name":"wp","href":"https:\/\/api.w.org\/{rel}","templated":true}]}}