{"id":38965,"date":"2025-01-01T16:05:00","date_gmt":"2025-01-01T15:05:00","guid":{"rendered":"https:\/\/www.lykketegning.no\/?post_type=product&#038;p=38965"},"modified":"2026-03-15T20:55:26","modified_gmt":"2026-03-15T19:55:26","slug":"pink-fine-gratitude-journal-tagebuch","status":"publish","type":"product","link":"https:\/\/www.lykketegning.no\/de\/produkt\/rosa-fin-takknemlighets-journal-dagbok\/","title":{"rendered":"Rosa Dankbarkeitsjournal\/Tagebuch."},"content":{"rendered":"<h2>Rosa Dankbarkeitsjournal\/Tagebuch.<\/h2>\n<p class=\"cvGsUA direction-ltr align-center para-style-body\"><span class=\"OYPEnA font-feature-liga-off font-feature-clig-off font-feature-calt-off text-decoration-none text-strikethrough-none\">Dieses Buch kann Ihnen helfen, im Alltag zur Ruhe zu kommen und die kleinen, aber wichtigen Momente zu sch\u00e4tzen.<\/span><\/p>\n<p class=\"cvGsUA direction-ltr align-center para-style-body\"><span class=\"OYPEnA font-feature-liga-off font-feature-clig-off font-feature-calt-off text-decoration-none text-strikethrough-none\">Wenn Sie aufschreiben, wof\u00fcr Sie dankbar sind, hilft Ihnen das, die guten Dinge im Leben zu erkennen, selbst wenn die Tage arbeitsreich oder herausfordernd sind.<\/span><\/p>\n<p class=\"cvGsUA direction-ltr align-center para-style-body\"><span class=\"OYPEnA font-feature-liga-off font-feature-clig-off font-feature-calt-off text-decoration-none text-strikethrough-none\">Es geht nicht unbedingt um gro\u00dfe Ereignisse, sondern um die kleinen Dinge, die Freude bereiten k\u00f6nnen. Eine hei\u00dfe Tasse Kaffee am Morgen, ein freundliches L\u00e4cheln von einem Fremden oder ein nettes Gespr\u00e4ch mit einem guten Freund.<\/span><\/p>\n<p class=\"cvGsUA direction-ltr align-center para-style-body\"><span class=\"OYPEnA font-feature-liga-off font-feature-clig-off font-feature-calt-off text-decoration-none text-strikethrough-none\">Wenn Sie sich die Zeit nehmen, aufzuschreiben, wof\u00fcr Sie dankbar sind, helfen Sie sich selbst, Ihren Fokus von dem, was fehlt, auf das zu lenken, was schon da ist.<\/span><\/p>\n<p class=\"cvGsUA direction-ltr align-center para-style-body\"><span class=\"OYPEnA font-feature-liga-off font-feature-clig-off font-feature-calt-off text-decoration-none text-strikethrough-none\">Schlie\u00dflich gibt es da drau\u00dfen viele Lichtblitze?<\/span><\/p>\n<p class=\"cvGsUA direction-ltr align-center para-style-body\"><span class=\"OYPEnA font-feature-liga-off font-feature-clig-off font-feature-calt-off text-decoration-none text-strikethrough-none\">Die regelm\u00e4\u00dfige F\u00fchrung eines Dankbarkeitstagebuchs kann dazu beitragen, Ihre Stimmung zu verbessern, Stress zu reduzieren und Ihr Gl\u00fccksgef\u00fchl zu steigern.<\/span><\/p>\n<p class=\"cvGsUA direction-ltr align-center para-style-body\"><span class=\"OYPEnA font-feature-liga-off font-feature-clig-off font-feature-calt-off text-decoration-none text-strikethrough-none\">Sie k\u00f6nnen jeden Tag drei Dinge aufschreiben, die Sie sch\u00e4tzen, oder eine andere Methode w\u00e4hlen, die sich f\u00fcr Sie nat\u00fcrlich anf\u00fchlt. Wie auch immer Sie Ihr Tagebuch nutzen, ich hoffe, es bringt Ihnen Freude und gute Gedanken.<\/span><\/p>\n<p class=\"cvGsUA direction-ltr align-center para-style-body\"><span class=\"OYPEnA font-feature-liga-off font-feature-clig-off font-feature-calt-off text-decoration-none text-strikethrough-none\">Ingebj\u00f8rg<\/span><\/p>\n<p>A5-Buch mit 136 Seiten.<\/p>\n<h4>Mehr \u00fcber Lucky Drawing:<\/h4>\n<div class=\"row tab-table-row\">\n<div class=\"col-xs-6\"><strong>\"Bei Lykketegning wird jede Illustration mit viel W\u00e4rme und Sorgfalt erstellt.<\/strong><br \/>\n<strong>Mit kr\u00e4ftigen Farben, klaren Linien und guten Zitaten will Happiness Drawing Sie dazu bringen, einen Moment innezuhalten, tief durchzuatmen und dann einen guten Kurs nach vorne zu setzen.<\/strong><br \/>\n<strong>\"Die Herzen und das L\u00e4cheln sind von mir f\u00fcr dich, um dich daran zu erinnern, dass du wirklich gut bist!\"<\/strong><\/div>\n<div class=\"col-xs-6\">\n<p>Auf der Website finden Sie einige Illustrationen und andere Produkte wie Tassen, Gru\u00dfkarten und Kalender. Es kommen st\u00e4ndig neue Produkte hinzu, also melden Sie sich f\u00fcr den Newsletter an, um monatliche Updates zu erhalten.<\/p>\n<p>F\u00fcr <strong>viele viele viele viele<\/strong> weitere Illustrationen; besuchen Sie mein Instagram- und Facebook-Profil.<\/p>\n<p>Eigentlich sind alle Illustrationen k\u00e4uflich zu erwerben. 999 SEK f\u00fcr A4 und 1500 SEK f\u00fcr A3.<\/p>\n<p>Sie k\u00f6nnen auch Ihr eigenes Exemplar bestellen - ein tolles Geschenk f\u00fcr Hochzeiten und andere Feiern. Nehmen Sie dazu Kontakt mit dem Posteingang auf.<\/p>\n<p><em>Preis: 1500kr f\u00fcr A4 und A5 (bis zu 5 Personen\/Tier) zus\u00e4tzliche Kosten f\u00fcr mehr (bis zu 5 Personen\/Tier). A3 2000kr ex Porto. Ich muss die Haarfarbe\/den Haartyp, die Gr\u00f6\u00dfe, die Interessen und die gew\u00fcnschte Anzahl der abgebildeten Personen wissen. Alle Kostenvoranschl\u00e4ge, die Sie w\u00fcnschen, eingeschlossen.<\/em><\/p>\n<p>Wenn Sie Fragen haben, z\u00f6gern Sie nicht, mich zu kontaktieren! Wenn Sie sich \u00fcber eine m\u00f6gliche Zusammenarbeit unterhalten m\u00f6chten, schicken Sie mir bitte eine E-Mail.<\/p>\n<p>Ich freue mich, von Ihnen zu h\u00f6ren und w\u00fcnsche Ihnen einen sch\u00f6nen Tag. <a href=\"https:\/\/www.facebook.com\/lykketegning\/?locale=nb_NO\">Dies f\u00fchrt Sie zu meiner Facebook-Seite.<\/a> Und wenn Sie mir folgen wollen auf<a href=\"https:\/\/www.instagram.com\/lykketegning\/?hl=nb\"> Instagram, dann finden Sie es hier.<\/a><\/p>\n<p>K\u00fcnstler<br \/>\nIngebj\u00f8rg Rang\u00f8y Sj\u00e5land<\/p>\n<p>&nbsp;<\/p>\n<\/div>\n<\/div>\n<div><\/div>\n<p>&nbsp;<\/p>","protected":false},"excerpt":{"rendered":"<h2>Rosa Dankbarkeitsjournal\/Tagebuch.<\/h2>\n<p class=\"cvGsUA direction-ltr align-center para-style-body\"><span class=\"OYPEnA font-feature-liga-off font-feature-clig-off font-feature-calt-off text-decoration-none text-strikethrough-none\">Dieses Buch kann Ihnen helfen, im Alltag zur Ruhe zu kommen und die kleinen, aber wichtigen Momente zu sch\u00e4tzen.<\/span><\/p>\n<p class=\"cvGsUA direction-ltr align-center para-style-body\"><span class=\"OYPEnA font-feature-liga-off font-feature-clig-off font-feature-calt-off text-decoration-none text-strikethrough-none\">Wenn Sie aufschreiben, wof\u00fcr Sie dankbar sind, hilft Ihnen das, die guten Dinge im Leben zu erkennen, selbst wenn die Tage arbeitsreich oder herausfordernd sind.<\/span><\/p>","protected":false},"featured_media":39800,"comment_status":"closed","ping_status":"closed","template":"","meta":[],"product_brand":[],"product_cat":[349],"product_tag":[353,390,389,388],"class_list":{"0":"post-38965","1":"product","2":"type-product","3":"status-publish","4":"has-post-thumbnail","6":"product_cat-illustrerte-boker","7":"product_tag-bok","8":"product_tag-dagbok","9":"product_tag-takknemlighet","10":"product_tag-takknemlighetsjournal","12":"first","13":"instock","14":"featured","15":"taxable","16":"shipping-taxable","17":"purchasable","18":"product-type-simple"},"yoast_head":"<!-- This site is optimized with the Yoast SEO plugin v27.3 - https:\/\/yoast.com\/product\/yoast-seo-wordpress\/ -->\n<title>Rosa fin Takknemlighets-journal\/dagbok. - LYKKETEGNING ILLUSTRAT\u00d8R<\/title>\n<meta name=\"description\" content=\"Takknemlighets-journal fra Lykketegning. Denne boken kan hjelpe deg med \u00e5 finne ro i hverdagen og sette pris p\u00e5 de sm\u00e5, men viktige \u00f8yeblikkene.\" \/>\n<meta name=\"robots\" content=\"index, follow, max-snippet:-1, max-image-preview:large, max-video-preview:-1\" \/>\n<link rel=\"canonical\" href=\"https:\/\/www.lykketegning.no\/de\/product-2\/pink-fine-gratitude-journal-tagebuch\/\" \/>\n<meta property=\"og:locale\" content=\"de_DE\" \/>\n<meta property=\"og:type\" content=\"article\" \/>\n<meta property=\"og:title\" content=\"Rosa fin Takknemlighets-journal\/dagbok. - LYKKETEGNING ILLUSTRAT\u00d8R\" \/>\n<meta property=\"og:description\" content=\"Takknemlighets-journal fra Lykketegning. Denne boken kan hjelpe deg med \u00e5 finne ro i hverdagen og sette pris p\u00e5 de sm\u00e5, men viktige \u00f8yeblikkene.\" \/>\n<meta property=\"og:url\" content=\"https:\/\/www.lykketegning.no\/de\/product-2\/pink-fine-gratitude-journal-tagebuch\/\" \/>\n<meta property=\"og:site_name\" content=\"LYKKETEGNING ILLUSTRAT\u00d8R\" \/>\n<meta property=\"article:publisher\" content=\"https:\/\/www.facebook.com\/lykketegning\/\" \/>\n<meta property=\"article:modified_time\" content=\"2026-03-15T19:55:26+00:00\" \/>\n<meta property=\"og:image\" content=\"https:\/\/www.lykketegning.no\/wp-content\/uploads\/2025\/04\/IMG_9685-2-scaled.jpg\" \/>\n\t<meta property=\"og:image:width\" content=\"1862\" \/>\n\t<meta property=\"og:image:height\" content=\"2560\" \/>\n\t<meta property=\"og:image:type\" content=\"image\/jpeg\" \/>\n<meta name=\"twitter:card\" content=\"summary_large_image\" \/>\n<meta name=\"twitter:label1\" content=\"Gesch\u00e4tzte Lesezeit\" \/>\n\t<meta name=\"twitter:data1\" content=\"3\u00a0Minuten\" \/>\n<script type=\"application\/ld+json\" class=\"yoast-schema-graph\">{\"@context\":\"https:\\\/\\\/schema.org\",\"@graph\":[{\"@type\":\"WebPage\",\"@id\":\"https:\\\/\\\/www.lykketegning.no\\\/produkt\\\/rosa-fin-takknemlighets-journal-dagbok\\\/\",\"url\":\"https:\\\/\\\/www.lykketegning.no\\\/produkt\\\/rosa-fin-takknemlighets-journal-dagbok\\\/\",\"name\":\"Rosa fin Takknemlighets-journal\\\/dagbok. - LYKKETEGNING ILLUSTRAT\u00d8R\",\"isPartOf\":{\"@id\":\"https:\\\/\\\/www.lykketegning.no\\\/#website\"},\"primaryImageOfPage\":{\"@id\":\"https:\\\/\\\/www.lykketegning.no\\\/produkt\\\/rosa-fin-takknemlighets-journal-dagbok\\\/#primaryimage\"},\"image\":{\"@id\":\"https:\\\/\\\/www.lykketegning.no\\\/produkt\\\/rosa-fin-takknemlighets-journal-dagbok\\\/#primaryimage\"},\"thumbnailUrl\":\"https:\\\/\\\/www.lykketegning.no\\\/wp-content\\\/uploads\\\/2025\\\/04\\\/IMG_9685-2-scaled.jpg\",\"datePublished\":\"2025-01-01T15:05:00+00:00\",\"dateModified\":\"2026-03-15T19:55:26+00:00\",\"description\":\"Takknemlighets-journal fra Lykketegning. Denne boken kan hjelpe deg med \u00e5 finne ro i hverdagen og sette pris p\u00e5 de sm\u00e5, men viktige \u00f8yeblikkene.\",\"breadcrumb\":{\"@id\":\"https:\\\/\\\/www.lykketegning.no\\\/produkt\\\/rosa-fin-takknemlighets-journal-dagbok\\\/#breadcrumb\"},\"inLanguage\":\"de\",\"potentialAction\":[{\"@type\":\"ReadAction\",\"target\":[\"https:\\\/\\\/www.lykketegning.no\\\/produkt\\\/rosa-fin-takknemlighets-journal-dagbok\\\/\"]}]},{\"@type\":\"ImageObject\",\"inLanguage\":\"de\",\"@id\":\"https:\\\/\\\/www.lykketegning.no\\\/produkt\\\/rosa-fin-takknemlighets-journal-dagbok\\\/#primaryimage\",\"url\":\"https:\\\/\\\/www.lykketegning.no\\\/wp-content\\\/uploads\\\/2025\\\/04\\\/IMG_9685-2-scaled.jpg\",\"contentUrl\":\"https:\\\/\\\/www.lykketegning.no\\\/wp-content\\\/uploads\\\/2025\\\/04\\\/IMG_9685-2-scaled.jpg\",\"width\":1862,\"height\":2560},{\"@type\":\"BreadcrumbList\",\"@id\":\"https:\\\/\\\/www.lykketegning.no\\\/produkt\\\/rosa-fin-takknemlighets-journal-dagbok\\\/#breadcrumb\",\"itemListElement\":[{\"@type\":\"ListItem\",\"position\":1,\"name\":\"Hjem\",\"item\":\"https:\\\/\\\/www.lykketegning.no\\\/\"},{\"@type\":\"ListItem\",\"position\":2,\"name\":\"Produkter\",\"item\":\"https:\\\/\\\/www.lykketegning.no\\\/shop\\\/\"},{\"@type\":\"ListItem\",\"position\":3,\"name\":\"Rosa fin Takknemlighets-journal\\\/dagbok.\"}]},{\"@type\":\"WebSite\",\"@id\":\"https:\\\/\\\/www.lykketegning.no\\\/#website\",\"url\":\"https:\\\/\\\/www.lykketegning.no\\\/\",\"name\":\"LYKKETEGNING ILLUSTRAT\u00d8R\",\"description\":\"\",\"publisher\":{\"@id\":\"https:\\\/\\\/www.lykketegning.no\\\/#organization\"},\"potentialAction\":[{\"@type\":\"SearchAction\",\"target\":{\"@type\":\"EntryPoint\",\"urlTemplate\":\"https:\\\/\\\/www.lykketegning.no\\\/?s={search_term_string}\"},\"query-input\":{\"@type\":\"PropertyValueSpecification\",\"valueRequired\":true,\"valueName\":\"search_term_string\"}}],\"inLanguage\":\"de\"},{\"@type\":\"Organization\",\"@id\":\"https:\\\/\\\/www.lykketegning.no\\\/#organization\",\"name\":\"LYKKETEGNING ILLUSTRAT\u00d8R\",\"url\":\"https:\\\/\\\/www.lykketegning.no\\\/\",\"logo\":{\"@type\":\"ImageObject\",\"inLanguage\":\"de\",\"@id\":\"https:\\\/\\\/www.lykketegning.no\\\/#\\\/schema\\\/logo\\\/image\\\/\",\"url\":\"https:\\\/\\\/www.lykketegning.no\\\/wp-content\\\/uploads\\\/2020\\\/03\\\/Logo2020_h400px.jpg\",\"contentUrl\":\"https:\\\/\\\/www.lykketegning.no\\\/wp-content\\\/uploads\\\/2020\\\/03\\\/Logo2020_h400px.jpg\",\"width\":1024,\"height\":400,\"caption\":\"LYKKETEGNING ILLUSTRAT\u00d8R\"},\"image\":{\"@id\":\"https:\\\/\\\/www.lykketegning.no\\\/#\\\/schema\\\/logo\\\/image\\\/\"},\"sameAs\":[\"https:\\\/\\\/www.facebook.com\\\/lykketegning\\\/\",\"https:\\\/\\\/www.instagram.com\\\/lykketegning\\\/\",\"https:\\\/\\\/www.youtube.com\\\/@lykketegningillustrations\",\"https:\\\/\\\/www.tiktok.com\\\/@lykketegningillustration\"]}]}<\/script>\n<!-- \/ Yoast SEO plugin. -->","yoast_head_json":{"title":"Pink fine Gratitude Journal\/Tagebuch - LUCKY DRAWING ILLUSTRATOR","description":"Dankbarkeits-Tagebuch von Happiness Drawing. Dieses Buch kann Ihnen helfen, Frieden im Alltag zu finden und die kleinen, aber wichtigen Momente zu sch\u00e4tzen.","robots":{"index":"index","follow":"follow","max-snippet":"max-snippet:-1","max-image-preview":"max-image-preview:large","max-video-preview":"max-video-preview:-1"},"canonical":"https:\/\/www.lykketegning.no\/de\/product-2\/pink-fine-gratitude-journal-tagebuch\/","og_locale":"de_DE","og_type":"article","og_title":"Rosa fin Takknemlighets-journal\/dagbok. - LYKKETEGNING ILLUSTRAT\u00d8R","og_description":"Takknemlighets-journal fra Lykketegning. Denne boken kan hjelpe deg med \u00e5 finne ro i hverdagen og sette pris p\u00e5 de sm\u00e5, men viktige \u00f8yeblikkene.","og_url":"https:\/\/www.lykketegning.no\/de\/product-2\/pink-fine-gratitude-journal-tagebuch\/","og_site_name":"LYKKETEGNING ILLUSTRAT\u00d8R","article_publisher":"https:\/\/www.facebook.com\/lykketegning\/","article_modified_time":"2026-03-15T19:55:26+00:00","og_image":[{"width":1862,"height":2560,"url":"https:\/\/www.lykketegning.no\/wp-content\/uploads\/2025\/04\/IMG_9685-2-scaled.jpg","type":"image\/jpeg"}],"twitter_card":"summary_large_image","twitter_misc":{"Gesch\u00e4tzte Lesezeit":"3\u00a0Minuten"},"schema":{"@context":"https:\/\/schema.org","@graph":[{"@type":"WebPage","@id":"https:\/\/www.lykketegning.no\/produkt\/rosa-fin-takknemlighets-journal-dagbok\/","url":"https:\/\/www.lykketegning.no\/produkt\/rosa-fin-takknemlighets-journal-dagbok\/","name":"Pink fine Gratitude Journal\/Tagebuch - LUCKY DRAWING ILLUSTRATOR","isPartOf":{"@id":"https:\/\/www.lykketegning.no\/#website"},"primaryImageOfPage":{"@id":"https:\/\/www.lykketegning.no\/produkt\/rosa-fin-takknemlighets-journal-dagbok\/#primaryimage"},"image":{"@id":"https:\/\/www.lykketegning.no\/produkt\/rosa-fin-takknemlighets-journal-dagbok\/#primaryimage"},"thumbnailUrl":"https:\/\/www.lykketegning.no\/wp-content\/uploads\/2025\/04\/IMG_9685-2-scaled.jpg","datePublished":"2025-01-01T15:05:00+00:00","dateModified":"2026-03-15T19:55:26+00:00","description":"Dankbarkeits-Tagebuch von Happiness Drawing. Dieses Buch kann Ihnen helfen, Frieden im Alltag zu finden und die kleinen, aber wichtigen Momente zu sch\u00e4tzen.","breadcrumb":{"@id":"https:\/\/www.lykketegning.no\/produkt\/rosa-fin-takknemlighets-journal-dagbok\/#breadcrumb"},"inLanguage":"de","potentialAction":[{"@type":"ReadAction","target":["https:\/\/www.lykketegning.no\/produkt\/rosa-fin-takknemlighets-journal-dagbok\/"]}]},{"@type":"ImageObject","inLanguage":"de","@id":"https:\/\/www.lykketegning.no\/produkt\/rosa-fin-takknemlighets-journal-dagbok\/#primaryimage","url":"https:\/\/www.lykketegning.no\/wp-content\/uploads\/2025\/04\/IMG_9685-2-scaled.jpg","contentUrl":"https:\/\/www.lykketegning.no\/wp-content\/uploads\/2025\/04\/IMG_9685-2-scaled.jpg","width":1862,"height":2560},{"@type":"BreadcrumbList","@id":"https:\/\/www.lykketegning.no\/produkt\/rosa-fin-takknemlighets-journal-dagbok\/#breadcrumb","itemListElement":[{"@type":"ListItem","position":1,"name":"Hjem","item":"https:\/\/www.lykketegning.no\/"},{"@type":"ListItem","position":2,"name":"Produkter","item":"https:\/\/www.lykketegning.no\/shop\/"},{"@type":"ListItem","position":3,"name":"Rosa fin Takknemlighets-journal\/dagbok."}]},{"@type":"WebSite","@id":"https:\/\/www.lykketegning.no\/#website","url":"https:\/\/www.lykketegning.no\/","name":"GL\u00dcCKSZEICHNUNG ILLUSTRATOR","description":"","publisher":{"@id":"https:\/\/www.lykketegning.no\/#organization"},"potentialAction":[{"@type":"SearchAction","target":{"@type":"EntryPoint","urlTemplate":"https:\/\/www.lykketegning.no\/?s={search_term_string}"},"query-input":{"@type":"PropertyValueSpecification","valueRequired":true,"valueName":"search_term_string"}}],"inLanguage":"de"},{"@type":"Organization","@id":"https:\/\/www.lykketegning.no\/#organization","name":"GL\u00dcCKSZEICHNUNG ILLUSTRATOR","url":"https:\/\/www.lykketegning.no\/","logo":{"@type":"ImageObject","inLanguage":"de","@id":"https:\/\/www.lykketegning.no\/#\/schema\/logo\/image\/","url":"https:\/\/www.lykketegning.no\/wp-content\/uploads\/2020\/03\/Logo2020_h400px.jpg","contentUrl":"https:\/\/www.lykketegning.no\/wp-content\/uploads\/2020\/03\/Logo2020_h400px.jpg","width":1024,"height":400,"caption":"LYKKETEGNING ILLUSTRAT\u00d8R"},"image":{"@id":"https:\/\/www.lykketegning.no\/#\/schema\/logo\/image\/"},"sameAs":["https:\/\/www.facebook.com\/lykketegning\/","https:\/\/www.instagram.com\/lykketegning\/","https:\/\/www.youtube.com\/@lykketegningillustrations","https:\/\/www.tiktok.com\/@lykketegningillustration"]}]}},"_links":{"self":[{"href":"https:\/\/www.lykketegning.no\/de\/wp-json\/wp\/v2\/product\/38965","targetHints":{"allow":["GET"]}}],"collection":[{"href":"https:\/\/www.lykketegning.no\/de\/wp-json\/wp\/v2\/product"}],"about":[{"href":"https:\/\/www.lykketegning.no\/de\/wp-json\/wp\/v2\/types\/product"}],"replies":[{"embeddable":true,"href":"https:\/\/www.lykketegning.no\/de\/wp-json\/wp\/v2\/comments?post=38965"}],"wp:featuredmedia":[{"embeddable":true,"href":"https:\/\/www.lykketegning.no\/de\/wp-json\/wp\/v2\/media\/39800"}],"wp:attachment":[{"href":"https:\/\/www.lykketegning.no\/de\/wp-json\/wp\/v2\/media?parent=38965"}],"wp:term":[{"taxonomy":"product_brand","embeddable":true,"href":"https:\/\/www.lykketegning.no\/de\/wp-json\/wp\/v2\/product_brand?post=38965"},{"taxonomy":"product_cat","embeddable":true,"href":"https:\/\/www.lykketegning.no\/de\/wp-json\/wp\/v2\/product_cat?post=38965"},{"taxonomy":"product_tag","embeddable":true,"href":"https:\/\/www.lykketegning.no\/de\/wp-json\/wp\/v2\/product_tag?post=38965"}],"curies":[{"name":"wp","href":"https:\/\/api.w.org\/{rel}","templated":true}]}}