{"id":37772,"date":"2024-12-26T14:28:52","date_gmt":"2024-12-26T13:28:52","guid":{"rendered":"https:\/\/www-lykketegning.wp3.hcweb.dev\/?post_type=product&#038;p=37772"},"modified":"2026-05-02T23:13:37","modified_gmt":"2026-05-02T21:13:37","slug":"lykketegning-mug-wake-up","status":"publish","type":"product","link":"https:\/\/www.lykketegning.no\/de\/produkt\/lykketegning-mug-wake-up\/","title":{"rendered":"Gl\u00fcckliche Ziehform: \"Aufwachen\""},"content":{"rendered":"<h2 class=\"p1\">Gl\u00fcckliche Ziehform: \"Aufwachen\"<\/h2>\n<blockquote><p><em>Aufwachen! Das Aufwachen am Morgen kann schwer sein! Aber es ist immer noch die beste Option! Also steh auf, tritt in den Arsch und sei freundlich zu allen, die es brauchen! Einschlie\u00dflich dir selbst!<\/em><\/p>\n<p><em>Ich w\u00fcnsche Ihnen einen sch\u00f6nen Tag!<\/em><\/p>\n<p class=\"p3\"><em><span class=\"s1\">\u00a0Ingebj\u00f8rg Rang\u00f8y Sj\u00e5land<\/span><\/em><\/p>\n<\/blockquote>\n<p>Weltweiter Versand<\/p>\n<p>Sehen Sie sich auch die Tasse \"Enjoy, <a href=\"https:\/\/www.lykketegning.no\/de\/produkt\/morning-birds\/\">Morgenv\u00f6gel<\/a>, Atmen, <a href=\"https:\/\/www.lykketegning.no\/de\/produkt\/lykketegning-mug-hug-presale\/\">Eine Umarmung in einer Tasse<\/a><\/p>\n<p>Becher T\u00fcrkis D8 H9,5 400ml Material: Porzellan<\/p>\n<h3>Informationen zur Gl\u00fccksziehung<\/h3>\n<p><strong>\"Bei Lykketegning wird jede Illustration mit viel W\u00e4rme und Sorgfalt erstellt.<\/strong><br \/>\n<strong>Mit kr\u00e4ftigen Farben, klaren Linien und guten Zitaten will Happiness Drawing Sie dazu bringen, einen Moment innezuhalten, tief durchzuatmen und dann einen guten Kurs nach vorne zu setzen.<\/strong><br \/>\n<strong>\"Die Herzen und das L\u00e4cheln sind von mir f\u00fcr dich, um dich daran zu erinnern, dass du wirklich gut bist!\"<\/strong><\/p>\n<p>&nbsp;<\/p>\n<p>Auf der Website finden Sie einige Illustrationen und andere Produkte wie Tassen, Gru\u00dfkarten und Kalender.<\/p>\n<p>Es kommen st\u00e4ndig neue Produkte hinzu. Melden Sie sich f\u00fcr den Newsletter an, um monatliche Updates zu erhalten.<\/p>\n<p>F\u00fcr <strong>viele viele viele viele<\/strong> weitere Illustrationen; besuchen Sie mein Instagram- und Facebook-Profil.<\/p>\n<p>Eigentlich sind alle Illustrationen k\u00e4uflich zu erwerben. 999 SEK f\u00fcr A4 und 1500 SEK f\u00fcr A3.<\/p>\n<p>Sie k\u00f6nnen auch Ihr eigenes Exemplar bestellen - ein tolles Geschenk f\u00fcr Hochzeiten und andere Feiern. Nehmen Sie dazu Kontakt mit dem Posteingang auf.<\/p>\n<p><em>Preis: 1500kr f\u00fcr A4 und A5 (bis zu 5 Personen\/Tier) zus\u00e4tzliche Kosten f\u00fcr mehr (bis zu 5 Personen\/Tier). A3 2000kr ex Porto. Ich muss die Haarfarbe\/den Haartyp, die Gr\u00f6\u00dfe, die Interessen und die gew\u00fcnschte Anzahl der abgebildeten Personen wissen. Alle Kostenvoranschl\u00e4ge, die Sie w\u00fcnschen, eingeschlossen.<\/em><\/p>\n<p>Wenn Sie Fragen haben, z\u00f6gern Sie nicht, mich zu kontaktieren! Wenn Sie sich \u00fcber eine m\u00f6gliche Zusammenarbeit unterhalten m\u00f6chten, schicken Sie mir bitte eine E-Mail.<\/p>\n<p>Ich freue mich, von Ihnen zu h\u00f6ren und w\u00fcnsche Ihnen einen sch\u00f6nen Tag. <a href=\"https:\/\/www.facebook.com\/lykketegning\/?locale=nb_NO\">Dies f\u00fchrt Sie zu meiner Facebook-Seite.<\/a> Und wenn Sie mir folgen wollen auf<a href=\"https:\/\/www.instagram.com\/lykketegning\/?hl=nb\"> Instagram, dann finden Sie es hier.<\/a><\/p>\n<p>K\u00fcnstler<br \/>\nIngebj\u00f8rg Rang\u00f8y Sj\u00e5land<\/p>\n<p>&nbsp;<\/p>","protected":false},"excerpt":{"rendered":"<h2 class=\"p1\">Gl\u00fcckliche Ziehform: \"Aufwachen\"<\/h2>\n<blockquote>\n<p><em>Aufwachen! Das Aufwachen am Morgen kann schwer sein! Aber es ist immer noch die beste Option! Also steh auf, tritt in den Arsch und sei freundlich zu allen, die es brauchen! Einschlie\u00dflich dir selbst!<\/em><\/p>\n<p><em>Ich w\u00fcnsche Ihnen einen sch\u00f6nen Tag!<\/em><\/p>\n<p class=\"p3\"><em><span class=\"s1\">\u00a0Ingebj\u00f8rg Rang\u00f8y Sj\u00e5land<\/span><\/em><\/p>\n<\/blockquote>\n<p>Vorverkauf 2 Tage. Erwartete Lieferung 24. September. Versand weltweit<\/p>","protected":false},"featured_media":39791,"comment_status":"open","ping_status":"closed","template":"","meta":[],"product_brand":[],"product_cat":[41],"product_tag":[368,384,422,366,12,16,193,421,367],"class_list":{"0":"post-37772","1":"product","2":"type-product","3":"status-publish","4":"has-post-thumbnail","6":"product_cat-lykkekopper","7":"product_tag-english","8":"product_tag-januarsalg","9":"product_tag-kampanje","10":"product_tag-kick-ass","11":"product_tag-kopp","12":"product_tag-kopper","13":"product_tag-mug","14":"product_tag-salg","15":"product_tag-wake-up","17":"first","18":"instock","19":"sale","20":"taxable","21":"shipping-taxable","22":"purchasable","23":"product-type-simple"},"yoast_head":"<!-- This site is optimized with the Yoast SEO plugin v27.5 - https:\/\/yoast.com\/product\/yoast-seo-wordpress\/ -->\n<title>Lykketegning Mug: &quot;Wake up&quot; - LYKKETEGNING ILLUSTRAT\u00d8R<\/title>\n<meta name=\"description\" content=\"Lykketegning Mug: &quot;Wake up&quot; Waking up in the morning can be hard! Well, it is still the best option! So get up, kick some ass and be kind to all who need it\" \/>\n<meta name=\"robots\" content=\"index, follow, max-snippet:-1, max-image-preview:large, max-video-preview:-1\" \/>\n<link rel=\"canonical\" href=\"https:\/\/www.lykketegning.no\/de\/produkt\/lykketegning-mug-wake-up\/\" \/>\n<meta property=\"og:locale\" content=\"de_DE\" \/>\n<meta property=\"og:type\" content=\"article\" \/>\n<meta property=\"og:title\" content=\"Lykketegning Mug: &quot;Wake up&quot; - LYKKETEGNING ILLUSTRAT\u00d8R\" \/>\n<meta property=\"og:description\" content=\"Lykketegning Mug: &quot;Wake up&quot; Waking up in the morning can be hard! Well, it is still the best option! So get up, kick some ass and be kind to all who need it\" \/>\n<meta property=\"og:url\" content=\"https:\/\/www.lykketegning.no\/de\/produkt\/lykketegning-mug-wake-up\/\" \/>\n<meta property=\"og:site_name\" content=\"LYKKETEGNING ILLUSTRAT\u00d8R\" \/>\n<meta property=\"article:publisher\" content=\"https:\/\/www.facebook.com\/lykketegning\/\" \/>\n<meta property=\"article:modified_time\" content=\"2026-05-02T21:13:37+00:00\" \/>\n<meta name=\"twitter:card\" content=\"summary_large_image\" \/>\n<meta name=\"twitter:label1\" content=\"Gesch\u00e4tzte Lesezeit\" \/>\n\t<meta name=\"twitter:data1\" content=\"2\u00a0Minuten\" \/>\n<script type=\"application\/ld+json\" class=\"yoast-schema-graph\">{\"@context\":\"https:\\\/\\\/schema.org\",\"@graph\":[{\"@type\":\"WebPage\",\"@id\":\"https:\\\/\\\/www.lykketegning.no\\\/produkt\\\/lykketegning-mug-wake-up\\\/\",\"url\":\"https:\\\/\\\/www.lykketegning.no\\\/produkt\\\/lykketegning-mug-wake-up\\\/\",\"name\":\"Lykketegning Mug: \\\"Wake up\\\" - LYKKETEGNING ILLUSTRAT\u00d8R\",\"isPartOf\":{\"@id\":\"https:\\\/\\\/www.lykketegning.no\\\/#website\"},\"primaryImageOfPage\":{\"@id\":\"https:\\\/\\\/www.lykketegning.no\\\/produkt\\\/lykketegning-mug-wake-up\\\/#primaryimage\"},\"image\":{\"@id\":\"https:\\\/\\\/www.lykketegning.no\\\/produkt\\\/lykketegning-mug-wake-up\\\/#primaryimage\"},\"thumbnailUrl\":\"https:\\\/\\\/www.lykketegning.no\\\/wp-content\\\/uploads\\\/2024\\\/12\\\/IMG_7322-scaled.jpg\",\"datePublished\":\"2024-12-26T13:28:52+00:00\",\"dateModified\":\"2026-05-02T21:13:37+00:00\",\"description\":\"Lykketegning Mug: \\\"Wake up\\\" Waking up in the morning can be hard! Well, it is still the best option! So get up, kick some ass and be kind to all who need it\",\"breadcrumb\":{\"@id\":\"https:\\\/\\\/www.lykketegning.no\\\/produkt\\\/lykketegning-mug-wake-up\\\/#breadcrumb\"},\"inLanguage\":\"de\",\"potentialAction\":[{\"@type\":\"ReadAction\",\"target\":[\"https:\\\/\\\/www.lykketegning.no\\\/produkt\\\/lykketegning-mug-wake-up\\\/\"]}]},{\"@type\":\"ImageObject\",\"inLanguage\":\"de\",\"@id\":\"https:\\\/\\\/www.lykketegning.no\\\/produkt\\\/lykketegning-mug-wake-up\\\/#primaryimage\",\"url\":\"https:\\\/\\\/www.lykketegning.no\\\/wp-content\\\/uploads\\\/2024\\\/12\\\/IMG_7322-scaled.jpg\",\"contentUrl\":\"https:\\\/\\\/www.lykketegning.no\\\/wp-content\\\/uploads\\\/2024\\\/12\\\/IMG_7322-scaled.jpg\",\"width\":2560,\"height\":2560},{\"@type\":\"BreadcrumbList\",\"@id\":\"https:\\\/\\\/www.lykketegning.no\\\/produkt\\\/lykketegning-mug-wake-up\\\/#breadcrumb\",\"itemListElement\":[{\"@type\":\"ListItem\",\"position\":1,\"name\":\"Hjem\",\"item\":\"https:\\\/\\\/www.lykketegning.no\\\/\"},{\"@type\":\"ListItem\",\"position\":2,\"name\":\"Shop\",\"item\":\"https:\\\/\\\/www.lykketegning.no\\\/sv\\\/webbutik\\\/\"},{\"@type\":\"ListItem\",\"position\":3,\"name\":\"Lykketegning Mug: &#8220;Wake up&#8221;\"}]},{\"@type\":\"WebSite\",\"@id\":\"https:\\\/\\\/www.lykketegning.no\\\/#website\",\"url\":\"https:\\\/\\\/www.lykketegning.no\\\/\",\"name\":\"LYKKETEGNING ILLUSTRAT\u00d8R\",\"description\":\"\",\"publisher\":{\"@id\":\"https:\\\/\\\/www.lykketegning.no\\\/#organization\"},\"potentialAction\":[{\"@type\":\"SearchAction\",\"target\":{\"@type\":\"EntryPoint\",\"urlTemplate\":\"https:\\\/\\\/www.lykketegning.no\\\/?s={search_term_string}\"},\"query-input\":{\"@type\":\"PropertyValueSpecification\",\"valueRequired\":true,\"valueName\":\"search_term_string\"}}],\"inLanguage\":\"de\"},{\"@type\":\"Organization\",\"@id\":\"https:\\\/\\\/www.lykketegning.no\\\/#organization\",\"name\":\"LYKKETEGNING ILLUSTRAT\u00d8R\",\"url\":\"https:\\\/\\\/www.lykketegning.no\\\/\",\"logo\":{\"@type\":\"ImageObject\",\"inLanguage\":\"de\",\"@id\":\"https:\\\/\\\/www.lykketegning.no\\\/#\\\/schema\\\/logo\\\/image\\\/\",\"url\":\"https:\\\/\\\/www.lykketegning.no\\\/wp-content\\\/uploads\\\/2020\\\/03\\\/Logo2020_h400px.jpg\",\"contentUrl\":\"https:\\\/\\\/www.lykketegning.no\\\/wp-content\\\/uploads\\\/2020\\\/03\\\/Logo2020_h400px.jpg\",\"width\":1024,\"height\":400,\"caption\":\"LYKKETEGNING ILLUSTRAT\u00d8R\"},\"image\":{\"@id\":\"https:\\\/\\\/www.lykketegning.no\\\/#\\\/schema\\\/logo\\\/image\\\/\"},\"sameAs\":[\"https:\\\/\\\/www.facebook.com\\\/lykketegning\\\/\",\"https:\\\/\\\/www.instagram.com\\\/lykketegning\\\/\",\"https:\\\/\\\/www.youtube.com\\\/@lykketegningillustrations\",\"https:\\\/\\\/www.tiktok.com\\\/@lykketegningillustration\"]}]}<\/script>\n<!-- \/ Yoast SEO plugin. -->","yoast_head_json":{"title":"Gl\u00fcckszeichnung Schimmel: \"Aufwachen\" - LUCK DRAWING ILLUSTRATOR","description":"Lucky Drawing Becher: \"Wake up\" Das Aufwachen am Morgen kann schwer sein! Aber es ist immer noch die beste Option! Also steh auf, tritt in den Arsch und sei nett zu allen, die es brauchen","robots":{"index":"index","follow":"follow","max-snippet":"max-snippet:-1","max-image-preview":"max-image-preview:large","max-video-preview":"max-video-preview:-1"},"canonical":"https:\/\/www.lykketegning.no\/de\/produkt\/lykketegning-mug-wake-up\/","og_locale":"de_DE","og_type":"article","og_title":"Lykketegning Mug: \"Wake up\" - LYKKETEGNING ILLUSTRAT\u00d8R","og_description":"Lykketegning Mug: \"Wake up\" Waking up in the morning can be hard! Well, it is still the best option! So get up, kick some ass and be kind to all who need it","og_url":"https:\/\/www.lykketegning.no\/de\/produkt\/lykketegning-mug-wake-up\/","og_site_name":"LYKKETEGNING ILLUSTRAT\u00d8R","article_publisher":"https:\/\/www.facebook.com\/lykketegning\/","article_modified_time":"2026-05-02T21:13:37+00:00","twitter_card":"summary_large_image","twitter_misc":{"Gesch\u00e4tzte Lesezeit":"2\u00a0Minuten"},"schema":{"@context":"https:\/\/schema.org","@graph":[{"@type":"WebPage","@id":"https:\/\/www.lykketegning.no\/produkt\/lykketegning-mug-wake-up\/","url":"https:\/\/www.lykketegning.no\/produkt\/lykketegning-mug-wake-up\/","name":"Gl\u00fcckszeichnung Schimmel: \"Aufwachen\" - LUCK DRAWING ILLUSTRATOR","isPartOf":{"@id":"https:\/\/www.lykketegning.no\/#website"},"primaryImageOfPage":{"@id":"https:\/\/www.lykketegning.no\/produkt\/lykketegning-mug-wake-up\/#primaryimage"},"image":{"@id":"https:\/\/www.lykketegning.no\/produkt\/lykketegning-mug-wake-up\/#primaryimage"},"thumbnailUrl":"https:\/\/www.lykketegning.no\/wp-content\/uploads\/2024\/12\/IMG_7322-scaled.jpg","datePublished":"2024-12-26T13:28:52+00:00","dateModified":"2026-05-02T21:13:37+00:00","description":"Lucky Drawing Becher: \"Wake up\" Das Aufwachen am Morgen kann schwer sein! Aber es ist immer noch die beste Option! Also steh auf, tritt in den Arsch und sei nett zu allen, die es brauchen","breadcrumb":{"@id":"https:\/\/www.lykketegning.no\/produkt\/lykketegning-mug-wake-up\/#breadcrumb"},"inLanguage":"de","potentialAction":[{"@type":"ReadAction","target":["https:\/\/www.lykketegning.no\/produkt\/lykketegning-mug-wake-up\/"]}]},{"@type":"ImageObject","inLanguage":"de","@id":"https:\/\/www.lykketegning.no\/produkt\/lykketegning-mug-wake-up\/#primaryimage","url":"https:\/\/www.lykketegning.no\/wp-content\/uploads\/2024\/12\/IMG_7322-scaled.jpg","contentUrl":"https:\/\/www.lykketegning.no\/wp-content\/uploads\/2024\/12\/IMG_7322-scaled.jpg","width":2560,"height":2560},{"@type":"BreadcrumbList","@id":"https:\/\/www.lykketegning.no\/produkt\/lykketegning-mug-wake-up\/#breadcrumb","itemListElement":[{"@type":"ListItem","position":1,"name":"Hjem","item":"https:\/\/www.lykketegning.no\/"},{"@type":"ListItem","position":2,"name":"Shop","item":"https:\/\/www.lykketegning.no\/sv\/webbutik\/"},{"@type":"ListItem","position":3,"name":"Lykketegning Mug: &#8220;Wake up&#8221;"}]},{"@type":"WebSite","@id":"https:\/\/www.lykketegning.no\/#website","url":"https:\/\/www.lykketegning.no\/","name":"GL\u00dcCKSZEICHNUNG ILLUSTRATOR","description":"","publisher":{"@id":"https:\/\/www.lykketegning.no\/#organization"},"potentialAction":[{"@type":"SearchAction","target":{"@type":"EntryPoint","urlTemplate":"https:\/\/www.lykketegning.no\/?s={search_term_string}"},"query-input":{"@type":"PropertyValueSpecification","valueRequired":true,"valueName":"search_term_string"}}],"inLanguage":"de"},{"@type":"Organization","@id":"https:\/\/www.lykketegning.no\/#organization","name":"GL\u00dcCKSZEICHNUNG ILLUSTRATOR","url":"https:\/\/www.lykketegning.no\/","logo":{"@type":"ImageObject","inLanguage":"de","@id":"https:\/\/www.lykketegning.no\/#\/schema\/logo\/image\/","url":"https:\/\/www.lykketegning.no\/wp-content\/uploads\/2020\/03\/Logo2020_h400px.jpg","contentUrl":"https:\/\/www.lykketegning.no\/wp-content\/uploads\/2020\/03\/Logo2020_h400px.jpg","width":1024,"height":400,"caption":"LYKKETEGNING ILLUSTRAT\u00d8R"},"image":{"@id":"https:\/\/www.lykketegning.no\/#\/schema\/logo\/image\/"},"sameAs":["https:\/\/www.facebook.com\/lykketegning\/","https:\/\/www.instagram.com\/lykketegning\/","https:\/\/www.youtube.com\/@lykketegningillustrations","https:\/\/www.tiktok.com\/@lykketegningillustration"]}]}},"_links":{"self":[{"href":"https:\/\/www.lykketegning.no\/de\/wp-json\/wp\/v2\/product\/37772","targetHints":{"allow":["GET"]}}],"collection":[{"href":"https:\/\/www.lykketegning.no\/de\/wp-json\/wp\/v2\/product"}],"about":[{"href":"https:\/\/www.lykketegning.no\/de\/wp-json\/wp\/v2\/types\/product"}],"replies":[{"embeddable":true,"href":"https:\/\/www.lykketegning.no\/de\/wp-json\/wp\/v2\/comments?post=37772"}],"wp:featuredmedia":[{"embeddable":true,"href":"https:\/\/www.lykketegning.no\/de\/wp-json\/wp\/v2\/media\/39791"}],"wp:attachment":[{"href":"https:\/\/www.lykketegning.no\/de\/wp-json\/wp\/v2\/media?parent=37772"}],"wp:term":[{"taxonomy":"product_brand","embeddable":true,"href":"https:\/\/www.lykketegning.no\/de\/wp-json\/wp\/v2\/product_brand?post=37772"},{"taxonomy":"product_cat","embeddable":true,"href":"https:\/\/www.lykketegning.no\/de\/wp-json\/wp\/v2\/product_cat?post=37772"},{"taxonomy":"product_tag","embeddable":true,"href":"https:\/\/www.lykketegning.no\/de\/wp-json\/wp\/v2\/product_tag?post=37772"}],"curies":[{"name":"wp","href":"https:\/\/api.w.org\/{rel}","templated":true}]}}