{"id":37698,"date":"2025-01-01T13:43:56","date_gmt":"2025-01-01T12:43:56","guid":{"rendered":"https:\/\/www.lykketegning.no\/?post_type=product&#038;p=37698"},"modified":"2026-03-08T11:45:47","modified_gmt":"2026-03-08T10:45:47","slug":"bestselger-bla-termokopp","status":"publish","type":"product","link":"https:\/\/www.lykketegning.no\/de\/produkt\/bestseller-thermosbecher-blau\/","title":{"rendered":"Meistverkaufter blauer Thermobecher"},"content":{"rendered":"<h2>Meistverkaufter blauer Thermobecher<\/h2>\n<p>Brandneue sch\u00f6ne blaue Thermotasse von Lykketegning, die im September kommt. Perfekt f\u00fcr Reisen oder im Auto auf dem Weg zur Arbeit! H\u00e4lt Fl\u00fcssigkeit und W\u00e4rme gut zur\u00fcck. Sie werden diesen Becher garantiert lieben.<\/p>\n<blockquote><p><em>Bis zu einem gewissen Grad k\u00f6nnen Sie selbst bestimmen, wie Ihr Tag verlaufen soll. Packen Sie Ihren Rucksack mit warmen Gedanken f\u00fcr sich und andere und begeben Sie sich auf eine Reise in Richtung : <\/em><\/p>\n<p><em>\"Einen sch\u00f6nen Tag noch! Ich w\u00fcnsche Ihnen eine gute Reise!<\/em><\/p><\/blockquote>\n<h4><a href=\"https:\/\/www.lykketegning.no\/de\/produkt\/ny-flott-rosa-termokopp-fra-lykketegning\/\"><span style=\"font-family: georgia, palatino, serif;\">Siehe auch rosa Thermosbecher\u00a0<\/span><\/a><\/h4>\n<h4><\/h4>\n<h4><span style=\"font-family: georgia, palatino, serif;\">Informationen:<\/span><\/h4>\n<p>Hei\u00dfe und kalte Getr\u00e4nke.<\/p>\n<p>Material: rostfreier Stahl, PP, Silikon<\/p>\n<p>Foodsafe Y<\/p>\n<p>Pflegehinweise Handw\u00e4sche<\/p>\n<p>H\u00e4ndewaschen empfohlen Y<\/p>\n<p>Farbe Rosa<\/p>\n<p>Rosa Farbe, Schraubverschluss mit Clip. 4 dl, H 17 cm<\/p>\n<h4>Mehr \u00fcber Lucky Drawing:<\/h4>\n<div class=\"row tab-table-row\">\n<div class=\"col-xs-6\"><strong>\"Bei Lykketegning wird jede Illustration mit viel W\u00e4rme und Sorgfalt erstellt.<\/strong><br \/>\n<strong>Mit kr\u00e4ftigen Farben, klaren Linien und guten Zitaten will Happiness Drawing Sie dazu bringen, einen Moment innezuhalten, tief durchzuatmen und dann einen guten Kurs nach vorne zu setzen.<\/strong><br \/>\n<strong>\"Die Herzen und das L\u00e4cheln sind von mir f\u00fcr dich, um dich daran zu erinnern, dass du wirklich gut bist!\"<\/strong><\/div>\n<div class=\"col-xs-6\">\n<p>Auf der Website finden Sie einige Illustrationen und andere Produkte wie Tassen, Gru\u00dfkarten und Kalender. Es kommen st\u00e4ndig neue Produkte hinzu, also melden Sie sich f\u00fcr den Newsletter an, um monatliche Updates zu erhalten.<\/p>\n<p>F\u00fcr <strong>viele viele viele viele<\/strong> weitere Illustrationen; besuchen Sie mein Instagram- und Facebook-Profil.<\/p>\n<p>Eigentlich sind alle Illustrationen k\u00e4uflich zu erwerben. 999 SEK f\u00fcr A4 und 1500 SEK f\u00fcr A3.<\/p>\n<p>Sie k\u00f6nnen auch Ihr eigenes Exemplar bestellen - ein tolles Geschenk f\u00fcr Hochzeiten und andere Feiern. Nehmen Sie dazu Kontakt mit dem Posteingang auf.<\/p>\n<p><em>Preis: 1500kr f\u00fcr A4 und A5 (bis zu 5 Personen\/Tier) zus\u00e4tzliche Kosten f\u00fcr mehr (bis zu 5 Personen\/Tier). A3 2000kr ex Porto. Ich muss die Haarfarbe\/den Haartyp, die Gr\u00f6\u00dfe, die Interessen und die gew\u00fcnschte Anzahl der abgebildeten Personen wissen. Alle Kostenvoranschl\u00e4ge, die Sie w\u00fcnschen, eingeschlossen.<\/em><\/p>\n<p>Wenn Sie Fragen haben, z\u00f6gern Sie nicht, mich zu kontaktieren! Wenn Sie sich \u00fcber eine m\u00f6gliche Zusammenarbeit unterhalten m\u00f6chten, schicken Sie mir bitte eine E-Mail.<\/p>\n<p>Ich freue mich, von Ihnen zu h\u00f6ren und w\u00fcnsche Ihnen einen sch\u00f6nen Tag. <a href=\"https:\/\/www.facebook.com\/lykketegning\/?locale=nb_NO\">Dies f\u00fchrt Sie zu meiner Facebook-Seite.<\/a> Und wenn Sie mir folgen wollen auf<a href=\"https:\/\/www.instagram.com\/lykketegning\/?hl=nb\"> Instagram, dann finden Sie es hier.<\/a><\/p>\n<p>K\u00fcnstler<br \/>\nIngebj\u00f8rg Rang\u00f8y Sj\u00e5land<\/p>\n<p>&nbsp;<\/p>\n<\/div>\n<\/div>\n<div><\/div>","protected":false},"excerpt":{"rendered":"<p>Brandneue sch\u00f6ne blaue Thermoskanne Tasse von Lykketegning September. Perfekt f\u00fcr Spazierg\u00e4nge oder im Auto auf dem Weg zur Arbeit! H\u00e4lt Fl\u00fcssigkeit und W\u00e4rme gut. Sie sind garantiert zu diesem einen lieben.<\/p>\n<p><em>Bis zu einem gewissen Grad k\u00f6nnen Sie selbst bestimmen, wie Ihr Tag verlaufen soll. Packen Sie Ihren Rucksack mit warmen Gedanken f\u00fcr sich und andere und begeben Sie sich auf eine Reise in Richtung : <\/em><\/p>\n<p><em>\"Einen sch\u00f6nen Tag noch! Ich w\u00fcnsche Ihnen eine gute Reise!<\/em><\/p>\n<p>Fasst hei\u00dfe und kalte Getr\u00e4nke.<\/p>\n<p>Farbe blau<\/p>\n<p>blaue Farbe, Schraubverschluss mit Clip. 4 dl, H 17 cm<\/p>\n<p>Mit klaren Linien und guten Zitaten will Lucky Drawing zum Nachdenken anregen,<br \/>\ntief durchatmen und dann einen guten Kurs nach vorne setzen.<\/p>\n<p>&nbsp;<\/p>","protected":false},"featured_media":39767,"comment_status":"open","ping_status":"closed","template":"","meta":[],"product_brand":[],"product_cat":[41],"product_tag":[362,363,12,328],"class_list":{"0":"post-37698","1":"product","2":"type-product","3":"status-publish","4":"has-post-thumbnail","6":"product_cat-lykkekopper","7":"product_tag-bla","8":"product_tag-bla-termokopp","9":"product_tag-kopp","10":"product_tag-termokopp","12":"first","13":"instock","14":"taxable","15":"shipping-taxable","16":"purchasable","17":"product-type-simple"},"yoast_head":"<!-- This site is optimized with the Yoast SEO plugin v27.4 - https:\/\/yoast.com\/product\/yoast-seo-wordpress\/ -->\n<title>Bestselger bl\u00e5 termokopp - LYKKETEGNING ILLUSTRAT\u00d8R<\/title>\n<meta name=\"description\" content=\"Denne nye flotte rosa termokoppen fra Lykketegning var en knallsuksess ifjor og ble utsolgt p\u00e5 5 uker. N\u00e5 kommer den tilbake, i bl\u00e5 farge!\" \/>\n<meta name=\"robots\" content=\"index, follow, max-snippet:-1, max-image-preview:large, max-video-preview:-1\" \/>\n<link rel=\"canonical\" href=\"https:\/\/www.lykketegning.no\/de\/produkt\/bestseller-thermosbecher-blau\/\" \/>\n<meta property=\"og:locale\" content=\"de_DE\" \/>\n<meta property=\"og:type\" content=\"article\" \/>\n<meta property=\"og:title\" content=\"Bestselger bl\u00e5 termokopp - LYKKETEGNING ILLUSTRAT\u00d8R\" \/>\n<meta property=\"og:description\" content=\"Denne nye flotte rosa termokoppen fra Lykketegning var en knallsuksess ifjor og ble utsolgt p\u00e5 5 uker. N\u00e5 kommer den tilbake, i bl\u00e5 farge!\" \/>\n<meta property=\"og:url\" content=\"https:\/\/www.lykketegning.no\/de\/produkt\/bestseller-thermosbecher-blau\/\" \/>\n<meta property=\"og:site_name\" content=\"LYKKETEGNING ILLUSTRAT\u00d8R\" \/>\n<meta property=\"article:publisher\" content=\"https:\/\/www.facebook.com\/lykketegning\/\" \/>\n<meta property=\"article:modified_time\" content=\"2026-03-08T10:45:47+00:00\" \/>\n<meta name=\"twitter:card\" content=\"summary_large_image\" \/>\n<meta name=\"twitter:label1\" content=\"Gesch\u00e4tzte Lesezeit\" \/>\n\t<meta name=\"twitter:data1\" content=\"2\u00a0Minuten\" \/>\n<script type=\"application\/ld+json\" class=\"yoast-schema-graph\">{\"@context\":\"https:\\\/\\\/schema.org\",\"@graph\":[{\"@type\":\"WebPage\",\"@id\":\"https:\\\/\\\/www.lykketegning.no\\\/produkt\\\/bestselger-bla-termokopp\\\/\",\"url\":\"https:\\\/\\\/www.lykketegning.no\\\/produkt\\\/bestselger-bla-termokopp\\\/\",\"name\":\"Bestselger bl\u00e5 termokopp - LYKKETEGNING ILLUSTRAT\u00d8R\",\"isPartOf\":{\"@id\":\"https:\\\/\\\/www.lykketegning.no\\\/#website\"},\"primaryImageOfPage\":{\"@id\":\"https:\\\/\\\/www.lykketegning.no\\\/produkt\\\/bestselger-bla-termokopp\\\/#primaryimage\"},\"image\":{\"@id\":\"https:\\\/\\\/www.lykketegning.no\\\/produkt\\\/bestselger-bla-termokopp\\\/#primaryimage\"},\"thumbnailUrl\":\"https:\\\/\\\/www.lykketegning.no\\\/wp-content\\\/uploads\\\/2023\\\/09\\\/IMG_7293-scaled.jpg\",\"datePublished\":\"2025-01-01T12:43:56+00:00\",\"dateModified\":\"2026-03-08T10:45:47+00:00\",\"description\":\"Denne nye flotte rosa termokoppen fra Lykketegning var en knallsuksess ifjor og ble utsolgt p\u00e5 5 uker. N\u00e5 kommer den tilbake, i bl\u00e5 farge!\",\"breadcrumb\":{\"@id\":\"https:\\\/\\\/www.lykketegning.no\\\/produkt\\\/bestselger-bla-termokopp\\\/#breadcrumb\"},\"inLanguage\":\"de\",\"potentialAction\":[{\"@type\":\"ReadAction\",\"target\":[\"https:\\\/\\\/www.lykketegning.no\\\/produkt\\\/bestselger-bla-termokopp\\\/\"]}]},{\"@type\":\"ImageObject\",\"inLanguage\":\"de\",\"@id\":\"https:\\\/\\\/www.lykketegning.no\\\/produkt\\\/bestselger-bla-termokopp\\\/#primaryimage\",\"url\":\"https:\\\/\\\/www.lykketegning.no\\\/wp-content\\\/uploads\\\/2023\\\/09\\\/IMG_7293-scaled.jpg\",\"contentUrl\":\"https:\\\/\\\/www.lykketegning.no\\\/wp-content\\\/uploads\\\/2023\\\/09\\\/IMG_7293-scaled.jpg\",\"width\":2560,\"height\":2560},{\"@type\":\"BreadcrumbList\",\"@id\":\"https:\\\/\\\/www.lykketegning.no\\\/produkt\\\/bestselger-bla-termokopp\\\/#breadcrumb\",\"itemListElement\":[{\"@type\":\"ListItem\",\"position\":1,\"name\":\"Hjem\",\"item\":\"https:\\\/\\\/www.lykketegning.no\\\/\"},{\"@type\":\"ListItem\",\"position\":2,\"name\":\"Shop\",\"item\":\"https:\\\/\\\/www.lykketegning.no\\\/sv\\\/webbutik\\\/\"},{\"@type\":\"ListItem\",\"position\":3,\"name\":\"Bestselger bl\u00e5 termokopp\"}]},{\"@type\":\"WebSite\",\"@id\":\"https:\\\/\\\/www.lykketegning.no\\\/#website\",\"url\":\"https:\\\/\\\/www.lykketegning.no\\\/\",\"name\":\"LYKKETEGNING ILLUSTRAT\u00d8R\",\"description\":\"\",\"publisher\":{\"@id\":\"https:\\\/\\\/www.lykketegning.no\\\/#organization\"},\"potentialAction\":[{\"@type\":\"SearchAction\",\"target\":{\"@type\":\"EntryPoint\",\"urlTemplate\":\"https:\\\/\\\/www.lykketegning.no\\\/?s={search_term_string}\"},\"query-input\":{\"@type\":\"PropertyValueSpecification\",\"valueRequired\":true,\"valueName\":\"search_term_string\"}}],\"inLanguage\":\"de\"},{\"@type\":\"Organization\",\"@id\":\"https:\\\/\\\/www.lykketegning.no\\\/#organization\",\"name\":\"LYKKETEGNING ILLUSTRAT\u00d8R\",\"url\":\"https:\\\/\\\/www.lykketegning.no\\\/\",\"logo\":{\"@type\":\"ImageObject\",\"inLanguage\":\"de\",\"@id\":\"https:\\\/\\\/www.lykketegning.no\\\/#\\\/schema\\\/logo\\\/image\\\/\",\"url\":\"https:\\\/\\\/www.lykketegning.no\\\/wp-content\\\/uploads\\\/2020\\\/03\\\/Logo2020_h400px.jpg\",\"contentUrl\":\"https:\\\/\\\/www.lykketegning.no\\\/wp-content\\\/uploads\\\/2020\\\/03\\\/Logo2020_h400px.jpg\",\"width\":1024,\"height\":400,\"caption\":\"LYKKETEGNING ILLUSTRAT\u00d8R\"},\"image\":{\"@id\":\"https:\\\/\\\/www.lykketegning.no\\\/#\\\/schema\\\/logo\\\/image\\\/\"},\"sameAs\":[\"https:\\\/\\\/www.facebook.com\\\/lykketegning\\\/\",\"https:\\\/\\\/www.instagram.com\\\/lykketegning\\\/\",\"https:\\\/\\\/www.youtube.com\\\/@lykketegningillustrations\",\"https:\\\/\\\/www.tiktok.com\\\/@lykketegningillustration\"]}]}<\/script>\n<!-- \/ Yoast SEO plugin. -->","yoast_head_json":{"title":"Meistverkaufter blauer Thermobecher - LUCKY DRAWING ILLUSTRATOR","description":"Dieser sch\u00f6ne neue rosa Thermobecher von Lykketegning war letztes Jahr ein gro\u00dfer Erfolg und innerhalb von 5 Wochen ausverkauft. Jetzt ist er wieder da, siehe auch die blaue Farbe!","robots":{"index":"index","follow":"follow","max-snippet":"max-snippet:-1","max-image-preview":"max-image-preview:large","max-video-preview":"max-video-preview:-1"},"canonical":"https:\/\/www.lykketegning.no\/de\/produkt\/bestseller-thermosbecher-blau\/","og_locale":"de_DE","og_type":"article","og_title":"Bestselger bl\u00e5 termokopp - LYKKETEGNING ILLUSTRAT\u00d8R","og_description":"Denne nye flotte rosa termokoppen fra Lykketegning var en knallsuksess ifjor og ble utsolgt p\u00e5 5 uker. N\u00e5 kommer den tilbake, i bl\u00e5 farge!","og_url":"https:\/\/www.lykketegning.no\/de\/produkt\/bestseller-thermosbecher-blau\/","og_site_name":"LYKKETEGNING ILLUSTRAT\u00d8R","article_publisher":"https:\/\/www.facebook.com\/lykketegning\/","article_modified_time":"2026-03-08T10:45:47+00:00","twitter_card":"summary_large_image","twitter_misc":{"Gesch\u00e4tzte Lesezeit":"2\u00a0Minuten"},"schema":{"@context":"https:\/\/schema.org","@graph":[{"@type":"WebPage","@id":"https:\/\/www.lykketegning.no\/produkt\/bestselger-bla-termokopp\/","url":"https:\/\/www.lykketegning.no\/produkt\/bestselger-bla-termokopp\/","name":"Meistverkaufter blauer Thermobecher - LUCKY DRAWING ILLUSTRATOR","isPartOf":{"@id":"https:\/\/www.lykketegning.no\/#website"},"primaryImageOfPage":{"@id":"https:\/\/www.lykketegning.no\/produkt\/bestselger-bla-termokopp\/#primaryimage"},"image":{"@id":"https:\/\/www.lykketegning.no\/produkt\/bestselger-bla-termokopp\/#primaryimage"},"thumbnailUrl":"https:\/\/www.lykketegning.no\/wp-content\/uploads\/2023\/09\/IMG_7293-scaled.jpg","datePublished":"2025-01-01T12:43:56+00:00","dateModified":"2026-03-08T10:45:47+00:00","description":"Dieser sch\u00f6ne neue rosa Thermobecher von Lykketegning war letztes Jahr ein gro\u00dfer Erfolg und innerhalb von 5 Wochen ausverkauft. Jetzt ist er wieder da, siehe auch die blaue Farbe!","breadcrumb":{"@id":"https:\/\/www.lykketegning.no\/produkt\/bestselger-bla-termokopp\/#breadcrumb"},"inLanguage":"de","potentialAction":[{"@type":"ReadAction","target":["https:\/\/www.lykketegning.no\/produkt\/bestselger-bla-termokopp\/"]}]},{"@type":"ImageObject","inLanguage":"de","@id":"https:\/\/www.lykketegning.no\/produkt\/bestselger-bla-termokopp\/#primaryimage","url":"https:\/\/www.lykketegning.no\/wp-content\/uploads\/2023\/09\/IMG_7293-scaled.jpg","contentUrl":"https:\/\/www.lykketegning.no\/wp-content\/uploads\/2023\/09\/IMG_7293-scaled.jpg","width":2560,"height":2560},{"@type":"BreadcrumbList","@id":"https:\/\/www.lykketegning.no\/produkt\/bestselger-bla-termokopp\/#breadcrumb","itemListElement":[{"@type":"ListItem","position":1,"name":"Hjem","item":"https:\/\/www.lykketegning.no\/"},{"@type":"ListItem","position":2,"name":"Shop","item":"https:\/\/www.lykketegning.no\/sv\/webbutik\/"},{"@type":"ListItem","position":3,"name":"Bestselger bl\u00e5 termokopp"}]},{"@type":"WebSite","@id":"https:\/\/www.lykketegning.no\/#website","url":"https:\/\/www.lykketegning.no\/","name":"GL\u00dcCKSZEICHNUNG ILLUSTRATOR","description":"","publisher":{"@id":"https:\/\/www.lykketegning.no\/#organization"},"potentialAction":[{"@type":"SearchAction","target":{"@type":"EntryPoint","urlTemplate":"https:\/\/www.lykketegning.no\/?s={search_term_string}"},"query-input":{"@type":"PropertyValueSpecification","valueRequired":true,"valueName":"search_term_string"}}],"inLanguage":"de"},{"@type":"Organization","@id":"https:\/\/www.lykketegning.no\/#organization","name":"GL\u00dcCKSZEICHNUNG ILLUSTRATOR","url":"https:\/\/www.lykketegning.no\/","logo":{"@type":"ImageObject","inLanguage":"de","@id":"https:\/\/www.lykketegning.no\/#\/schema\/logo\/image\/","url":"https:\/\/www.lykketegning.no\/wp-content\/uploads\/2020\/03\/Logo2020_h400px.jpg","contentUrl":"https:\/\/www.lykketegning.no\/wp-content\/uploads\/2020\/03\/Logo2020_h400px.jpg","width":1024,"height":400,"caption":"LYKKETEGNING ILLUSTRAT\u00d8R"},"image":{"@id":"https:\/\/www.lykketegning.no\/#\/schema\/logo\/image\/"},"sameAs":["https:\/\/www.facebook.com\/lykketegning\/","https:\/\/www.instagram.com\/lykketegning\/","https:\/\/www.youtube.com\/@lykketegningillustrations","https:\/\/www.tiktok.com\/@lykketegningillustration"]}]}},"_links":{"self":[{"href":"https:\/\/www.lykketegning.no\/de\/wp-json\/wp\/v2\/product\/37698","targetHints":{"allow":["GET"]}}],"collection":[{"href":"https:\/\/www.lykketegning.no\/de\/wp-json\/wp\/v2\/product"}],"about":[{"href":"https:\/\/www.lykketegning.no\/de\/wp-json\/wp\/v2\/types\/product"}],"replies":[{"embeddable":true,"href":"https:\/\/www.lykketegning.no\/de\/wp-json\/wp\/v2\/comments?post=37698"}],"wp:featuredmedia":[{"embeddable":true,"href":"https:\/\/www.lykketegning.no\/de\/wp-json\/wp\/v2\/media\/39767"}],"wp:attachment":[{"href":"https:\/\/www.lykketegning.no\/de\/wp-json\/wp\/v2\/media?parent=37698"}],"wp:term":[{"taxonomy":"product_brand","embeddable":true,"href":"https:\/\/www.lykketegning.no\/de\/wp-json\/wp\/v2\/product_brand?post=37698"},{"taxonomy":"product_cat","embeddable":true,"href":"https:\/\/www.lykketegning.no\/de\/wp-json\/wp\/v2\/product_cat?post=37698"},{"taxonomy":"product_tag","embeddable":true,"href":"https:\/\/www.lykketegning.no\/de\/wp-json\/wp\/v2\/product_tag?post=37698"}],"curies":[{"name":"wp","href":"https:\/\/api.w.org\/{rel}","templated":true}]}}