{"id":37333,"date":"2025-09-28T17:31:19","date_gmt":"2025-09-28T15:31:19","guid":{"rendered":"https:\/\/www.lykketegning.no\/fornyelse\/?post_type=product&#038;p=37333"},"modified":"2026-01-05T12:52:10","modified_gmt":"2026-01-05T11:52:10","slug":"nyhet-lykketegningkrus-pappa","status":"publish","type":"product","link":"https:\/\/www.lykketegning.no\/de\/produkt\/neuheit-gluckszeichnung-becher-papa\/","title":{"rendered":"NEU! Gl\u00fccksbecher \"Papa!\""},"content":{"rendered":"<p style=\"text-align: left;\">Ein kr\u00e4ftiger Kerl, der wei\u00df, wie man sich um seine Herde k\u00fcmmert. Der seine Weisheit teilt, den Weg zeigt und dich auff\u00e4ngt, wenn du f\u00e4llst. Der seine Liebe und F\u00fcrsorge verschenkt und immer f\u00fcr seine Leute da sein wird.<br \/>\nDanke, dass du so ein toller Vater bist.<\/p>\n<p>Der neue \"Dad\"-Becher ist k\u00f6stlich zum Trinken. Bestellen Sie jetzt und holen Sie sich Ihren eigenen Happy Mug! Ein tolles Geschenk f\u00fcr den Vatertag, Geburtstag und Weihnachten!<\/p>\n<p>Becher Hellblau D8 H9,5 400ml Material: Porzellan<\/p>\n<p>Sp\u00fclmaschinenfest<\/p>","protected":false},"excerpt":{"rendered":"<p>Ein kr\u00e4ftiger Kerl, der wei\u00df, wie man sich um seine Herde k\u00fcmmert. Der seine Weisheit teilt, den Weg zeigt und dich auff\u00e4ngt, wenn du f\u00e4llst. Der seine Liebe und F\u00fcrsorge verschenkt und immer f\u00fcr seine Leute da sein wird.<br \/>\nDanke, dass du so ein toller Vater bist.<\/p>\n<p>Der neue \"Dad\"-Becher ist k\u00f6stlich zum Trinken. Bestellen Sie jetzt und holen Sie sich Ihren eigenen Happy Mug! Ein tolles Geschenk f\u00fcr den Vatertag, Geburtstag und Weihnachten!<\/p>\n<p>&nbsp;<\/p>\n<p>Becher Hellblau D8 H9,5 400ml Material: Porzellan<\/p>\n<p>Sp\u00fclmaschinenfest<\/p>","protected":false},"featured_media":39727,"comment_status":"open","ping_status":"closed","template":"","meta":[],"product_brand":[],"product_cat":[41],"product_tag":[207,12,13,43,270],"class_list":{"0":"post-37333","1":"product","2":"type-product","3":"status-publish","4":"has-post-thumbnail","6":"product_cat-lykkekopper","7":"product_tag-gutt","8":"product_tag-kopp","9":"product_tag-krus","10":"product_tag-lykkekopp","11":"product_tag-pappa","13":"first","14":"instock","15":"taxable","16":"shipping-taxable","17":"purchasable","18":"product-type-simple"},"yoast_head":"<!-- This site is optimized with the Yoast SEO plugin v27.3 - https:\/\/yoast.com\/product\/yoast-seo-wordpress\/ -->\n<title>NYHET! Lykketegningkrus &quot;Pappa!&quot; - LYKKETEGNING ILLUSTRAT\u00d8R<\/title>\n<meta name=\"description\" content=\"Lykketegningkrus - Det nye kruset \u00abPappa\u00bb er nydelig \u00e5 drikke av. Bestill n\u00e5 og f\u00e5 ditt eget Lykkekrus! Flott gave til farsdag, bursdag og jul!\" \/>\n<meta name=\"robots\" content=\"index, follow, max-snippet:-1, max-image-preview:large, max-video-preview:-1\" \/>\n<link rel=\"canonical\" href=\"https:\/\/www.lykketegning.no\/de\/product-2\/taza-dibujo-de-la-suerte-papa\/\" \/>\n<meta property=\"og:locale\" content=\"de_DE\" \/>\n<meta property=\"og:type\" content=\"article\" \/>\n<meta property=\"og:title\" content=\"NYHET! Lykketegningkrus &quot;Pappa!&quot; - LYKKETEGNING ILLUSTRAT\u00d8R\" \/>\n<meta property=\"og:description\" content=\"Lykketegningkrus - Det nye kruset \u00abPappa\u00bb er nydelig \u00e5 drikke av. Bestill n\u00e5 og f\u00e5 ditt eget Lykkekrus! Flott gave til farsdag, bursdag og jul!\" \/>\n<meta property=\"og:url\" content=\"https:\/\/www.lykketegning.no\/de\/product-2\/taza-dibujo-de-la-suerte-papa\/\" \/>\n<meta property=\"og:site_name\" content=\"LYKKETEGNING ILLUSTRAT\u00d8R\" \/>\n<meta property=\"article:publisher\" content=\"https:\/\/www.facebook.com\/lykketegning\/\" \/>\n<meta property=\"article:modified_time\" content=\"2026-01-05T11:52:10+00:00\" \/>\n<meta name=\"twitter:card\" content=\"summary_large_image\" \/>\n<meta name=\"twitter:label1\" content=\"Gesch\u00e4tzte Lesezeit\" \/>\n\t<meta name=\"twitter:data1\" content=\"1\u00a0Minute\" \/>\n<script type=\"application\/ld+json\" class=\"yoast-schema-graph\">{\"@context\":\"https:\\\/\\\/schema.org\",\"@graph\":[{\"@type\":\"WebPage\",\"@id\":\"https:\\\/\\\/www.lykketegning.no\\\/es\\\/product-2\\\/taza-dibujo-de-la-suerte-papa\\\/\",\"url\":\"https:\\\/\\\/www.lykketegning.no\\\/es\\\/product-2\\\/taza-dibujo-de-la-suerte-papa\\\/\",\"name\":\"NYHET! Lykketegningkrus \\\"Pappa!\\\" - LYKKETEGNING ILLUSTRAT\u00d8R\",\"isPartOf\":{\"@id\":\"https:\\\/\\\/www.lykketegning.no\\\/#website\"},\"primaryImageOfPage\":{\"@id\":\"https:\\\/\\\/www.lykketegning.no\\\/es\\\/product-2\\\/taza-dibujo-de-la-suerte-papa\\\/#primaryimage\"},\"image\":{\"@id\":\"https:\\\/\\\/www.lykketegning.no\\\/es\\\/product-2\\\/taza-dibujo-de-la-suerte-papa\\\/#primaryimage\"},\"thumbnailUrl\":\"https:\\\/\\\/www.lykketegning.no\\\/wp-content\\\/uploads\\\/2023\\\/09\\\/IMG_7252-scaled.jpg\",\"datePublished\":\"2025-09-28T15:31:19+00:00\",\"dateModified\":\"2026-01-05T11:52:10+00:00\",\"description\":\"Lykketegningkrus - Det nye kruset \u00abPappa\u00bb er nydelig \u00e5 drikke av. Bestill n\u00e5 og f\u00e5 ditt eget Lykkekrus! Flott gave til farsdag, bursdag og jul!\",\"breadcrumb\":{\"@id\":\"https:\\\/\\\/www.lykketegning.no\\\/es\\\/product-2\\\/taza-dibujo-de-la-suerte-papa\\\/#breadcrumb\"},\"inLanguage\":\"de\",\"potentialAction\":[{\"@type\":\"ReadAction\",\"target\":[\"https:\\\/\\\/www.lykketegning.no\\\/es\\\/product-2\\\/taza-dibujo-de-la-suerte-papa\\\/\"]}]},{\"@type\":\"ImageObject\",\"inLanguage\":\"de\",\"@id\":\"https:\\\/\\\/www.lykketegning.no\\\/es\\\/product-2\\\/taza-dibujo-de-la-suerte-papa\\\/#primaryimage\",\"url\":\"https:\\\/\\\/www.lykketegning.no\\\/wp-content\\\/uploads\\\/2023\\\/09\\\/IMG_7252-scaled.jpg\",\"contentUrl\":\"https:\\\/\\\/www.lykketegning.no\\\/wp-content\\\/uploads\\\/2023\\\/09\\\/IMG_7252-scaled.jpg\",\"width\":2560,\"height\":2560},{\"@type\":\"BreadcrumbList\",\"@id\":\"https:\\\/\\\/www.lykketegning.no\\\/es\\\/product-2\\\/taza-dibujo-de-la-suerte-papa\\\/#breadcrumb\",\"itemListElement\":[{\"@type\":\"ListItem\",\"position\":1,\"name\":\"Hjem\",\"item\":\"https:\\\/\\\/www.lykketegning.no\\\/\"},{\"@type\":\"ListItem\",\"position\":2,\"name\":\"Shop\",\"item\":\"https:\\\/\\\/www.lykketegning.no\\\/sv\\\/webbutik\\\/\"},{\"@type\":\"ListItem\",\"position\":3,\"name\":\"NYHET! Lykketegningkrus &#8220;Pappa!&#8221;\"}]},{\"@type\":\"WebSite\",\"@id\":\"https:\\\/\\\/www.lykketegning.no\\\/#website\",\"url\":\"https:\\\/\\\/www.lykketegning.no\\\/\",\"name\":\"LYKKETEGNING ILLUSTRAT\u00d8R\",\"description\":\"\",\"publisher\":{\"@id\":\"https:\\\/\\\/www.lykketegning.no\\\/#organization\"},\"potentialAction\":[{\"@type\":\"SearchAction\",\"target\":{\"@type\":\"EntryPoint\",\"urlTemplate\":\"https:\\\/\\\/www.lykketegning.no\\\/?s={search_term_string}\"},\"query-input\":{\"@type\":\"PropertyValueSpecification\",\"valueRequired\":true,\"valueName\":\"search_term_string\"}}],\"inLanguage\":\"de\"},{\"@type\":\"Organization\",\"@id\":\"https:\\\/\\\/www.lykketegning.no\\\/#organization\",\"name\":\"LYKKETEGNING ILLUSTRAT\u00d8R\",\"url\":\"https:\\\/\\\/www.lykketegning.no\\\/\",\"logo\":{\"@type\":\"ImageObject\",\"inLanguage\":\"de\",\"@id\":\"https:\\\/\\\/www.lykketegning.no\\\/#\\\/schema\\\/logo\\\/image\\\/\",\"url\":\"https:\\\/\\\/www.lykketegning.no\\\/wp-content\\\/uploads\\\/2020\\\/03\\\/Logo2020_h400px.jpg\",\"contentUrl\":\"https:\\\/\\\/www.lykketegning.no\\\/wp-content\\\/uploads\\\/2020\\\/03\\\/Logo2020_h400px.jpg\",\"width\":1024,\"height\":400,\"caption\":\"LYKKETEGNING ILLUSTRAT\u00d8R\"},\"image\":{\"@id\":\"https:\\\/\\\/www.lykketegning.no\\\/#\\\/schema\\\/logo\\\/image\\\/\"},\"sameAs\":[\"https:\\\/\\\/www.facebook.com\\\/lykketegning\\\/\",\"https:\\\/\\\/www.instagram.com\\\/lykketegning\\\/\",\"https:\\\/\\\/www.youtube.com\\\/@lykketegningillustrations\",\"https:\\\/\\\/www.tiktok.com\\\/@lykketegningillustration\"]}]}<\/script>\n<!-- \/ Yoast SEO plugin. -->","yoast_head_json":{"title":"NEU! Gl\u00fcckszeichnung Becher \"Papa!\" - GL\u00dcCKSZEICHNUNG ILLUSTRATOR","description":"Lucky Drawing Mug - Der neue \"Dad\"-Becher ist herrlich zum Trinken. Bestellen Sie jetzt und holen Sie sich Ihren eigenen Happiness Becher! Ein tolles Geschenk f\u00fcr den Vatertag, Geburtstag und Weihnachten!","robots":{"index":"index","follow":"follow","max-snippet":"max-snippet:-1","max-image-preview":"max-image-preview:large","max-video-preview":"max-video-preview:-1"},"canonical":"https:\/\/www.lykketegning.no\/de\/product-2\/taza-dibujo-de-la-suerte-papa\/","og_locale":"de_DE","og_type":"article","og_title":"NYHET! Lykketegningkrus \"Pappa!\" - LYKKETEGNING ILLUSTRAT\u00d8R","og_description":"Lykketegningkrus - Det nye kruset \u00abPappa\u00bb er nydelig \u00e5 drikke av. Bestill n\u00e5 og f\u00e5 ditt eget Lykkekrus! Flott gave til farsdag, bursdag og jul!","og_url":"https:\/\/www.lykketegning.no\/de\/product-2\/taza-dibujo-de-la-suerte-papa\/","og_site_name":"LYKKETEGNING ILLUSTRAT\u00d8R","article_publisher":"https:\/\/www.facebook.com\/lykketegning\/","article_modified_time":"2026-01-05T11:52:10+00:00","twitter_card":"summary_large_image","twitter_misc":{"Gesch\u00e4tzte Lesezeit":"1\u00a0Minute"},"schema":{"@context":"https:\/\/schema.org","@graph":[{"@type":"WebPage","@id":"https:\/\/www.lykketegning.no\/es\/product-2\/taza-dibujo-de-la-suerte-papa\/","url":"https:\/\/www.lykketegning.no\/es\/product-2\/taza-dibujo-de-la-suerte-papa\/","name":"NEU! Gl\u00fcckszeichnung Becher \"Papa!\" - GL\u00dcCKSZEICHNUNG ILLUSTRATOR","isPartOf":{"@id":"https:\/\/www.lykketegning.no\/#website"},"primaryImageOfPage":{"@id":"https:\/\/www.lykketegning.no\/es\/product-2\/taza-dibujo-de-la-suerte-papa\/#primaryimage"},"image":{"@id":"https:\/\/www.lykketegning.no\/es\/product-2\/taza-dibujo-de-la-suerte-papa\/#primaryimage"},"thumbnailUrl":"https:\/\/www.lykketegning.no\/wp-content\/uploads\/2023\/09\/IMG_7252-scaled.jpg","datePublished":"2025-09-28T15:31:19+00:00","dateModified":"2026-01-05T11:52:10+00:00","description":"Lucky Drawing Mug - Der neue \"Dad\"-Becher ist herrlich zum Trinken. Bestellen Sie jetzt und holen Sie sich Ihren eigenen Happiness Becher! Ein tolles Geschenk f\u00fcr den Vatertag, Geburtstag und Weihnachten!","breadcrumb":{"@id":"https:\/\/www.lykketegning.no\/es\/product-2\/taza-dibujo-de-la-suerte-papa\/#breadcrumb"},"inLanguage":"de","potentialAction":[{"@type":"ReadAction","target":["https:\/\/www.lykketegning.no\/es\/product-2\/taza-dibujo-de-la-suerte-papa\/"]}]},{"@type":"ImageObject","inLanguage":"de","@id":"https:\/\/www.lykketegning.no\/es\/product-2\/taza-dibujo-de-la-suerte-papa\/#primaryimage","url":"https:\/\/www.lykketegning.no\/wp-content\/uploads\/2023\/09\/IMG_7252-scaled.jpg","contentUrl":"https:\/\/www.lykketegning.no\/wp-content\/uploads\/2023\/09\/IMG_7252-scaled.jpg","width":2560,"height":2560},{"@type":"BreadcrumbList","@id":"https:\/\/www.lykketegning.no\/es\/product-2\/taza-dibujo-de-la-suerte-papa\/#breadcrumb","itemListElement":[{"@type":"ListItem","position":1,"name":"Hjem","item":"https:\/\/www.lykketegning.no\/"},{"@type":"ListItem","position":2,"name":"Shop","item":"https:\/\/www.lykketegning.no\/sv\/webbutik\/"},{"@type":"ListItem","position":3,"name":"NYHET! Lykketegningkrus &#8220;Pappa!&#8221;"}]},{"@type":"WebSite","@id":"https:\/\/www.lykketegning.no\/#website","url":"https:\/\/www.lykketegning.no\/","name":"GL\u00dcCKSZEICHNUNG ILLUSTRATOR","description":"","publisher":{"@id":"https:\/\/www.lykketegning.no\/#organization"},"potentialAction":[{"@type":"SearchAction","target":{"@type":"EntryPoint","urlTemplate":"https:\/\/www.lykketegning.no\/?s={search_term_string}"},"query-input":{"@type":"PropertyValueSpecification","valueRequired":true,"valueName":"search_term_string"}}],"inLanguage":"de"},{"@type":"Organization","@id":"https:\/\/www.lykketegning.no\/#organization","name":"GL\u00dcCKSZEICHNUNG ILLUSTRATOR","url":"https:\/\/www.lykketegning.no\/","logo":{"@type":"ImageObject","inLanguage":"de","@id":"https:\/\/www.lykketegning.no\/#\/schema\/logo\/image\/","url":"https:\/\/www.lykketegning.no\/wp-content\/uploads\/2020\/03\/Logo2020_h400px.jpg","contentUrl":"https:\/\/www.lykketegning.no\/wp-content\/uploads\/2020\/03\/Logo2020_h400px.jpg","width":1024,"height":400,"caption":"LYKKETEGNING ILLUSTRAT\u00d8R"},"image":{"@id":"https:\/\/www.lykketegning.no\/#\/schema\/logo\/image\/"},"sameAs":["https:\/\/www.facebook.com\/lykketegning\/","https:\/\/www.instagram.com\/lykketegning\/","https:\/\/www.youtube.com\/@lykketegningillustrations","https:\/\/www.tiktok.com\/@lykketegningillustration"]}]}},"_links":{"self":[{"href":"https:\/\/www.lykketegning.no\/de\/wp-json\/wp\/v2\/product\/37333","targetHints":{"allow":["GET"]}}],"collection":[{"href":"https:\/\/www.lykketegning.no\/de\/wp-json\/wp\/v2\/product"}],"about":[{"href":"https:\/\/www.lykketegning.no\/de\/wp-json\/wp\/v2\/types\/product"}],"replies":[{"embeddable":true,"href":"https:\/\/www.lykketegning.no\/de\/wp-json\/wp\/v2\/comments?post=37333"}],"wp:featuredmedia":[{"embeddable":true,"href":"https:\/\/www.lykketegning.no\/de\/wp-json\/wp\/v2\/media\/39727"}],"wp:attachment":[{"href":"https:\/\/www.lykketegning.no\/de\/wp-json\/wp\/v2\/media?parent=37333"}],"wp:term":[{"taxonomy":"product_brand","embeddable":true,"href":"https:\/\/www.lykketegning.no\/de\/wp-json\/wp\/v2\/product_brand?post=37333"},{"taxonomy":"product_cat","embeddable":true,"href":"https:\/\/www.lykketegning.no\/de\/wp-json\/wp\/v2\/product_cat?post=37333"},{"taxonomy":"product_tag","embeddable":true,"href":"https:\/\/www.lykketegning.no\/de\/wp-json\/wp\/v2\/product_tag?post=37333"}],"curies":[{"name":"wp","href":"https:\/\/api.w.org\/{rel}","templated":true}]}}