{"id":37209,"date":"2022-11-01T17:32:04","date_gmt":"2022-11-01T16:32:04","guid":{"rendered":"https:\/\/www.lykketegning.no\/fornyelse\/?post_type=product&#038;p=37209"},"modified":"2024-11-18T10:56:58","modified_gmt":"2024-11-18T09:56:58","slug":"2-pack-gloggkrus-fra-lykketegning-kos-og-lykke","status":"publish","type":"product","link":"https:\/\/www.lykketegning.no\/de\/produkt\/2er-pack-gluhweintassen-aus-gluckszeichnung-cos-og-lykke\/","title":{"rendered":"2er Pack Gl\u00fchweinbecher von Happiness Drawing \"KOS\" und \"LYKKE\""},"content":{"rendered":"<p>2er Pack Gl\u00fchweinbecher von Happiness Drawing \"KOS\" und \"LYKKE\"<\/p>\n<p>Jetzt gibt es die Weihnachtstassen \"KOS\" und \"LYKKE\" im etwas kleineren 2er-Pack zu kaufen.<\/p>\n<p>Perfekt f\u00fcr Gl\u00fchwein. Deshalb nennen wir sie auch Gl\u00fchweintassen.<\/p>\n<p>Sch\u00f6ne rote Farbe und perfekt f\u00fcr Weihnachten.<\/p>\n<p>Sehen Sie sich auch die anderen Gl\u00fchweintassen an: \"Hygge\" und \"Ro\".<\/p>\n<p>Becher rot D7 H9 28 cl Material: Keramik<\/p>\n<p>Sp\u00fclmaschinenfest<\/p>\n<p>Beliebte Tasse mit Zitat von Lucky Drawing<\/p>\n<p>Die diesj\u00e4hrigen Weihnachtstassen sind da! Bestellen Sie sowohl \"Freude\" als auch \"Harmonie\"<\/p>\n<p>Ein tolles Weihnachtsgeschenk f\u00fcr andere oder f\u00fcr sich selbst!<\/p>\n<p>Sehen Sie sich auch die anderen Tassen wie Glede, Kos og Lykke, Ro og hygge an. Sowie die sch\u00f6nen Kuchenboxen von Lykketegning.<\/p>\n<p>&nbsp;<\/p>\n<p>&nbsp;<\/p>\n<p><strong>\"Bei Lykketegning wird jede Illustration mit viel W\u00e4rme und Sorgfalt erstellt.<\/strong><br \/>\n<strong>Mit kr\u00e4ftigen Farben, klaren Linien und guten Zitaten will Happiness Drawing Sie dazu bringen, einen Moment innezuhalten, tief durchzuatmen und dann einen guten Kurs nach vorne zu setzen.<\/strong><br \/>\n<strong>\"Die Herzen und das L\u00e4cheln sind von mir f\u00fcr dich, um dich daran zu erinnern, dass du wirklich gut bist!\"<\/strong><\/p>\n<p>&nbsp;<\/p>\n<p>Auf der Website finden Sie einige Illustrationen und andere Produkte wie Tassen, Gru\u00dfkarten und Kalender.<\/p>\n<p>Es kommen st\u00e4ndig neue Produkte hinzu. Melden Sie sich f\u00fcr den Newsletter an, um monatliche Updates zu erhalten.<\/p>\n<p>F\u00fcr <strong>viele viele viele viele<\/strong> weitere Illustrationen; besuchen Sie mein Instagram- und Facebook-Profil.<\/p>\n<p>Eigentlich sind alle Illustrationen k\u00e4uflich zu erwerben. 999 SEK f\u00fcr A4 und 1500 SEK f\u00fcr A3.<\/p>\n<p>Sie k\u00f6nnen auch Ihr eigenes Exemplar bestellen - ein tolles Geschenk f\u00fcr Hochzeiten und andere Feiern. Nehmen Sie dazu Kontakt mit dem Posteingang auf.<\/p>\n<p><em>Preis: 1500kr f\u00fcr A4 und A5 (bis zu 5 Personen\/Tier) zus\u00e4tzliche Kosten f\u00fcr mehr (bis zu 5 Personen\/Tier). A3 2000kr ex Porto. Ich muss die Haarfarbe\/den Haartyp, die Gr\u00f6\u00dfe, die Interessen und die gew\u00fcnschte Anzahl der abgebildeten Personen wissen. Alle Kostenvoranschl\u00e4ge, die Sie w\u00fcnschen, eingeschlossen.<\/em><\/p>\n<p>Wenn Sie Fragen haben, z\u00f6gern Sie nicht, mich zu kontaktieren! Wenn Sie sich \u00fcber eine m\u00f6gliche Zusammenarbeit unterhalten m\u00f6chten, schicken Sie mir bitte eine E-Mail.<\/p>\n<p>Ich freue mich, von Ihnen zu h\u00f6ren und w\u00fcnsche Ihnen einen sch\u00f6nen Tag. <a href=\"https:\/\/www.facebook.com\/lykketegning\/?locale=nb_NO\">Dies f\u00fchrt Sie zu meiner Facebook-Seite.<\/a> Und wenn Sie mir folgen wollen auf<a href=\"https:\/\/www.instagram.com\/lykketegning\/?hl=nb\"> Instagram, dann finden Sie es hier.<\/a><\/p>\n<p>K\u00fcnstler<br \/>\nIngebj\u00f8rg Rang\u00f8y Sj\u00e5land<\/p>\n<p>&nbsp;<\/p>\n<div class=\"page\" title=\"Seite 1\"><\/div>\n<div class=\"page\" title=\"Seite 1\"><\/div>","protected":false},"excerpt":{"rendered":"<p>2er Pack Gl\u00fchweinbecher von Happiness Drawing \"KOS\" und \"LYKKE\"<\/p>\n<p>Jetzt gibt es die Weihnachtstassen \"KOS\" und \"LYKKE\" im etwas kleineren 2er-Pack zu kaufen.<\/p>\n<p>Perfekt f\u00fcr Gl\u00fchwein. Deshalb nennen wir sie auch Gl\u00fchweintassen.<\/p>\n<p>Sch\u00f6ne rote Farbe und perfekt f\u00fcr Weihnachten.<\/p>\n<p>Sehen Sie sich auch die anderen Gl\u00fchweintassen an: \"Hygge\" und \"Ro\".<\/p>\n<p>Becher rot D7 H9 28 cl Material: Keramik<\/p>\n<p>Sp\u00fclmaschinenfest<\/p>\n<p>Beliebte Tasse mit Zitat von Lucky Drawing<\/p>\n<div class=\"page\" title=\"Seite 1\"><\/div>","protected":false},"featured_media":37210,"comment_status":"closed","ping_status":"closed","template":"","meta":[],"product_brand":[],"product_cat":[41],"product_tag":[273,158,377,191,43,121,217],"class_list":{"0":"post-37209","1":"product","2":"type-product","3":"status-publish","4":"has-post-thumbnail","6":"product_cat-lykkekopper","7":"product_tag-gloggkopper","8":"product_tag-jul","9":"product_tag-kos-og-lykke","10":"product_tag-lykke","11":"product_tag-lykkekopp","12":"product_tag-lykkekrus","13":"product_tag-ro","15":"first","16":"outofstock","17":"taxable","18":"shipping-taxable","19":"purchasable","20":"product-type-simple"},"yoast_head":"<!-- This site is optimized with the Yoast SEO plugin v27.4 - https:\/\/yoast.com\/product\/yoast-seo-wordpress\/ -->\n<title>2 pack Gl\u00f8ggkrus fra Lykketegning &quot;KOS &quot; og &quot;LYKKE&quot; - LYKKETEGNING ILLUSTRAT\u00d8R<\/title>\n<meta name=\"description\" content=\"2 pack Gl\u00f8ggkrus fra Lykketegning &quot;KOS &quot; og &quot;LYKKE&quot; N\u00e5 kan du kj\u00f8pe julekrusene &quot;KOS&quot; og &quot;LYKKE&quot; i litt mindre kopper 2 pack. Perfekte til gl\u00f8gg. Derfor kaller vi de gl\u00f8ggkopper. Nydelig r\u00f8dfarge og perfekt til julen.\" \/>\n<meta name=\"robots\" content=\"index, follow, max-snippet:-1, max-image-preview:large, max-video-preview:-1\" \/>\n<link rel=\"canonical\" href=\"https:\/\/www.lykketegning.no\/de\/product-2\/2-pack-mulled-wine-mugs-from-happiness-drawing-cos-og-lykke\/\" \/>\n<meta property=\"og:locale\" content=\"de_DE\" \/>\n<meta property=\"og:type\" content=\"article\" \/>\n<meta property=\"og:title\" content=\"2 pack Gl\u00f8ggkrus fra Lykketegning &quot;KOS &quot; og &quot;LYKKE&quot; - LYKKETEGNING ILLUSTRAT\u00d8R\" \/>\n<meta property=\"og:description\" content=\"2 pack Gl\u00f8ggkrus fra Lykketegning &quot;KOS &quot; og &quot;LYKKE&quot; N\u00e5 kan du kj\u00f8pe julekrusene &quot;KOS&quot; og &quot;LYKKE&quot; i litt mindre kopper 2 pack. Perfekte til gl\u00f8gg. Derfor kaller vi de gl\u00f8ggkopper. Nydelig r\u00f8dfarge og perfekt til julen.\" \/>\n<meta property=\"og:url\" content=\"https:\/\/www.lykketegning.no\/de\/product-2\/2-pack-mulled-wine-mugs-from-happiness-drawing-cos-og-lykke\/\" \/>\n<meta property=\"og:site_name\" content=\"LYKKETEGNING ILLUSTRAT\u00d8R\" \/>\n<meta property=\"article:publisher\" content=\"https:\/\/www.facebook.com\/lykketegning\/\" \/>\n<meta property=\"article:modified_time\" content=\"2024-11-18T09:56:58+00:00\" \/>\n<meta property=\"og:image\" content=\"https:\/\/www.lykketegning.no\/wp-content\/uploads\/2024\/04\/46203235_GB.jpg\" \/>\n\t<meta property=\"og:image:width\" content=\"700\" \/>\n\t<meta property=\"og:image:height\" content=\"700\" \/>\n\t<meta property=\"og:image:type\" content=\"image\/jpeg\" \/>\n<meta name=\"twitter:card\" content=\"summary_large_image\" \/>\n<meta name=\"twitter:label1\" content=\"Gesch\u00e4tzte Lesezeit\" \/>\n\t<meta name=\"twitter:data1\" content=\"3\u00a0Minuten\" \/>\n<script type=\"application\/ld+json\" class=\"yoast-schema-graph\">{\"@context\":\"https:\\\/\\\/schema.org\",\"@graph\":[{\"@type\":\"WebPage\",\"@id\":\"https:\\\/\\\/www.lykketegning.no\\\/en\\\/product-2\\\/2-pack-mulled-wine-mugs-from-happiness-drawing-cos-og-lykke\\\/\",\"url\":\"https:\\\/\\\/www.lykketegning.no\\\/en\\\/product-2\\\/2-pack-mulled-wine-mugs-from-happiness-drawing-cos-og-lykke\\\/\",\"name\":\"2 pack Gl\u00f8ggkrus fra Lykketegning \\\"KOS \\\" og \\\"LYKKE\\\" - LYKKETEGNING ILLUSTRAT\u00d8R\",\"isPartOf\":{\"@id\":\"https:\\\/\\\/www.lykketegning.no\\\/#website\"},\"primaryImageOfPage\":{\"@id\":\"https:\\\/\\\/www.lykketegning.no\\\/en\\\/product-2\\\/2-pack-mulled-wine-mugs-from-happiness-drawing-cos-og-lykke\\\/#primaryimage\"},\"image\":{\"@id\":\"https:\\\/\\\/www.lykketegning.no\\\/en\\\/product-2\\\/2-pack-mulled-wine-mugs-from-happiness-drawing-cos-og-lykke\\\/#primaryimage\"},\"thumbnailUrl\":\"https:\\\/\\\/www.lykketegning.no\\\/wp-content\\\/uploads\\\/2024\\\/04\\\/46203235_GB.jpg\",\"datePublished\":\"2022-11-01T16:32:04+00:00\",\"dateModified\":\"2024-11-18T09:56:58+00:00\",\"description\":\"2 pack Gl\u00f8ggkrus fra Lykketegning \\\"KOS \\\" og \\\"LYKKE\\\" N\u00e5 kan du kj\u00f8pe julekrusene \\\"KOS\\\" og \\\"LYKKE\\\" i litt mindre kopper 2 pack. Perfekte til gl\u00f8gg. Derfor kaller vi de gl\u00f8ggkopper. Nydelig r\u00f8dfarge og perfekt til julen.\",\"breadcrumb\":{\"@id\":\"https:\\\/\\\/www.lykketegning.no\\\/en\\\/product-2\\\/2-pack-mulled-wine-mugs-from-happiness-drawing-cos-og-lykke\\\/#breadcrumb\"},\"inLanguage\":\"de\",\"potentialAction\":[{\"@type\":\"ReadAction\",\"target\":[\"https:\\\/\\\/www.lykketegning.no\\\/en\\\/product-2\\\/2-pack-mulled-wine-mugs-from-happiness-drawing-cos-og-lykke\\\/\"]}]},{\"@type\":\"ImageObject\",\"inLanguage\":\"de\",\"@id\":\"https:\\\/\\\/www.lykketegning.no\\\/en\\\/product-2\\\/2-pack-mulled-wine-mugs-from-happiness-drawing-cos-og-lykke\\\/#primaryimage\",\"url\":\"https:\\\/\\\/www.lykketegning.no\\\/wp-content\\\/uploads\\\/2024\\\/04\\\/46203235_GB.jpg\",\"contentUrl\":\"https:\\\/\\\/www.lykketegning.no\\\/wp-content\\\/uploads\\\/2024\\\/04\\\/46203235_GB.jpg\",\"width\":700,\"height\":700,\"caption\":\"2 pack Gl\u00f8ggkrus fra Lykketegning \\\"KOS \\\" og \\\"LYKKE\\\"\"},{\"@type\":\"BreadcrumbList\",\"@id\":\"https:\\\/\\\/www.lykketegning.no\\\/en\\\/product-2\\\/2-pack-mulled-wine-mugs-from-happiness-drawing-cos-og-lykke\\\/#breadcrumb\",\"itemListElement\":[{\"@type\":\"ListItem\",\"position\":1,\"name\":\"Hjem\",\"item\":\"https:\\\/\\\/www.lykketegning.no\\\/\"},{\"@type\":\"ListItem\",\"position\":2,\"name\":\"Shop\",\"item\":\"https:\\\/\\\/www.lykketegning.no\\\/sv\\\/webbutik\\\/\"},{\"@type\":\"ListItem\",\"position\":3,\"name\":\"2 pack Gl\u00f8ggkrus fra Lykketegning &#8220;KOS &#8221; og &#8220;LYKKE&#8221;\"}]},{\"@type\":\"WebSite\",\"@id\":\"https:\\\/\\\/www.lykketegning.no\\\/#website\",\"url\":\"https:\\\/\\\/www.lykketegning.no\\\/\",\"name\":\"LYKKETEGNING ILLUSTRAT\u00d8R\",\"description\":\"\",\"publisher\":{\"@id\":\"https:\\\/\\\/www.lykketegning.no\\\/#organization\"},\"potentialAction\":[{\"@type\":\"SearchAction\",\"target\":{\"@type\":\"EntryPoint\",\"urlTemplate\":\"https:\\\/\\\/www.lykketegning.no\\\/?s={search_term_string}\"},\"query-input\":{\"@type\":\"PropertyValueSpecification\",\"valueRequired\":true,\"valueName\":\"search_term_string\"}}],\"inLanguage\":\"de\"},{\"@type\":\"Organization\",\"@id\":\"https:\\\/\\\/www.lykketegning.no\\\/#organization\",\"name\":\"LYKKETEGNING ILLUSTRAT\u00d8R\",\"url\":\"https:\\\/\\\/www.lykketegning.no\\\/\",\"logo\":{\"@type\":\"ImageObject\",\"inLanguage\":\"de\",\"@id\":\"https:\\\/\\\/www.lykketegning.no\\\/#\\\/schema\\\/logo\\\/image\\\/\",\"url\":\"https:\\\/\\\/www.lykketegning.no\\\/wp-content\\\/uploads\\\/2020\\\/03\\\/Logo2020_h400px.jpg\",\"contentUrl\":\"https:\\\/\\\/www.lykketegning.no\\\/wp-content\\\/uploads\\\/2020\\\/03\\\/Logo2020_h400px.jpg\",\"width\":1024,\"height\":400,\"caption\":\"LYKKETEGNING ILLUSTRAT\u00d8R\"},\"image\":{\"@id\":\"https:\\\/\\\/www.lykketegning.no\\\/#\\\/schema\\\/logo\\\/image\\\/\"},\"sameAs\":[\"https:\\\/\\\/www.facebook.com\\\/lykketegning\\\/\",\"https:\\\/\\\/www.instagram.com\\\/lykketegning\\\/\",\"https:\\\/\\\/www.youtube.com\\\/@lykketegningillustrations\",\"https:\\\/\\\/www.tiktok.com\\\/@lykketegningillustration\"]}]}<\/script>\n<!-- \/ Yoast SEO plugin. -->","yoast_head_json":{"title":"2er-Pack Gl\u00fchweinbecher von Lykketegning \"KOS\" und \"LYKKE\" - LYKKETEGNING ILLUSTRAT\u00d8R","description":"2er-Pack Gl\u00fchweinbecher von Lykketegning \"KOS\" und \"LYKKE\" Jetzt gibt es die Weihnachtsbecher \"KOS\" und \"LYKKE\" in etwas kleineren Tassen im 2er-Pack. Perfekt f\u00fcr Gl\u00fchwein. Deshalb nennen wir sie auch Gl\u00fchweintassen. Sch\u00f6ne rote Farbe und perfekt f\u00fcr Weihnachten.","robots":{"index":"index","follow":"follow","max-snippet":"max-snippet:-1","max-image-preview":"max-image-preview:large","max-video-preview":"max-video-preview:-1"},"canonical":"https:\/\/www.lykketegning.no\/de\/product-2\/2-pack-mulled-wine-mugs-from-happiness-drawing-cos-og-lykke\/","og_locale":"de_DE","og_type":"article","og_title":"2 pack Gl\u00f8ggkrus fra Lykketegning \"KOS \" og \"LYKKE\" - LYKKETEGNING ILLUSTRAT\u00d8R","og_description":"2 pack Gl\u00f8ggkrus fra Lykketegning \"KOS \" og \"LYKKE\" N\u00e5 kan du kj\u00f8pe julekrusene \"KOS\" og \"LYKKE\" i litt mindre kopper 2 pack. Perfekte til gl\u00f8gg. Derfor kaller vi de gl\u00f8ggkopper. Nydelig r\u00f8dfarge og perfekt til julen.","og_url":"https:\/\/www.lykketegning.no\/de\/product-2\/2-pack-mulled-wine-mugs-from-happiness-drawing-cos-og-lykke\/","og_site_name":"LYKKETEGNING ILLUSTRAT\u00d8R","article_publisher":"https:\/\/www.facebook.com\/lykketegning\/","article_modified_time":"2024-11-18T09:56:58+00:00","og_image":[{"width":700,"height":700,"url":"https:\/\/www.lykketegning.no\/wp-content\/uploads\/2024\/04\/46203235_GB.jpg","type":"image\/jpeg"}],"twitter_card":"summary_large_image","twitter_misc":{"Gesch\u00e4tzte Lesezeit":"3\u00a0Minuten"},"schema":{"@context":"https:\/\/schema.org","@graph":[{"@type":"WebPage","@id":"https:\/\/www.lykketegning.no\/en\/product-2\/2-pack-mulled-wine-mugs-from-happiness-drawing-cos-og-lykke\/","url":"https:\/\/www.lykketegning.no\/en\/product-2\/2-pack-mulled-wine-mugs-from-happiness-drawing-cos-og-lykke\/","name":"2er-Pack Gl\u00fchweinbecher von Lykketegning \"KOS\" und \"LYKKE\" - LYKKETEGNING ILLUSTRAT\u00d8R","isPartOf":{"@id":"https:\/\/www.lykketegning.no\/#website"},"primaryImageOfPage":{"@id":"https:\/\/www.lykketegning.no\/en\/product-2\/2-pack-mulled-wine-mugs-from-happiness-drawing-cos-og-lykke\/#primaryimage"},"image":{"@id":"https:\/\/www.lykketegning.no\/en\/product-2\/2-pack-mulled-wine-mugs-from-happiness-drawing-cos-og-lykke\/#primaryimage"},"thumbnailUrl":"https:\/\/www.lykketegning.no\/wp-content\/uploads\/2024\/04\/46203235_GB.jpg","datePublished":"2022-11-01T16:32:04+00:00","dateModified":"2024-11-18T09:56:58+00:00","description":"2er-Pack Gl\u00fchweinbecher von Lykketegning \"KOS\" und \"LYKKE\" Jetzt gibt es die Weihnachtsbecher \"KOS\" und \"LYKKE\" in etwas kleineren Tassen im 2er-Pack. Perfekt f\u00fcr Gl\u00fchwein. Deshalb nennen wir sie auch Gl\u00fchweintassen. Sch\u00f6ne rote Farbe und perfekt f\u00fcr Weihnachten.","breadcrumb":{"@id":"https:\/\/www.lykketegning.no\/en\/product-2\/2-pack-mulled-wine-mugs-from-happiness-drawing-cos-og-lykke\/#breadcrumb"},"inLanguage":"de","potentialAction":[{"@type":"ReadAction","target":["https:\/\/www.lykketegning.no\/en\/product-2\/2-pack-mulled-wine-mugs-from-happiness-drawing-cos-og-lykke\/"]}]},{"@type":"ImageObject","inLanguage":"de","@id":"https:\/\/www.lykketegning.no\/en\/product-2\/2-pack-mulled-wine-mugs-from-happiness-drawing-cos-og-lykke\/#primaryimage","url":"https:\/\/www.lykketegning.no\/wp-content\/uploads\/2024\/04\/46203235_GB.jpg","contentUrl":"https:\/\/www.lykketegning.no\/wp-content\/uploads\/2024\/04\/46203235_GB.jpg","width":700,"height":700,"caption":"2 pack Gl\u00f8ggkrus fra Lykketegning \"KOS \" og \"LYKKE\""},{"@type":"BreadcrumbList","@id":"https:\/\/www.lykketegning.no\/en\/product-2\/2-pack-mulled-wine-mugs-from-happiness-drawing-cos-og-lykke\/#breadcrumb","itemListElement":[{"@type":"ListItem","position":1,"name":"Hjem","item":"https:\/\/www.lykketegning.no\/"},{"@type":"ListItem","position":2,"name":"Shop","item":"https:\/\/www.lykketegning.no\/sv\/webbutik\/"},{"@type":"ListItem","position":3,"name":"2 pack Gl\u00f8ggkrus fra Lykketegning &#8220;KOS &#8221; og &#8220;LYKKE&#8221;"}]},{"@type":"WebSite","@id":"https:\/\/www.lykketegning.no\/#website","url":"https:\/\/www.lykketegning.no\/","name":"GL\u00dcCKSZEICHNUNG ILLUSTRATOR","description":"","publisher":{"@id":"https:\/\/www.lykketegning.no\/#organization"},"potentialAction":[{"@type":"SearchAction","target":{"@type":"EntryPoint","urlTemplate":"https:\/\/www.lykketegning.no\/?s={search_term_string}"},"query-input":{"@type":"PropertyValueSpecification","valueRequired":true,"valueName":"search_term_string"}}],"inLanguage":"de"},{"@type":"Organization","@id":"https:\/\/www.lykketegning.no\/#organization","name":"GL\u00dcCKSZEICHNUNG ILLUSTRATOR","url":"https:\/\/www.lykketegning.no\/","logo":{"@type":"ImageObject","inLanguage":"de","@id":"https:\/\/www.lykketegning.no\/#\/schema\/logo\/image\/","url":"https:\/\/www.lykketegning.no\/wp-content\/uploads\/2020\/03\/Logo2020_h400px.jpg","contentUrl":"https:\/\/www.lykketegning.no\/wp-content\/uploads\/2020\/03\/Logo2020_h400px.jpg","width":1024,"height":400,"caption":"LYKKETEGNING ILLUSTRAT\u00d8R"},"image":{"@id":"https:\/\/www.lykketegning.no\/#\/schema\/logo\/image\/"},"sameAs":["https:\/\/www.facebook.com\/lykketegning\/","https:\/\/www.instagram.com\/lykketegning\/","https:\/\/www.youtube.com\/@lykketegningillustrations","https:\/\/www.tiktok.com\/@lykketegningillustration"]}]}},"_links":{"self":[{"href":"https:\/\/www.lykketegning.no\/de\/wp-json\/wp\/v2\/product\/37209","targetHints":{"allow":["GET"]}}],"collection":[{"href":"https:\/\/www.lykketegning.no\/de\/wp-json\/wp\/v2\/product"}],"about":[{"href":"https:\/\/www.lykketegning.no\/de\/wp-json\/wp\/v2\/types\/product"}],"replies":[{"embeddable":true,"href":"https:\/\/www.lykketegning.no\/de\/wp-json\/wp\/v2\/comments?post=37209"}],"wp:featuredmedia":[{"embeddable":true,"href":"https:\/\/www.lykketegning.no\/de\/wp-json\/wp\/v2\/media\/37210"}],"wp:attachment":[{"href":"https:\/\/www.lykketegning.no\/de\/wp-json\/wp\/v2\/media?parent=37209"}],"wp:term":[{"taxonomy":"product_brand","embeddable":true,"href":"https:\/\/www.lykketegning.no\/de\/wp-json\/wp\/v2\/product_brand?post=37209"},{"taxonomy":"product_cat","embeddable":true,"href":"https:\/\/www.lykketegning.no\/de\/wp-json\/wp\/v2\/product_cat?post=37209"},{"taxonomy":"product_tag","embeddable":true,"href":"https:\/\/www.lykketegning.no\/de\/wp-json\/wp\/v2\/product_tag?post=37209"}],"curies":[{"name":"wp","href":"https:\/\/api.w.org\/{rel}","templated":true}]}}