{"id":37162,"date":"2026-01-02T11:24:39","date_gmt":"2026-01-02T10:24:39","guid":{"rendered":"https:\/\/www.lykketegning.no\/fornyelse\/?post_type=product&#038;p=37162"},"modified":"2026-03-19T19:24:01","modified_gmt":"2026-03-19T18:24:01","slug":"morning-birds","status":"publish","type":"product","link":"https:\/\/www.lykketegning.no\/de\/produkt\/morgenvogel\/","title":{"rendered":"\"Morgenv\u00f6gel\" Becher des Gl\u00fccks"},"content":{"rendered":"<p>Jetzt k\u00f6nnen Sie die Happy Mug kaufen; \"Morning birds!\"<\/p>\n<p>\"Morgens wie heute\"<\/p>\n<p>Ein tolles Geschenk f\u00fcr sich selbst oder andere.<\/p>\n<p>Perfekt f\u00fcr alle, die morgens aufstehen m\u00fcssen...;)<\/p>\n<p>Sehen Sie sich auch die anderen Tassen an.<\/p>\n<p>Becher assoziierte Farben D8 H9.5 400ml Material: Keramik<\/p>\n<p>Sp\u00fclmaschinenfest<\/p>\n<p>Beliebte Tasse mit Zitat von Lucky Drawing<\/p>","protected":false},"excerpt":{"rendered":"<p>Jetzt k\u00f6nnen Sie die Happy Mug kaufen; \"Morning birds!\"<\/p>\n<p>\"Morgens wie heute\"<\/p>\n<p>Ein tolles Geschenk f\u00fcr sich selbst oder andere.<\/p>\n<p>Perfekt f\u00fcr alle, die morgens aufstehen m\u00fcssen...;)<\/p>\n<p>Sehen Sie sich auch die anderen Tassen an.<\/p>\n<p>Becher assoziierte Farben D8 H9.5 400ml Material: Keramik<\/p>\n<p>Sp\u00fclmaschinenfest<\/p>\n<p>Beliebte Tasse mit Zitat von Lucky Drawing<\/p>","protected":false},"featured_media":39765,"comment_status":"closed","ping_status":"closed","template":"","meta":[],"product_brand":[],"product_cat":[41],"product_tag":[43,121,262,261],"class_list":{"0":"post-37162","1":"product","2":"type-product","3":"status-publish","4":"has-post-thumbnail","6":"product_cat-lykkekopper","7":"product_tag-lykkekopp","8":"product_tag-lykkekrus","9":"product_tag-morgenkopp","10":"product_tag-morning-birds","12":"first","13":"instock","14":"featured","15":"taxable","16":"shipping-taxable","17":"purchasable","18":"product-type-simple"},"yoast_head":"<!-- This site is optimized with the Yoast SEO plugin v27.3 - https:\/\/yoast.com\/product\/yoast-seo-wordpress\/ -->\n<title>&quot;Morning birds&quot; Lykkekopp - LYKKETEGNING ILLUSTRAT\u00d8R<\/title>\n<meta name=\"robots\" content=\"index, follow, max-snippet:-1, max-image-preview:large, max-video-preview:-1\" \/>\n<link rel=\"canonical\" href=\"https:\/\/www.lykketegning.no\/de\/produkt\/morgenvogel\/\" \/>\n<meta property=\"og:locale\" content=\"de_DE\" \/>\n<meta property=\"og:type\" content=\"article\" \/>\n<meta property=\"og:title\" content=\"&quot;Morning birds&quot; Lykkekopp - LYKKETEGNING ILLUSTRAT\u00d8R\" \/>\n<meta property=\"og:description\" content=\"N\u00e5 kan du kj\u00f8pe \u00a0Lykkekruset; &quot;Morning birds!&quot;  &quot;Mornings like this&quot;  En flott gave til deg selv eller andre.  Perfekt for alle som skal opp om morgenen...;)  Sjekk ogs\u00e5 de andre krusene.  Krus assosierte farger D8 H9,5 400ml Materiale: Keramikk  T\u00e5ler oppvaskmaskin  Popul\u00e6rt krus med sitat fra Lykketegning\" \/>\n<meta property=\"og:url\" content=\"https:\/\/www.lykketegning.no\/de\/produkt\/morgenvogel\/\" \/>\n<meta property=\"og:site_name\" content=\"LYKKETEGNING ILLUSTRAT\u00d8R\" \/>\n<meta property=\"article:publisher\" content=\"https:\/\/www.facebook.com\/lykketegning\/\" \/>\n<meta property=\"article:modified_time\" content=\"2026-03-19T18:24:01+00:00\" \/>\n<meta name=\"twitter:card\" content=\"summary_large_image\" \/>\n<meta name=\"twitter:label1\" content=\"Gesch\u00e4tzte Lesezeit\" \/>\n\t<meta name=\"twitter:data1\" content=\"1\u00a0Minute\" \/>\n<script type=\"application\/ld+json\" class=\"yoast-schema-graph\">{\"@context\":\"https:\\\/\\\/schema.org\",\"@graph\":[{\"@type\":\"WebPage\",\"@id\":\"https:\\\/\\\/www.lykketegning.no\\\/produkt\\\/morning-birds\\\/\",\"url\":\"https:\\\/\\\/www.lykketegning.no\\\/produkt\\\/morning-birds\\\/\",\"name\":\"\\\"Morning birds\\\" Lykkekopp - LYKKETEGNING ILLUSTRAT\u00d8R\",\"isPartOf\":{\"@id\":\"https:\\\/\\\/www.lykketegning.no\\\/#website\"},\"primaryImageOfPage\":{\"@id\":\"https:\\\/\\\/www.lykketegning.no\\\/produkt\\\/morning-birds\\\/#primaryimage\"},\"image\":{\"@id\":\"https:\\\/\\\/www.lykketegning.no\\\/produkt\\\/morning-birds\\\/#primaryimage\"},\"thumbnailUrl\":\"https:\\\/\\\/www.lykketegning.no\\\/wp-content\\\/uploads\\\/2023\\\/09\\\/IMG_7290-scaled.jpg\",\"datePublished\":\"2026-01-02T10:24:39+00:00\",\"dateModified\":\"2026-03-19T18:24:01+00:00\",\"breadcrumb\":{\"@id\":\"https:\\\/\\\/www.lykketegning.no\\\/produkt\\\/morning-birds\\\/#breadcrumb\"},\"inLanguage\":\"de\",\"potentialAction\":[{\"@type\":\"ReadAction\",\"target\":[\"https:\\\/\\\/www.lykketegning.no\\\/produkt\\\/morning-birds\\\/\"]}]},{\"@type\":\"ImageObject\",\"inLanguage\":\"de\",\"@id\":\"https:\\\/\\\/www.lykketegning.no\\\/produkt\\\/morning-birds\\\/#primaryimage\",\"url\":\"https:\\\/\\\/www.lykketegning.no\\\/wp-content\\\/uploads\\\/2023\\\/09\\\/IMG_7290-scaled.jpg\",\"contentUrl\":\"https:\\\/\\\/www.lykketegning.no\\\/wp-content\\\/uploads\\\/2023\\\/09\\\/IMG_7290-scaled.jpg\",\"width\":2560,\"height\":2560},{\"@type\":\"BreadcrumbList\",\"@id\":\"https:\\\/\\\/www.lykketegning.no\\\/produkt\\\/morning-birds\\\/#breadcrumb\",\"itemListElement\":[{\"@type\":\"ListItem\",\"position\":1,\"name\":\"Hjem\",\"item\":\"https:\\\/\\\/www.lykketegning.no\\\/\"},{\"@type\":\"ListItem\",\"position\":2,\"name\":\"Shop\",\"item\":\"https:\\\/\\\/www.lykketegning.no\\\/sv\\\/webbutik\\\/\"},{\"@type\":\"ListItem\",\"position\":3,\"name\":\"&#8220;Morning birds&#8221; Lykkekopp\"}]},{\"@type\":\"WebSite\",\"@id\":\"https:\\\/\\\/www.lykketegning.no\\\/#website\",\"url\":\"https:\\\/\\\/www.lykketegning.no\\\/\",\"name\":\"LYKKETEGNING ILLUSTRAT\u00d8R\",\"description\":\"\",\"publisher\":{\"@id\":\"https:\\\/\\\/www.lykketegning.no\\\/#organization\"},\"potentialAction\":[{\"@type\":\"SearchAction\",\"target\":{\"@type\":\"EntryPoint\",\"urlTemplate\":\"https:\\\/\\\/www.lykketegning.no\\\/?s={search_term_string}\"},\"query-input\":{\"@type\":\"PropertyValueSpecification\",\"valueRequired\":true,\"valueName\":\"search_term_string\"}}],\"inLanguage\":\"de\"},{\"@type\":\"Organization\",\"@id\":\"https:\\\/\\\/www.lykketegning.no\\\/#organization\",\"name\":\"LYKKETEGNING ILLUSTRAT\u00d8R\",\"url\":\"https:\\\/\\\/www.lykketegning.no\\\/\",\"logo\":{\"@type\":\"ImageObject\",\"inLanguage\":\"de\",\"@id\":\"https:\\\/\\\/www.lykketegning.no\\\/#\\\/schema\\\/logo\\\/image\\\/\",\"url\":\"https:\\\/\\\/www.lykketegning.no\\\/wp-content\\\/uploads\\\/2020\\\/03\\\/Logo2020_h400px.jpg\",\"contentUrl\":\"https:\\\/\\\/www.lykketegning.no\\\/wp-content\\\/uploads\\\/2020\\\/03\\\/Logo2020_h400px.jpg\",\"width\":1024,\"height\":400,\"caption\":\"LYKKETEGNING ILLUSTRAT\u00d8R\"},\"image\":{\"@id\":\"https:\\\/\\\/www.lykketegning.no\\\/#\\\/schema\\\/logo\\\/image\\\/\"},\"sameAs\":[\"https:\\\/\\\/www.facebook.com\\\/lykketegning\\\/\",\"https:\\\/\\\/www.instagram.com\\\/lykketegning\\\/\",\"https:\\\/\\\/www.youtube.com\\\/@lykketegningillustrations\",\"https:\\\/\\\/www.tiktok.com\\\/@lykketegningillustration\"]}]}<\/script>\n<!-- \/ Yoast SEO plugin. -->","yoast_head_json":{"title":"\"Morgenv\u00f6gel\" Gl\u00fcckstasse - LUCKY DRAWING ILLUSTRATOR","robots":{"index":"index","follow":"follow","max-snippet":"max-snippet:-1","max-image-preview":"max-image-preview:large","max-video-preview":"max-video-preview:-1"},"canonical":"https:\/\/www.lykketegning.no\/de\/produkt\/morgenvogel\/","og_locale":"de_DE","og_type":"article","og_title":"\"Morning birds\" Lykkekopp - LYKKETEGNING ILLUSTRAT\u00d8R","og_description":"N\u00e5 kan du kj\u00f8pe \u00a0Lykkekruset; \"Morning birds!\"  \"Mornings like this\"  En flott gave til deg selv eller andre.  Perfekt for alle som skal opp om morgenen...;)  Sjekk ogs\u00e5 de andre krusene.  Krus assosierte farger D8 H9,5 400ml Materiale: Keramikk  T\u00e5ler oppvaskmaskin  Popul\u00e6rt krus med sitat fra Lykketegning","og_url":"https:\/\/www.lykketegning.no\/de\/produkt\/morgenvogel\/","og_site_name":"LYKKETEGNING ILLUSTRAT\u00d8R","article_publisher":"https:\/\/www.facebook.com\/lykketegning\/","article_modified_time":"2026-03-19T18:24:01+00:00","twitter_card":"summary_large_image","twitter_misc":{"Gesch\u00e4tzte Lesezeit":"1\u00a0Minute"},"schema":{"@context":"https:\/\/schema.org","@graph":[{"@type":"WebPage","@id":"https:\/\/www.lykketegning.no\/produkt\/morning-birds\/","url":"https:\/\/www.lykketegning.no\/produkt\/morning-birds\/","name":"\"Morgenv\u00f6gel\" Gl\u00fcckstasse - LUCKY DRAWING ILLUSTRATOR","isPartOf":{"@id":"https:\/\/www.lykketegning.no\/#website"},"primaryImageOfPage":{"@id":"https:\/\/www.lykketegning.no\/produkt\/morning-birds\/#primaryimage"},"image":{"@id":"https:\/\/www.lykketegning.no\/produkt\/morning-birds\/#primaryimage"},"thumbnailUrl":"https:\/\/www.lykketegning.no\/wp-content\/uploads\/2023\/09\/IMG_7290-scaled.jpg","datePublished":"2026-01-02T10:24:39+00:00","dateModified":"2026-03-19T18:24:01+00:00","breadcrumb":{"@id":"https:\/\/www.lykketegning.no\/produkt\/morning-birds\/#breadcrumb"},"inLanguage":"de","potentialAction":[{"@type":"ReadAction","target":["https:\/\/www.lykketegning.no\/produkt\/morning-birds\/"]}]},{"@type":"ImageObject","inLanguage":"de","@id":"https:\/\/www.lykketegning.no\/produkt\/morning-birds\/#primaryimage","url":"https:\/\/www.lykketegning.no\/wp-content\/uploads\/2023\/09\/IMG_7290-scaled.jpg","contentUrl":"https:\/\/www.lykketegning.no\/wp-content\/uploads\/2023\/09\/IMG_7290-scaled.jpg","width":2560,"height":2560},{"@type":"BreadcrumbList","@id":"https:\/\/www.lykketegning.no\/produkt\/morning-birds\/#breadcrumb","itemListElement":[{"@type":"ListItem","position":1,"name":"Hjem","item":"https:\/\/www.lykketegning.no\/"},{"@type":"ListItem","position":2,"name":"Shop","item":"https:\/\/www.lykketegning.no\/sv\/webbutik\/"},{"@type":"ListItem","position":3,"name":"&#8220;Morning birds&#8221; Lykkekopp"}]},{"@type":"WebSite","@id":"https:\/\/www.lykketegning.no\/#website","url":"https:\/\/www.lykketegning.no\/","name":"GL\u00dcCKSZEICHNUNG ILLUSTRATOR","description":"","publisher":{"@id":"https:\/\/www.lykketegning.no\/#organization"},"potentialAction":[{"@type":"SearchAction","target":{"@type":"EntryPoint","urlTemplate":"https:\/\/www.lykketegning.no\/?s={search_term_string}"},"query-input":{"@type":"PropertyValueSpecification","valueRequired":true,"valueName":"search_term_string"}}],"inLanguage":"de"},{"@type":"Organization","@id":"https:\/\/www.lykketegning.no\/#organization","name":"GL\u00dcCKSZEICHNUNG ILLUSTRATOR","url":"https:\/\/www.lykketegning.no\/","logo":{"@type":"ImageObject","inLanguage":"de","@id":"https:\/\/www.lykketegning.no\/#\/schema\/logo\/image\/","url":"https:\/\/www.lykketegning.no\/wp-content\/uploads\/2020\/03\/Logo2020_h400px.jpg","contentUrl":"https:\/\/www.lykketegning.no\/wp-content\/uploads\/2020\/03\/Logo2020_h400px.jpg","width":1024,"height":400,"caption":"LYKKETEGNING ILLUSTRAT\u00d8R"},"image":{"@id":"https:\/\/www.lykketegning.no\/#\/schema\/logo\/image\/"},"sameAs":["https:\/\/www.facebook.com\/lykketegning\/","https:\/\/www.instagram.com\/lykketegning\/","https:\/\/www.youtube.com\/@lykketegningillustrations","https:\/\/www.tiktok.com\/@lykketegningillustration"]}]}},"_links":{"self":[{"href":"https:\/\/www.lykketegning.no\/de\/wp-json\/wp\/v2\/product\/37162","targetHints":{"allow":["GET"]}}],"collection":[{"href":"https:\/\/www.lykketegning.no\/de\/wp-json\/wp\/v2\/product"}],"about":[{"href":"https:\/\/www.lykketegning.no\/de\/wp-json\/wp\/v2\/types\/product"}],"replies":[{"embeddable":true,"href":"https:\/\/www.lykketegning.no\/de\/wp-json\/wp\/v2\/comments?post=37162"}],"wp:featuredmedia":[{"embeddable":true,"href":"https:\/\/www.lykketegning.no\/de\/wp-json\/wp\/v2\/media\/39765"}],"wp:attachment":[{"href":"https:\/\/www.lykketegning.no\/de\/wp-json\/wp\/v2\/media?parent=37162"}],"wp:term":[{"taxonomy":"product_brand","embeddable":true,"href":"https:\/\/www.lykketegning.no\/de\/wp-json\/wp\/v2\/product_brand?post=37162"},{"taxonomy":"product_cat","embeddable":true,"href":"https:\/\/www.lykketegning.no\/de\/wp-json\/wp\/v2\/product_cat?post=37162"},{"taxonomy":"product_tag","embeddable":true,"href":"https:\/\/www.lykketegning.no\/de\/wp-json\/wp\/v2\/product_tag?post=37162"}],"curies":[{"name":"wp","href":"https:\/\/api.w.org\/{rel}","templated":true}]}}