{"id":37130,"date":"2024-05-16T20:00:55","date_gmt":"2024-05-16T18:00:55","guid":{"rendered":"https:\/\/www.lykketegning.no\/fornyelse\/?post_type=product&#038;p=37130"},"modified":"2026-01-05T13:12:48","modified_gmt":"2026-01-05T12:12:48","slug":"thermosflasche-beschliese-ich-dass-es-ein-guter-groser-tag-werden-wird","status":"publish","type":"product","link":"https:\/\/www.lykketegning.no\/de\/produkt\/termoflaske-jeg-bestemmer-at-det-blir-en-god-idag-stor\/","title":{"rendered":"Thermosflasche \"Ich beschlie\u00dfe, dass es ein guter Tag wird\" LARGE"},"content":{"rendered":"<div class=\"product attribute sap-more-information description\">\n<div class=\"value\">\n<p>Robuste Thermosflasche, die sich perfekt f\u00fcr Schule, Arbeit und Reisen eignet.<span class=\"Apple-converted-space\">\u00a0<\/span><\/p>\n<p>Getr\u00e4nkeflasche mit W\u00e4nden aus mehreren Schichten von temperaturhaltenden Materialien, darunter Kupfer. Dadurch bleibt das Getr\u00e4nk 12 Stunden lang hei\u00df und 24 Stunden lang kalt.<span class=\"Apple-converted-space\">\u00a0<\/span><\/p>\n<p>Der Korken hat die Form einer Uhr. Hier k\u00f6nnen Sie die Uhrzeit ablesen, zu der Sie die Flasche gef\u00fcllt haben, und die ungef\u00e4hre Temperatur des Inhalts \u00fcber den Tag hinweg verfolgen. Die gro\u00dfe \u00d6ffnung macht es einfach, Eisw\u00fcrfel hinzuzuf\u00fcgen.<\/p>\n<p>W\u00e4hrend des Sommers wird auch eine passende Lunchbox erh\u00e4ltlich sein.<\/p>\n<p>Die Flasche kann in 2 verschiedenen Gr\u00f6\u00dfen erworben werden!<span class=\"Apple-converted-space\">\u00a0<\/span><\/p>\n<\/div>\n<div class=\"value\">Die Flasche ist nicht f\u00fcr kohlens\u00e4urehaltige Getr\u00e4nke geeignet. Die Flasche kann in der Sp\u00fclmaschine gereinigt werden, aber bitte beachten Sie, dass es zu Abnutzungen an der Au\u00dfenseite kommen kann. Sp\u00fclen Sie den Korken in warmem Wasser aus.<\/div>\n<\/div>\n<div class=\"page\" title=\"Seite 1\">\n<div class=\"layoutArea\">\n<div class=\"column\">\n<p>Gl\u00fccksziehung - Ich beschlie\u00dfe, dass heute ein guter Tag wird - Thermosflasche Ockergelb, Multi D7 H25,5 cm Stahl 18\/8<br \/>\nHangtag<br \/>\nVolumen: 1,73<\/p>\n<\/div>\n<\/div>\n<\/div>\n<p>&nbsp;<\/p>","protected":false},"excerpt":{"rendered":"<div class=\"product attribute sap-more-information description\">\n<div class=\"value\">\n<p>\"Neu von Luck Drawing!<\/p>\n<p>Robuste Thermosflasche, die sich perfekt f\u00fcr Schule, Arbeit und Reisen eignet.<span class=\"Apple-converted-space\">\u00a0<\/span><\/p>\n<p>Getr\u00e4nkeflasche mit W\u00e4nden aus mehreren Schichten von temperaturhaltenden Materialien, darunter Kupfer. Dadurch bleibt das Getr\u00e4nk 12 Stunden lang hei\u00df und 24 Stunden lang kalt.<span class=\"Apple-converted-space\">\u00a0<\/span><\/p>\n<p>Der Korken hat die Form einer Uhr. Hier k\u00f6nnen Sie die Uhrzeit ablesen, zu der Sie die Flasche gef\u00fcllt haben, und die ungef\u00e4hre Temperatur des Inhalts \u00fcber den Tag hinweg verfolgen. Die gro\u00dfe \u00d6ffnung macht es einfach, Eisw\u00fcrfel hinzuzuf\u00fcgen.<\/p>\n<p>W\u00e4hrend des Sommers wird auch eine passende Lunchbox erh\u00e4ltlich sein.<\/p>\n<p>Die Flasche kann in 2 verschiedenen Gr\u00f6\u00dfen erworben werden!<span class=\"Apple-converted-space\">\u00a0<\/span><\/p>\n<\/div>\n<div class=\"value\">Die Flasche ist nicht f\u00fcr kohlens\u00e4urehaltige Getr\u00e4nke geeignet. Die Flasche kann in der Sp\u00fclmaschine gereinigt werden, aber bitte beachten Sie, dass es zu Abnutzungen an der Au\u00dfenseite kommen kann. Sp\u00fclen Sie den Korken in warmem Wasser aus.<\/div>\n<\/div>\n<div class=\"page\" title=\"Seite 1\">\n<div class=\"layoutArea\">\n<div class=\"column\">\n<p>Gl\u00fcckszeichnung - Es wird ein guter Tag - Thermosflasche Ockergelb, multi D7 H25,5 cm Stahl 18\/8<br \/>\nHangtag<br \/>\nVolumen: 1,73<\/p>\n<\/div>\n<\/div>\n<\/div>\n<p>&nbsp;<\/p>","protected":false},"featured_media":39799,"comment_status":"open","ping_status":"closed","template":"","meta":[],"product_brand":[],"product_cat":[41],"product_tag":[183,251],"class_list":{"0":"post-37130","1":"product","2":"type-product","3":"status-publish","4":"has-post-thumbnail","6":"product_cat-lykkekopper","7":"product_tag-termo","8":"product_tag-termoflaske","10":"first","11":"outofstock","12":"taxable","13":"shipping-taxable","14":"purchasable","15":"product-type-simple"},"yoast_head":"<!-- This site is optimized with the Yoast SEO plugin v27.3 - https:\/\/yoast.com\/product\/yoast-seo-wordpress\/ -->\n<title>Termoflaske &quot;Jeg bestemmer at det blir en god idag&quot; STOR - LYKKETEGNING ILLUSTRAT\u00d8R<\/title>\n<meta name=\"robots\" content=\"index, follow, max-snippet:-1, max-image-preview:large, max-video-preview:-1\" \/>\n<link rel=\"canonical\" href=\"https:\/\/www.lykketegning.no\/de\/product-2\/thermosflasche-beschliese-ich-dass-es-ein-guter-groser-tag-werden-wird\/\" \/>\n<meta property=\"og:locale\" content=\"de_DE\" \/>\n<meta property=\"og:type\" content=\"article\" \/>\n<meta property=\"og:title\" content=\"Termoflaske &quot;Jeg bestemmer at det blir en god idag&quot; STOR - LYKKETEGNING ILLUSTRAT\u00d8R\" \/>\n<meta property=\"og:description\" content=\"&quot;Nyhet fra Lykketegning!!  T\u00f8ff termoflaske som er perfekt til skole, jobb og p\u00e5 tur.\u00a0  Drikkeflaske med vegger av flere lag med temperaturbevarende materialer, deriblant kobber. Dette gj\u00f8r at den holder drikken varmt i 12 timer og kaldt i 24 timer.\u00a0  Korken er formet som en klokke. Her kan du vri til klokkeslettet n\u00e5r du fylte flasken og holde kontroll p\u00e5 ca. temperatur p\u00e5 innholdet utover dagen. Stor \u00e5pning som gj\u00f8r det lett \u00e5 tilsette isbiter.  I l\u00f8pet av sommeren kommer ogs\u00e5 matchende matboks.  Flasken kan kj\u00f8pes i 2 ulike st\u00f8rrelser!\u00a0   Flasken er ikke beregnet for drikkevarer med kullsyre. Flasken kan rengj\u00f8res i oppvaskmaskin, men vennligst merk at det kan oppst\u00e5 slitasje p\u00e5 utsiden. Korken skylles i varmt vann.      Lykketegning - Det blir en god dag - Termoflaske Okergul, multi D7 H25,5 cm St\u00e5l 18\/8 Hangtag Volum: 1,73     &nbsp;\" \/>\n<meta property=\"og:url\" content=\"https:\/\/www.lykketegning.no\/de\/product-2\/thermosflasche-beschliese-ich-dass-es-ein-guter-groser-tag-werden-wird\/\" \/>\n<meta property=\"og:site_name\" content=\"LYKKETEGNING ILLUSTRAT\u00d8R\" \/>\n<meta property=\"article:publisher\" content=\"https:\/\/www.facebook.com\/lykketegning\/\" \/>\n<meta property=\"article:modified_time\" content=\"2026-01-05T12:12:48+00:00\" \/>\n<meta property=\"og:image\" content=\"https:\/\/www.lykketegning.no\/wp-content\/uploads\/2025\/03\/IMG_0245-scaled.jpg\" \/>\n\t<meta property=\"og:image:width\" content=\"2560\" \/>\n\t<meta property=\"og:image:height\" content=\"2560\" \/>\n\t<meta property=\"og:image:type\" content=\"image\/jpeg\" \/>\n<meta name=\"twitter:card\" content=\"summary_large_image\" \/>\n<meta name=\"twitter:label1\" content=\"Gesch\u00e4tzte Lesezeit\" \/>\n\t<meta name=\"twitter:data1\" content=\"1\u00a0Minute\" \/>\n<script type=\"application\/ld+json\" class=\"yoast-schema-graph\">{\"@context\":\"https:\\\/\\\/schema.org\",\"@graph\":[{\"@type\":\"WebPage\",\"@id\":\"https:\\\/\\\/www.lykketegning.no\\\/produkt\\\/termoflaske-jeg-bestemmer-at-det-blir-en-god-idag-stor\\\/\",\"url\":\"https:\\\/\\\/www.lykketegning.no\\\/produkt\\\/termoflaske-jeg-bestemmer-at-det-blir-en-god-idag-stor\\\/\",\"name\":\"Termoflaske \\\"Jeg bestemmer at det blir en god idag\\\" STOR - LYKKETEGNING ILLUSTRAT\u00d8R\",\"isPartOf\":{\"@id\":\"https:\\\/\\\/www.lykketegning.no\\\/#website\"},\"primaryImageOfPage\":{\"@id\":\"https:\\\/\\\/www.lykketegning.no\\\/produkt\\\/termoflaske-jeg-bestemmer-at-det-blir-en-god-idag-stor\\\/#primaryimage\"},\"image\":{\"@id\":\"https:\\\/\\\/www.lykketegning.no\\\/produkt\\\/termoflaske-jeg-bestemmer-at-det-blir-en-god-idag-stor\\\/#primaryimage\"},\"thumbnailUrl\":\"https:\\\/\\\/www.lykketegning.no\\\/wp-content\\\/uploads\\\/2025\\\/03\\\/IMG_0245-scaled.jpg\",\"datePublished\":\"2024-05-16T18:00:55+00:00\",\"dateModified\":\"2026-01-05T12:12:48+00:00\",\"breadcrumb\":{\"@id\":\"https:\\\/\\\/www.lykketegning.no\\\/produkt\\\/termoflaske-jeg-bestemmer-at-det-blir-en-god-idag-stor\\\/#breadcrumb\"},\"inLanguage\":\"de\",\"potentialAction\":[{\"@type\":\"ReadAction\",\"target\":[\"https:\\\/\\\/www.lykketegning.no\\\/produkt\\\/termoflaske-jeg-bestemmer-at-det-blir-en-god-idag-stor\\\/\"]}]},{\"@type\":\"ImageObject\",\"inLanguage\":\"de\",\"@id\":\"https:\\\/\\\/www.lykketegning.no\\\/produkt\\\/termoflaske-jeg-bestemmer-at-det-blir-en-god-idag-stor\\\/#primaryimage\",\"url\":\"https:\\\/\\\/www.lykketegning.no\\\/wp-content\\\/uploads\\\/2025\\\/03\\\/IMG_0245-scaled.jpg\",\"contentUrl\":\"https:\\\/\\\/www.lykketegning.no\\\/wp-content\\\/uploads\\\/2025\\\/03\\\/IMG_0245-scaled.jpg\",\"width\":2560,\"height\":2560},{\"@type\":\"BreadcrumbList\",\"@id\":\"https:\\\/\\\/www.lykketegning.no\\\/produkt\\\/termoflaske-jeg-bestemmer-at-det-blir-en-god-idag-stor\\\/#breadcrumb\",\"itemListElement\":[{\"@type\":\"ListItem\",\"position\":1,\"name\":\"Hjem\",\"item\":\"https:\\\/\\\/www.lykketegning.no\\\/\"},{\"@type\":\"ListItem\",\"position\":2,\"name\":\"Produkter\",\"item\":\"https:\\\/\\\/www.lykketegning.no\\\/shop\\\/\"},{\"@type\":\"ListItem\",\"position\":3,\"name\":\"Termoflaske &#8220;Jeg bestemmer at det blir en god idag&#8221; STOR\"}]},{\"@type\":\"WebSite\",\"@id\":\"https:\\\/\\\/www.lykketegning.no\\\/#website\",\"url\":\"https:\\\/\\\/www.lykketegning.no\\\/\",\"name\":\"LYKKETEGNING ILLUSTRAT\u00d8R\",\"description\":\"\",\"publisher\":{\"@id\":\"https:\\\/\\\/www.lykketegning.no\\\/#organization\"},\"potentialAction\":[{\"@type\":\"SearchAction\",\"target\":{\"@type\":\"EntryPoint\",\"urlTemplate\":\"https:\\\/\\\/www.lykketegning.no\\\/?s={search_term_string}\"},\"query-input\":{\"@type\":\"PropertyValueSpecification\",\"valueRequired\":true,\"valueName\":\"search_term_string\"}}],\"inLanguage\":\"de\"},{\"@type\":\"Organization\",\"@id\":\"https:\\\/\\\/www.lykketegning.no\\\/#organization\",\"name\":\"LYKKETEGNING ILLUSTRAT\u00d8R\",\"url\":\"https:\\\/\\\/www.lykketegning.no\\\/\",\"logo\":{\"@type\":\"ImageObject\",\"inLanguage\":\"de\",\"@id\":\"https:\\\/\\\/www.lykketegning.no\\\/#\\\/schema\\\/logo\\\/image\\\/\",\"url\":\"https:\\\/\\\/www.lykketegning.no\\\/wp-content\\\/uploads\\\/2020\\\/03\\\/Logo2020_h400px.jpg\",\"contentUrl\":\"https:\\\/\\\/www.lykketegning.no\\\/wp-content\\\/uploads\\\/2020\\\/03\\\/Logo2020_h400px.jpg\",\"width\":1024,\"height\":400,\"caption\":\"LYKKETEGNING ILLUSTRAT\u00d8R\"},\"image\":{\"@id\":\"https:\\\/\\\/www.lykketegning.no\\\/#\\\/schema\\\/logo\\\/image\\\/\"},\"sameAs\":[\"https:\\\/\\\/www.facebook.com\\\/lykketegning\\\/\",\"https:\\\/\\\/www.instagram.com\\\/lykketegning\\\/\",\"https:\\\/\\\/www.youtube.com\\\/@lykketegningillustrations\",\"https:\\\/\\\/www.tiktok.com\\\/@lykketegningillustration\"]}]}<\/script>\n<!-- \/ Yoast SEO plugin. -->","yoast_head_json":{"title":"Thermosflasche \"Ich beschlie\u00dfe, dass es ein guter Tag wird\" LARGE - LUCKY DRAWING ILLUSTRATOR","robots":{"index":"index","follow":"follow","max-snippet":"max-snippet:-1","max-image-preview":"max-image-preview:large","max-video-preview":"max-video-preview:-1"},"canonical":"https:\/\/www.lykketegning.no\/de\/product-2\/thermosflasche-beschliese-ich-dass-es-ein-guter-groser-tag-werden-wird\/","og_locale":"de_DE","og_type":"article","og_title":"Termoflaske \"Jeg bestemmer at det blir en god idag\" STOR - LYKKETEGNING ILLUSTRAT\u00d8R","og_description":"\"Nyhet fra Lykketegning!!  T\u00f8ff termoflaske som er perfekt til skole, jobb og p\u00e5 tur.\u00a0  Drikkeflaske med vegger av flere lag med temperaturbevarende materialer, deriblant kobber. Dette gj\u00f8r at den holder drikken varmt i 12 timer og kaldt i 24 timer.\u00a0  Korken er formet som en klokke. Her kan du vri til klokkeslettet n\u00e5r du fylte flasken og holde kontroll p\u00e5 ca. temperatur p\u00e5 innholdet utover dagen. Stor \u00e5pning som gj\u00f8r det lett \u00e5 tilsette isbiter.  I l\u00f8pet av sommeren kommer ogs\u00e5 matchende matboks.  Flasken kan kj\u00f8pes i 2 ulike st\u00f8rrelser!\u00a0   Flasken er ikke beregnet for drikkevarer med kullsyre. Flasken kan rengj\u00f8res i oppvaskmaskin, men vennligst merk at det kan oppst\u00e5 slitasje p\u00e5 utsiden. Korken skylles i varmt vann.      Lykketegning - Det blir en god dag - Termoflaske Okergul, multi D7 H25,5 cm St\u00e5l 18\/8 Hangtag Volum: 1,73     &nbsp;","og_url":"https:\/\/www.lykketegning.no\/de\/product-2\/thermosflasche-beschliese-ich-dass-es-ein-guter-groser-tag-werden-wird\/","og_site_name":"LYKKETEGNING ILLUSTRAT\u00d8R","article_publisher":"https:\/\/www.facebook.com\/lykketegning\/","article_modified_time":"2026-01-05T12:12:48+00:00","og_image":[{"width":2560,"height":2560,"url":"https:\/\/www.lykketegning.no\/wp-content\/uploads\/2025\/03\/IMG_0245-scaled.jpg","type":"image\/jpeg"}],"twitter_card":"summary_large_image","twitter_misc":{"Gesch\u00e4tzte Lesezeit":"1\u00a0Minute"},"schema":{"@context":"https:\/\/schema.org","@graph":[{"@type":"WebPage","@id":"https:\/\/www.lykketegning.no\/produkt\/termoflaske-jeg-bestemmer-at-det-blir-en-god-idag-stor\/","url":"https:\/\/www.lykketegning.no\/produkt\/termoflaske-jeg-bestemmer-at-det-blir-en-god-idag-stor\/","name":"Thermosflasche \"Ich beschlie\u00dfe, dass es ein guter Tag wird\" LARGE - LUCKY DRAWING ILLUSTRATOR","isPartOf":{"@id":"https:\/\/www.lykketegning.no\/#website"},"primaryImageOfPage":{"@id":"https:\/\/www.lykketegning.no\/produkt\/termoflaske-jeg-bestemmer-at-det-blir-en-god-idag-stor\/#primaryimage"},"image":{"@id":"https:\/\/www.lykketegning.no\/produkt\/termoflaske-jeg-bestemmer-at-det-blir-en-god-idag-stor\/#primaryimage"},"thumbnailUrl":"https:\/\/www.lykketegning.no\/wp-content\/uploads\/2025\/03\/IMG_0245-scaled.jpg","datePublished":"2024-05-16T18:00:55+00:00","dateModified":"2026-01-05T12:12:48+00:00","breadcrumb":{"@id":"https:\/\/www.lykketegning.no\/produkt\/termoflaske-jeg-bestemmer-at-det-blir-en-god-idag-stor\/#breadcrumb"},"inLanguage":"de","potentialAction":[{"@type":"ReadAction","target":["https:\/\/www.lykketegning.no\/produkt\/termoflaske-jeg-bestemmer-at-det-blir-en-god-idag-stor\/"]}]},{"@type":"ImageObject","inLanguage":"de","@id":"https:\/\/www.lykketegning.no\/produkt\/termoflaske-jeg-bestemmer-at-det-blir-en-god-idag-stor\/#primaryimage","url":"https:\/\/www.lykketegning.no\/wp-content\/uploads\/2025\/03\/IMG_0245-scaled.jpg","contentUrl":"https:\/\/www.lykketegning.no\/wp-content\/uploads\/2025\/03\/IMG_0245-scaled.jpg","width":2560,"height":2560},{"@type":"BreadcrumbList","@id":"https:\/\/www.lykketegning.no\/produkt\/termoflaske-jeg-bestemmer-at-det-blir-en-god-idag-stor\/#breadcrumb","itemListElement":[{"@type":"ListItem","position":1,"name":"Hjem","item":"https:\/\/www.lykketegning.no\/"},{"@type":"ListItem","position":2,"name":"Produkter","item":"https:\/\/www.lykketegning.no\/shop\/"},{"@type":"ListItem","position":3,"name":"Termoflaske &#8220;Jeg bestemmer at det blir en god idag&#8221; STOR"}]},{"@type":"WebSite","@id":"https:\/\/www.lykketegning.no\/#website","url":"https:\/\/www.lykketegning.no\/","name":"GL\u00dcCKSZEICHNUNG ILLUSTRATOR","description":"","publisher":{"@id":"https:\/\/www.lykketegning.no\/#organization"},"potentialAction":[{"@type":"SearchAction","target":{"@type":"EntryPoint","urlTemplate":"https:\/\/www.lykketegning.no\/?s={search_term_string}"},"query-input":{"@type":"PropertyValueSpecification","valueRequired":true,"valueName":"search_term_string"}}],"inLanguage":"de"},{"@type":"Organization","@id":"https:\/\/www.lykketegning.no\/#organization","name":"GL\u00dcCKSZEICHNUNG ILLUSTRATOR","url":"https:\/\/www.lykketegning.no\/","logo":{"@type":"ImageObject","inLanguage":"de","@id":"https:\/\/www.lykketegning.no\/#\/schema\/logo\/image\/","url":"https:\/\/www.lykketegning.no\/wp-content\/uploads\/2020\/03\/Logo2020_h400px.jpg","contentUrl":"https:\/\/www.lykketegning.no\/wp-content\/uploads\/2020\/03\/Logo2020_h400px.jpg","width":1024,"height":400,"caption":"LYKKETEGNING ILLUSTRAT\u00d8R"},"image":{"@id":"https:\/\/www.lykketegning.no\/#\/schema\/logo\/image\/"},"sameAs":["https:\/\/www.facebook.com\/lykketegning\/","https:\/\/www.instagram.com\/lykketegning\/","https:\/\/www.youtube.com\/@lykketegningillustrations","https:\/\/www.tiktok.com\/@lykketegningillustration"]}]}},"_links":{"self":[{"href":"https:\/\/www.lykketegning.no\/de\/wp-json\/wp\/v2\/product\/37130","targetHints":{"allow":["GET"]}}],"collection":[{"href":"https:\/\/www.lykketegning.no\/de\/wp-json\/wp\/v2\/product"}],"about":[{"href":"https:\/\/www.lykketegning.no\/de\/wp-json\/wp\/v2\/types\/product"}],"replies":[{"embeddable":true,"href":"https:\/\/www.lykketegning.no\/de\/wp-json\/wp\/v2\/comments?post=37130"}],"wp:featuredmedia":[{"embeddable":true,"href":"https:\/\/www.lykketegning.no\/de\/wp-json\/wp\/v2\/media\/39799"}],"wp:attachment":[{"href":"https:\/\/www.lykketegning.no\/de\/wp-json\/wp\/v2\/media?parent=37130"}],"wp:term":[{"taxonomy":"product_brand","embeddable":true,"href":"https:\/\/www.lykketegning.no\/de\/wp-json\/wp\/v2\/product_brand?post=37130"},{"taxonomy":"product_cat","embeddable":true,"href":"https:\/\/www.lykketegning.no\/de\/wp-json\/wp\/v2\/product_cat?post=37130"},{"taxonomy":"product_tag","embeddable":true,"href":"https:\/\/www.lykketegning.no\/de\/wp-json\/wp\/v2\/product_tag?post=37130"}],"curies":[{"name":"wp","href":"https:\/\/api.w.org\/{rel}","templated":true}]}}