{"id":36930,"date":"2022-01-04T10:08:29","date_gmt":"2022-01-04T09:08:29","guid":{"rendered":"https:\/\/www.lykketegning.no\/fornyelse\/?post_type=product&#038;p=36930"},"modified":"2026-02-02T09:53:32","modified_gmt":"2026-02-02T08:53:32","slug":"tegning-det-eneste-som-er-bedre","status":"publish","type":"product","link":"https:\/\/www.lykketegning.no\/de\/produkt\/zeichnen-das-einzige-was-besser-ist\/","title":{"rendered":"Zeichnung \"Das Einzige, was besser ist...\""},"content":{"rendered":"<h2>Das Einzige, was noch besser ist, als dich als Mutter zu haben, ist, dass unsere Kinder dich als Oma haben werden!<\/h2>\n<p style=\"text-align: left;\">Illustration im Format A4\/ A3 ohne Rahmen. Text und Haarfarbe k\u00f6nnen angefordert werden, bitte f\u00fcgen Sie eine Notiz hinzu.<\/p>\n<h2>Personalisierte Illustrationen!<\/h2>\n<p>Einzigartige, handgezeichnete Motive, die nach Ihren W\u00fcnschen gestaltet werden. Perfekt zum Verschenken oder f\u00fcr die eigene Gestaltung. Perfekt zum Verschenken oder zum eigenen Vergn\u00fcgen.<\/p>\n<p>Wenn Sie eine einzigartige Zeichnung w\u00fcnschen, beginnen die Preise bei 1500 SEK f\u00fcr A4.<\/p>\n<p>Schreiben Sie in das Kommentarfeld, was Sie gerne sehen w\u00fcrden. Vergesst nicht, die Gr\u00f6\u00dfe, die Haarfarbe und den Haartyp der Personen anzugeben, die ihr gerne dabei haben m\u00f6chtet. Ich schicke Ihnen zun\u00e4chst eine grobe Skizze, die Sie korrigieren k\u00f6nnen, dann \u00fcberarbeite ich die Illustrationen und schicke sie Ihnen per Post zu. Wenn es mehr als 5 Personen sind, kontaktieren Sie mich bitte f\u00fcr einen Preis. Senden Sie eine E-Mail an post@lykketegning.no f\u00fcr weitere Informationen.<\/p>\n<p>&nbsp;<\/p>","protected":false},"excerpt":{"rendered":"<h2>Personalisierte Illustrationen!<\/h2>\n<p>Einzigartige, handgezeichnete Motive, die nach Ihren W\u00fcnschen gestaltet werden. Perfekt zum Verschenken oder f\u00fcr die eigene Gestaltung. Perfekt zum Verschenken oder zum eigenen Vergn\u00fcgen.<\/p>\n<p>Wenn Sie eine einzigartige Zeichnung w\u00fcnschen, beginnen die Preise bei 1500 SEK f\u00fcr A4.<\/p>\n<p>Schreiben Sie in das Kommentarfeld, was Sie gerne sehen w\u00fcrden. Vergesst nicht, die Gr\u00f6\u00dfe, die Haarfarbe und den Haartyp der Personen anzugeben, die ihr gerne dabei haben m\u00f6chtet. Ich schicke Ihnen zun\u00e4chst eine grobe Skizze, die Sie korrigieren k\u00f6nnen, dann \u00fcberarbeite ich die Illustrationen und schicke sie Ihnen per Post zu. Wenn es mehr als 5 Personen sind, kontaktieren Sie mich bitte f\u00fcr einen Preis. Senden Sie eine E-Mail an post@lykketegning.no f\u00fcr weitere Informationen.<\/p>","protected":false},"featured_media":41903,"comment_status":"open","ping_status":"closed","template":"","meta":[],"product_brand":[],"product_cat":[166,167,165],"product_tag":[437,275,438,77,439,50],"class_list":{"0":"post-36930","1":"product","2":"type-product","3":"status-publish","4":"has-post-thumbnail","6":"product_cat-barn","7":"product_cat-familietegning","8":"product_cat-handtegnede-unike-illustrasjoner","9":"product_tag-bestmor","10":"product_tag-mamma","11":"product_tag-mormor","12":"product_tag-morsdag","13":"product_tag-morsdagsgave","14":"product_tag-tegning","16":"first","17":"instock","18":"purchasable","19":"product-type-simple"},"yoast_head":"<!-- This site is optimized with the Yoast SEO plugin v27.3 - https:\/\/yoast.com\/product\/yoast-seo-wordpress\/ -->\n<title>Tegning &quot;Det eneste som er bedre..&quot; - LYKKETEGNING ILLUSTRAT\u00d8R<\/title>\n<meta name=\"description\" content=\"Det eneste som er bedre enn \u00e5 ha deg som mamma er at v\u00e5re barn f\u00e5r ha deg som bestemor! Lykketegning til mamma og bestemor.\" \/>\n<meta name=\"robots\" content=\"index, follow, max-snippet:-1, max-image-preview:large, max-video-preview:-1\" \/>\n<link rel=\"canonical\" href=\"https:\/\/www.lykketegning.no\/de\/product-2\/zeichnen-das-einzige-was-besser-ist\/\" \/>\n<meta property=\"og:locale\" content=\"de_DE\" \/>\n<meta property=\"og:type\" content=\"article\" \/>\n<meta property=\"og:title\" content=\"Tegning &quot;Det eneste som er bedre..&quot; - LYKKETEGNING ILLUSTRAT\u00d8R\" \/>\n<meta property=\"og:description\" content=\"Det eneste som er bedre enn \u00e5 ha deg som mamma er at v\u00e5re barn f\u00e5r ha deg som bestemor! Lykketegning til mamma og bestemor.\" \/>\n<meta property=\"og:url\" content=\"https:\/\/www.lykketegning.no\/de\/product-2\/zeichnen-das-einzige-was-besser-ist\/\" \/>\n<meta property=\"og:site_name\" content=\"LYKKETEGNING ILLUSTRAT\u00d8R\" \/>\n<meta property=\"article:publisher\" content=\"https:\/\/www.facebook.com\/lykketegning\/\" \/>\n<meta property=\"article:modified_time\" content=\"2026-02-02T08:53:32+00:00\" \/>\n<meta property=\"og:image\" content=\"https:\/\/www.lykketegning.no\/wp-content\/uploads\/2022\/01\/IMG_7033-scaled.jpg\" \/>\n\t<meta property=\"og:image:width\" content=\"1810\" \/>\n\t<meta property=\"og:image:height\" content=\"2560\" \/>\n\t<meta property=\"og:image:type\" content=\"image\/jpeg\" \/>\n<meta name=\"twitter:card\" content=\"summary_large_image\" \/>\n<meta name=\"twitter:label1\" content=\"Gesch\u00e4tzte Lesezeit\" \/>\n\t<meta name=\"twitter:data1\" content=\"1\u00a0Minute\" \/>\n<script type=\"application\/ld+json\" class=\"yoast-schema-graph\">{\"@context\":\"https:\\\/\\\/schema.org\",\"@graph\":[{\"@type\":\"WebPage\",\"@id\":\"https:\\\/\\\/www.lykketegning.no\\\/de\\\/product-2\\\/zeichnen-das-einzige-was-besser-ist\\\/\",\"url\":\"https:\\\/\\\/www.lykketegning.no\\\/de\\\/product-2\\\/zeichnen-das-einzige-was-besser-ist\\\/\",\"name\":\"Tegning \\\"Det eneste som er bedre..\\\" - LYKKETEGNING ILLUSTRAT\u00d8R\",\"isPartOf\":{\"@id\":\"https:\\\/\\\/www.lykketegning.no\\\/#website\"},\"primaryImageOfPage\":{\"@id\":\"https:\\\/\\\/www.lykketegning.no\\\/de\\\/product-2\\\/zeichnen-das-einzige-was-besser-ist\\\/#primaryimage\"},\"image\":{\"@id\":\"https:\\\/\\\/www.lykketegning.no\\\/de\\\/product-2\\\/zeichnen-das-einzige-was-besser-ist\\\/#primaryimage\"},\"thumbnailUrl\":\"https:\\\/\\\/www.lykketegning.no\\\/wp-content\\\/uploads\\\/2022\\\/01\\\/IMG_7033-scaled.jpg\",\"datePublished\":\"2022-01-04T09:08:29+00:00\",\"dateModified\":\"2026-02-02T08:53:32+00:00\",\"description\":\"Det eneste som er bedre enn \u00e5 ha deg som mamma er at v\u00e5re barn f\u00e5r ha deg som bestemor! Lykketegning til mamma og bestemor.\",\"breadcrumb\":{\"@id\":\"https:\\\/\\\/www.lykketegning.no\\\/de\\\/product-2\\\/zeichnen-das-einzige-was-besser-ist\\\/#breadcrumb\"},\"inLanguage\":\"de\",\"potentialAction\":[{\"@type\":\"ReadAction\",\"target\":[\"https:\\\/\\\/www.lykketegning.no\\\/de\\\/product-2\\\/zeichnen-das-einzige-was-besser-ist\\\/\"]}]},{\"@type\":\"ImageObject\",\"inLanguage\":\"de\",\"@id\":\"https:\\\/\\\/www.lykketegning.no\\\/de\\\/product-2\\\/zeichnen-das-einzige-was-besser-ist\\\/#primaryimage\",\"url\":\"https:\\\/\\\/www.lykketegning.no\\\/wp-content\\\/uploads\\\/2022\\\/01\\\/IMG_7033-scaled.jpg\",\"contentUrl\":\"https:\\\/\\\/www.lykketegning.no\\\/wp-content\\\/uploads\\\/2022\\\/01\\\/IMG_7033-scaled.jpg\",\"width\":1810,\"height\":2560},{\"@type\":\"BreadcrumbList\",\"@id\":\"https:\\\/\\\/www.lykketegning.no\\\/de\\\/product-2\\\/zeichnen-das-einzige-was-besser-ist\\\/#breadcrumb\",\"itemListElement\":[{\"@type\":\"ListItem\",\"position\":1,\"name\":\"Hjem\",\"item\":\"https:\\\/\\\/www.lykketegning.no\\\/\"},{\"@type\":\"ListItem\",\"position\":2,\"name\":\"Shop\",\"item\":\"https:\\\/\\\/www.lykketegning.no\\\/sv\\\/webbutik\\\/\"},{\"@type\":\"ListItem\",\"position\":3,\"name\":\"Tegning &#8220;Det eneste som er bedre..&#8221;\"}]},{\"@type\":\"WebSite\",\"@id\":\"https:\\\/\\\/www.lykketegning.no\\\/#website\",\"url\":\"https:\\\/\\\/www.lykketegning.no\\\/\",\"name\":\"LYKKETEGNING ILLUSTRAT\u00d8R\",\"description\":\"\",\"publisher\":{\"@id\":\"https:\\\/\\\/www.lykketegning.no\\\/#organization\"},\"potentialAction\":[{\"@type\":\"SearchAction\",\"target\":{\"@type\":\"EntryPoint\",\"urlTemplate\":\"https:\\\/\\\/www.lykketegning.no\\\/?s={search_term_string}\"},\"query-input\":{\"@type\":\"PropertyValueSpecification\",\"valueRequired\":true,\"valueName\":\"search_term_string\"}}],\"inLanguage\":\"de\"},{\"@type\":\"Organization\",\"@id\":\"https:\\\/\\\/www.lykketegning.no\\\/#organization\",\"name\":\"LYKKETEGNING ILLUSTRAT\u00d8R\",\"url\":\"https:\\\/\\\/www.lykketegning.no\\\/\",\"logo\":{\"@type\":\"ImageObject\",\"inLanguage\":\"de\",\"@id\":\"https:\\\/\\\/www.lykketegning.no\\\/#\\\/schema\\\/logo\\\/image\\\/\",\"url\":\"https:\\\/\\\/www.lykketegning.no\\\/wp-content\\\/uploads\\\/2020\\\/03\\\/Logo2020_h400px.jpg\",\"contentUrl\":\"https:\\\/\\\/www.lykketegning.no\\\/wp-content\\\/uploads\\\/2020\\\/03\\\/Logo2020_h400px.jpg\",\"width\":1024,\"height\":400,\"caption\":\"LYKKETEGNING ILLUSTRAT\u00d8R\"},\"image\":{\"@id\":\"https:\\\/\\\/www.lykketegning.no\\\/#\\\/schema\\\/logo\\\/image\\\/\"},\"sameAs\":[\"https:\\\/\\\/www.facebook.com\\\/lykketegning\\\/\",\"https:\\\/\\\/www.instagram.com\\\/lykketegning\\\/\",\"https:\\\/\\\/www.youtube.com\\\/@lykketegningillustrations\",\"https:\\\/\\\/www.tiktok.com\\\/@lykketegningillustration\"]}]}<\/script>\n<!-- \/ Yoast SEO plugin. -->","yoast_head_json":{"title":"Zeichnung \"Das Einzige, was besser ist...\" - GL\u00dcCKSZEICHNUNG ILLUSTRATOR","description":"Das Einzige, was noch besser ist, als dich als Mutter zu haben, ist, dass unsere Kinder dich als Oma haben k\u00f6nnen! Gl\u00fccksziehung f\u00fcr Mama und Oma.","robots":{"index":"index","follow":"follow","max-snippet":"max-snippet:-1","max-image-preview":"max-image-preview:large","max-video-preview":"max-video-preview:-1"},"canonical":"https:\/\/www.lykketegning.no\/de\/product-2\/zeichnen-das-einzige-was-besser-ist\/","og_locale":"de_DE","og_type":"article","og_title":"Tegning \"Det eneste som er bedre..\" - LYKKETEGNING ILLUSTRAT\u00d8R","og_description":"Det eneste som er bedre enn \u00e5 ha deg som mamma er at v\u00e5re barn f\u00e5r ha deg som bestemor! Lykketegning til mamma og bestemor.","og_url":"https:\/\/www.lykketegning.no\/de\/product-2\/zeichnen-das-einzige-was-besser-ist\/","og_site_name":"LYKKETEGNING ILLUSTRAT\u00d8R","article_publisher":"https:\/\/www.facebook.com\/lykketegning\/","article_modified_time":"2026-02-02T08:53:32+00:00","og_image":[{"width":1810,"height":2560,"url":"https:\/\/www.lykketegning.no\/wp-content\/uploads\/2022\/01\/IMG_7033-scaled.jpg","type":"image\/jpeg"}],"twitter_card":"summary_large_image","twitter_misc":{"Gesch\u00e4tzte Lesezeit":"1\u00a0Minute"},"schema":{"@context":"https:\/\/schema.org","@graph":[{"@type":"WebPage","@id":"https:\/\/www.lykketegning.no\/de\/product-2\/zeichnen-das-einzige-was-besser-ist\/","url":"https:\/\/www.lykketegning.no\/de\/product-2\/zeichnen-das-einzige-was-besser-ist\/","name":"Zeichnung \"Das Einzige, was besser ist...\" - GL\u00dcCKSZEICHNUNG ILLUSTRATOR","isPartOf":{"@id":"https:\/\/www.lykketegning.no\/#website"},"primaryImageOfPage":{"@id":"https:\/\/www.lykketegning.no\/de\/product-2\/zeichnen-das-einzige-was-besser-ist\/#primaryimage"},"image":{"@id":"https:\/\/www.lykketegning.no\/de\/product-2\/zeichnen-das-einzige-was-besser-ist\/#primaryimage"},"thumbnailUrl":"https:\/\/www.lykketegning.no\/wp-content\/uploads\/2022\/01\/IMG_7033-scaled.jpg","datePublished":"2022-01-04T09:08:29+00:00","dateModified":"2026-02-02T08:53:32+00:00","description":"Das Einzige, was noch besser ist, als dich als Mutter zu haben, ist, dass unsere Kinder dich als Oma haben k\u00f6nnen! Gl\u00fccksziehung f\u00fcr Mama und Oma.","breadcrumb":{"@id":"https:\/\/www.lykketegning.no\/de\/product-2\/zeichnen-das-einzige-was-besser-ist\/#breadcrumb"},"inLanguage":"de","potentialAction":[{"@type":"ReadAction","target":["https:\/\/www.lykketegning.no\/de\/product-2\/zeichnen-das-einzige-was-besser-ist\/"]}]},{"@type":"ImageObject","inLanguage":"de","@id":"https:\/\/www.lykketegning.no\/de\/product-2\/zeichnen-das-einzige-was-besser-ist\/#primaryimage","url":"https:\/\/www.lykketegning.no\/wp-content\/uploads\/2022\/01\/IMG_7033-scaled.jpg","contentUrl":"https:\/\/www.lykketegning.no\/wp-content\/uploads\/2022\/01\/IMG_7033-scaled.jpg","width":1810,"height":2560},{"@type":"BreadcrumbList","@id":"https:\/\/www.lykketegning.no\/de\/product-2\/zeichnen-das-einzige-was-besser-ist\/#breadcrumb","itemListElement":[{"@type":"ListItem","position":1,"name":"Hjem","item":"https:\/\/www.lykketegning.no\/"},{"@type":"ListItem","position":2,"name":"Shop","item":"https:\/\/www.lykketegning.no\/sv\/webbutik\/"},{"@type":"ListItem","position":3,"name":"Tegning &#8220;Det eneste som er bedre..&#8221;"}]},{"@type":"WebSite","@id":"https:\/\/www.lykketegning.no\/#website","url":"https:\/\/www.lykketegning.no\/","name":"GL\u00dcCKSZEICHNUNG ILLUSTRATOR","description":"","publisher":{"@id":"https:\/\/www.lykketegning.no\/#organization"},"potentialAction":[{"@type":"SearchAction","target":{"@type":"EntryPoint","urlTemplate":"https:\/\/www.lykketegning.no\/?s={search_term_string}"},"query-input":{"@type":"PropertyValueSpecification","valueRequired":true,"valueName":"search_term_string"}}],"inLanguage":"de"},{"@type":"Organization","@id":"https:\/\/www.lykketegning.no\/#organization","name":"GL\u00dcCKSZEICHNUNG ILLUSTRATOR","url":"https:\/\/www.lykketegning.no\/","logo":{"@type":"ImageObject","inLanguage":"de","@id":"https:\/\/www.lykketegning.no\/#\/schema\/logo\/image\/","url":"https:\/\/www.lykketegning.no\/wp-content\/uploads\/2020\/03\/Logo2020_h400px.jpg","contentUrl":"https:\/\/www.lykketegning.no\/wp-content\/uploads\/2020\/03\/Logo2020_h400px.jpg","width":1024,"height":400,"caption":"LYKKETEGNING ILLUSTRAT\u00d8R"},"image":{"@id":"https:\/\/www.lykketegning.no\/#\/schema\/logo\/image\/"},"sameAs":["https:\/\/www.facebook.com\/lykketegning\/","https:\/\/www.instagram.com\/lykketegning\/","https:\/\/www.youtube.com\/@lykketegningillustrations","https:\/\/www.tiktok.com\/@lykketegningillustration"]}]}},"_links":{"self":[{"href":"https:\/\/www.lykketegning.no\/de\/wp-json\/wp\/v2\/product\/36930","targetHints":{"allow":["GET"]}}],"collection":[{"href":"https:\/\/www.lykketegning.no\/de\/wp-json\/wp\/v2\/product"}],"about":[{"href":"https:\/\/www.lykketegning.no\/de\/wp-json\/wp\/v2\/types\/product"}],"replies":[{"embeddable":true,"href":"https:\/\/www.lykketegning.no\/de\/wp-json\/wp\/v2\/comments?post=36930"}],"wp:featuredmedia":[{"embeddable":true,"href":"https:\/\/www.lykketegning.no\/de\/wp-json\/wp\/v2\/media\/41903"}],"wp:attachment":[{"href":"https:\/\/www.lykketegning.no\/de\/wp-json\/wp\/v2\/media?parent=36930"}],"wp:term":[{"taxonomy":"product_brand","embeddable":true,"href":"https:\/\/www.lykketegning.no\/de\/wp-json\/wp\/v2\/product_brand?post=36930"},{"taxonomy":"product_cat","embeddable":true,"href":"https:\/\/www.lykketegning.no\/de\/wp-json\/wp\/v2\/product_cat?post=36930"},{"taxonomy":"product_tag","embeddable":true,"href":"https:\/\/www.lykketegning.no\/de\/wp-json\/wp\/v2\/product_tag?post=36930"}],"curies":[{"name":"wp","href":"https:\/\/api.w.org\/{rel}","templated":true}]}}