{"id":36870,"date":"2016-11-03T17:21:11","date_gmt":"2016-11-03T16:21:11","guid":{"rendered":"https:\/\/www.lykketegning.no\/fornyelse\/?post_type=product&#038;p=36870"},"modified":"2024-05-02T12:20:33","modified_gmt":"2024-05-02T10:20:33","slug":"kongen-og-prinsen-tegning","status":"publish","type":"product","link":"https:\/\/www.lykketegning.no\/de\/produkt\/der-konig-und-der-prinz-zeichnen\/","title":{"rendered":"Der K\u00f6nig und der F\u00fcrst"},"content":{"rendered":"<p style=\"text-align: left;\">Super sch\u00f6ne gedruckte Zeichnung von Lucky Drawing. Toll f\u00fcr Kinderzimmer oder das Wohnzimmer. Signiert und nummeriert. A4 Format und auf wei\u00dfem Papier.<\/p>\n<p>Sehen Sie sich auch Die K\u00f6nigin und die Prinzessin an. Oder bestellen Sie Ihre ganz eigene Zeichnung.<\/p>","protected":false},"excerpt":{"rendered":"<p>Super sch\u00f6ne gedruckte Zeichnung von Lucky Drawing. Toll f\u00fcr Kinderzimmer oder das Wohnzimmer. Signiert und nummeriert. A4-Format und auf wei\u00dfem Papier.\r\nSchauen Sie sich auch The Queen and the Princess an. Oder bestellen Sie Ihre ganz eigene Zeichnung.<\/p>","protected":false},"featured_media":36708,"comment_status":"open","ping_status":"closed","template":"","meta":[],"product_brand":[],"product_cat":[170,166,165,169],"product_tag":[],"class_list":{"0":"post-36870","1":"product","2":"type-product","3":"status-publish","4":"has-post-thumbnail","6":"product_cat-artprint","7":"product_cat-barn","8":"product_cat-handtegnede-unike-illustrasjoner","9":"product_cat-trykk","11":"first","12":"instock","13":"taxable","14":"shipping-taxable","15":"purchasable","16":"product-type-simple"},"yoast_head":"<!-- This site is optimized with the Yoast SEO plugin v27.3 - https:\/\/yoast.com\/product\/yoast-seo-wordpress\/ -->\n<title>Kongen og prinsen - LYKKETEGNING ILLUSTRAT\u00d8R<\/title>\n<meta name=\"robots\" content=\"index, follow, max-snippet:-1, max-image-preview:large, max-video-preview:-1\" \/>\n<link rel=\"canonical\" href=\"https:\/\/www.lykketegning.no\/de\/produkt\/der-konig-und-der-prinz-zeichnen\/\" \/>\n<meta property=\"og:locale\" content=\"de_DE\" \/>\n<meta property=\"og:type\" content=\"article\" \/>\n<meta property=\"og:title\" content=\"Kongen og prinsen - LYKKETEGNING ILLUSTRAT\u00d8R\" \/>\n<meta property=\"og:description\" content=\"Superfin trykt tegning fra Lykketegning. Flott til barnerom eller stuen. Signert og nummerert. A4 format og p\u00e5 hvitt papir. Sjekk ogs\u00e5 Droningen og prinsessa. Eller bestill din helt egen tegning.\" \/>\n<meta property=\"og:url\" content=\"https:\/\/www.lykketegning.no\/de\/produkt\/der-konig-und-der-prinz-zeichnen\/\" \/>\n<meta property=\"og:site_name\" content=\"LYKKETEGNING ILLUSTRAT\u00d8R\" \/>\n<meta property=\"article:publisher\" content=\"https:\/\/www.facebook.com\/lykketegning\/\" \/>\n<meta property=\"article:modified_time\" content=\"2024-05-02T10:20:33+00:00\" \/>\n<meta property=\"og:image\" content=\"https:\/\/www.lykketegning.no\/wp-content\/uploads\/2024\/04\/image.jpeg\" \/>\n\t<meta property=\"og:image:width\" content=\"905\" \/>\n\t<meta property=\"og:image:height\" content=\"1280\" \/>\n\t<meta property=\"og:image:type\" content=\"image\/jpeg\" \/>\n<meta name=\"twitter:card\" content=\"summary_large_image\" \/>\n<script type=\"application\/ld+json\" class=\"yoast-schema-graph\">{\"@context\":\"https:\\\/\\\/schema.org\",\"@graph\":[{\"@type\":\"WebPage\",\"@id\":\"https:\\\/\\\/www.lykketegning.no\\\/produkt\\\/kongen-og-prinsen-tegning\\\/\",\"url\":\"https:\\\/\\\/www.lykketegning.no\\\/produkt\\\/kongen-og-prinsen-tegning\\\/\",\"name\":\"Kongen og prinsen - LYKKETEGNING ILLUSTRAT\u00d8R\",\"isPartOf\":{\"@id\":\"https:\\\/\\\/www.lykketegning.no\\\/#website\"},\"primaryImageOfPage\":{\"@id\":\"https:\\\/\\\/www.lykketegning.no\\\/produkt\\\/kongen-og-prinsen-tegning\\\/#primaryimage\"},\"image\":{\"@id\":\"https:\\\/\\\/www.lykketegning.no\\\/produkt\\\/kongen-og-prinsen-tegning\\\/#primaryimage\"},\"thumbnailUrl\":\"https:\\\/\\\/www.lykketegning.no\\\/wp-content\\\/uploads\\\/2024\\\/04\\\/image.jpeg\",\"datePublished\":\"2016-11-03T16:21:11+00:00\",\"dateModified\":\"2024-05-02T10:20:33+00:00\",\"breadcrumb\":{\"@id\":\"https:\\\/\\\/www.lykketegning.no\\\/produkt\\\/kongen-og-prinsen-tegning\\\/#breadcrumb\"},\"inLanguage\":\"de\",\"potentialAction\":[{\"@type\":\"ReadAction\",\"target\":[\"https:\\\/\\\/www.lykketegning.no\\\/produkt\\\/kongen-og-prinsen-tegning\\\/\"]}]},{\"@type\":\"ImageObject\",\"inLanguage\":\"de\",\"@id\":\"https:\\\/\\\/www.lykketegning.no\\\/produkt\\\/kongen-og-prinsen-tegning\\\/#primaryimage\",\"url\":\"https:\\\/\\\/www.lykketegning.no\\\/wp-content\\\/uploads\\\/2024\\\/04\\\/image.jpeg\",\"contentUrl\":\"https:\\\/\\\/www.lykketegning.no\\\/wp-content\\\/uploads\\\/2024\\\/04\\\/image.jpeg\",\"width\":905,\"height\":1280},{\"@type\":\"BreadcrumbList\",\"@id\":\"https:\\\/\\\/www.lykketegning.no\\\/produkt\\\/kongen-og-prinsen-tegning\\\/#breadcrumb\",\"itemListElement\":[{\"@type\":\"ListItem\",\"position\":1,\"name\":\"Hjem\",\"item\":\"https:\\\/\\\/www.lykketegning.no\\\/\"},{\"@type\":\"ListItem\",\"position\":2,\"name\":\"Shop\",\"item\":\"https:\\\/\\\/www.lykketegning.no\\\/sv\\\/webbutik\\\/\"},{\"@type\":\"ListItem\",\"position\":3,\"name\":\"Kongen og prinsen\"}]},{\"@type\":\"WebSite\",\"@id\":\"https:\\\/\\\/www.lykketegning.no\\\/#website\",\"url\":\"https:\\\/\\\/www.lykketegning.no\\\/\",\"name\":\"LYKKETEGNING ILLUSTRAT\u00d8R\",\"description\":\"\",\"publisher\":{\"@id\":\"https:\\\/\\\/www.lykketegning.no\\\/#organization\"},\"potentialAction\":[{\"@type\":\"SearchAction\",\"target\":{\"@type\":\"EntryPoint\",\"urlTemplate\":\"https:\\\/\\\/www.lykketegning.no\\\/?s={search_term_string}\"},\"query-input\":{\"@type\":\"PropertyValueSpecification\",\"valueRequired\":true,\"valueName\":\"search_term_string\"}}],\"inLanguage\":\"de\"},{\"@type\":\"Organization\",\"@id\":\"https:\\\/\\\/www.lykketegning.no\\\/#organization\",\"name\":\"LYKKETEGNING ILLUSTRAT\u00d8R\",\"url\":\"https:\\\/\\\/www.lykketegning.no\\\/\",\"logo\":{\"@type\":\"ImageObject\",\"inLanguage\":\"de\",\"@id\":\"https:\\\/\\\/www.lykketegning.no\\\/#\\\/schema\\\/logo\\\/image\\\/\",\"url\":\"https:\\\/\\\/www.lykketegning.no\\\/wp-content\\\/uploads\\\/2020\\\/03\\\/Logo2020_h400px.jpg\",\"contentUrl\":\"https:\\\/\\\/www.lykketegning.no\\\/wp-content\\\/uploads\\\/2020\\\/03\\\/Logo2020_h400px.jpg\",\"width\":1024,\"height\":400,\"caption\":\"LYKKETEGNING ILLUSTRAT\u00d8R\"},\"image\":{\"@id\":\"https:\\\/\\\/www.lykketegning.no\\\/#\\\/schema\\\/logo\\\/image\\\/\"},\"sameAs\":[\"https:\\\/\\\/www.facebook.com\\\/lykketegning\\\/\",\"https:\\\/\\\/www.instagram.com\\\/lykketegning\\\/\",\"https:\\\/\\\/www.youtube.com\\\/@lykketegningillustrations\",\"https:\\\/\\\/www.tiktok.com\\\/@lykketegningillustration\"]}]}<\/script>\n<!-- \/ Yoast SEO plugin. -->","yoast_head_json":{"title":"Der K\u00f6nig und der Prinz - LUCKY DRAWING ILLUSTRATOR","robots":{"index":"index","follow":"follow","max-snippet":"max-snippet:-1","max-image-preview":"max-image-preview:large","max-video-preview":"max-video-preview:-1"},"canonical":"https:\/\/www.lykketegning.no\/de\/produkt\/der-konig-und-der-prinz-zeichnen\/","og_locale":"de_DE","og_type":"article","og_title":"Kongen og prinsen - LYKKETEGNING ILLUSTRAT\u00d8R","og_description":"Superfin trykt tegning fra Lykketegning. Flott til barnerom eller stuen. Signert og nummerert. A4 format og p\u00e5 hvitt papir. Sjekk ogs\u00e5 Droningen og prinsessa. Eller bestill din helt egen tegning.","og_url":"https:\/\/www.lykketegning.no\/de\/produkt\/der-konig-und-der-prinz-zeichnen\/","og_site_name":"LYKKETEGNING ILLUSTRAT\u00d8R","article_publisher":"https:\/\/www.facebook.com\/lykketegning\/","article_modified_time":"2024-05-02T10:20:33+00:00","og_image":[{"width":905,"height":1280,"url":"https:\/\/www.lykketegning.no\/wp-content\/uploads\/2024\/04\/image.jpeg","type":"image\/jpeg"}],"twitter_card":"summary_large_image","schema":{"@context":"https:\/\/schema.org","@graph":[{"@type":"WebPage","@id":"https:\/\/www.lykketegning.no\/produkt\/kongen-og-prinsen-tegning\/","url":"https:\/\/www.lykketegning.no\/produkt\/kongen-og-prinsen-tegning\/","name":"Der K\u00f6nig und der Prinz - LUCKY DRAWING ILLUSTRATOR","isPartOf":{"@id":"https:\/\/www.lykketegning.no\/#website"},"primaryImageOfPage":{"@id":"https:\/\/www.lykketegning.no\/produkt\/kongen-og-prinsen-tegning\/#primaryimage"},"image":{"@id":"https:\/\/www.lykketegning.no\/produkt\/kongen-og-prinsen-tegning\/#primaryimage"},"thumbnailUrl":"https:\/\/www.lykketegning.no\/wp-content\/uploads\/2024\/04\/image.jpeg","datePublished":"2016-11-03T16:21:11+00:00","dateModified":"2024-05-02T10:20:33+00:00","breadcrumb":{"@id":"https:\/\/www.lykketegning.no\/produkt\/kongen-og-prinsen-tegning\/#breadcrumb"},"inLanguage":"de","potentialAction":[{"@type":"ReadAction","target":["https:\/\/www.lykketegning.no\/produkt\/kongen-og-prinsen-tegning\/"]}]},{"@type":"ImageObject","inLanguage":"de","@id":"https:\/\/www.lykketegning.no\/produkt\/kongen-og-prinsen-tegning\/#primaryimage","url":"https:\/\/www.lykketegning.no\/wp-content\/uploads\/2024\/04\/image.jpeg","contentUrl":"https:\/\/www.lykketegning.no\/wp-content\/uploads\/2024\/04\/image.jpeg","width":905,"height":1280},{"@type":"BreadcrumbList","@id":"https:\/\/www.lykketegning.no\/produkt\/kongen-og-prinsen-tegning\/#breadcrumb","itemListElement":[{"@type":"ListItem","position":1,"name":"Hjem","item":"https:\/\/www.lykketegning.no\/"},{"@type":"ListItem","position":2,"name":"Shop","item":"https:\/\/www.lykketegning.no\/sv\/webbutik\/"},{"@type":"ListItem","position":3,"name":"Kongen og prinsen"}]},{"@type":"WebSite","@id":"https:\/\/www.lykketegning.no\/#website","url":"https:\/\/www.lykketegning.no\/","name":"GL\u00dcCKSZEICHNUNG ILLUSTRATOR","description":"","publisher":{"@id":"https:\/\/www.lykketegning.no\/#organization"},"potentialAction":[{"@type":"SearchAction","target":{"@type":"EntryPoint","urlTemplate":"https:\/\/www.lykketegning.no\/?s={search_term_string}"},"query-input":{"@type":"PropertyValueSpecification","valueRequired":true,"valueName":"search_term_string"}}],"inLanguage":"de"},{"@type":"Organization","@id":"https:\/\/www.lykketegning.no\/#organization","name":"GL\u00dcCKSZEICHNUNG ILLUSTRATOR","url":"https:\/\/www.lykketegning.no\/","logo":{"@type":"ImageObject","inLanguage":"de","@id":"https:\/\/www.lykketegning.no\/#\/schema\/logo\/image\/","url":"https:\/\/www.lykketegning.no\/wp-content\/uploads\/2020\/03\/Logo2020_h400px.jpg","contentUrl":"https:\/\/www.lykketegning.no\/wp-content\/uploads\/2020\/03\/Logo2020_h400px.jpg","width":1024,"height":400,"caption":"LYKKETEGNING ILLUSTRAT\u00d8R"},"image":{"@id":"https:\/\/www.lykketegning.no\/#\/schema\/logo\/image\/"},"sameAs":["https:\/\/www.facebook.com\/lykketegning\/","https:\/\/www.instagram.com\/lykketegning\/","https:\/\/www.youtube.com\/@lykketegningillustrations","https:\/\/www.tiktok.com\/@lykketegningillustration"]}]}},"_links":{"self":[{"href":"https:\/\/www.lykketegning.no\/de\/wp-json\/wp\/v2\/product\/36870","targetHints":{"allow":["GET"]}}],"collection":[{"href":"https:\/\/www.lykketegning.no\/de\/wp-json\/wp\/v2\/product"}],"about":[{"href":"https:\/\/www.lykketegning.no\/de\/wp-json\/wp\/v2\/types\/product"}],"replies":[{"embeddable":true,"href":"https:\/\/www.lykketegning.no\/de\/wp-json\/wp\/v2\/comments?post=36870"}],"wp:featuredmedia":[{"embeddable":true,"href":"https:\/\/www.lykketegning.no\/de\/wp-json\/wp\/v2\/media\/36708"}],"wp:attachment":[{"href":"https:\/\/www.lykketegning.no\/de\/wp-json\/wp\/v2\/media?parent=36870"}],"wp:term":[{"taxonomy":"product_brand","embeddable":true,"href":"https:\/\/www.lykketegning.no\/de\/wp-json\/wp\/v2\/product_brand?post=36870"},{"taxonomy":"product_cat","embeddable":true,"href":"https:\/\/www.lykketegning.no\/de\/wp-json\/wp\/v2\/product_cat?post=36870"},{"taxonomy":"product_tag","embeddable":true,"href":"https:\/\/www.lykketegning.no\/de\/wp-json\/wp\/v2\/product_tag?post=36870"}],"curies":[{"name":"wp","href":"https:\/\/api.w.org\/{rel}","templated":true}]}}