{"id":4570,"date":"2017-08-26T12:33:49","date_gmt":"2017-08-26T10:33:49","guid":{"rendered":"http:\/\/www.lykketegning.no\/?post_type=product&#038;p=4570"},"modified":"2024-05-02T13:13:05","modified_gmt":"2024-05-02T11:13:05","slug":"t-shirt-breathe-live-life-now-yellow","status":"publish","type":"product","link":"https:\/\/www.lykketegning.no\/da\/vare\/t-shirt-breathe-live-life-now-gul\/","title":{"rendered":"T-shirt; Tr\u00e6k vejret. LIVET ER NU"},"content":{"rendered":"<div class=\"page\" title=\"Page 1\">\n<div class=\"section\">\n<div class=\"layoutArea\">\n<div class=\"column\">\n<div class=\"layoutArea\">\n<div class=\"column\">\n<p>T-shirt; . Yellow color.<\/p>\n<p>Size not refundable.<\/p>\n<\/div>\n<\/div>\n<div class=\"layoutArea\">\n<div class=\"column\">\n<p>&nbsp;<\/p>\n<p>Wash 40 degrees, innside out. No tumble dryer.<\/p>\n<\/div>\n<\/div>\n<p>Classic t-shirt. Forkrympet kjemmet bomull og ringspunnet garn, sides\u00f8mmer. Dobbeltkrage i elastan.<\/p>\n<\/div>\n<\/div>\n<div class=\"layoutArea\">\n<div class=\"column\">\n<p>KVALITET:<br \/>\n100% bomull (Visibility yellow og visibility orange [11\/170] 80% polyester, 20% bomull med sides\u00f8mmer, aske [92] 99% bomull, 1% viskose, gr\u00e5melert [95] 85% bomull, 15%. bl\u00e5melert og antrasittmelert [565\/955] 60% bomull, 40% polyester. viskose, antracite melange [955] 60% bomull, 40% polyester).<\/p>\n<\/div>\n<\/div>\n<div class=\"layoutArea\">\n<div class=\"column\">\n<p>Damer. Varen kan ikke byttes da det blir bestilt gensere etter \u00f8nsket str og motiv.Vekt: 160 g\/m2<\/p>\n<\/div>\n<\/div>\n<\/div>\n<\/div>\n","protected":false},"excerpt":{"rendered":"<div class=\"layoutArea\">\n<div class=\"column\">\n<div class=\"layoutArea\">\n<div class=\"column\">\n<p>&nbsp;<\/p>\n<div class=\"layoutArea\">\n<div class=\"column\">\n<p>Size not refundable. 1-3 weeks delivery<\/p>\n<\/div>\n<\/div>\n<div class=\"layoutArea\">\n<div class=\"column\">\n<p>Wash 40 degrees, innside out. No tumble dryer.<\/p>\n<p>Varen kan ikke byttes da det blir bestilt gensere etter \u00f8nsket str og motiv.<\/p>\n<\/div>\n<\/div>\n<\/div>\n<\/div>\n<p>Forkrympet kjemmet bomull og ringspunnet garn, sides\u00f8mmer. Dobbeltkrage i elastan.<\/p>\n<\/div>\n<\/div>\n<div class=\"layoutArea\">\n<div class=\"column\">\n<p>KVALITET:<br \/>\n100% bomull (Visibility yellow og visibility orange [11\/170] 80% polyester, 20% bomull med sides\u00f8mmer, aske [92] 99% bomull, 1% viskose, gr\u00e5melert [95] 85% bomull, 15%. bl\u00e5melert og antrasittmelert [565\/955] 60% bomull, 40% polyester. viskose, antracite melange [955] 60% bomull, 40% polyester).<\/p>\n<\/div>\n<\/div>\n<div class=\"layoutArea\">\n<div class=\"column\">\n<p>Damer<br \/>\nVekt: 160 g\/m2<\/p>\n<\/div>\n<\/div>\n","protected":false},"featured_media":4933,"comment_status":"open","ping_status":"closed","template":"","meta":[],"product_brand":[],"product_cat":[202,169],"product_tag":[144,145,132,147,127,146,128,148],"class_list":{"0":"post-4570","1":"product","2":"type-product","3":"status-publish","4":"has-post-thumbnail","6":"product_cat-klaer-med-trykk","7":"product_cat-trykk","8":"product_tag-breathe","9":"product_tag-breathe-live-life-now","10":"product_tag-lykketskjorte","11":"product_tag-t-shirt","12":"product_tag-t-skjorte","13":"product_tag-tshirt","14":"product_tag-tskjorte","15":"product_tag-yellow","17":"first","18":"instock","19":"taxable","20":"shipping-taxable","21":"purchasable","22":"product-type-variable"},"yoast_head":"<!-- This site is optimized with the Yoast SEO plugin v27.3 - https:\/\/yoast.com\/product\/yoast-seo-wordpress\/ -->\n<title>T-shirt; PUST. LIVET ER N\u00c5 - LYKKETEGNING ILLUSTRAT\u00d8R<\/title>\n<meta name=\"robots\" content=\"index, follow, max-snippet:-1, max-image-preview:large, max-video-preview:-1\" \/>\n<link rel=\"canonical\" href=\"https:\/\/www.lykketegning.no\/da\/product-2\/t-shirt-andas-leva-livet-nu-gul\/\" \/>\n<meta property=\"og:locale\" content=\"da_DK\" \/>\n<meta property=\"og:type\" content=\"article\" \/>\n<meta property=\"og:title\" content=\"T-shirt; PUST. LIVET ER N\u00c5 - LYKKETEGNING ILLUSTRAT\u00d8R\" \/>\n<meta property=\"og:description\" content=\"&nbsp;    Size not refundable. 1-3 weeks delivery       Wash 40 degrees, innside out. No tumble dryer.  Varen kan ikke byttes da det blir bestilt gensere etter \u00f8nsket str og motiv.      Forkrympet kjemmet bomull og ringspunnet garn, sides\u00f8mmer. Dobbeltkrage i elastan.       KVALITET: 100% bomull (Visibility yellow og visibility orange [11\/170] 80% polyester, 20% bomull med sides\u00f8mmer, aske [92] 99% bomull, 1% viskose, gr\u00e5melert [95] 85% bomull, 15%. bl\u00e5melert og antrasittmelert [565\/955] 60% bomull, 40% polyester. viskose, antracite melange [955] 60% bomull, 40% polyester).       Damer Vekt: 160 g\/m2\" \/>\n<meta property=\"og:url\" content=\"https:\/\/www.lykketegning.no\/da\/product-2\/t-shirt-andas-leva-livet-nu-gul\/\" \/>\n<meta property=\"og:site_name\" content=\"LYKKETEGNING ILLUSTRAT\u00d8R\" \/>\n<meta property=\"article:publisher\" content=\"https:\/\/www.facebook.com\/lykketegning\/\" \/>\n<meta property=\"article:modified_time\" content=\"2024-05-02T11:13:05+00:00\" \/>\n<meta property=\"og:image\" content=\"https:\/\/www.lykketegning.no\/wp-content\/uploads\/2017\/08\/IMG_3911.jpg\" \/>\n\t<meta property=\"og:image:width\" content=\"750\" \/>\n\t<meta property=\"og:image:height\" content=\"916\" \/>\n\t<meta property=\"og:image:type\" content=\"image\/jpeg\" \/>\n<meta name=\"twitter:card\" content=\"summary_large_image\" \/>\n<meta name=\"twitter:label1\" content=\"Estimeret l\u00e6setid\" \/>\n\t<meta name=\"twitter:data1\" content=\"1 minut\" \/>\n<script type=\"application\/ld+json\" class=\"yoast-schema-graph\">{\"@context\":\"https:\\\/\\\/schema.org\",\"@graph\":[{\"@type\":\"WebPage\",\"@id\":\"https:\\\/\\\/www.lykketegning.no\\\/sv\\\/product-2\\\/t-shirt-andas-leva-livet-nu-gul\\\/\",\"url\":\"https:\\\/\\\/www.lykketegning.no\\\/sv\\\/product-2\\\/t-shirt-andas-leva-livet-nu-gul\\\/\",\"name\":\"T-shirt; PUST. LIVET ER N\u00c5 - LYKKETEGNING ILLUSTRAT\u00d8R\",\"isPartOf\":{\"@id\":\"https:\\\/\\\/www.lykketegning.no\\\/#website\"},\"primaryImageOfPage\":{\"@id\":\"https:\\\/\\\/www.lykketegning.no\\\/sv\\\/product-2\\\/t-shirt-andas-leva-livet-nu-gul\\\/#primaryimage\"},\"image\":{\"@id\":\"https:\\\/\\\/www.lykketegning.no\\\/sv\\\/product-2\\\/t-shirt-andas-leva-livet-nu-gul\\\/#primaryimage\"},\"thumbnailUrl\":\"https:\\\/\\\/www.lykketegning.no\\\/wp-content\\\/uploads\\\/2017\\\/08\\\/IMG_3911.jpg\",\"datePublished\":\"2017-08-26T10:33:49+00:00\",\"dateModified\":\"2024-05-02T11:13:05+00:00\",\"breadcrumb\":{\"@id\":\"https:\\\/\\\/www.lykketegning.no\\\/sv\\\/product-2\\\/t-shirt-andas-leva-livet-nu-gul\\\/#breadcrumb\"},\"inLanguage\":\"da-DK\",\"potentialAction\":[{\"@type\":\"ReadAction\",\"target\":[\"https:\\\/\\\/www.lykketegning.no\\\/sv\\\/product-2\\\/t-shirt-andas-leva-livet-nu-gul\\\/\"]}]},{\"@type\":\"ImageObject\",\"inLanguage\":\"da-DK\",\"@id\":\"https:\\\/\\\/www.lykketegning.no\\\/sv\\\/product-2\\\/t-shirt-andas-leva-livet-nu-gul\\\/#primaryimage\",\"url\":\"https:\\\/\\\/www.lykketegning.no\\\/wp-content\\\/uploads\\\/2017\\\/08\\\/IMG_3911.jpg\",\"contentUrl\":\"https:\\\/\\\/www.lykketegning.no\\\/wp-content\\\/uploads\\\/2017\\\/08\\\/IMG_3911.jpg\",\"width\":750,\"height\":916,\"caption\":\"T -skjorte med norsk tekst\"},{\"@type\":\"BreadcrumbList\",\"@id\":\"https:\\\/\\\/www.lykketegning.no\\\/sv\\\/product-2\\\/t-shirt-andas-leva-livet-nu-gul\\\/#breadcrumb\",\"itemListElement\":[{\"@type\":\"ListItem\",\"position\":1,\"name\":\"Hjem\",\"item\":\"https:\\\/\\\/www.lykketegning.no\\\/\"},{\"@type\":\"ListItem\",\"position\":2,\"name\":\"Shop\",\"item\":\"https:\\\/\\\/www.lykketegning.no\\\/sv\\\/webbutik\\\/\"},{\"@type\":\"ListItem\",\"position\":3,\"name\":\"T-shirt; PUST. LIVET ER N\u00c5\"}]},{\"@type\":\"WebSite\",\"@id\":\"https:\\\/\\\/www.lykketegning.no\\\/#website\",\"url\":\"https:\\\/\\\/www.lykketegning.no\\\/\",\"name\":\"LYKKETEGNING ILLUSTRAT\u00d8R\",\"description\":\"\",\"publisher\":{\"@id\":\"https:\\\/\\\/www.lykketegning.no\\\/#organization\"},\"potentialAction\":[{\"@type\":\"SearchAction\",\"target\":{\"@type\":\"EntryPoint\",\"urlTemplate\":\"https:\\\/\\\/www.lykketegning.no\\\/?s={search_term_string}\"},\"query-input\":{\"@type\":\"PropertyValueSpecification\",\"valueRequired\":true,\"valueName\":\"search_term_string\"}}],\"inLanguage\":\"da-DK\"},{\"@type\":\"Organization\",\"@id\":\"https:\\\/\\\/www.lykketegning.no\\\/#organization\",\"name\":\"LYKKETEGNING ILLUSTRAT\u00d8R\",\"url\":\"https:\\\/\\\/www.lykketegning.no\\\/\",\"logo\":{\"@type\":\"ImageObject\",\"inLanguage\":\"da-DK\",\"@id\":\"https:\\\/\\\/www.lykketegning.no\\\/#\\\/schema\\\/logo\\\/image\\\/\",\"url\":\"https:\\\/\\\/www.lykketegning.no\\\/wp-content\\\/uploads\\\/2020\\\/03\\\/Logo2020_h400px.jpg\",\"contentUrl\":\"https:\\\/\\\/www.lykketegning.no\\\/wp-content\\\/uploads\\\/2020\\\/03\\\/Logo2020_h400px.jpg\",\"width\":1024,\"height\":400,\"caption\":\"LYKKETEGNING ILLUSTRAT\u00d8R\"},\"image\":{\"@id\":\"https:\\\/\\\/www.lykketegning.no\\\/#\\\/schema\\\/logo\\\/image\\\/\"},\"sameAs\":[\"https:\\\/\\\/www.facebook.com\\\/lykketegning\\\/\",\"https:\\\/\\\/www.instagram.com\\\/lykketegning\\\/\",\"https:\\\/\\\/www.youtube.com\\\/@lykketegningillustrations\",\"https:\\\/\\\/www.tiktok.com\\\/@lykketegningillustration\"]}]}<\/script>\n<!-- \/ Yoast SEO plugin. -->","yoast_head_json":{"title":"T-shirt; Tr\u00e6k vejret. LIVET ER NU - LYKKE TEGNING ILLUSTRATOR","robots":{"index":"index","follow":"follow","max-snippet":"max-snippet:-1","max-image-preview":"max-image-preview:large","max-video-preview":"max-video-preview:-1"},"canonical":"https:\/\/www.lykketegning.no\/da\/product-2\/t-shirt-andas-leva-livet-nu-gul\/","og_locale":"da_DK","og_type":"article","og_title":"T-shirt; PUST. LIVET ER N\u00c5 - LYKKETEGNING ILLUSTRAT\u00d8R","og_description":"&nbsp;    Size not refundable. 1-3 weeks delivery       Wash 40 degrees, innside out. No tumble dryer.  Varen kan ikke byttes da det blir bestilt gensere etter \u00f8nsket str og motiv.      Forkrympet kjemmet bomull og ringspunnet garn, sides\u00f8mmer. Dobbeltkrage i elastan.       KVALITET: 100% bomull (Visibility yellow og visibility orange [11\/170] 80% polyester, 20% bomull med sides\u00f8mmer, aske [92] 99% bomull, 1% viskose, gr\u00e5melert [95] 85% bomull, 15%. bl\u00e5melert og antrasittmelert [565\/955] 60% bomull, 40% polyester. viskose, antracite melange [955] 60% bomull, 40% polyester).       Damer Vekt: 160 g\/m2","og_url":"https:\/\/www.lykketegning.no\/da\/product-2\/t-shirt-andas-leva-livet-nu-gul\/","og_site_name":"LYKKETEGNING ILLUSTRAT\u00d8R","article_publisher":"https:\/\/www.facebook.com\/lykketegning\/","article_modified_time":"2024-05-02T11:13:05+00:00","og_image":[{"width":750,"height":916,"url":"https:\/\/www.lykketegning.no\/wp-content\/uploads\/2017\/08\/IMG_3911.jpg","type":"image\/jpeg"}],"twitter_card":"summary_large_image","twitter_misc":{"Estimeret l\u00e6setid":"1 minut"},"schema":{"@context":"https:\/\/schema.org","@graph":[{"@type":"WebPage","@id":"https:\/\/www.lykketegning.no\/sv\/product-2\/t-shirt-andas-leva-livet-nu-gul\/","url":"https:\/\/www.lykketegning.no\/sv\/product-2\/t-shirt-andas-leva-livet-nu-gul\/","name":"T-shirt; Tr\u00e6k vejret. LIVET ER NU - LYKKE TEGNING ILLUSTRATOR","isPartOf":{"@id":"https:\/\/www.lykketegning.no\/#website"},"primaryImageOfPage":{"@id":"https:\/\/www.lykketegning.no\/sv\/product-2\/t-shirt-andas-leva-livet-nu-gul\/#primaryimage"},"image":{"@id":"https:\/\/www.lykketegning.no\/sv\/product-2\/t-shirt-andas-leva-livet-nu-gul\/#primaryimage"},"thumbnailUrl":"https:\/\/www.lykketegning.no\/wp-content\/uploads\/2017\/08\/IMG_3911.jpg","datePublished":"2017-08-26T10:33:49+00:00","dateModified":"2024-05-02T11:13:05+00:00","breadcrumb":{"@id":"https:\/\/www.lykketegning.no\/sv\/product-2\/t-shirt-andas-leva-livet-nu-gul\/#breadcrumb"},"inLanguage":"da-DK","potentialAction":[{"@type":"ReadAction","target":["https:\/\/www.lykketegning.no\/sv\/product-2\/t-shirt-andas-leva-livet-nu-gul\/"]}]},{"@type":"ImageObject","inLanguage":"da-DK","@id":"https:\/\/www.lykketegning.no\/sv\/product-2\/t-shirt-andas-leva-livet-nu-gul\/#primaryimage","url":"https:\/\/www.lykketegning.no\/wp-content\/uploads\/2017\/08\/IMG_3911.jpg","contentUrl":"https:\/\/www.lykketegning.no\/wp-content\/uploads\/2017\/08\/IMG_3911.jpg","width":750,"height":916,"caption":"T -skjorte med norsk tekst"},{"@type":"BreadcrumbList","@id":"https:\/\/www.lykketegning.no\/sv\/product-2\/t-shirt-andas-leva-livet-nu-gul\/#breadcrumb","itemListElement":[{"@type":"ListItem","position":1,"name":"Hjem","item":"https:\/\/www.lykketegning.no\/"},{"@type":"ListItem","position":2,"name":"Shop","item":"https:\/\/www.lykketegning.no\/sv\/webbutik\/"},{"@type":"ListItem","position":3,"name":"T-shirt; PUST. LIVET ER N\u00c5"}]},{"@type":"WebSite","@id":"https:\/\/www.lykketegning.no\/#website","url":"https:\/\/www.lykketegning.no\/","name":"LYKKETEGNING ILLUSTRATOR","description":"","publisher":{"@id":"https:\/\/www.lykketegning.no\/#organization"},"potentialAction":[{"@type":"SearchAction","target":{"@type":"EntryPoint","urlTemplate":"https:\/\/www.lykketegning.no\/?s={search_term_string}"},"query-input":{"@type":"PropertyValueSpecification","valueRequired":true,"valueName":"search_term_string"}}],"inLanguage":"da-DK"},{"@type":"Organization","@id":"https:\/\/www.lykketegning.no\/#organization","name":"LYKKETEGNING ILLUSTRATOR","url":"https:\/\/www.lykketegning.no\/","logo":{"@type":"ImageObject","inLanguage":"da-DK","@id":"https:\/\/www.lykketegning.no\/#\/schema\/logo\/image\/","url":"https:\/\/www.lykketegning.no\/wp-content\/uploads\/2020\/03\/Logo2020_h400px.jpg","contentUrl":"https:\/\/www.lykketegning.no\/wp-content\/uploads\/2020\/03\/Logo2020_h400px.jpg","width":1024,"height":400,"caption":"LYKKETEGNING ILLUSTRAT\u00d8R"},"image":{"@id":"https:\/\/www.lykketegning.no\/#\/schema\/logo\/image\/"},"sameAs":["https:\/\/www.facebook.com\/lykketegning\/","https:\/\/www.instagram.com\/lykketegning\/","https:\/\/www.youtube.com\/@lykketegningillustrations","https:\/\/www.tiktok.com\/@lykketegningillustration"]}]}},"_links":{"self":[{"href":"https:\/\/www.lykketegning.no\/da\/wp-json\/wp\/v2\/product\/4570","targetHints":{"allow":["GET"]}}],"collection":[{"href":"https:\/\/www.lykketegning.no\/da\/wp-json\/wp\/v2\/product"}],"about":[{"href":"https:\/\/www.lykketegning.no\/da\/wp-json\/wp\/v2\/types\/product"}],"replies":[{"embeddable":true,"href":"https:\/\/www.lykketegning.no\/da\/wp-json\/wp\/v2\/comments?post=4570"}],"wp:featuredmedia":[{"embeddable":true,"href":"https:\/\/www.lykketegning.no\/da\/wp-json\/wp\/v2\/media\/4933"}],"wp:attachment":[{"href":"https:\/\/www.lykketegning.no\/da\/wp-json\/wp\/v2\/media?parent=4570"}],"wp:term":[{"taxonomy":"product_brand","embeddable":true,"href":"https:\/\/www.lykketegning.no\/da\/wp-json\/wp\/v2\/product_brand?post=4570"},{"taxonomy":"product_cat","embeddable":true,"href":"https:\/\/www.lykketegning.no\/da\/wp-json\/wp\/v2\/product_cat?post=4570"},{"taxonomy":"product_tag","embeddable":true,"href":"https:\/\/www.lykketegning.no\/da\/wp-json\/wp\/v2\/product_tag?post=4570"}],"curies":[{"name":"wp","href":"https:\/\/api.w.org\/{rel}","templated":true}]}}