{"id":42605,"date":"2026-04-29T13:03:19","date_gmt":"2026-04-29T11:03:19","guid":{"rendered":"https:\/\/www.lykketegning.no\/?post_type=product&#038;p=42605"},"modified":"2026-05-10T21:31:19","modified_gmt":"2026-05-10T19:31:19","slug":"notatbok-fra-lykketegning-days-like-this","status":"publish","type":"product","link":"https:\/\/www.lykketegning.no\/da\/vare\/notatbok-fra-lykketegning-days-like-this\/","title":{"rendered":"Notesbog fra Happy Drawing \u201cDage som denne\u201d"},"content":{"rendered":"<div class=\"row tab-table-row\">\n<h2>Notesbog fra Happy Drawing \u201cDage som denne\u201d<\/h2>\n<div>Sjov notesbog med de kendte fugle fra Lykketegning. Foret og med et h\u00e5rdt omslag. Fin til noter og erindringer!<\/div>\n<div>\n<p>A5-st\u00f8rrelse <i>Dage som denne<\/i><\/p>\n<\/div>\n<div><\/div>\n<div class=\"col-xs-6\">210 mm x 140 mm x 16 mm<\/div>\n<\/div>\n<div class=\"row tab-table-row\">\n<div class=\"col-xs-6\"><\/div>\n<div class=\"col-xs-6\">Hvid farve<\/div>\n<\/div>\n<div class=\"row tab-table-row\">\n<div class=\"col-xs-6\">Materiale: Papir<\/div>\n<\/div>\n<div class=\"row tab-table-row\">\n<div class=\"col-xs-6\">V\u00e6gt: 300 g<\/div>\n<\/div>\n<div class=\"row tab-table-row\">\n<div class=\"col-xs-6\">Stribet<\/div>\n<h3>Information<\/h3>\n<div class=\"col-xs-6\"><strong>\"Hos Lykketegning bliver hver eneste illustration skabt med varme og omhu.<\/strong><br \/>\n<strong>Med st\u00e6rke farver, klare linjer og gode citater vil Happiness Drawing f\u00e5 dig til at stoppe op et \u00f8jeblik, tage en dyb ind\u00e5nding og derefter s\u00e6tte en god kurs fremad.<\/strong><br \/>\n<strong>\"Hjerterne og smilene er fra mig til dig for at minde dig om, at du er rigtig god!\"<\/strong>P\u00e5 hjemmesiden finder du nogle illustrationer og andre produkter som kopper, lyk\u00f8nskningskort og kalendere, og der kommer hele tiden nye produkter til, s\u00e5 du er velkommen til at tilmelde dig nyhedsbrevet for at f\u00e5 m\u00e5nedlige opdateringer. <strong>mange mange mange mange<\/strong> Flere illustrasjoner; bes\u00f8k min Instagram- og Facebookprofil. Alle illustrasjoner er til salgs. 999 kr for A4 og 1500 kr for A3. Du kan ogs\u00e5 bestille din helt egen \u2013 flotte gaver til bryllup og andre selskaper. Ta kontakt i innboksen for dette.<em>Pris: 1500kr for A4 og A5 (op til 5 personer\/dyr), ekstra omkostninger for flere (op til 5 personer\/dyr). A3 2000kr ex porto. Jeg har brug for at kende h\u00e5rfarve\/h\u00e5rtype, h\u00f8jde, interesser og \u00f8nsket antal illustrerede personer. Alle tilbud, du \u00f8nsker inkluderet.<\/em><\/p>\n<p>Hvis du har sp\u00f8rgsm\u00e5l, s\u00e5 t\u00f8v ikke med at kontakte mig! Hvis du gerne vil have en snak om et muligt samarbejde, s\u00e5 send mig en e-mail.<\/p>\n<p>Jeg ser frem til at h\u00f8re fra dig og h\u00e5ber, at du f\u00e5r en dejlig dag. <a href=\"https:\/\/www.facebook.com\/lykketegning\/?locale=nb_NO\">S\u00e5 kommer du til min Facebook-side.<\/a> Og hvis du vil f\u00f8lge mig p\u00e5<a href=\"https:\/\/www.instagram.com\/lykketegning\/?hl=nb\"> Instagram, du finder det her.<\/a><\/p>\n<p>Kunstner<br \/>\nIngebj\u00f8rg Rang\u00f8y Sj\u00e5land<\/p>\n<p>&nbsp;<\/p>\n<\/div>\n<\/div>\n<div><\/div>","protected":false},"excerpt":{"rendered":"<h2>Notesbog fra Happy Drawing \u201cDage som denne\u201d<\/h2>\n<div>\n<div class=\"row tab-table-row\">\n<div>Sjov notesbog med de kendte fugle fra Lykketegning. Foret og med et h\u00e5rdt omslag. Fin til noter og erindringer!<\/div>\n<div>\n<p>A5-st\u00f8rrelse <i>Dage som denne<\/i><\/p>\n<\/div>\n<div><\/div>\n<div class=\"col-xs-6\">210 mm x 140 mm x 16 mm<\/div>\n<\/div>\n<div class=\"row tab-table-row\">\n<div class=\"col-xs-6\"><\/div>\n<div class=\"col-xs-6\">Hvid farve<\/div>\n<\/div>\n<div class=\"row tab-table-row\">\n<div class=\"col-xs-6\">Materiale: Papir<\/div>\n<\/div>\n<div class=\"row tab-table-row\">\n<div class=\"col-xs-6\">V\u00e6gt: 300 g<\/div>\n<\/div>\n<div class=\"row tab-table-row\">\n<div class=\"col-xs-6\">Stribet<\/div>\n<\/div>\n<\/div>","protected":false},"featured_media":42607,"comment_status":"closed","ping_status":"closed","template":"","meta":[],"product_brand":[],"product_cat":[349],"product_tag":[353,456,352,350,351],"class_list":{"0":"post-42605","1":"product","2":"type-product","3":"status-publish","4":"has-post-thumbnail","6":"product_cat-illustrerte-boker","7":"product_tag-bok","8":"product_tag-days-like-this","9":"product_tag-notat","10":"product_tag-notatbok","11":"product_tag-skrivebok","13":"first","14":"instock","15":"taxable","16":"shipping-taxable","17":"purchasable","18":"product-type-simple"},"yoast_head":"<!-- This site is optimized with the Yoast SEO plugin v27.5 - https:\/\/yoast.com\/product\/yoast-seo-wordpress\/ -->\n<title>Notatbok fra Lykketegning &quot;Days like this&quot; - LYKKETEGNING ILLUSTRAT\u00d8R<\/title>\n<meta name=\"description\" content=\"Morsom notatbok fra Lykketegning med de kjente fuglene. Linjert og med hard perm. Fin til notater og memoarer. Days like this!\" \/>\n<meta name=\"robots\" content=\"index, follow, max-snippet:-1, max-image-preview:large, max-video-preview:-1\" \/>\n<link rel=\"canonical\" href=\"https:\/\/www.lykketegning.no\/da\/vare\/notatbok-fra-lykketegning-days-like-this\/\" \/>\n<meta property=\"og:locale\" content=\"da_DK\" \/>\n<meta property=\"og:type\" content=\"article\" \/>\n<meta property=\"og:title\" content=\"Notatbok fra Lykketegning &quot;Days like this&quot; - LYKKETEGNING ILLUSTRAT\u00d8R\" \/>\n<meta property=\"og:description\" content=\"Morsom notatbok fra Lykketegning med de kjente fuglene. Linjert og med hard perm. Fin til notater og memoarer. Days like this!\" \/>\n<meta property=\"og:url\" content=\"https:\/\/www.lykketegning.no\/da\/vare\/notatbok-fra-lykketegning-days-like-this\/\" \/>\n<meta property=\"og:site_name\" content=\"LYKKETEGNING ILLUSTRAT\u00d8R\" \/>\n<meta property=\"article:publisher\" content=\"https:\/\/www.facebook.com\/lykketegning\/\" \/>\n<meta property=\"article:modified_time\" content=\"2026-05-10T19:31:19+00:00\" \/>\n<meta property=\"og:image\" content=\"https:\/\/www.lykketegning.no\/wp-content\/uploads\/2026\/04\/C138A065-9141-4627-A900-7C4681C82D9D-2.jpg\" \/>\n\t<meta property=\"og:image:width\" content=\"762\" \/>\n\t<meta property=\"og:image:height\" content=\"1023\" \/>\n\t<meta property=\"og:image:type\" content=\"image\/jpeg\" \/>\n<meta name=\"twitter:card\" content=\"summary_large_image\" \/>\n<meta name=\"twitter:label1\" content=\"Estimeret l\u00e6setid\" \/>\n\t<meta name=\"twitter:data1\" content=\"2 minutter\" \/>\n<script type=\"application\/ld+json\" class=\"yoast-schema-graph\">{\"@context\":\"https:\\\/\\\/schema.org\",\"@graph\":[{\"@type\":\"WebPage\",\"@id\":\"https:\\\/\\\/www.lykketegning.no\\\/produkt\\\/notatbok-fra-lykketegning-days-like-this\\\/\",\"url\":\"https:\\\/\\\/www.lykketegning.no\\\/produkt\\\/notatbok-fra-lykketegning-days-like-this\\\/\",\"name\":\"Notatbok fra Lykketegning \\\"Days like this\\\" - LYKKETEGNING ILLUSTRAT\u00d8R\",\"isPartOf\":{\"@id\":\"https:\\\/\\\/www.lykketegning.no\\\/#website\"},\"primaryImageOfPage\":{\"@id\":\"https:\\\/\\\/www.lykketegning.no\\\/produkt\\\/notatbok-fra-lykketegning-days-like-this\\\/#primaryimage\"},\"image\":{\"@id\":\"https:\\\/\\\/www.lykketegning.no\\\/produkt\\\/notatbok-fra-lykketegning-days-like-this\\\/#primaryimage\"},\"thumbnailUrl\":\"https:\\\/\\\/www.lykketegning.no\\\/wp-content\\\/uploads\\\/2026\\\/04\\\/C138A065-9141-4627-A900-7C4681C82D9D-2.jpg\",\"datePublished\":\"2026-04-29T11:03:19+00:00\",\"dateModified\":\"2026-05-10T19:31:19+00:00\",\"description\":\"Morsom notatbok fra Lykketegning med de kjente fuglene. Linjert og med hard perm. Fin til notater og memoarer. Days like this!\",\"breadcrumb\":{\"@id\":\"https:\\\/\\\/www.lykketegning.no\\\/produkt\\\/notatbok-fra-lykketegning-days-like-this\\\/#breadcrumb\"},\"inLanguage\":\"da-DK\",\"potentialAction\":[{\"@type\":\"ReadAction\",\"target\":[\"https:\\\/\\\/www.lykketegning.no\\\/produkt\\\/notatbok-fra-lykketegning-days-like-this\\\/\"]}]},{\"@type\":\"ImageObject\",\"inLanguage\":\"da-DK\",\"@id\":\"https:\\\/\\\/www.lykketegning.no\\\/produkt\\\/notatbok-fra-lykketegning-days-like-this\\\/#primaryimage\",\"url\":\"https:\\\/\\\/www.lykketegning.no\\\/wp-content\\\/uploads\\\/2026\\\/04\\\/C138A065-9141-4627-A900-7C4681C82D9D-2.jpg\",\"contentUrl\":\"https:\\\/\\\/www.lykketegning.no\\\/wp-content\\\/uploads\\\/2026\\\/04\\\/C138A065-9141-4627-A900-7C4681C82D9D-2.jpg\",\"width\":762,\"height\":1023},{\"@type\":\"BreadcrumbList\",\"@id\":\"https:\\\/\\\/www.lykketegning.no\\\/produkt\\\/notatbok-fra-lykketegning-days-like-this\\\/#breadcrumb\",\"itemListElement\":[{\"@type\":\"ListItem\",\"position\":1,\"name\":\"Hjem\",\"item\":\"https:\\\/\\\/www.lykketegning.no\\\/\"},{\"@type\":\"ListItem\",\"position\":2,\"name\":\"Shop\",\"item\":\"https:\\\/\\\/www.lykketegning.no\\\/sv\\\/webbutik\\\/\"},{\"@type\":\"ListItem\",\"position\":3,\"name\":\"Notatbok fra Lykketegning &#8220;Days like this&#8221;\"}]},{\"@type\":\"WebSite\",\"@id\":\"https:\\\/\\\/www.lykketegning.no\\\/#website\",\"url\":\"https:\\\/\\\/www.lykketegning.no\\\/\",\"name\":\"LYKKETEGNING ILLUSTRAT\u00d8R\",\"description\":\"\",\"publisher\":{\"@id\":\"https:\\\/\\\/www.lykketegning.no\\\/#organization\"},\"potentialAction\":[{\"@type\":\"SearchAction\",\"target\":{\"@type\":\"EntryPoint\",\"urlTemplate\":\"https:\\\/\\\/www.lykketegning.no\\\/?s={search_term_string}\"},\"query-input\":{\"@type\":\"PropertyValueSpecification\",\"valueRequired\":true,\"valueName\":\"search_term_string\"}}],\"inLanguage\":\"da-DK\"},{\"@type\":\"Organization\",\"@id\":\"https:\\\/\\\/www.lykketegning.no\\\/#organization\",\"name\":\"LYKKETEGNING ILLUSTRAT\u00d8R\",\"url\":\"https:\\\/\\\/www.lykketegning.no\\\/\",\"logo\":{\"@type\":\"ImageObject\",\"inLanguage\":\"da-DK\",\"@id\":\"https:\\\/\\\/www.lykketegning.no\\\/#\\\/schema\\\/logo\\\/image\\\/\",\"url\":\"https:\\\/\\\/www.lykketegning.no\\\/wp-content\\\/uploads\\\/2020\\\/03\\\/Logo2020_h400px.jpg\",\"contentUrl\":\"https:\\\/\\\/www.lykketegning.no\\\/wp-content\\\/uploads\\\/2020\\\/03\\\/Logo2020_h400px.jpg\",\"width\":1024,\"height\":400,\"caption\":\"LYKKETEGNING ILLUSTRAT\u00d8R\"},\"image\":{\"@id\":\"https:\\\/\\\/www.lykketegning.no\\\/#\\\/schema\\\/logo\\\/image\\\/\"},\"sameAs\":[\"https:\\\/\\\/www.facebook.com\\\/lykketegning\\\/\",\"https:\\\/\\\/www.instagram.com\\\/lykketegning\\\/\",\"https:\\\/\\\/www.youtube.com\\\/@lykketegningillustrations\",\"https:\\\/\\\/www.tiktok.com\\\/@lykketegningillustration\"]}]}<\/script>\n<!-- \/ Yoast SEO plugin. -->","yoast_head_json":{"title":"Notatbok fra Lykketegning \"Days like this\" - LYKKETEGNING ILLUSTRAT\u00d8R","description":"Morsom notatbok fra Lykketegning med de kjente fuglene. Linjert og med hard perm. Fin til notater og memoarer. Days like this!","robots":{"index":"index","follow":"follow","max-snippet":"max-snippet:-1","max-image-preview":"max-image-preview:large","max-video-preview":"max-video-preview:-1"},"canonical":"https:\/\/www.lykketegning.no\/da\/vare\/notatbok-fra-lykketegning-days-like-this\/","og_locale":"da_DK","og_type":"article","og_title":"Notatbok fra Lykketegning \"Days like this\" - LYKKETEGNING ILLUSTRAT\u00d8R","og_description":"Morsom notatbok fra Lykketegning med de kjente fuglene. Linjert og med hard perm. Fin til notater og memoarer. Days like this!","og_url":"https:\/\/www.lykketegning.no\/da\/vare\/notatbok-fra-lykketegning-days-like-this\/","og_site_name":"LYKKETEGNING ILLUSTRAT\u00d8R","article_publisher":"https:\/\/www.facebook.com\/lykketegning\/","article_modified_time":"2026-05-10T19:31:19+00:00","og_image":[{"width":762,"height":1023,"url":"https:\/\/www.lykketegning.no\/wp-content\/uploads\/2026\/04\/C138A065-9141-4627-A900-7C4681C82D9D-2.jpg","type":"image\/jpeg"}],"twitter_card":"summary_large_image","twitter_misc":{"Estimeret l\u00e6setid":"2 minutter"},"schema":{"@context":"https:\/\/schema.org","@graph":[{"@type":"WebPage","@id":"https:\/\/www.lykketegning.no\/produkt\/notatbok-fra-lykketegning-days-like-this\/","url":"https:\/\/www.lykketegning.no\/produkt\/notatbok-fra-lykketegning-days-like-this\/","name":"Notatbok fra Lykketegning \"Days like this\" - LYKKETEGNING ILLUSTRAT\u00d8R","isPartOf":{"@id":"https:\/\/www.lykketegning.no\/#website"},"primaryImageOfPage":{"@id":"https:\/\/www.lykketegning.no\/produkt\/notatbok-fra-lykketegning-days-like-this\/#primaryimage"},"image":{"@id":"https:\/\/www.lykketegning.no\/produkt\/notatbok-fra-lykketegning-days-like-this\/#primaryimage"},"thumbnailUrl":"https:\/\/www.lykketegning.no\/wp-content\/uploads\/2026\/04\/C138A065-9141-4627-A900-7C4681C82D9D-2.jpg","datePublished":"2026-04-29T11:03:19+00:00","dateModified":"2026-05-10T19:31:19+00:00","description":"Morsom notatbok fra Lykketegning med de kjente fuglene. Linjert og med hard perm. Fin til notater og memoarer. Days like this!","breadcrumb":{"@id":"https:\/\/www.lykketegning.no\/produkt\/notatbok-fra-lykketegning-days-like-this\/#breadcrumb"},"inLanguage":"da-DK","potentialAction":[{"@type":"ReadAction","target":["https:\/\/www.lykketegning.no\/produkt\/notatbok-fra-lykketegning-days-like-this\/"]}]},{"@type":"ImageObject","inLanguage":"da-DK","@id":"https:\/\/www.lykketegning.no\/produkt\/notatbok-fra-lykketegning-days-like-this\/#primaryimage","url":"https:\/\/www.lykketegning.no\/wp-content\/uploads\/2026\/04\/C138A065-9141-4627-A900-7C4681C82D9D-2.jpg","contentUrl":"https:\/\/www.lykketegning.no\/wp-content\/uploads\/2026\/04\/C138A065-9141-4627-A900-7C4681C82D9D-2.jpg","width":762,"height":1023},{"@type":"BreadcrumbList","@id":"https:\/\/www.lykketegning.no\/produkt\/notatbok-fra-lykketegning-days-like-this\/#breadcrumb","itemListElement":[{"@type":"ListItem","position":1,"name":"Hjem","item":"https:\/\/www.lykketegning.no\/"},{"@type":"ListItem","position":2,"name":"Shop","item":"https:\/\/www.lykketegning.no\/sv\/webbutik\/"},{"@type":"ListItem","position":3,"name":"Notatbok fra Lykketegning &#8220;Days like this&#8221;"}]},{"@type":"WebSite","@id":"https:\/\/www.lykketegning.no\/#website","url":"https:\/\/www.lykketegning.no\/","name":"LYKKETEGNING ILLUSTRATOR","description":"","publisher":{"@id":"https:\/\/www.lykketegning.no\/#organization"},"potentialAction":[{"@type":"SearchAction","target":{"@type":"EntryPoint","urlTemplate":"https:\/\/www.lykketegning.no\/?s={search_term_string}"},"query-input":{"@type":"PropertyValueSpecification","valueRequired":true,"valueName":"search_term_string"}}],"inLanguage":"da-DK"},{"@type":"Organization","@id":"https:\/\/www.lykketegning.no\/#organization","name":"LYKKETEGNING ILLUSTRATOR","url":"https:\/\/www.lykketegning.no\/","logo":{"@type":"ImageObject","inLanguage":"da-DK","@id":"https:\/\/www.lykketegning.no\/#\/schema\/logo\/image\/","url":"https:\/\/www.lykketegning.no\/wp-content\/uploads\/2020\/03\/Logo2020_h400px.jpg","contentUrl":"https:\/\/www.lykketegning.no\/wp-content\/uploads\/2020\/03\/Logo2020_h400px.jpg","width":1024,"height":400,"caption":"LYKKETEGNING ILLUSTRAT\u00d8R"},"image":{"@id":"https:\/\/www.lykketegning.no\/#\/schema\/logo\/image\/"},"sameAs":["https:\/\/www.facebook.com\/lykketegning\/","https:\/\/www.instagram.com\/lykketegning\/","https:\/\/www.youtube.com\/@lykketegningillustrations","https:\/\/www.tiktok.com\/@lykketegningillustration"]}]}},"_links":{"self":[{"href":"https:\/\/www.lykketegning.no\/da\/wp-json\/wp\/v2\/product\/42605","targetHints":{"allow":["GET"]}}],"collection":[{"href":"https:\/\/www.lykketegning.no\/da\/wp-json\/wp\/v2\/product"}],"about":[{"href":"https:\/\/www.lykketegning.no\/da\/wp-json\/wp\/v2\/types\/product"}],"replies":[{"embeddable":true,"href":"https:\/\/www.lykketegning.no\/da\/wp-json\/wp\/v2\/comments?post=42605"}],"wp:featuredmedia":[{"embeddable":true,"href":"https:\/\/www.lykketegning.no\/da\/wp-json\/wp\/v2\/media\/42607"}],"wp:attachment":[{"href":"https:\/\/www.lykketegning.no\/da\/wp-json\/wp\/v2\/media?parent=42605"}],"wp:term":[{"taxonomy":"product_brand","embeddable":true,"href":"https:\/\/www.lykketegning.no\/da\/wp-json\/wp\/v2\/product_brand?post=42605"},{"taxonomy":"product_cat","embeddable":true,"href":"https:\/\/www.lykketegning.no\/da\/wp-json\/wp\/v2\/product_cat?post=42605"},{"taxonomy":"product_tag","embeddable":true,"href":"https:\/\/www.lykketegning.no\/da\/wp-json\/wp\/v2\/product_tag?post=42605"}],"curies":[{"name":"wp","href":"https:\/\/api.w.org\/{rel}","templated":true}]}}