{"id":42012,"date":"2026-01-20T13:20:44","date_gmt":"2026-01-20T12:20:44","guid":{"rendered":"https:\/\/www-lykketegning.wp3.hcweb.dev\/?post_type=product&#038;p=42012"},"modified":"2026-03-16T09:25:18","modified_gmt":"2026-03-16T08:25:18","slug":"vinglass-med-gravering-hver-dag-hvert-oyeblikk","status":"publish","type":"product","link":"https:\/\/www.lykketegning.no\/da\/vare\/vinglass-med-gravering-hver-dag-hvert-oyeblikk\/","title":{"rendered":"Vinglas med indgravering \u201cHver dag, hvert \u00f8jeblik!\u201d"},"content":{"rendered":"<h2>Vinglas med indgravering \u201cHver dag, hvert \u00f8jeblik!\u201d<\/h2>\n<p><i>Hvad vil du gerne fylde din dag med?<span class=\"Apple-converted-space\">\u00a0<\/span><\/i><\/p>\n<p><i>Er det at l\u00e6se en god bog, g\u00e5 ture, lytte til musik? Spar ikke p\u00e5 de gode ting i livet.,<span class=\"Apple-converted-space\">\u00a0<\/span><\/i><\/p>\n<p><i>Hver dag, hvert \u00f8jeblik er lige her og nu.<\/i><\/p>\n<p><i>Der er ingen afspilningsknap,<span class=\"Apple-converted-space\">\u00a0<\/span><\/i><\/p>\n<p><i>Fyld din dag med lige det, du har lyst til.<\/i><\/p>\n<p><b>Ingebj\u00f8rg Rang\u00f8y Sj\u00e5land<\/b><\/p>\n<p>Vinglas med smukt design og indgravering.<br \/>\nGlassene er designet, s\u00e5 du kan nyde b\u00e5de r\u00f8d og hvid, men er ogs\u00e5 perfekte til at servere en frisk juice.<\/p>\n<p>En perfekt gave at give til en ven eller til brudeparret.<\/p>\n<p>Leveres i en s\u00f8d \u00e6ske med en illustration fra Luck Drawing.<\/p>\n<p>Se ogs\u00e5 de andre vinglas i samme serie med anden tekst.<\/p>\n<p>Med klare linjer og gode citater vil Lucky Drawing f\u00e5 dig til at stoppe op og t\u00e6nke,<br \/>\nTr\u00e6k vejret dybt, og s\u00e6t s\u00e5 en god kurs fremad.<br \/>\nKan reng\u00f8res i opvaskemaskinen.<br \/>\nD9,5 H22,5 cm 625 ml, Glas, Klar. 1 pk i gave\u00e6ske<\/p>\n<p><strong>\"Hos Lykketegning bliver hver eneste illustration skabt med varme og omhu.<\/strong><br \/>\n<strong>Med st\u00e6rke farver, klare linjer og gode citater vil Happiness Drawing f\u00e5 dig til at stoppe op et \u00f8jeblik, tage en dyb ind\u00e5nding og derefter s\u00e6tte en god kurs fremad.<\/strong><br \/>\n<strong>\"Hjerterne og smilene er fra mig til dig for at minde dig om, at du er rigtig god!\"<\/strong><\/p>\n<p>&nbsp;<\/p>\n<p>P\u00e5 hjemmesiden finder du nogle illustrationer og andre produkter som kopper, lyk\u00f8nskningskort og kalendere.<\/p>\n<p>Der kommer hele tiden nye produkter til, s\u00e5 du er velkommen til at tilmelde dig nyhedsbrevet for at f\u00e5 m\u00e5nedlige opdateringer.<\/p>\n<p>For <strong>mange mange mange mange<\/strong> flere illustrationer; bes\u00f8g min Instagram- og Facebook-profil.<\/p>\n<p>Faktisk er alle illustrationer til salg. 999 SEK for A4 og 1500 SEK for A3.<\/p>\n<p>Du kan ogs\u00e5 bestille dine helt egne - gode gaver til bryllupper og andre fester. Kontakt indbakken for dette.<\/p>\n<p><em>Pris: 1500kr for A4 og A5 (op til 5 personer\/dyr), ekstra omkostninger for flere (op til 5 personer\/dyr). A3 2000kr ex porto. Jeg har brug for at kende h\u00e5rfarve\/h\u00e5rtype, h\u00f8jde, interesser og \u00f8nsket antal illustrerede personer. Alle tilbud, du \u00f8nsker inkluderet.<\/em><\/p>\n<p>Hvis du har sp\u00f8rgsm\u00e5l, s\u00e5 t\u00f8v ikke med at kontakte mig! Hvis du gerne vil have en snak om et muligt samarbejde, s\u00e5 send mig en e-mail.<\/p>\n<p>Jeg ser frem til at h\u00f8re fra dig og h\u00e5ber, at du f\u00e5r en dejlig dag. <a href=\"https:\/\/www.facebook.com\/lykketegning\/?locale=nb_NO\">S\u00e5 kommer du til min Facebook-side.<\/a> Og hvis du vil f\u00f8lge mig p\u00e5<a href=\"https:\/\/www.instagram.com\/lykketegning\/?hl=nb\"> Instagram, du finder det her.<\/a><\/p>\n<p>Kunstner<br \/>\nIngebj\u00f8rg Rang\u00f8y Sj\u00e5land<\/p>\n<p>&nbsp;<\/p>\n<p>&nbsp;<\/p>","protected":false},"excerpt":{"rendered":"<h2>Vinglas med indgravering \u201cHver dag, hvert \u00f8jeblik!\u201d<\/h2>\n<p><i>Hvad vil du gerne fylde din dag med?<span class=\"Apple-converted-space\">\u00a0<\/span><\/i><\/p>\n<p><i>Er det at l\u00e6se en god bog, g\u00e5 ture, lytte til musik? Spar ikke p\u00e5 de gode ting i livet.,<span class=\"Apple-converted-space\">\u00a0<\/span><\/i><\/p>\n<p><i>Hver dag, hvert \u00f8jeblik er lige her og nu.<\/i><\/p>\n<p><i>Der er ingen afspilningsknap,<span class=\"Apple-converted-space\">\u00a0<\/span><\/i><\/p>\n<p><i>Fyld din dag med lige det, du har lyst til.<\/i><\/p>\n<p><b>ingebj\u00f8rg Rang\u00f8y Sj\u00e5land<\/b><\/p>\n<p>Vinglas med smukt design og indgravering. \"At have en ven som dig g\u00f8r livet bedre\"<\/p>\n<p>Glassene er designet, s\u00e5 du kan nyde b\u00e5de r\u00f8d og hvid, men er ogs\u00e5 perfekte til at servere en frisk juice.<\/p>\n<p>En perfekt gave at give til en ven eller til brudeparret.<\/p>\n<p>Leveres i en s\u00f8d \u00e6ske med en illustration fra Luck Drawing.<\/p>\n<p>Se de 7 andre vinglas i samme serie med forskellig tekst.<\/p>\n<p>Med klare linjer og gode citater vil Lucky Drawing f\u00e5 dig til at stoppe op og t\u00e6nke,<br \/>\nTr\u00e6k vejret dybt, og s\u00e6t s\u00e5 en god kurs fremad.<br \/>\nKan reng\u00f8res i opvaskemaskinen.<br \/>\nD9,5 H22,5 cm 625 ml, Glas, Klar. 1 pk i gave\u00e6ske<\/p>","protected":false},"featured_media":42010,"comment_status":"open","ping_status":"closed","template":"","meta":[],"product_brand":[440],"product_cat":[197],"product_tag":[441,248,442,329,198,330],"class_list":{"0":"post-42012","1":"product","2":"type-product","3":"status-publish","4":"has-post-thumbnail","6":"product_brand-vinglass","7":"product_cat-graverte-vinglass-champagneglass","8":"product_tag-gjor-mer-av-det-som-gjor-deg-glad","9":"product_tag-glass","10":"product_tag-nyhet","11":"product_tag-vin","12":"product_tag-vinglass","13":"product_tag-ol","15":"first","16":"instock","17":"featured","18":"taxable","19":"shipping-taxable","20":"purchasable","21":"product-type-simple"},"yoast_head":"<!-- This site is optimized with the Yoast SEO plugin v27.5 - https:\/\/yoast.com\/product\/yoast-seo-wordpress\/ -->\n<title>Vinglass med gravering &quot;Hver dag, hvert \u00f8yeblikk!&quot; - LYKKETEGNING ILLUSTRAT\u00d8R<\/title>\n<meta name=\"description\" content=\"Vinglass med gravering &quot;Hver dag, hvert \u00f8yeblikk!&quot; En perfekt gave \u00e5 gi til venninne eller brudepar. Du finner den hos Lykketegning\" \/>\n<meta name=\"robots\" content=\"index, follow, max-snippet:-1, max-image-preview:large, max-video-preview:-1\" \/>\n<link rel=\"canonical\" href=\"https:\/\/www.lykketegning.no\/da\/product-2\/vinglas-med-indgravering-every-day-every-moment\/\" \/>\n<meta property=\"og:locale\" content=\"da_DK\" \/>\n<meta property=\"og:type\" content=\"article\" \/>\n<meta property=\"og:title\" content=\"Vinglass med gravering &quot;Hver dag, hvert \u00f8yeblikk!&quot; - LYKKETEGNING ILLUSTRAT\u00d8R\" \/>\n<meta property=\"og:description\" content=\"Vinglass med gravering &quot;Hver dag, hvert \u00f8yeblikk!&quot; En perfekt gave \u00e5 gi til venninne eller brudepar. Du finner den hos Lykketegning\" \/>\n<meta property=\"og:url\" content=\"https:\/\/www.lykketegning.no\/da\/product-2\/vinglas-med-indgravering-every-day-every-moment\/\" \/>\n<meta property=\"og:site_name\" content=\"LYKKETEGNING ILLUSTRAT\u00d8R\" \/>\n<meta property=\"article:publisher\" content=\"https:\/\/www.facebook.com\/lykketegning\/\" \/>\n<meta property=\"article:modified_time\" content=\"2026-03-16T08:25:18+00:00\" \/>\n<meta property=\"og:image\" content=\"https:\/\/www.lykketegning.no\/wp-content\/uploads\/2026\/01\/IMG_5927-1-scaled.jpg\" \/>\n\t<meta property=\"og:image:width\" content=\"1814\" \/>\n\t<meta property=\"og:image:height\" content=\"2560\" \/>\n\t<meta property=\"og:image:type\" content=\"image\/jpeg\" \/>\n<meta name=\"twitter:card\" content=\"summary_large_image\" \/>\n<meta name=\"twitter:label1\" content=\"Estimeret l\u00e6setid\" \/>\n\t<meta name=\"twitter:data1\" content=\"3 minutter\" \/>\n<script type=\"application\/ld+json\" class=\"yoast-schema-graph\">{\"@context\":\"https:\\\/\\\/schema.org\",\"@graph\":[{\"@type\":\"WebPage\",\"@id\":\"https:\\\/\\\/www.lykketegning.no\\\/da\\\/product-2\\\/vinglas-med-indgravering-every-day-every-moment\\\/\",\"url\":\"https:\\\/\\\/www.lykketegning.no\\\/da\\\/product-2\\\/vinglas-med-indgravering-every-day-every-moment\\\/\",\"name\":\"Vinglass med gravering \\\"Hver dag, hvert \u00f8yeblikk!\\\" - LYKKETEGNING ILLUSTRAT\u00d8R\",\"isPartOf\":{\"@id\":\"https:\\\/\\\/www.lykketegning.no\\\/#website\"},\"primaryImageOfPage\":{\"@id\":\"https:\\\/\\\/www.lykketegning.no\\\/da\\\/product-2\\\/vinglas-med-indgravering-every-day-every-moment\\\/#primaryimage\"},\"image\":{\"@id\":\"https:\\\/\\\/www.lykketegning.no\\\/da\\\/product-2\\\/vinglas-med-indgravering-every-day-every-moment\\\/#primaryimage\"},\"thumbnailUrl\":\"https:\\\/\\\/www.lykketegning.no\\\/wp-content\\\/uploads\\\/2026\\\/01\\\/IMG_5927-1-scaled.jpg\",\"datePublished\":\"2026-01-20T12:20:44+00:00\",\"dateModified\":\"2026-03-16T08:25:18+00:00\",\"description\":\"Vinglass med gravering \\\"Hver dag, hvert \u00f8yeblikk!\\\" En perfekt gave \u00e5 gi til venninne eller brudepar. Du finner den hos Lykketegning\",\"breadcrumb\":{\"@id\":\"https:\\\/\\\/www.lykketegning.no\\\/da\\\/product-2\\\/vinglas-med-indgravering-every-day-every-moment\\\/#breadcrumb\"},\"inLanguage\":\"da-DK\",\"potentialAction\":[{\"@type\":\"ReadAction\",\"target\":[\"https:\\\/\\\/www.lykketegning.no\\\/da\\\/product-2\\\/vinglas-med-indgravering-every-day-every-moment\\\/\"]}]},{\"@type\":\"ImageObject\",\"inLanguage\":\"da-DK\",\"@id\":\"https:\\\/\\\/www.lykketegning.no\\\/da\\\/product-2\\\/vinglas-med-indgravering-every-day-every-moment\\\/#primaryimage\",\"url\":\"https:\\\/\\\/www.lykketegning.no\\\/wp-content\\\/uploads\\\/2026\\\/01\\\/IMG_5927-1-scaled.jpg\",\"contentUrl\":\"https:\\\/\\\/www.lykketegning.no\\\/wp-content\\\/uploads\\\/2026\\\/01\\\/IMG_5927-1-scaled.jpg\",\"width\":1814,\"height\":2560},{\"@type\":\"BreadcrumbList\",\"@id\":\"https:\\\/\\\/www.lykketegning.no\\\/da\\\/product-2\\\/vinglas-med-indgravering-every-day-every-moment\\\/#breadcrumb\",\"itemListElement\":[{\"@type\":\"ListItem\",\"position\":1,\"name\":\"Hjem\",\"item\":\"https:\\\/\\\/www.lykketegning.no\\\/\"},{\"@type\":\"ListItem\",\"position\":2,\"name\":\"Shop\",\"item\":\"https:\\\/\\\/www.lykketegning.no\\\/sv\\\/webbutik\\\/\"},{\"@type\":\"ListItem\",\"position\":3,\"name\":\"Vinglass med gravering &#8220;Hver dag, hvert \u00f8yeblikk!&#8221;\"}]},{\"@type\":\"WebSite\",\"@id\":\"https:\\\/\\\/www.lykketegning.no\\\/#website\",\"url\":\"https:\\\/\\\/www.lykketegning.no\\\/\",\"name\":\"LYKKETEGNING ILLUSTRAT\u00d8R\",\"description\":\"\",\"publisher\":{\"@id\":\"https:\\\/\\\/www.lykketegning.no\\\/#organization\"},\"potentialAction\":[{\"@type\":\"SearchAction\",\"target\":{\"@type\":\"EntryPoint\",\"urlTemplate\":\"https:\\\/\\\/www.lykketegning.no\\\/?s={search_term_string}\"},\"query-input\":{\"@type\":\"PropertyValueSpecification\",\"valueRequired\":true,\"valueName\":\"search_term_string\"}}],\"inLanguage\":\"da-DK\"},{\"@type\":\"Organization\",\"@id\":\"https:\\\/\\\/www.lykketegning.no\\\/#organization\",\"name\":\"LYKKETEGNING ILLUSTRAT\u00d8R\",\"url\":\"https:\\\/\\\/www.lykketegning.no\\\/\",\"logo\":{\"@type\":\"ImageObject\",\"inLanguage\":\"da-DK\",\"@id\":\"https:\\\/\\\/www.lykketegning.no\\\/#\\\/schema\\\/logo\\\/image\\\/\",\"url\":\"https:\\\/\\\/www.lykketegning.no\\\/wp-content\\\/uploads\\\/2020\\\/03\\\/Logo2020_h400px.jpg\",\"contentUrl\":\"https:\\\/\\\/www.lykketegning.no\\\/wp-content\\\/uploads\\\/2020\\\/03\\\/Logo2020_h400px.jpg\",\"width\":1024,\"height\":400,\"caption\":\"LYKKETEGNING ILLUSTRAT\u00d8R\"},\"image\":{\"@id\":\"https:\\\/\\\/www.lykketegning.no\\\/#\\\/schema\\\/logo\\\/image\\\/\"},\"sameAs\":[\"https:\\\/\\\/www.facebook.com\\\/lykketegning\\\/\",\"https:\\\/\\\/www.instagram.com\\\/lykketegning\\\/\",\"https:\\\/\\\/www.youtube.com\\\/@lykketegningillustrations\",\"https:\\\/\\\/www.tiktok.com\\\/@lykketegningillustration\"]}]}<\/script>\n<!-- \/ Yoast SEO plugin. -->","yoast_head_json":{"title":"Vinglas med indgravering \"Hver dag, hvert \u00f8jeblik!\" - HELDIG TEGNING ILLUSTRATOR","description":"Vinglas med indgravering \"Hver dag, hvert \u00f8jeblik!\" En perfekt gave at give til en ven eller et brudepar. Du finder det hos Lykketegning","robots":{"index":"index","follow":"follow","max-snippet":"max-snippet:-1","max-image-preview":"max-image-preview:large","max-video-preview":"max-video-preview:-1"},"canonical":"https:\/\/www.lykketegning.no\/da\/product-2\/vinglas-med-indgravering-every-day-every-moment\/","og_locale":"da_DK","og_type":"article","og_title":"Vinglass med gravering \"Hver dag, hvert \u00f8yeblikk!\" - LYKKETEGNING ILLUSTRAT\u00d8R","og_description":"Vinglass med gravering \"Hver dag, hvert \u00f8yeblikk!\" En perfekt gave \u00e5 gi til venninne eller brudepar. Du finner den hos Lykketegning","og_url":"https:\/\/www.lykketegning.no\/da\/product-2\/vinglas-med-indgravering-every-day-every-moment\/","og_site_name":"LYKKETEGNING ILLUSTRAT\u00d8R","article_publisher":"https:\/\/www.facebook.com\/lykketegning\/","article_modified_time":"2026-03-16T08:25:18+00:00","og_image":[{"width":1814,"height":2560,"url":"https:\/\/www.lykketegning.no\/wp-content\/uploads\/2026\/01\/IMG_5927-1-scaled.jpg","type":"image\/jpeg"}],"twitter_card":"summary_large_image","twitter_misc":{"Estimeret l\u00e6setid":"3 minutter"},"schema":{"@context":"https:\/\/schema.org","@graph":[{"@type":"WebPage","@id":"https:\/\/www.lykketegning.no\/da\/product-2\/vinglas-med-indgravering-every-day-every-moment\/","url":"https:\/\/www.lykketegning.no\/da\/product-2\/vinglas-med-indgravering-every-day-every-moment\/","name":"Vinglas med indgravering \"Hver dag, hvert \u00f8jeblik!\" - HELDIG TEGNING ILLUSTRATOR","isPartOf":{"@id":"https:\/\/www.lykketegning.no\/#website"},"primaryImageOfPage":{"@id":"https:\/\/www.lykketegning.no\/da\/product-2\/vinglas-med-indgravering-every-day-every-moment\/#primaryimage"},"image":{"@id":"https:\/\/www.lykketegning.no\/da\/product-2\/vinglas-med-indgravering-every-day-every-moment\/#primaryimage"},"thumbnailUrl":"https:\/\/www.lykketegning.no\/wp-content\/uploads\/2026\/01\/IMG_5927-1-scaled.jpg","datePublished":"2026-01-20T12:20:44+00:00","dateModified":"2026-03-16T08:25:18+00:00","description":"Vinglas med indgravering \"Hver dag, hvert \u00f8jeblik!\" En perfekt gave at give til en ven eller et brudepar. Du finder det hos Lykketegning","breadcrumb":{"@id":"https:\/\/www.lykketegning.no\/da\/product-2\/vinglas-med-indgravering-every-day-every-moment\/#breadcrumb"},"inLanguage":"da-DK","potentialAction":[{"@type":"ReadAction","target":["https:\/\/www.lykketegning.no\/da\/product-2\/vinglas-med-indgravering-every-day-every-moment\/"]}]},{"@type":"ImageObject","inLanguage":"da-DK","@id":"https:\/\/www.lykketegning.no\/da\/product-2\/vinglas-med-indgravering-every-day-every-moment\/#primaryimage","url":"https:\/\/www.lykketegning.no\/wp-content\/uploads\/2026\/01\/IMG_5927-1-scaled.jpg","contentUrl":"https:\/\/www.lykketegning.no\/wp-content\/uploads\/2026\/01\/IMG_5927-1-scaled.jpg","width":1814,"height":2560},{"@type":"BreadcrumbList","@id":"https:\/\/www.lykketegning.no\/da\/product-2\/vinglas-med-indgravering-every-day-every-moment\/#breadcrumb","itemListElement":[{"@type":"ListItem","position":1,"name":"Hjem","item":"https:\/\/www.lykketegning.no\/"},{"@type":"ListItem","position":2,"name":"Shop","item":"https:\/\/www.lykketegning.no\/sv\/webbutik\/"},{"@type":"ListItem","position":3,"name":"Vinglass med gravering &#8220;Hver dag, hvert \u00f8yeblikk!&#8221;"}]},{"@type":"WebSite","@id":"https:\/\/www.lykketegning.no\/#website","url":"https:\/\/www.lykketegning.no\/","name":"LYKKETEGNING ILLUSTRATOR","description":"","publisher":{"@id":"https:\/\/www.lykketegning.no\/#organization"},"potentialAction":[{"@type":"SearchAction","target":{"@type":"EntryPoint","urlTemplate":"https:\/\/www.lykketegning.no\/?s={search_term_string}"},"query-input":{"@type":"PropertyValueSpecification","valueRequired":true,"valueName":"search_term_string"}}],"inLanguage":"da-DK"},{"@type":"Organization","@id":"https:\/\/www.lykketegning.no\/#organization","name":"LYKKETEGNING ILLUSTRATOR","url":"https:\/\/www.lykketegning.no\/","logo":{"@type":"ImageObject","inLanguage":"da-DK","@id":"https:\/\/www.lykketegning.no\/#\/schema\/logo\/image\/","url":"https:\/\/www.lykketegning.no\/wp-content\/uploads\/2020\/03\/Logo2020_h400px.jpg","contentUrl":"https:\/\/www.lykketegning.no\/wp-content\/uploads\/2020\/03\/Logo2020_h400px.jpg","width":1024,"height":400,"caption":"LYKKETEGNING ILLUSTRAT\u00d8R"},"image":{"@id":"https:\/\/www.lykketegning.no\/#\/schema\/logo\/image\/"},"sameAs":["https:\/\/www.facebook.com\/lykketegning\/","https:\/\/www.instagram.com\/lykketegning\/","https:\/\/www.youtube.com\/@lykketegningillustrations","https:\/\/www.tiktok.com\/@lykketegningillustration"]}]}},"_links":{"self":[{"href":"https:\/\/www.lykketegning.no\/da\/wp-json\/wp\/v2\/product\/42012","targetHints":{"allow":["GET"]}}],"collection":[{"href":"https:\/\/www.lykketegning.no\/da\/wp-json\/wp\/v2\/product"}],"about":[{"href":"https:\/\/www.lykketegning.no\/da\/wp-json\/wp\/v2\/types\/product"}],"replies":[{"embeddable":true,"href":"https:\/\/www.lykketegning.no\/da\/wp-json\/wp\/v2\/comments?post=42012"}],"wp:featuredmedia":[{"embeddable":true,"href":"https:\/\/www.lykketegning.no\/da\/wp-json\/wp\/v2\/media\/42010"}],"wp:attachment":[{"href":"https:\/\/www.lykketegning.no\/da\/wp-json\/wp\/v2\/media?parent=42012"}],"wp:term":[{"taxonomy":"product_brand","embeddable":true,"href":"https:\/\/www.lykketegning.no\/da\/wp-json\/wp\/v2\/product_brand?post=42012"},{"taxonomy":"product_cat","embeddable":true,"href":"https:\/\/www.lykketegning.no\/da\/wp-json\/wp\/v2\/product_cat?post=42012"},{"taxonomy":"product_tag","embeddable":true,"href":"https:\/\/www.lykketegning.no\/da\/wp-json\/wp\/v2\/product_tag?post=42012"}],"curies":[{"name":"wp","href":"https:\/\/api.w.org\/{rel}","templated":true}]}}