{"id":40866,"date":"2024-10-09T12:52:03","date_gmt":"2024-10-09T10:52:03","guid":{"rendered":"https:\/\/www.lykketegning.no\/?post_type=product&#038;p=40866"},"modified":"2026-01-02T13:18:49","modified_gmt":"2026-01-02T12:18:49","slug":"julegenser-fra-lykketegning-christmas-list-gronn","status":"publish","type":"product","link":"https:\/\/www.lykketegning.no\/da\/vare\/juletroje-fra-lykke-tegning-juleliste-gronn\/","title":{"rendered":"Juletr\u00f8je fra Lykketegnings juleliste (GR\u00d8N)"},"content":{"rendered":"<h3>Juletr\u00f8je fra Lykketegnings juleliste (GR\u00d8N)<\/h3>\n<p>Hos Happiness Drawing st\u00e5r julen h\u00f8jt p\u00e5 dagsordenen, og det er derfor, vi tilf\u00f8jer flere juletr\u00f8jer i \u00e5r! Vi er vilde med dem. Hvad synes du?<\/p>\n<p>F\u00e5s i b\u00e5de r\u00f8de og gr\u00f8nne farver. Unisex-st\u00f8rrelse.<\/p>\n<p>St\u00f8rrelsen p\u00e5 billedet er Medium p\u00e5 den r\u00f8de tr\u00f8je og Small p\u00e5 den gr\u00f8nne. Modellen (mig) bruger st\u00f8rrelse 38\/40.<\/p>\n<p>2 ugers leveringstid. Varen kan ikke byttes, da tr\u00f8jer bestilles efter den \u00f8nskede st\u00f8rrelse og det \u00f8nskede design.<\/p>\n<p>65% polyester, 35% bomuld<\/p>\n<p>280 g\/m2<\/p>\n<p>M\u00e5 ikke t\u00f8rretumbles, vask med vrangen ud.<\/p>\n<p><strong>\"Hos Lykketegning bliver hver eneste illustration skabt med varme og omhu.<\/strong><br \/>\n<strong>Med st\u00e6rke farver, klare linjer og gode citater vil Happiness Drawing f\u00e5 dig til at stoppe op et \u00f8jeblik, tage en dyb ind\u00e5nding og derefter s\u00e6tte en god kurs fremad.<\/strong><br \/>\n<strong>\"Hjerterne og smilene er fra mig til dig for at minde dig om, at du er rigtig god!\"<\/strong><\/p>\n<p>&nbsp;<\/p>\n<p>P\u00e5 hjemmesiden finder du nogle illustrationer og andre produkter som kopper, lyk\u00f8nskningskort og kalendere.<\/p>\n<p>Der kommer hele tiden nye produkter til, s\u00e5 du er velkommen til at tilmelde dig nyhedsbrevet for at f\u00e5 m\u00e5nedlige opdateringer.<\/p>\n<p>For <strong>mange mange mange mange<\/strong> flere illustrationer; bes\u00f8g min Instagram- og Facebook-profil.<\/p>\n<p>Faktisk er alle illustrationer til salg. 999 SEK for A4 og 1500 SEK for A3.<\/p>\n<p>Du kan ogs\u00e5 bestille dine helt egne - gode gaver til bryllupper og andre fester. Kontakt indbakken for dette.<\/p>\n<p><em>Pris: 1500kr for A4 og A5 (op til 5 personer\/dyr), ekstra omkostninger for flere (op til 5 personer\/dyr). A3 2000kr ex porto. Jeg har brug for at kende h\u00e5rfarve\/h\u00e5rtype, h\u00f8jde, interesser og \u00f8nsket antal illustrerede personer. Alle tilbud, du \u00f8nsker inkluderet.<\/em><\/p>\n<p>Hvis du har sp\u00f8rgsm\u00e5l, s\u00e5 t\u00f8v ikke med at kontakte mig! Hvis du gerne vil have en snak om et muligt samarbejde, s\u00e5 send mig en e-mail.<\/p>\n<p>Jeg ser frem til at h\u00f8re fra dig og h\u00e5ber, at du f\u00e5r en dejlig dag. <a href=\"https:\/\/www.facebook.com\/lykketegning\/?locale=nb_NO\">S\u00e5 kommer du til min Facebook-side.<\/a> Og hvis du vil f\u00f8lge mig p\u00e5<a href=\"https:\/\/www.instagram.com\/lykketegning\/?hl=nb\"> Instagram, du finder det her.<\/a><\/p>\n<p>Kunstner<br \/>\nIngebj\u00f8rg Rang\u00f8y Sj\u00e5land<\/p>\n<p>&nbsp;<\/p>\n<p>&nbsp;<\/p>","protected":false},"excerpt":{"rendered":"<h3>Juletr\u00f8je fra Lykketegnings juleliste<\/h3>\n<p>Hos Happiness Drawing st\u00e5r julen h\u00f8jt p\u00e5 dagsordenen, og det er derfor, vi tilf\u00f8jer flere juletr\u00f8jer i \u00e5r! Vi er vilde med dem. Hvad synes du?<\/p>\n<p>F\u00e5s i b\u00e5de r\u00f8de og gr\u00f8nne farver. Unisex-st\u00f8rrelse.<\/p>\n<p>St\u00f8rrelsen p\u00e5 billedet er Medium p\u00e5 den r\u00f8de tr\u00f8je og Small p\u00e5 den gr\u00f8nne. Modellen (mig) bruger st\u00f8rrelse 38\/40.<\/p>\n<p>2 ugers leveringstid. Varen kan ikke byttes, da tr\u00f8jer bestilles efter den \u00f8nskede st\u00f8rrelse og det \u00f8nskede design.<\/p>\n<p>65% polyester, 35% bomuld<\/p>\n<p>280 g\/m2<\/p>\n<p>M\u00e5 ikke t\u00f8rretumbles, vask med vrangen ud.<\/p>","protected":false},"featured_media":41109,"comment_status":"open","ping_status":"closed","template":"","meta":[],"product_brand":[],"product_cat":[202],"product_tag":[205,158,374,375,206],"class_list":{"0":"post-40866","1":"product","2":"type-product","3":"status-publish","4":"has-post-thumbnail","6":"product_cat-klaer-med-trykk","7":"product_tag-genser","8":"product_tag-jul","9":"product_tag-julegenser","10":"product_tag-rod-julegenser","11":"product_tag-sweater","13":"first","14":"instock","15":"taxable","16":"shipping-taxable","17":"purchasable","18":"product-type-variable"},"yoast_head":"<!-- This site is optimized with the Yoast SEO plugin v27.4 - https:\/\/yoast.com\/product\/yoast-seo-wordpress\/ -->\n<title>Julegenser fra Lykketegning Christmas list (GR\u00d8NN) - LYKKETEGNING ILLUSTRAT\u00d8R<\/title>\n<meta name=\"description\" content=\"Julegenser fra Lykketegning Christmaslist. Hos Lykketegning s\u00e5 st\u00e5r jula h\u00f8yt og derfor klinker vi til med julegenser i \u00e5r! Du f\u00e5r den i b\u00e5de r\u00f8d og gr\u00f8nn farge.\" \/>\n<meta name=\"robots\" content=\"index, follow, max-snippet:-1, max-image-preview:large, max-video-preview:-1\" \/>\n<link rel=\"canonical\" href=\"https:\/\/www.lykketegning.no\/da\/vare\/juletroje-fra-lykke-tegning-juleliste-gronn\/\" \/>\n<meta property=\"og:locale\" content=\"da_DK\" \/>\n<meta property=\"og:type\" content=\"article\" \/>\n<meta property=\"og:title\" content=\"Julegenser fra Lykketegning Christmas list (GR\u00d8NN) - LYKKETEGNING ILLUSTRAT\u00d8R\" \/>\n<meta property=\"og:description\" content=\"Julegenser fra Lykketegning Christmaslist. Hos Lykketegning s\u00e5 st\u00e5r jula h\u00f8yt og derfor klinker vi til med julegenser i \u00e5r! Du f\u00e5r den i b\u00e5de r\u00f8d og gr\u00f8nn farge.\" \/>\n<meta property=\"og:url\" content=\"https:\/\/www.lykketegning.no\/da\/vare\/juletroje-fra-lykke-tegning-juleliste-gronn\/\" \/>\n<meta property=\"og:site_name\" content=\"LYKKETEGNING ILLUSTRAT\u00d8R\" \/>\n<meta property=\"article:publisher\" content=\"https:\/\/www.facebook.com\/lykketegning\/\" \/>\n<meta property=\"article:modified_time\" content=\"2026-01-02T12:18:49+00:00\" \/>\n<meta property=\"og:image\" content=\"https:\/\/www.lykketegning.no\/wp-content\/uploads\/2025\/10\/869f326f-e5da-4f83-bac6-9e56e7e3729c-scaled.jpg\" \/>\n\t<meta property=\"og:image:width\" content=\"1857\" \/>\n\t<meta property=\"og:image:height\" content=\"2560\" \/>\n\t<meta property=\"og:image:type\" content=\"image\/jpeg\" \/>\n<meta name=\"twitter:card\" content=\"summary_large_image\" \/>\n<meta name=\"twitter:label1\" content=\"Estimeret l\u00e6setid\" \/>\n\t<meta name=\"twitter:data1\" content=\"2 minutter\" \/>\n<script type=\"application\/ld+json\" class=\"yoast-schema-graph\">{\"@context\":\"https:\\\/\\\/schema.org\",\"@graph\":[{\"@type\":\"WebPage\",\"@id\":\"https:\\\/\\\/www.lykketegning.no\\\/produkt\\\/julegenser-fra-lykketegning-christmas-list-gronn\\\/\",\"url\":\"https:\\\/\\\/www.lykketegning.no\\\/produkt\\\/julegenser-fra-lykketegning-christmas-list-gronn\\\/\",\"name\":\"Julegenser fra Lykketegning Christmas list (GR\u00d8NN) - LYKKETEGNING ILLUSTRAT\u00d8R\",\"isPartOf\":{\"@id\":\"https:\\\/\\\/www.lykketegning.no\\\/#website\"},\"primaryImageOfPage\":{\"@id\":\"https:\\\/\\\/www.lykketegning.no\\\/produkt\\\/julegenser-fra-lykketegning-christmas-list-gronn\\\/#primaryimage\"},\"image\":{\"@id\":\"https:\\\/\\\/www.lykketegning.no\\\/produkt\\\/julegenser-fra-lykketegning-christmas-list-gronn\\\/#primaryimage\"},\"thumbnailUrl\":\"https:\\\/\\\/www.lykketegning.no\\\/wp-content\\\/uploads\\\/2025\\\/10\\\/869f326f-e5da-4f83-bac6-9e56e7e3729c-scaled.jpg\",\"datePublished\":\"2024-10-09T10:52:03+00:00\",\"dateModified\":\"2026-01-02T12:18:49+00:00\",\"description\":\"Julegenser fra Lykketegning Christmaslist. Hos Lykketegning s\u00e5 st\u00e5r jula h\u00f8yt og derfor klinker vi til med julegenser i \u00e5r! Du f\u00e5r den i b\u00e5de r\u00f8d og gr\u00f8nn farge.\",\"breadcrumb\":{\"@id\":\"https:\\\/\\\/www.lykketegning.no\\\/produkt\\\/julegenser-fra-lykketegning-christmas-list-gronn\\\/#breadcrumb\"},\"inLanguage\":\"da-DK\",\"potentialAction\":[{\"@type\":\"ReadAction\",\"target\":[\"https:\\\/\\\/www.lykketegning.no\\\/produkt\\\/julegenser-fra-lykketegning-christmas-list-gronn\\\/\"]}]},{\"@type\":\"ImageObject\",\"inLanguage\":\"da-DK\",\"@id\":\"https:\\\/\\\/www.lykketegning.no\\\/produkt\\\/julegenser-fra-lykketegning-christmas-list-gronn\\\/#primaryimage\",\"url\":\"https:\\\/\\\/www.lykketegning.no\\\/wp-content\\\/uploads\\\/2025\\\/10\\\/869f326f-e5da-4f83-bac6-9e56e7e3729c-scaled.jpg\",\"contentUrl\":\"https:\\\/\\\/www.lykketegning.no\\\/wp-content\\\/uploads\\\/2025\\\/10\\\/869f326f-e5da-4f83-bac6-9e56e7e3729c-scaled.jpg\",\"width\":1857,\"height\":2560},{\"@type\":\"BreadcrumbList\",\"@id\":\"https:\\\/\\\/www.lykketegning.no\\\/produkt\\\/julegenser-fra-lykketegning-christmas-list-gronn\\\/#breadcrumb\",\"itemListElement\":[{\"@type\":\"ListItem\",\"position\":1,\"name\":\"Hjem\",\"item\":\"https:\\\/\\\/www.lykketegning.no\\\/\"},{\"@type\":\"ListItem\",\"position\":2,\"name\":\"Shop\",\"item\":\"https:\\\/\\\/www.lykketegning.no\\\/sv\\\/webbutik\\\/\"},{\"@type\":\"ListItem\",\"position\":3,\"name\":\"Julegenser fra Lykketegning Christmas list (GR\u00d8NN)\"}]},{\"@type\":\"WebSite\",\"@id\":\"https:\\\/\\\/www.lykketegning.no\\\/#website\",\"url\":\"https:\\\/\\\/www.lykketegning.no\\\/\",\"name\":\"LYKKETEGNING ILLUSTRAT\u00d8R\",\"description\":\"\",\"publisher\":{\"@id\":\"https:\\\/\\\/www.lykketegning.no\\\/#organization\"},\"potentialAction\":[{\"@type\":\"SearchAction\",\"target\":{\"@type\":\"EntryPoint\",\"urlTemplate\":\"https:\\\/\\\/www.lykketegning.no\\\/?s={search_term_string}\"},\"query-input\":{\"@type\":\"PropertyValueSpecification\",\"valueRequired\":true,\"valueName\":\"search_term_string\"}}],\"inLanguage\":\"da-DK\"},{\"@type\":\"Organization\",\"@id\":\"https:\\\/\\\/www.lykketegning.no\\\/#organization\",\"name\":\"LYKKETEGNING ILLUSTRAT\u00d8R\",\"url\":\"https:\\\/\\\/www.lykketegning.no\\\/\",\"logo\":{\"@type\":\"ImageObject\",\"inLanguage\":\"da-DK\",\"@id\":\"https:\\\/\\\/www.lykketegning.no\\\/#\\\/schema\\\/logo\\\/image\\\/\",\"url\":\"https:\\\/\\\/www.lykketegning.no\\\/wp-content\\\/uploads\\\/2020\\\/03\\\/Logo2020_h400px.jpg\",\"contentUrl\":\"https:\\\/\\\/www.lykketegning.no\\\/wp-content\\\/uploads\\\/2020\\\/03\\\/Logo2020_h400px.jpg\",\"width\":1024,\"height\":400,\"caption\":\"LYKKETEGNING ILLUSTRAT\u00d8R\"},\"image\":{\"@id\":\"https:\\\/\\\/www.lykketegning.no\\\/#\\\/schema\\\/logo\\\/image\\\/\"},\"sameAs\":[\"https:\\\/\\\/www.facebook.com\\\/lykketegning\\\/\",\"https:\\\/\\\/www.instagram.com\\\/lykketegning\\\/\",\"https:\\\/\\\/www.youtube.com\\\/@lykketegningillustrations\",\"https:\\\/\\\/www.tiktok.com\\\/@lykketegningillustration\"]}]}<\/script>\n<!-- \/ Yoast SEO plugin. -->","yoast_head_json":{"title":"Juletr\u00f8je fra Lykketegnings juleliste (GR\u00d8N) - LYKKETEGNING ILLUSTRAT\u00d8R","description":"Juletr\u00f8je fra Lykketegnings juleliste. Hos Lykketegning er julen en stor ting, og derfor tilf\u00f8jer vi en juletr\u00f8je i \u00e5r! Den findes i b\u00e5de r\u00f8de og gr\u00f8nne farver.","robots":{"index":"index","follow":"follow","max-snippet":"max-snippet:-1","max-image-preview":"max-image-preview:large","max-video-preview":"max-video-preview:-1"},"canonical":"https:\/\/www.lykketegning.no\/da\/vare\/juletroje-fra-lykke-tegning-juleliste-gronn\/","og_locale":"da_DK","og_type":"article","og_title":"Julegenser fra Lykketegning Christmas list (GR\u00d8NN) - LYKKETEGNING ILLUSTRAT\u00d8R","og_description":"Julegenser fra Lykketegning Christmaslist. Hos Lykketegning s\u00e5 st\u00e5r jula h\u00f8yt og derfor klinker vi til med julegenser i \u00e5r! Du f\u00e5r den i b\u00e5de r\u00f8d og gr\u00f8nn farge.","og_url":"https:\/\/www.lykketegning.no\/da\/vare\/juletroje-fra-lykke-tegning-juleliste-gronn\/","og_site_name":"LYKKETEGNING ILLUSTRAT\u00d8R","article_publisher":"https:\/\/www.facebook.com\/lykketegning\/","article_modified_time":"2026-01-02T12:18:49+00:00","og_image":[{"width":1857,"height":2560,"url":"https:\/\/www.lykketegning.no\/wp-content\/uploads\/2025\/10\/869f326f-e5da-4f83-bac6-9e56e7e3729c-scaled.jpg","type":"image\/jpeg"}],"twitter_card":"summary_large_image","twitter_misc":{"Estimeret l\u00e6setid":"2 minutter"},"schema":{"@context":"https:\/\/schema.org","@graph":[{"@type":"WebPage","@id":"https:\/\/www.lykketegning.no\/produkt\/julegenser-fra-lykketegning-christmas-list-gronn\/","url":"https:\/\/www.lykketegning.no\/produkt\/julegenser-fra-lykketegning-christmas-list-gronn\/","name":"Juletr\u00f8je fra Lykketegnings juleliste (GR\u00d8N) - LYKKETEGNING ILLUSTRAT\u00d8R","isPartOf":{"@id":"https:\/\/www.lykketegning.no\/#website"},"primaryImageOfPage":{"@id":"https:\/\/www.lykketegning.no\/produkt\/julegenser-fra-lykketegning-christmas-list-gronn\/#primaryimage"},"image":{"@id":"https:\/\/www.lykketegning.no\/produkt\/julegenser-fra-lykketegning-christmas-list-gronn\/#primaryimage"},"thumbnailUrl":"https:\/\/www.lykketegning.no\/wp-content\/uploads\/2025\/10\/869f326f-e5da-4f83-bac6-9e56e7e3729c-scaled.jpg","datePublished":"2024-10-09T10:52:03+00:00","dateModified":"2026-01-02T12:18:49+00:00","description":"Juletr\u00f8je fra Lykketegnings juleliste. Hos Lykketegning er julen en stor ting, og derfor tilf\u00f8jer vi en juletr\u00f8je i \u00e5r! Den findes i b\u00e5de r\u00f8de og gr\u00f8nne farver.","breadcrumb":{"@id":"https:\/\/www.lykketegning.no\/produkt\/julegenser-fra-lykketegning-christmas-list-gronn\/#breadcrumb"},"inLanguage":"da-DK","potentialAction":[{"@type":"ReadAction","target":["https:\/\/www.lykketegning.no\/produkt\/julegenser-fra-lykketegning-christmas-list-gronn\/"]}]},{"@type":"ImageObject","inLanguage":"da-DK","@id":"https:\/\/www.lykketegning.no\/produkt\/julegenser-fra-lykketegning-christmas-list-gronn\/#primaryimage","url":"https:\/\/www.lykketegning.no\/wp-content\/uploads\/2025\/10\/869f326f-e5da-4f83-bac6-9e56e7e3729c-scaled.jpg","contentUrl":"https:\/\/www.lykketegning.no\/wp-content\/uploads\/2025\/10\/869f326f-e5da-4f83-bac6-9e56e7e3729c-scaled.jpg","width":1857,"height":2560},{"@type":"BreadcrumbList","@id":"https:\/\/www.lykketegning.no\/produkt\/julegenser-fra-lykketegning-christmas-list-gronn\/#breadcrumb","itemListElement":[{"@type":"ListItem","position":1,"name":"Hjem","item":"https:\/\/www.lykketegning.no\/"},{"@type":"ListItem","position":2,"name":"Shop","item":"https:\/\/www.lykketegning.no\/sv\/webbutik\/"},{"@type":"ListItem","position":3,"name":"Julegenser fra Lykketegning Christmas list (GR\u00d8NN)"}]},{"@type":"WebSite","@id":"https:\/\/www.lykketegning.no\/#website","url":"https:\/\/www.lykketegning.no\/","name":"LYKKETEGNING ILLUSTRATOR","description":"","publisher":{"@id":"https:\/\/www.lykketegning.no\/#organization"},"potentialAction":[{"@type":"SearchAction","target":{"@type":"EntryPoint","urlTemplate":"https:\/\/www.lykketegning.no\/?s={search_term_string}"},"query-input":{"@type":"PropertyValueSpecification","valueRequired":true,"valueName":"search_term_string"}}],"inLanguage":"da-DK"},{"@type":"Organization","@id":"https:\/\/www.lykketegning.no\/#organization","name":"LYKKETEGNING ILLUSTRATOR","url":"https:\/\/www.lykketegning.no\/","logo":{"@type":"ImageObject","inLanguage":"da-DK","@id":"https:\/\/www.lykketegning.no\/#\/schema\/logo\/image\/","url":"https:\/\/www.lykketegning.no\/wp-content\/uploads\/2020\/03\/Logo2020_h400px.jpg","contentUrl":"https:\/\/www.lykketegning.no\/wp-content\/uploads\/2020\/03\/Logo2020_h400px.jpg","width":1024,"height":400,"caption":"LYKKETEGNING ILLUSTRAT\u00d8R"},"image":{"@id":"https:\/\/www.lykketegning.no\/#\/schema\/logo\/image\/"},"sameAs":["https:\/\/www.facebook.com\/lykketegning\/","https:\/\/www.instagram.com\/lykketegning\/","https:\/\/www.youtube.com\/@lykketegningillustrations","https:\/\/www.tiktok.com\/@lykketegningillustration"]}]}},"_links":{"self":[{"href":"https:\/\/www.lykketegning.no\/da\/wp-json\/wp\/v2\/product\/40866","targetHints":{"allow":["GET"]}}],"collection":[{"href":"https:\/\/www.lykketegning.no\/da\/wp-json\/wp\/v2\/product"}],"about":[{"href":"https:\/\/www.lykketegning.no\/da\/wp-json\/wp\/v2\/types\/product"}],"replies":[{"embeddable":true,"href":"https:\/\/www.lykketegning.no\/da\/wp-json\/wp\/v2\/comments?post=40866"}],"wp:featuredmedia":[{"embeddable":true,"href":"https:\/\/www.lykketegning.no\/da\/wp-json\/wp\/v2\/media\/41109"}],"wp:attachment":[{"href":"https:\/\/www.lykketegning.no\/da\/wp-json\/wp\/v2\/media?parent=40866"}],"wp:term":[{"taxonomy":"product_brand","embeddable":true,"href":"https:\/\/www.lykketegning.no\/da\/wp-json\/wp\/v2\/product_brand?post=40866"},{"taxonomy":"product_cat","embeddable":true,"href":"https:\/\/www.lykketegning.no\/da\/wp-json\/wp\/v2\/product_cat?post=40866"},{"taxonomy":"product_tag","embeddable":true,"href":"https:\/\/www.lykketegning.no\/da\/wp-json\/wp\/v2\/product_tag?post=40866"}],"curies":[{"name":"wp","href":"https:\/\/api.w.org\/{rel}","templated":true}]}}