{"id":40776,"date":"2025-10-02T13:55:25","date_gmt":"2025-10-02T11:55:25","guid":{"rendered":"https:\/\/www.lykketegning.no\/?post_type=product&#038;p=40776"},"modified":"2025-12-21T21:48:56","modified_gmt":"2025-12-21T20:48:56","slug":"svensk-manadskalendern-fran-lykketegning-for-2026-svensk-edition","status":"publish","type":"product","link":"https:\/\/www.lykketegning.no\/da\/vare\/svensk-manadskalendern-fran-lykketegning-til-2026-svensk-udgave\/","title":{"rendered":"Svensk m\u00e5nedskalender fra Lykketegning for 2026! Svensk udgave"},"content":{"rendered":"<h3>Svensk m\u00e5nedskalender fra Lykketegning for 2026! Svensk udgave<\/h3>\n<h3>Smuk m\u00e5nedskalender fra Luck Drawing 2026 - januar 2026-december 2026.<\/h3>\n<p>Denne m\u00e5nedskalender var et hit i 2025, hvor 1.000 kalendere blev udsolgt i vores onlinebutik p\u00e5 bare en m\u00e5ned, og nu kan du k\u00f8be den i vores onlinebutik!<\/p>\n<p>Hver side viser en m\u00e5ned med ugenummer og en lille boks til noter for hver dag.<\/p>\n<p>I \u00e5r er der en illustration p\u00e5 den ene side, som du kan rive ud og indramme i slutningen af m\u00e5neden! Dekorativ p\u00e5 v\u00e6ggen.<\/p>\n<p>M\u00e5nedskalenderen er spiralbundet og har huller til oph\u00e6ngning.<\/p>\n<p>Format: A4 liggende.<\/p>\n<p>En perfekt julegave til medarbejdere, v\u00e6rtinder, familie og dig selv.<\/p>\n<p>&nbsp;<\/p>\n<p><strong>\"Hos Lykketegning bliver hver eneste illustration skabt med varme og omhu.<\/strong><br \/>\n<strong>Med st\u00e6rke farver, klare linjer og gode citater vil Happiness Drawing f\u00e5 dig til at stoppe op et \u00f8jeblik, tage en dyb ind\u00e5nding og derefter s\u00e6tte en god kurs fremad.<\/strong><br \/>\n<strong>\"Hjerterne og smilene er fra mig til dig for at minde dig om, at du er rigtig god!\"<\/strong><\/p>\n<p>&nbsp;<\/p>\n<p>P\u00e5 hjemmesiden finder du nogle illustrationer og andre produkter som kopper, lyk\u00f8nskningskort og kalendere.<\/p>\n<p>Der kommer hele tiden nye produkter til, s\u00e5 du er velkommen til at tilmelde dig nyhedsbrevet for at f\u00e5 m\u00e5nedlige opdateringer.<\/p>\n<p>For <strong>mange mange mange mange<\/strong> flere illustrationer; bes\u00f8g min Instagram- og Facebook-profil.<\/p>\n<p>Faktisk er alle illustrationer til salg. 999 SEK for A4 og 1500 SEK for A3.<\/p>\n<p>Du kan ogs\u00e5 bestille dine helt egne - gode gaver til bryllupper og andre fester. Kontakt indbakken for dette.<\/p>\n<p><em>Pris: 1500kr for A4 og A5 (op til 5 personer\/dyr), ekstra omkostninger for flere (op til 5 personer\/dyr). A3 2000kr ex porto. Jeg har brug for at kende h\u00e5rfarve\/h\u00e5rtype, h\u00f8jde, interesser og \u00f8nsket antal illustrerede personer. Alle tilbud, du \u00f8nsker inkluderet.<\/em><\/p>\n<p>Hvis du har sp\u00f8rgsm\u00e5l, s\u00e5 t\u00f8v ikke med at kontakte mig! Hvis du gerne vil have en snak om et muligt samarbejde, s\u00e5 send mig en e-mail.<\/p>\n<p>Jeg ser frem til at h\u00f8re fra dig og h\u00e5ber, at du f\u00e5r en dejlig dag. <a href=\"https:\/\/www.facebook.com\/lykketegning\/?locale=nb_NO\">S\u00e5 kommer du til min Facebook-side.<\/a> Og hvis du vil f\u00f8lge mig p\u00e5<a href=\"https:\/\/www.instagram.com\/lykketegning\/?hl=nb\"> Instagram, du finder det her.<\/a><\/p>\n<p>Kunstner<br \/>\nIngebj\u00f8rg Rang\u00f8y Sj\u00e5land<\/p>\n<p>&nbsp;<\/p>","protected":false},"excerpt":{"rendered":"<p>Smuk m\u00e5nedskalender fra Luck Drawing 2026 - januar 2026-december 2026.<\/p>\n<p>Denne m\u00e5nedskalender var et hit i 2025, hvor 1.000 kalendere blev udsolgt i vores onlinebutik p\u00e5 bare en m\u00e5ned, og nu kan du k\u00f8be den i vores onlinebutik!<\/p>\n<p>Hver side viser en m\u00e5ned med ugenummer og en lille boks til noter for hver dag.<\/p>\n<p>I \u00e5r er der en illustration p\u00e5 den ene side, som du kan rive ud og indramme i slutningen af m\u00e5neden! Dekorativ p\u00e5 v\u00e6ggen.<\/p>\n<p>M\u00e5nedskalenderen er spiralbundet og har huller til oph\u00e6ngning.<\/p>\n<p>Format: A4 liggende.<\/p>\n<p>En perfekt julegave til medarbejdere, v\u00e6rtinder, familie og dig selv.<\/p>\n<p>&nbsp;<\/p>","protected":false},"featured_media":40777,"comment_status":"open","ping_status":"closed","template":"","meta":[],"product_brand":[],"product_cat":[153,169],"product_tag":[268,57,250,267],"class_list":{"0":"post-40776","1":"product","2":"type-product","3":"status-publish","4":"has-post-thumbnail","6":"product_cat-illustrert-kalender","7":"product_cat-trykk","8":"product_tag-calender","9":"product_tag-kalender","10":"product_tag-lykketegning","11":"product_tag-manedskalender","13":"first","14":"instock","15":"taxable","16":"shipping-taxable","17":"purchasable","18":"product-type-simple"},"yoast_head":"<!-- This site is optimized with the Yoast SEO plugin v27.3 - https:\/\/yoast.com\/product\/yoast-seo-wordpress\/ -->\n<title>Svensk m\u00e5nadskalendern fr\u00e5n Lykketegning for 2026! Svensk edition - LYKKETEGNING ILLUSTRAT\u00d8R<\/title>\n<meta name=\"description\" content=\"Vacker m\u00e5nadskalender fr\u00e5n Lykketegning 2026 M\u00e5nadskalendern \u00e4r spiralbunden och har h\u00e5l f\u00f6r upph\u00e4ngning.En perfekt julklapp till anst\u00e4llda, familjen och dig sj\u00e4lv.\" \/>\n<meta name=\"robots\" content=\"index, follow, max-snippet:-1, max-image-preview:large, max-video-preview:-1\" \/>\n<link rel=\"canonical\" href=\"https:\/\/www.lykketegning.no\/da\/product-2\/svensk-manadskalendern-fran-happiness-drawing-for-2026-swedish-edition\/\" \/>\n<meta property=\"og:locale\" content=\"da_DK\" \/>\n<meta property=\"og:type\" content=\"article\" \/>\n<meta property=\"og:title\" content=\"Svensk m\u00e5nadskalendern fr\u00e5n Lykketegning for 2026! Svensk edition - LYKKETEGNING ILLUSTRAT\u00d8R\" \/>\n<meta property=\"og:description\" content=\"Vacker m\u00e5nadskalender fr\u00e5n Lykketegning 2026 M\u00e5nadskalendern \u00e4r spiralbunden och har h\u00e5l f\u00f6r upph\u00e4ngning.En perfekt julklapp till anst\u00e4llda, familjen och dig sj\u00e4lv.\" \/>\n<meta property=\"og:url\" content=\"https:\/\/www.lykketegning.no\/da\/product-2\/svensk-manadskalendern-fran-happiness-drawing-for-2026-swedish-edition\/\" \/>\n<meta property=\"og:site_name\" content=\"LYKKETEGNING ILLUSTRAT\u00d8R\" \/>\n<meta property=\"article:publisher\" content=\"https:\/\/www.facebook.com\/lykketegning\/\" \/>\n<meta property=\"article:modified_time\" content=\"2025-12-21T20:48:56+00:00\" \/>\n<meta property=\"og:image\" content=\"https:\/\/www.lykketegning.no\/wp-content\/uploads\/2025\/10\/Untitled_Artwork-108-scaled.jpg\" \/>\n\t<meta property=\"og:image:width\" content=\"2560\" \/>\n\t<meta property=\"og:image:height\" content=\"1810\" \/>\n\t<meta property=\"og:image:type\" content=\"image\/jpeg\" \/>\n<meta name=\"twitter:card\" content=\"summary_large_image\" \/>\n<meta name=\"twitter:label1\" content=\"Estimeret l\u00e6setid\" \/>\n\t<meta name=\"twitter:data1\" content=\"3 minutter\" \/>\n<script type=\"application\/ld+json\" class=\"yoast-schema-graph\">{\"@context\":\"https:\\\/\\\/schema.org\",\"@graph\":[{\"@type\":\"WebPage\",\"@id\":\"https:\\\/\\\/www.lykketegning.no\\\/en\\\/product-2\\\/svensk-manadskalendern-fran-happiness-drawing-for-2026-swedish-edition\\\/\",\"url\":\"https:\\\/\\\/www.lykketegning.no\\\/en\\\/product-2\\\/svensk-manadskalendern-fran-happiness-drawing-for-2026-swedish-edition\\\/\",\"name\":\"Svensk m\u00e5nadskalendern fr\u00e5n Lykketegning for 2026! Svensk edition - LYKKETEGNING ILLUSTRAT\u00d8R\",\"isPartOf\":{\"@id\":\"https:\\\/\\\/www.lykketegning.no\\\/#website\"},\"primaryImageOfPage\":{\"@id\":\"https:\\\/\\\/www.lykketegning.no\\\/en\\\/product-2\\\/svensk-manadskalendern-fran-happiness-drawing-for-2026-swedish-edition\\\/#primaryimage\"},\"image\":{\"@id\":\"https:\\\/\\\/www.lykketegning.no\\\/en\\\/product-2\\\/svensk-manadskalendern-fran-happiness-drawing-for-2026-swedish-edition\\\/#primaryimage\"},\"thumbnailUrl\":\"https:\\\/\\\/www.lykketegning.no\\\/wp-content\\\/uploads\\\/2025\\\/10\\\/Untitled_Artwork-108-scaled.jpg\",\"datePublished\":\"2025-10-02T11:55:25+00:00\",\"dateModified\":\"2025-12-21T20:48:56+00:00\",\"description\":\"Vacker m\u00e5nadskalender fr\u00e5n Lykketegning 2026 M\u00e5nadskalendern \u00e4r spiralbunden och har h\u00e5l f\u00f6r upph\u00e4ngning.En perfekt julklapp till anst\u00e4llda, familjen och dig sj\u00e4lv.\",\"breadcrumb\":{\"@id\":\"https:\\\/\\\/www.lykketegning.no\\\/en\\\/product-2\\\/svensk-manadskalendern-fran-happiness-drawing-for-2026-swedish-edition\\\/#breadcrumb\"},\"inLanguage\":\"da-DK\",\"potentialAction\":[{\"@type\":\"ReadAction\",\"target\":[\"https:\\\/\\\/www.lykketegning.no\\\/en\\\/product-2\\\/svensk-manadskalendern-fran-happiness-drawing-for-2026-swedish-edition\\\/\"]}]},{\"@type\":\"ImageObject\",\"inLanguage\":\"da-DK\",\"@id\":\"https:\\\/\\\/www.lykketegning.no\\\/en\\\/product-2\\\/svensk-manadskalendern-fran-happiness-drawing-for-2026-swedish-edition\\\/#primaryimage\",\"url\":\"https:\\\/\\\/www.lykketegning.no\\\/wp-content\\\/uploads\\\/2025\\\/10\\\/Untitled_Artwork-108-scaled.jpg\",\"contentUrl\":\"https:\\\/\\\/www.lykketegning.no\\\/wp-content\\\/uploads\\\/2025\\\/10\\\/Untitled_Artwork-108-scaled.jpg\",\"width\":2560,\"height\":1810},{\"@type\":\"BreadcrumbList\",\"@id\":\"https:\\\/\\\/www.lykketegning.no\\\/en\\\/product-2\\\/svensk-manadskalendern-fran-happiness-drawing-for-2026-swedish-edition\\\/#breadcrumb\",\"itemListElement\":[{\"@type\":\"ListItem\",\"position\":1,\"name\":\"Hjem\",\"item\":\"https:\\\/\\\/www.lykketegning.no\\\/\"},{\"@type\":\"ListItem\",\"position\":2,\"name\":\"Shop\",\"item\":\"https:\\\/\\\/www.lykketegning.no\\\/sv\\\/webbutik\\\/\"},{\"@type\":\"ListItem\",\"position\":3,\"name\":\"Svensk m\u00e5nadskalendern fr\u00e5n Lykketegning for 2026! Svensk edition\"}]},{\"@type\":\"WebSite\",\"@id\":\"https:\\\/\\\/www.lykketegning.no\\\/#website\",\"url\":\"https:\\\/\\\/www.lykketegning.no\\\/\",\"name\":\"LYKKETEGNING ILLUSTRAT\u00d8R\",\"description\":\"\",\"publisher\":{\"@id\":\"https:\\\/\\\/www.lykketegning.no\\\/#organization\"},\"potentialAction\":[{\"@type\":\"SearchAction\",\"target\":{\"@type\":\"EntryPoint\",\"urlTemplate\":\"https:\\\/\\\/www.lykketegning.no\\\/?s={search_term_string}\"},\"query-input\":{\"@type\":\"PropertyValueSpecification\",\"valueRequired\":true,\"valueName\":\"search_term_string\"}}],\"inLanguage\":\"da-DK\"},{\"@type\":\"Organization\",\"@id\":\"https:\\\/\\\/www.lykketegning.no\\\/#organization\",\"name\":\"LYKKETEGNING ILLUSTRAT\u00d8R\",\"url\":\"https:\\\/\\\/www.lykketegning.no\\\/\",\"logo\":{\"@type\":\"ImageObject\",\"inLanguage\":\"da-DK\",\"@id\":\"https:\\\/\\\/www.lykketegning.no\\\/#\\\/schema\\\/logo\\\/image\\\/\",\"url\":\"https:\\\/\\\/www.lykketegning.no\\\/wp-content\\\/uploads\\\/2020\\\/03\\\/Logo2020_h400px.jpg\",\"contentUrl\":\"https:\\\/\\\/www.lykketegning.no\\\/wp-content\\\/uploads\\\/2020\\\/03\\\/Logo2020_h400px.jpg\",\"width\":1024,\"height\":400,\"caption\":\"LYKKETEGNING ILLUSTRAT\u00d8R\"},\"image\":{\"@id\":\"https:\\\/\\\/www.lykketegning.no\\\/#\\\/schema\\\/logo\\\/image\\\/\"},\"sameAs\":[\"https:\\\/\\\/www.facebook.com\\\/lykketegning\\\/\",\"https:\\\/\\\/www.instagram.com\\\/lykketegning\\\/\",\"https:\\\/\\\/www.youtube.com\\\/@lykketegningillustrations\",\"https:\\\/\\\/www.tiktok.com\\\/@lykketegningillustration\"]}]}<\/script>\n<!-- \/ Yoast SEO plugin. -->","yoast_head_json":{"title":"Svensk m\u00e5nedskalender fra Lykketegning for 2026! Svensk udgave - LYKKETEGNING ILLUSTRAT\u00d8R","description":"Smuk m\u00e5nedskalender fra Lykketegning 2026 M\u00e5nedskalenderen er spiralbundet og har huller til oph\u00e6ngning. En perfekt julegave til medarbejdere, familie og dig selv.","robots":{"index":"index","follow":"follow","max-snippet":"max-snippet:-1","max-image-preview":"max-image-preview:large","max-video-preview":"max-video-preview:-1"},"canonical":"https:\/\/www.lykketegning.no\/da\/product-2\/svensk-manadskalendern-fran-happiness-drawing-for-2026-swedish-edition\/","og_locale":"da_DK","og_type":"article","og_title":"Svensk m\u00e5nadskalendern fr\u00e5n Lykketegning for 2026! Svensk edition - LYKKETEGNING ILLUSTRAT\u00d8R","og_description":"Vacker m\u00e5nadskalender fr\u00e5n Lykketegning 2026 M\u00e5nadskalendern \u00e4r spiralbunden och har h\u00e5l f\u00f6r upph\u00e4ngning.En perfekt julklapp till anst\u00e4llda, familjen och dig sj\u00e4lv.","og_url":"https:\/\/www.lykketegning.no\/da\/product-2\/svensk-manadskalendern-fran-happiness-drawing-for-2026-swedish-edition\/","og_site_name":"LYKKETEGNING ILLUSTRAT\u00d8R","article_publisher":"https:\/\/www.facebook.com\/lykketegning\/","article_modified_time":"2025-12-21T20:48:56+00:00","og_image":[{"width":2560,"height":1810,"url":"https:\/\/www.lykketegning.no\/wp-content\/uploads\/2025\/10\/Untitled_Artwork-108-scaled.jpg","type":"image\/jpeg"}],"twitter_card":"summary_large_image","twitter_misc":{"Estimeret l\u00e6setid":"3 minutter"},"schema":{"@context":"https:\/\/schema.org","@graph":[{"@type":"WebPage","@id":"https:\/\/www.lykketegning.no\/en\/product-2\/svensk-manadskalendern-fran-happiness-drawing-for-2026-swedish-edition\/","url":"https:\/\/www.lykketegning.no\/en\/product-2\/svensk-manadskalendern-fran-happiness-drawing-for-2026-swedish-edition\/","name":"Svensk m\u00e5nedskalender fra Lykketegning for 2026! Svensk udgave - LYKKETEGNING ILLUSTRAT\u00d8R","isPartOf":{"@id":"https:\/\/www.lykketegning.no\/#website"},"primaryImageOfPage":{"@id":"https:\/\/www.lykketegning.no\/en\/product-2\/svensk-manadskalendern-fran-happiness-drawing-for-2026-swedish-edition\/#primaryimage"},"image":{"@id":"https:\/\/www.lykketegning.no\/en\/product-2\/svensk-manadskalendern-fran-happiness-drawing-for-2026-swedish-edition\/#primaryimage"},"thumbnailUrl":"https:\/\/www.lykketegning.no\/wp-content\/uploads\/2025\/10\/Untitled_Artwork-108-scaled.jpg","datePublished":"2025-10-02T11:55:25+00:00","dateModified":"2025-12-21T20:48:56+00:00","description":"Smuk m\u00e5nedskalender fra Lykketegning 2026 M\u00e5nedskalenderen er spiralbundet og har huller til oph\u00e6ngning. En perfekt julegave til medarbejdere, familie og dig selv.","breadcrumb":{"@id":"https:\/\/www.lykketegning.no\/en\/product-2\/svensk-manadskalendern-fran-happiness-drawing-for-2026-swedish-edition\/#breadcrumb"},"inLanguage":"da-DK","potentialAction":[{"@type":"ReadAction","target":["https:\/\/www.lykketegning.no\/en\/product-2\/svensk-manadskalendern-fran-happiness-drawing-for-2026-swedish-edition\/"]}]},{"@type":"ImageObject","inLanguage":"da-DK","@id":"https:\/\/www.lykketegning.no\/en\/product-2\/svensk-manadskalendern-fran-happiness-drawing-for-2026-swedish-edition\/#primaryimage","url":"https:\/\/www.lykketegning.no\/wp-content\/uploads\/2025\/10\/Untitled_Artwork-108-scaled.jpg","contentUrl":"https:\/\/www.lykketegning.no\/wp-content\/uploads\/2025\/10\/Untitled_Artwork-108-scaled.jpg","width":2560,"height":1810},{"@type":"BreadcrumbList","@id":"https:\/\/www.lykketegning.no\/en\/product-2\/svensk-manadskalendern-fran-happiness-drawing-for-2026-swedish-edition\/#breadcrumb","itemListElement":[{"@type":"ListItem","position":1,"name":"Hjem","item":"https:\/\/www.lykketegning.no\/"},{"@type":"ListItem","position":2,"name":"Shop","item":"https:\/\/www.lykketegning.no\/sv\/webbutik\/"},{"@type":"ListItem","position":3,"name":"Svensk m\u00e5nadskalendern fr\u00e5n Lykketegning for 2026! Svensk edition"}]},{"@type":"WebSite","@id":"https:\/\/www.lykketegning.no\/#website","url":"https:\/\/www.lykketegning.no\/","name":"LYKKETEGNING ILLUSTRATOR","description":"","publisher":{"@id":"https:\/\/www.lykketegning.no\/#organization"},"potentialAction":[{"@type":"SearchAction","target":{"@type":"EntryPoint","urlTemplate":"https:\/\/www.lykketegning.no\/?s={search_term_string}"},"query-input":{"@type":"PropertyValueSpecification","valueRequired":true,"valueName":"search_term_string"}}],"inLanguage":"da-DK"},{"@type":"Organization","@id":"https:\/\/www.lykketegning.no\/#organization","name":"LYKKETEGNING ILLUSTRATOR","url":"https:\/\/www.lykketegning.no\/","logo":{"@type":"ImageObject","inLanguage":"da-DK","@id":"https:\/\/www.lykketegning.no\/#\/schema\/logo\/image\/","url":"https:\/\/www.lykketegning.no\/wp-content\/uploads\/2020\/03\/Logo2020_h400px.jpg","contentUrl":"https:\/\/www.lykketegning.no\/wp-content\/uploads\/2020\/03\/Logo2020_h400px.jpg","width":1024,"height":400,"caption":"LYKKETEGNING ILLUSTRAT\u00d8R"},"image":{"@id":"https:\/\/www.lykketegning.no\/#\/schema\/logo\/image\/"},"sameAs":["https:\/\/www.facebook.com\/lykketegning\/","https:\/\/www.instagram.com\/lykketegning\/","https:\/\/www.youtube.com\/@lykketegningillustrations","https:\/\/www.tiktok.com\/@lykketegningillustration"]}]}},"_links":{"self":[{"href":"https:\/\/www.lykketegning.no\/da\/wp-json\/wp\/v2\/product\/40776","targetHints":{"allow":["GET"]}}],"collection":[{"href":"https:\/\/www.lykketegning.no\/da\/wp-json\/wp\/v2\/product"}],"about":[{"href":"https:\/\/www.lykketegning.no\/da\/wp-json\/wp\/v2\/types\/product"}],"replies":[{"embeddable":true,"href":"https:\/\/www.lykketegning.no\/da\/wp-json\/wp\/v2\/comments?post=40776"}],"wp:featuredmedia":[{"embeddable":true,"href":"https:\/\/www.lykketegning.no\/da\/wp-json\/wp\/v2\/media\/40777"}],"wp:attachment":[{"href":"https:\/\/www.lykketegning.no\/da\/wp-json\/wp\/v2\/media?parent=40776"}],"wp:term":[{"taxonomy":"product_brand","embeddable":true,"href":"https:\/\/www.lykketegning.no\/da\/wp-json\/wp\/v2\/product_brand?post=40776"},{"taxonomy":"product_cat","embeddable":true,"href":"https:\/\/www.lykketegning.no\/da\/wp-json\/wp\/v2\/product_cat?post=40776"},{"taxonomy":"product_tag","embeddable":true,"href":"https:\/\/www.lykketegning.no\/da\/wp-json\/wp\/v2\/product_tag?post=40776"}],"curies":[{"name":"wp","href":"https:\/\/api.w.org\/{rel}","templated":true}]}}