{"id":40772,"date":"2025-10-02T11:20:24","date_gmt":"2025-10-02T09:20:24","guid":{"rendered":"https:\/\/www.lykketegning.no\/?post_type=product&#038;p=40772"},"modified":"2025-10-27T14:30:13","modified_gmt":"2025-10-27T13:30:13","slug":"kjop-6-betal-for-5-flotte-lykkekrus-med-ulike-motiv-family-edition","status":"publish","type":"product","link":"https:\/\/www.lykketegning.no\/da\/vare\/kob-6-og-betal-for-5-smukke-happy-mugs-med-forskellige-motiver-familieudgave\/","title":{"rendered":"K\u00f8b 6 og betal for 5 smukke Happy Mugs med forskellige motiver. Familieudgave"},"content":{"rendered":"<h3>K\u00f8b 6 og betal for 5 smukke Happy Mugs med forskellige motiver. Familieudgave<\/h3>\n<p>Hos Luck Drawing bygger vi p\u00e5 en r\u00e6kke kopper.<\/p>\n<p>Her har du seks kopper:\"<a href=\"https:\/\/www.lykketegning.no\/da\/vare\/jubilaeumstilbud-pa-happiness-cup-life\/\">LEV\"(149,-)<\/a>, <a href=\"https:\/\/www.lykketegning.no\/da\/vare\/heldig-tegning-kop-soster\/\">\u00a0\"S\u00f8ster (299,-),<\/a> \u00a0<a href=\"https:\/\/www.lykketegning.no\/da\/vare\/heldig-tegning-kop-bror\/\">\"BROR\" (149,-),<\/a> <a href=\"https:\/\/www.lykketegning.no\/da\/vare\/nyhed-bedstefar\/\">\"BEDSTEFAR\"(299,-)<\/a> <a href=\"https:\/\/www.lykketegning.no\/da\/vare\/nyt-lykkekrus-far\/\">\"PAPPA\"(299,-)<\/a>og <a href=\"https:\/\/www.lykketegning.no\/da\/vare\/lucky-mug-mum-fra-lucky-draw\/\">\"MUM\" (299,-). <\/a><\/p>\n<p>Pakkepris for alle seks 1345kr (en af hver kop)<\/p>\n<p>Gode gaver at give v\u00e6k, men husk at f\u00e5 lidt selv!<\/p>\n<p>T\u00e5ler opvaskemaskine<\/p>\n<p><strong>\"Hos Lykketegning bliver hver eneste illustration skabt med varme og omhu.<\/strong><br \/>\n<strong>Med st\u00e6rke farver, klare linjer og gode citater vil Happiness Drawing f\u00e5 dig til at stoppe op et \u00f8jeblik, tage en dyb ind\u00e5nding og derefter s\u00e6tte en god kurs fremad.<\/strong><br \/>\n<strong>\"Hjerterne og smilene er fra mig til dig for at minde dig om, at du er rigtig god!\"<\/strong><\/p>\n<p>&nbsp;<\/p>\n<p>P\u00e5 hjemmesiden finder du nogle illustrationer og andre produkter som kopper, lyk\u00f8nskningskort og kalendere.<\/p>\n<p>Der kommer hele tiden nye produkter til, s\u00e5 du er velkommen til at tilmelde dig nyhedsbrevet for at f\u00e5 m\u00e5nedlige opdateringer.<\/p>\n<p>For <strong>mange mange mange mange<\/strong> flere illustrationer; bes\u00f8g min Instagram- og Facebook-profil.<\/p>\n<p>Faktisk er alle illustrationer til salg. 999 SEK for A4 og 1500 SEK for A3.<\/p>\n<p>Du kan ogs\u00e5 bestille dine helt egne - gode gaver til bryllupper og andre fester. Kontakt indbakken for dette.<\/p>\n<p><em>Pris: 1500kr for A4 og A5 (op til 5 personer\/dyr), ekstra omkostninger for flere (op til 5 personer\/dyr). A3 2000kr ex porto. Jeg har brug for at kende h\u00e5rfarve\/h\u00e5rtype, h\u00f8jde, interesser og \u00f8nsket antal illustrerede personer. Alle tilbud, du \u00f8nsker inkluderet.<\/em><\/p>\n<p>Hvis du har sp\u00f8rgsm\u00e5l, s\u00e5 t\u00f8v ikke med at kontakte mig! Hvis du gerne vil have en snak om et muligt samarbejde, s\u00e5 send mig en e-mail.<\/p>\n<p>Jeg ser frem til at h\u00f8re fra dig og h\u00e5ber, at du f\u00e5r en dejlig dag. <a href=\"https:\/\/www.facebook.com\/lykketegning\/?locale=nb_NO\">S\u00e5 kommer du til min Facebook-side.<\/a> Og hvis du vil f\u00f8lge mig p\u00e5<a href=\"https:\/\/www.instagram.com\/lykketegning\/?hl=nb\"> Instagram, du finder det her.<\/a><\/p>\n<p>Kunstner<br \/>\nIngebj\u00f8rg Rang\u00f8y Sj\u00e5land<\/p>\n<p>&nbsp;<\/p>\n<p>&nbsp;<\/p>","protected":false},"excerpt":{"rendered":"<h3>K\u00f8b 6 og betal for 5 smukke Happy Mugs med forskellige motiver. Familieudgave<\/h3>\n<p>Hos Luck Drawing bygger vi p\u00e5 en r\u00e6kke kopper.<\/p>\n<p>Her har du seks kopper:\"<a href=\"https:\/\/www.lykketegning.no\/da\/vare\/jubilaeumstilbud-pa-happiness-cup-life\/\">LEV\"(149,-)<\/a>, <a href=\"https:\/\/www.lykketegning.no\/da\/vare\/heldig-tegning-kop-soster\/\">\u00a0\"S\u00f8ster (299,-),<\/a> \u00a0<a href=\"https:\/\/www.lykketegning.no\/da\/vare\/heldig-tegning-kop-bror\/\">\"BROR\" (149,-),<\/a> <a href=\"https:\/\/www.lykketegning.no\/da\/vare\/nyhed-bedstefar\/\">\"BEDSTEFAR\"(299,-)<\/a> <a href=\"https:\/\/www.lykketegning.no\/da\/vare\/nyt-lykkekrus-far\/\">\"PAPPA\"(299,-)<\/a>og <a href=\"https:\/\/www.lykketegning.no\/da\/vare\/lucky-mug-mum-fra-lucky-draw\/\">\"MUM\" (299,-). <\/a><\/p>\n<p>Pakkepris for alle seks 1345kr (en af hver kop)<\/p>\n<p>Gode gaver at give v\u00e6k, men husk at f\u00e5 lidt selv!<\/p>\n<p>T\u00e5ler opvaskemaskine<\/p>","protected":false},"featured_media":40769,"comment_status":"open","ping_status":"closed","template":"","meta":[],"product_brand":[],"product_cat":[41],"product_tag":[12,13,43],"class_list":{"0":"post-40772","1":"product","2":"type-product","3":"status-publish","4":"has-post-thumbnail","6":"product_cat-lykkekopper","7":"product_tag-kopp","8":"product_tag-krus","9":"product_tag-lykkekopp","11":"first","12":"instock","13":"sale","14":"taxable","15":"shipping-taxable","16":"purchasable","17":"product-type-simple"},"yoast_head":"<!-- This site is optimized with the Yoast SEO plugin v27.3 - https:\/\/yoast.com\/product\/yoast-seo-wordpress\/ -->\n<title>Kj\u00f8p 6 betal for 5 flotte Lykkekrus med ulike motiv. Family edition - LYKKETEGNING ILLUSTRAT\u00d8R<\/title>\n<meta name=\"description\" content=\"Kj\u00f8p 6 betal for 5 flotte Lykkekrus med ulike motiv.Familie.Hos Lykketegning bygger vi p\u00e5 en serie av kopper.Flotte gaver \u00e5 gi bort, men husk \u00e5 ha noen selv!\" \/>\n<meta name=\"robots\" content=\"index, follow, max-snippet:-1, max-image-preview:large, max-video-preview:-1\" \/>\n<link rel=\"canonical\" href=\"https:\/\/www.lykketegning.no\/da\/vare\/kob-6-og-betal-for-5-smukke-happy-mugs-med-forskellige-motiver-familieudgave\/\" \/>\n<meta property=\"og:locale\" content=\"da_DK\" \/>\n<meta property=\"og:type\" content=\"article\" \/>\n<meta property=\"og:title\" content=\"Kj\u00f8p 6 betal for 5 flotte Lykkekrus med ulike motiv. Family edition - LYKKETEGNING ILLUSTRAT\u00d8R\" \/>\n<meta property=\"og:description\" content=\"Kj\u00f8p 6 betal for 5 flotte Lykkekrus med ulike motiv.Familie.Hos Lykketegning bygger vi p\u00e5 en serie av kopper.Flotte gaver \u00e5 gi bort, men husk \u00e5 ha noen selv!\" \/>\n<meta property=\"og:url\" content=\"https:\/\/www.lykketegning.no\/da\/vare\/kob-6-og-betal-for-5-smukke-happy-mugs-med-forskellige-motiver-familieudgave\/\" \/>\n<meta property=\"og:site_name\" content=\"LYKKETEGNING ILLUSTRAT\u00d8R\" \/>\n<meta property=\"article:publisher\" content=\"https:\/\/www.facebook.com\/lykketegning\/\" \/>\n<meta property=\"article:modified_time\" content=\"2025-10-27T13:30:13+00:00\" \/>\n<meta property=\"og:image\" content=\"https:\/\/www.lykketegning.no\/wp-content\/uploads\/2022\/09\/IMG_4250-scaled.jpg\" \/>\n\t<meta property=\"og:image:width\" content=\"1884\" \/>\n\t<meta property=\"og:image:height\" content=\"2560\" \/>\n\t<meta property=\"og:image:type\" content=\"image\/jpeg\" \/>\n<meta name=\"twitter:card\" content=\"summary_large_image\" \/>\n<meta name=\"twitter:label1\" content=\"Estimeret l\u00e6setid\" \/>\n\t<meta name=\"twitter:data1\" content=\"2 minutter\" \/>\n<script type=\"application\/ld+json\" class=\"yoast-schema-graph\">{\"@context\":\"https:\\\/\\\/schema.org\",\"@graph\":[{\"@type\":\"WebPage\",\"@id\":\"https:\\\/\\\/www.lykketegning.no\\\/produkt\\\/kjop-6-betal-for-5-flotte-lykkekrus-med-ulike-motiv-family-edition\\\/\",\"url\":\"https:\\\/\\\/www.lykketegning.no\\\/produkt\\\/kjop-6-betal-for-5-flotte-lykkekrus-med-ulike-motiv-family-edition\\\/\",\"name\":\"Kj\u00f8p 6 betal for 5 flotte Lykkekrus med ulike motiv. Family edition - LYKKETEGNING ILLUSTRAT\u00d8R\",\"isPartOf\":{\"@id\":\"https:\\\/\\\/www.lykketegning.no\\\/#website\"},\"primaryImageOfPage\":{\"@id\":\"https:\\\/\\\/www.lykketegning.no\\\/produkt\\\/kjop-6-betal-for-5-flotte-lykkekrus-med-ulike-motiv-family-edition\\\/#primaryimage\"},\"image\":{\"@id\":\"https:\\\/\\\/www.lykketegning.no\\\/produkt\\\/kjop-6-betal-for-5-flotte-lykkekrus-med-ulike-motiv-family-edition\\\/#primaryimage\"},\"thumbnailUrl\":\"https:\\\/\\\/www.lykketegning.no\\\/wp-content\\\/uploads\\\/2022\\\/09\\\/IMG_4250-scaled.jpg\",\"datePublished\":\"2025-10-02T09:20:24+00:00\",\"dateModified\":\"2025-10-27T13:30:13+00:00\",\"description\":\"Kj\u00f8p 6 betal for 5 flotte Lykkekrus med ulike motiv.Familie.Hos Lykketegning bygger vi p\u00e5 en serie av kopper.Flotte gaver \u00e5 gi bort, men husk \u00e5 ha noen selv!\",\"breadcrumb\":{\"@id\":\"https:\\\/\\\/www.lykketegning.no\\\/produkt\\\/kjop-6-betal-for-5-flotte-lykkekrus-med-ulike-motiv-family-edition\\\/#breadcrumb\"},\"inLanguage\":\"da-DK\",\"potentialAction\":[{\"@type\":\"ReadAction\",\"target\":[\"https:\\\/\\\/www.lykketegning.no\\\/produkt\\\/kjop-6-betal-for-5-flotte-lykkekrus-med-ulike-motiv-family-edition\\\/\"]}]},{\"@type\":\"ImageObject\",\"inLanguage\":\"da-DK\",\"@id\":\"https:\\\/\\\/www.lykketegning.no\\\/produkt\\\/kjop-6-betal-for-5-flotte-lykkekrus-med-ulike-motiv-family-edition\\\/#primaryimage\",\"url\":\"https:\\\/\\\/www.lykketegning.no\\\/wp-content\\\/uploads\\\/2022\\\/09\\\/IMG_4250-scaled.jpg\",\"contentUrl\":\"https:\\\/\\\/www.lykketegning.no\\\/wp-content\\\/uploads\\\/2022\\\/09\\\/IMG_4250-scaled.jpg\",\"width\":1884,\"height\":2560},{\"@type\":\"BreadcrumbList\",\"@id\":\"https:\\\/\\\/www.lykketegning.no\\\/produkt\\\/kjop-6-betal-for-5-flotte-lykkekrus-med-ulike-motiv-family-edition\\\/#breadcrumb\",\"itemListElement\":[{\"@type\":\"ListItem\",\"position\":1,\"name\":\"Hjem\",\"item\":\"https:\\\/\\\/www.lykketegning.no\\\/\"},{\"@type\":\"ListItem\",\"position\":2,\"name\":\"Shop\",\"item\":\"https:\\\/\\\/www.lykketegning.no\\\/sv\\\/webbutik\\\/\"},{\"@type\":\"ListItem\",\"position\":3,\"name\":\"Kj\u00f8p 6 betal for 5 flotte Lykkekrus med ulike motiv. Family edition\"}]},{\"@type\":\"WebSite\",\"@id\":\"https:\\\/\\\/www.lykketegning.no\\\/#website\",\"url\":\"https:\\\/\\\/www.lykketegning.no\\\/\",\"name\":\"LYKKETEGNING ILLUSTRAT\u00d8R\",\"description\":\"\",\"publisher\":{\"@id\":\"https:\\\/\\\/www.lykketegning.no\\\/#organization\"},\"potentialAction\":[{\"@type\":\"SearchAction\",\"target\":{\"@type\":\"EntryPoint\",\"urlTemplate\":\"https:\\\/\\\/www.lykketegning.no\\\/?s={search_term_string}\"},\"query-input\":{\"@type\":\"PropertyValueSpecification\",\"valueRequired\":true,\"valueName\":\"search_term_string\"}}],\"inLanguage\":\"da-DK\"},{\"@type\":\"Organization\",\"@id\":\"https:\\\/\\\/www.lykketegning.no\\\/#organization\",\"name\":\"LYKKETEGNING ILLUSTRAT\u00d8R\",\"url\":\"https:\\\/\\\/www.lykketegning.no\\\/\",\"logo\":{\"@type\":\"ImageObject\",\"inLanguage\":\"da-DK\",\"@id\":\"https:\\\/\\\/www.lykketegning.no\\\/#\\\/schema\\\/logo\\\/image\\\/\",\"url\":\"https:\\\/\\\/www.lykketegning.no\\\/wp-content\\\/uploads\\\/2020\\\/03\\\/Logo2020_h400px.jpg\",\"contentUrl\":\"https:\\\/\\\/www.lykketegning.no\\\/wp-content\\\/uploads\\\/2020\\\/03\\\/Logo2020_h400px.jpg\",\"width\":1024,\"height\":400,\"caption\":\"LYKKETEGNING ILLUSTRAT\u00d8R\"},\"image\":{\"@id\":\"https:\\\/\\\/www.lykketegning.no\\\/#\\\/schema\\\/logo\\\/image\\\/\"},\"sameAs\":[\"https:\\\/\\\/www.facebook.com\\\/lykketegning\\\/\",\"https:\\\/\\\/www.instagram.com\\\/lykketegning\\\/\",\"https:\\\/\\\/www.youtube.com\\\/@lykketegningillustrations\",\"https:\\\/\\\/www.tiktok.com\\\/@lykketegningillustration\"]}]}<\/script>\n<!-- \/ Yoast SEO plugin. -->","yoast_head_json":{"title":"K\u00f8b 6 og betal for 5 smukke Happiness-krus med forskellige motiver. Familieudgave - HAPPINESS DRAWING ILLUSTRATOR","description":"K\u00f8b 6 betal for 5 flotte Happiness-krus med forskellige motiver.familie.hos Lykketegning bygger vi videre p\u00e5 en serie af kopper.gode gaver at give v\u00e6k, men husk at have nogle selv!","robots":{"index":"index","follow":"follow","max-snippet":"max-snippet:-1","max-image-preview":"max-image-preview:large","max-video-preview":"max-video-preview:-1"},"canonical":"https:\/\/www.lykketegning.no\/da\/vare\/kob-6-og-betal-for-5-smukke-happy-mugs-med-forskellige-motiver-familieudgave\/","og_locale":"da_DK","og_type":"article","og_title":"Kj\u00f8p 6 betal for 5 flotte Lykkekrus med ulike motiv. Family edition - LYKKETEGNING ILLUSTRAT\u00d8R","og_description":"Kj\u00f8p 6 betal for 5 flotte Lykkekrus med ulike motiv.Familie.Hos Lykketegning bygger vi p\u00e5 en serie av kopper.Flotte gaver \u00e5 gi bort, men husk \u00e5 ha noen selv!","og_url":"https:\/\/www.lykketegning.no\/da\/vare\/kob-6-og-betal-for-5-smukke-happy-mugs-med-forskellige-motiver-familieudgave\/","og_site_name":"LYKKETEGNING ILLUSTRAT\u00d8R","article_publisher":"https:\/\/www.facebook.com\/lykketegning\/","article_modified_time":"2025-10-27T13:30:13+00:00","og_image":[{"width":1884,"height":2560,"url":"https:\/\/www.lykketegning.no\/wp-content\/uploads\/2022\/09\/IMG_4250-scaled.jpg","type":"image\/jpeg"}],"twitter_card":"summary_large_image","twitter_misc":{"Estimeret l\u00e6setid":"2 minutter"},"schema":{"@context":"https:\/\/schema.org","@graph":[{"@type":"WebPage","@id":"https:\/\/www.lykketegning.no\/produkt\/kjop-6-betal-for-5-flotte-lykkekrus-med-ulike-motiv-family-edition\/","url":"https:\/\/www.lykketegning.no\/produkt\/kjop-6-betal-for-5-flotte-lykkekrus-med-ulike-motiv-family-edition\/","name":"K\u00f8b 6 og betal for 5 smukke Happiness-krus med forskellige motiver. Familieudgave - HAPPINESS DRAWING ILLUSTRATOR","isPartOf":{"@id":"https:\/\/www.lykketegning.no\/#website"},"primaryImageOfPage":{"@id":"https:\/\/www.lykketegning.no\/produkt\/kjop-6-betal-for-5-flotte-lykkekrus-med-ulike-motiv-family-edition\/#primaryimage"},"image":{"@id":"https:\/\/www.lykketegning.no\/produkt\/kjop-6-betal-for-5-flotte-lykkekrus-med-ulike-motiv-family-edition\/#primaryimage"},"thumbnailUrl":"https:\/\/www.lykketegning.no\/wp-content\/uploads\/2022\/09\/IMG_4250-scaled.jpg","datePublished":"2025-10-02T09:20:24+00:00","dateModified":"2025-10-27T13:30:13+00:00","description":"K\u00f8b 6 betal for 5 flotte Happiness-krus med forskellige motiver.familie.hos Lykketegning bygger vi videre p\u00e5 en serie af kopper.gode gaver at give v\u00e6k, men husk at have nogle selv!","breadcrumb":{"@id":"https:\/\/www.lykketegning.no\/produkt\/kjop-6-betal-for-5-flotte-lykkekrus-med-ulike-motiv-family-edition\/#breadcrumb"},"inLanguage":"da-DK","potentialAction":[{"@type":"ReadAction","target":["https:\/\/www.lykketegning.no\/produkt\/kjop-6-betal-for-5-flotte-lykkekrus-med-ulike-motiv-family-edition\/"]}]},{"@type":"ImageObject","inLanguage":"da-DK","@id":"https:\/\/www.lykketegning.no\/produkt\/kjop-6-betal-for-5-flotte-lykkekrus-med-ulike-motiv-family-edition\/#primaryimage","url":"https:\/\/www.lykketegning.no\/wp-content\/uploads\/2022\/09\/IMG_4250-scaled.jpg","contentUrl":"https:\/\/www.lykketegning.no\/wp-content\/uploads\/2022\/09\/IMG_4250-scaled.jpg","width":1884,"height":2560},{"@type":"BreadcrumbList","@id":"https:\/\/www.lykketegning.no\/produkt\/kjop-6-betal-for-5-flotte-lykkekrus-med-ulike-motiv-family-edition\/#breadcrumb","itemListElement":[{"@type":"ListItem","position":1,"name":"Hjem","item":"https:\/\/www.lykketegning.no\/"},{"@type":"ListItem","position":2,"name":"Shop","item":"https:\/\/www.lykketegning.no\/sv\/webbutik\/"},{"@type":"ListItem","position":3,"name":"Kj\u00f8p 6 betal for 5 flotte Lykkekrus med ulike motiv. Family edition"}]},{"@type":"WebSite","@id":"https:\/\/www.lykketegning.no\/#website","url":"https:\/\/www.lykketegning.no\/","name":"LYKKETEGNING ILLUSTRATOR","description":"","publisher":{"@id":"https:\/\/www.lykketegning.no\/#organization"},"potentialAction":[{"@type":"SearchAction","target":{"@type":"EntryPoint","urlTemplate":"https:\/\/www.lykketegning.no\/?s={search_term_string}"},"query-input":{"@type":"PropertyValueSpecification","valueRequired":true,"valueName":"search_term_string"}}],"inLanguage":"da-DK"},{"@type":"Organization","@id":"https:\/\/www.lykketegning.no\/#organization","name":"LYKKETEGNING ILLUSTRATOR","url":"https:\/\/www.lykketegning.no\/","logo":{"@type":"ImageObject","inLanguage":"da-DK","@id":"https:\/\/www.lykketegning.no\/#\/schema\/logo\/image\/","url":"https:\/\/www.lykketegning.no\/wp-content\/uploads\/2020\/03\/Logo2020_h400px.jpg","contentUrl":"https:\/\/www.lykketegning.no\/wp-content\/uploads\/2020\/03\/Logo2020_h400px.jpg","width":1024,"height":400,"caption":"LYKKETEGNING ILLUSTRAT\u00d8R"},"image":{"@id":"https:\/\/www.lykketegning.no\/#\/schema\/logo\/image\/"},"sameAs":["https:\/\/www.facebook.com\/lykketegning\/","https:\/\/www.instagram.com\/lykketegning\/","https:\/\/www.youtube.com\/@lykketegningillustrations","https:\/\/www.tiktok.com\/@lykketegningillustration"]}]}},"_links":{"self":[{"href":"https:\/\/www.lykketegning.no\/da\/wp-json\/wp\/v2\/product\/40772","targetHints":{"allow":["GET"]}}],"collection":[{"href":"https:\/\/www.lykketegning.no\/da\/wp-json\/wp\/v2\/product"}],"about":[{"href":"https:\/\/www.lykketegning.no\/da\/wp-json\/wp\/v2\/types\/product"}],"replies":[{"embeddable":true,"href":"https:\/\/www.lykketegning.no\/da\/wp-json\/wp\/v2\/comments?post=40772"}],"wp:featuredmedia":[{"embeddable":true,"href":"https:\/\/www.lykketegning.no\/da\/wp-json\/wp\/v2\/media\/40769"}],"wp:attachment":[{"href":"https:\/\/www.lykketegning.no\/da\/wp-json\/wp\/v2\/media?parent=40772"}],"wp:term":[{"taxonomy":"product_brand","embeddable":true,"href":"https:\/\/www.lykketegning.no\/da\/wp-json\/wp\/v2\/product_brand?post=40772"},{"taxonomy":"product_cat","embeddable":true,"href":"https:\/\/www.lykketegning.no\/da\/wp-json\/wp\/v2\/product_cat?post=40772"},{"taxonomy":"product_tag","embeddable":true,"href":"https:\/\/www.lykketegning.no\/da\/wp-json\/wp\/v2\/product_tag?post=40772"}],"curies":[{"name":"wp","href":"https:\/\/api.w.org\/{rel}","templated":true}]}}