{"id":40226,"date":"2025-10-05T16:39:54","date_gmt":"2025-10-05T14:39:54","guid":{"rendered":"https:\/\/www.lykketegning.no\/?post_type=product&#038;p=40226"},"modified":"2026-01-02T12:31:46","modified_gmt":"2026-01-02T11:31:46","slug":"flott-manedskalender-fra-lykketegning-for-2026","status":"publish","type":"product","link":"https:\/\/www.lykketegning.no\/da\/vare\/stor-manekalender-fra-heldig-lodtraekning-for-2026\/","title":{"rendered":"Flot m\u00e5nedskalender fra Luck Drawing for 2026!"},"content":{"rendered":"<h3>Flot m\u00e5nedskalender fra Lucky Drawing 2026 - januar 2026-december 2026.<\/h3>\n<p>Denne m\u00e5nedskalender var et hit i 2025, da 1.000 kalendere blev udsolgt p\u00e5 en m\u00e5ned, og nu kan du k\u00f8be den i vores onlinebutik!<\/p>\n<p>Der er en m\u00e5ned p\u00e5 hver side og et ugenummer samt en lille boks til at skrive noter i hver dag.<\/p>\n<p>I \u00e5r er der en illustration p\u00e5 den ene side, s\u00e5 du kan rive den ud og indramme den i slutningen af m\u00e5neden! Dekorativ p\u00e5 v\u00e6ggen.<\/p>\n<p>M\u00e5nedskalenderen er spiraliseret og har huller til oph\u00e6ngning.<\/p>\n<p>Format: A4 liggende.<\/p>\n<p>En perfekt julegave til medarbejdere, v\u00e6rtindegaver, familie og til dig selv.<\/p>\n<p><strong>\"Hos Lykketegning bliver hver eneste illustration skabt med varme og omhu.<\/strong><br \/>\n<strong>Med st\u00e6rke farver, klare linjer og gode citater vil Happiness Drawing f\u00e5 dig til at stoppe op et \u00f8jeblik, tage en dyb ind\u00e5nding og derefter s\u00e6tte en god kurs fremad.<\/strong><br \/>\n<strong>\"Hjerterne og smilene er fra mig til dig for at minde dig om, at du er rigtig god!\"<\/strong><\/p>\n<p>&nbsp;<\/p>\n<p>P\u00e5 hjemmesiden finder du nogle illustrationer og andre produkter som kopper, lyk\u00f8nskningskort og kalendere.<\/p>\n<p>Der kommer hele tiden nye produkter til, s\u00e5 du er velkommen til at tilmelde dig nyhedsbrevet for at f\u00e5 m\u00e5nedlige opdateringer.<\/p>\n<p>For <strong>mange mange mange mange<\/strong> flere illustrationer; bes\u00f8g min Instagram- og Facebook-profil.<\/p>\n<p>Faktisk er alle illustrationer til salg. 999 SEK for A4 og 1500 SEK for A3.<\/p>\n<p>Du kan ogs\u00e5 bestille dine helt egne - gode gaver til bryllupper og andre fester. Kontakt indbakken for dette.<\/p>\n<p><em>Pris: 1500kr for A4 og A5 (op til 5 personer\/dyr), ekstra omkostninger for flere (op til 5 personer\/dyr). A3 2000kr ex porto. Jeg har brug for at kende h\u00e5rfarve\/h\u00e5rtype, h\u00f8jde, interesser og \u00f8nsket antal illustrerede personer. Alle tilbud, du \u00f8nsker inkluderet.<\/em><\/p>\n<p>Hvis du har sp\u00f8rgsm\u00e5l, s\u00e5 t\u00f8v ikke med at kontakte mig! Hvis du gerne vil have en snak om et muligt samarbejde, s\u00e5 send mig en e-mail.<\/p>\n<p>Jeg ser frem til at h\u00f8re fra dig og h\u00e5ber, at du f\u00e5r en dejlig dag. <a href=\"https:\/\/www.facebook.com\/lykketegning\/?locale=nb_NO\">S\u00e5 kommer du til min Facebook-side.<\/a> Og hvis du vil f\u00f8lge mig p\u00e5<a href=\"https:\/\/www.instagram.com\/lykketegning\/?hl=nb\"> Instagram, du finder det her.<\/a><\/p>\n<p>Kunstner<br \/>\nIngebj\u00f8rg Rang\u00f8y Sj\u00e5land<\/p>\n<p>&nbsp;<\/p>","protected":false},"excerpt":{"rendered":"<p>Flot m\u00e5nedskalender fra Lucky Drawing 2026 - januar 2026-december 2026.<br \/>\nDenne m\u00e5nedskalender var et hit i 2025, da 1.000 kalendere blev udsolgt p\u00e5 en m\u00e5ned, og nu kan du k\u00f8be den i vores onlinebutik!<\/p>\n<p>En m\u00e5ned p\u00e5 hver side med et ugenummer. En lille kasse til at skrive noter i hver dag.<\/p>\n<p>I \u00e5r er der en illustration p\u00e5 den ene side, s\u00e5 du kan rive den ud og indramme den i slutningen af m\u00e5neden!<\/p>\n<p>Spiral med oph\u00e6ng. A4 liggende.<\/p>\n<p>God julegave til medarbejdere eller familie.<\/p>\n<p>&nbsp;<\/p>","protected":false},"featured_media":40542,"comment_status":"open","ping_status":"closed","template":"","meta":[],"product_brand":[],"product_cat":[153,169],"product_tag":[268,57,250,267],"class_list":{"0":"post-40226","1":"product","2":"type-product","3":"status-publish","4":"has-post-thumbnail","6":"product_cat-illustrert-kalender","7":"product_cat-trykk","8":"product_tag-calender","9":"product_tag-kalender","10":"product_tag-lykketegning","11":"product_tag-manedskalender","13":"first","14":"outofstock","15":"taxable","16":"shipping-taxable","17":"purchasable","18":"product-type-simple"},"yoast_head":"<!-- This site is optimized with the Yoast SEO plugin v27.3 - https:\/\/yoast.com\/product\/yoast-seo-wordpress\/ -->\n<title>Flott m\u00e5nedskalender fra Lykketegning for 2026! - LYKKETEGNING ILLUSTRAT\u00d8R<\/title>\n<meta name=\"description\" content=\"Flott m\u00e5nedskalender fra Lykketegning 2026. God plass til \u00e5 skrive notater. A4. Flott Lykketegningbilde hver m\u00e5ned. Bestill den popul\u00e6re kalenderen idag!\" \/>\n<meta name=\"robots\" content=\"index, follow, max-snippet:-1, max-image-preview:large, max-video-preview:-1\" \/>\n<link rel=\"canonical\" href=\"https:\/\/www.lykketegning.no\/da\/vare\/stor-manekalender-fra-heldig-lodtraekning-for-2026\/\" \/>\n<meta property=\"og:locale\" content=\"da_DK\" \/>\n<meta property=\"og:type\" content=\"article\" \/>\n<meta property=\"og:title\" content=\"Flott m\u00e5nedskalender fra Lykketegning for 2026! - LYKKETEGNING ILLUSTRAT\u00d8R\" \/>\n<meta property=\"og:description\" content=\"Flott m\u00e5nedskalender fra Lykketegning 2026. God plass til \u00e5 skrive notater. A4. Flott Lykketegningbilde hver m\u00e5ned. Bestill den popul\u00e6re kalenderen idag!\" \/>\n<meta property=\"og:url\" content=\"https:\/\/www.lykketegning.no\/da\/vare\/stor-manekalender-fra-heldig-lodtraekning-for-2026\/\" \/>\n<meta property=\"og:site_name\" content=\"LYKKETEGNING ILLUSTRAT\u00d8R\" \/>\n<meta property=\"article:publisher\" content=\"https:\/\/www.facebook.com\/lykketegning\/\" \/>\n<meta property=\"article:modified_time\" content=\"2026-01-02T11:31:46+00:00\" \/>\n<meta property=\"og:image\" content=\"https:\/\/www.lykketegning.no\/wp-content\/uploads\/2025\/08\/Manedskalender-Lykketegning-2026-scaled.jpg\" \/>\n\t<meta property=\"og:image:width\" content=\"2560\" \/>\n\t<meta property=\"og:image:height\" content=\"1447\" \/>\n\t<meta property=\"og:image:type\" content=\"image\/jpeg\" \/>\n<meta name=\"twitter:card\" content=\"summary_large_image\" \/>\n<meta name=\"twitter:label1\" content=\"Estimeret l\u00e6setid\" \/>\n\t<meta name=\"twitter:data1\" content=\"3 minutter\" \/>\n<script type=\"application\/ld+json\" class=\"yoast-schema-graph\">{\"@context\":\"https:\\\/\\\/schema.org\",\"@graph\":[{\"@type\":\"WebPage\",\"@id\":\"https:\\\/\\\/www.lykketegning.no\\\/produkt\\\/flott-manedskalender-fra-lykketegning-for-2026\\\/\",\"url\":\"https:\\\/\\\/www.lykketegning.no\\\/produkt\\\/flott-manedskalender-fra-lykketegning-for-2026\\\/\",\"name\":\"Flott m\u00e5nedskalender fra Lykketegning for 2026! - LYKKETEGNING ILLUSTRAT\u00d8R\",\"isPartOf\":{\"@id\":\"https:\\\/\\\/www.lykketegning.no\\\/#website\"},\"primaryImageOfPage\":{\"@id\":\"https:\\\/\\\/www.lykketegning.no\\\/produkt\\\/flott-manedskalender-fra-lykketegning-for-2026\\\/#primaryimage\"},\"image\":{\"@id\":\"https:\\\/\\\/www.lykketegning.no\\\/produkt\\\/flott-manedskalender-fra-lykketegning-for-2026\\\/#primaryimage\"},\"thumbnailUrl\":\"https:\\\/\\\/www.lykketegning.no\\\/wp-content\\\/uploads\\\/2025\\\/08\\\/Manedskalender-Lykketegning-2026-scaled.jpg\",\"datePublished\":\"2025-10-05T14:39:54+00:00\",\"dateModified\":\"2026-01-02T11:31:46+00:00\",\"description\":\"Flott m\u00e5nedskalender fra Lykketegning 2026. God plass til \u00e5 skrive notater. A4. Flott Lykketegningbilde hver m\u00e5ned. Bestill den popul\u00e6re kalenderen idag!\",\"breadcrumb\":{\"@id\":\"https:\\\/\\\/www.lykketegning.no\\\/produkt\\\/flott-manedskalender-fra-lykketegning-for-2026\\\/#breadcrumb\"},\"inLanguage\":\"da-DK\",\"potentialAction\":[{\"@type\":\"ReadAction\",\"target\":[\"https:\\\/\\\/www.lykketegning.no\\\/produkt\\\/flott-manedskalender-fra-lykketegning-for-2026\\\/\"]}]},{\"@type\":\"ImageObject\",\"inLanguage\":\"da-DK\",\"@id\":\"https:\\\/\\\/www.lykketegning.no\\\/produkt\\\/flott-manedskalender-fra-lykketegning-for-2026\\\/#primaryimage\",\"url\":\"https:\\\/\\\/www.lykketegning.no\\\/wp-content\\\/uploads\\\/2025\\\/08\\\/Manedskalender-Lykketegning-2026-scaled.jpg\",\"contentUrl\":\"https:\\\/\\\/www.lykketegning.no\\\/wp-content\\\/uploads\\\/2025\\\/08\\\/Manedskalender-Lykketegning-2026-scaled.jpg\",\"width\":2560,\"height\":1447},{\"@type\":\"BreadcrumbList\",\"@id\":\"https:\\\/\\\/www.lykketegning.no\\\/produkt\\\/flott-manedskalender-fra-lykketegning-for-2026\\\/#breadcrumb\",\"itemListElement\":[{\"@type\":\"ListItem\",\"position\":1,\"name\":\"Hjem\",\"item\":\"https:\\\/\\\/www.lykketegning.no\\\/\"},{\"@type\":\"ListItem\",\"position\":2,\"name\":\"Shop\",\"item\":\"https:\\\/\\\/www.lykketegning.no\\\/sv\\\/webbutik\\\/\"},{\"@type\":\"ListItem\",\"position\":3,\"name\":\"Flott m\u00e5nedskalender fra Lykketegning for 2026!\"}]},{\"@type\":\"WebSite\",\"@id\":\"https:\\\/\\\/www.lykketegning.no\\\/#website\",\"url\":\"https:\\\/\\\/www.lykketegning.no\\\/\",\"name\":\"LYKKETEGNING ILLUSTRAT\u00d8R\",\"description\":\"\",\"publisher\":{\"@id\":\"https:\\\/\\\/www.lykketegning.no\\\/#organization\"},\"potentialAction\":[{\"@type\":\"SearchAction\",\"target\":{\"@type\":\"EntryPoint\",\"urlTemplate\":\"https:\\\/\\\/www.lykketegning.no\\\/?s={search_term_string}\"},\"query-input\":{\"@type\":\"PropertyValueSpecification\",\"valueRequired\":true,\"valueName\":\"search_term_string\"}}],\"inLanguage\":\"da-DK\"},{\"@type\":\"Organization\",\"@id\":\"https:\\\/\\\/www.lykketegning.no\\\/#organization\",\"name\":\"LYKKETEGNING ILLUSTRAT\u00d8R\",\"url\":\"https:\\\/\\\/www.lykketegning.no\\\/\",\"logo\":{\"@type\":\"ImageObject\",\"inLanguage\":\"da-DK\",\"@id\":\"https:\\\/\\\/www.lykketegning.no\\\/#\\\/schema\\\/logo\\\/image\\\/\",\"url\":\"https:\\\/\\\/www.lykketegning.no\\\/wp-content\\\/uploads\\\/2020\\\/03\\\/Logo2020_h400px.jpg\",\"contentUrl\":\"https:\\\/\\\/www.lykketegning.no\\\/wp-content\\\/uploads\\\/2020\\\/03\\\/Logo2020_h400px.jpg\",\"width\":1024,\"height\":400,\"caption\":\"LYKKETEGNING ILLUSTRAT\u00d8R\"},\"image\":{\"@id\":\"https:\\\/\\\/www.lykketegning.no\\\/#\\\/schema\\\/logo\\\/image\\\/\"},\"sameAs\":[\"https:\\\/\\\/www.facebook.com\\\/lykketegning\\\/\",\"https:\\\/\\\/www.instagram.com\\\/lykketegning\\\/\",\"https:\\\/\\\/www.youtube.com\\\/@lykketegningillustrations\",\"https:\\\/\\\/www.tiktok.com\\\/@lykketegningillustration\"]}]}<\/script>\n<!-- \/ Yoast SEO plugin. -->","yoast_head_json":{"title":"Flot m\u00e5nedskalender fra Lykketegning for 2026! - HELDIG TEGNING ILLUSTRATOR","description":"Flot m\u00e5nedskalender fra Luck Drawing 2025. Masser af plads til at skrive noter. A4. Flotte Happy Drawing-billeder hver m\u00e5ned. Bestil den popul\u00e6re kalender i dag!","robots":{"index":"index","follow":"follow","max-snippet":"max-snippet:-1","max-image-preview":"max-image-preview:large","max-video-preview":"max-video-preview:-1"},"canonical":"https:\/\/www.lykketegning.no\/da\/vare\/stor-manekalender-fra-heldig-lodtraekning-for-2026\/","og_locale":"da_DK","og_type":"article","og_title":"Flott m\u00e5nedskalender fra Lykketegning for 2026! - LYKKETEGNING ILLUSTRAT\u00d8R","og_description":"Flott m\u00e5nedskalender fra Lykketegning 2026. God plass til \u00e5 skrive notater. A4. Flott Lykketegningbilde hver m\u00e5ned. Bestill den popul\u00e6re kalenderen idag!","og_url":"https:\/\/www.lykketegning.no\/da\/vare\/stor-manekalender-fra-heldig-lodtraekning-for-2026\/","og_site_name":"LYKKETEGNING ILLUSTRAT\u00d8R","article_publisher":"https:\/\/www.facebook.com\/lykketegning\/","article_modified_time":"2026-01-02T11:31:46+00:00","og_image":[{"width":2560,"height":1447,"url":"https:\/\/www.lykketegning.no\/wp-content\/uploads\/2025\/08\/Manedskalender-Lykketegning-2026-scaled.jpg","type":"image\/jpeg"}],"twitter_card":"summary_large_image","twitter_misc":{"Estimeret l\u00e6setid":"3 minutter"},"schema":{"@context":"https:\/\/schema.org","@graph":[{"@type":"WebPage","@id":"https:\/\/www.lykketegning.no\/produkt\/flott-manedskalender-fra-lykketegning-for-2026\/","url":"https:\/\/www.lykketegning.no\/produkt\/flott-manedskalender-fra-lykketegning-for-2026\/","name":"Flot m\u00e5nedskalender fra Lykketegning for 2026! - HELDIG TEGNING ILLUSTRATOR","isPartOf":{"@id":"https:\/\/www.lykketegning.no\/#website"},"primaryImageOfPage":{"@id":"https:\/\/www.lykketegning.no\/produkt\/flott-manedskalender-fra-lykketegning-for-2026\/#primaryimage"},"image":{"@id":"https:\/\/www.lykketegning.no\/produkt\/flott-manedskalender-fra-lykketegning-for-2026\/#primaryimage"},"thumbnailUrl":"https:\/\/www.lykketegning.no\/wp-content\/uploads\/2025\/08\/Manedskalender-Lykketegning-2026-scaled.jpg","datePublished":"2025-10-05T14:39:54+00:00","dateModified":"2026-01-02T11:31:46+00:00","description":"Flot m\u00e5nedskalender fra Luck Drawing 2025. Masser af plads til at skrive noter. A4. Flotte Happy Drawing-billeder hver m\u00e5ned. Bestil den popul\u00e6re kalender i dag!","breadcrumb":{"@id":"https:\/\/www.lykketegning.no\/produkt\/flott-manedskalender-fra-lykketegning-for-2026\/#breadcrumb"},"inLanguage":"da-DK","potentialAction":[{"@type":"ReadAction","target":["https:\/\/www.lykketegning.no\/produkt\/flott-manedskalender-fra-lykketegning-for-2026\/"]}]},{"@type":"ImageObject","inLanguage":"da-DK","@id":"https:\/\/www.lykketegning.no\/produkt\/flott-manedskalender-fra-lykketegning-for-2026\/#primaryimage","url":"https:\/\/www.lykketegning.no\/wp-content\/uploads\/2025\/08\/Manedskalender-Lykketegning-2026-scaled.jpg","contentUrl":"https:\/\/www.lykketegning.no\/wp-content\/uploads\/2025\/08\/Manedskalender-Lykketegning-2026-scaled.jpg","width":2560,"height":1447},{"@type":"BreadcrumbList","@id":"https:\/\/www.lykketegning.no\/produkt\/flott-manedskalender-fra-lykketegning-for-2026\/#breadcrumb","itemListElement":[{"@type":"ListItem","position":1,"name":"Hjem","item":"https:\/\/www.lykketegning.no\/"},{"@type":"ListItem","position":2,"name":"Shop","item":"https:\/\/www.lykketegning.no\/sv\/webbutik\/"},{"@type":"ListItem","position":3,"name":"Flott m\u00e5nedskalender fra Lykketegning for 2026!"}]},{"@type":"WebSite","@id":"https:\/\/www.lykketegning.no\/#website","url":"https:\/\/www.lykketegning.no\/","name":"LYKKETEGNING ILLUSTRATOR","description":"","publisher":{"@id":"https:\/\/www.lykketegning.no\/#organization"},"potentialAction":[{"@type":"SearchAction","target":{"@type":"EntryPoint","urlTemplate":"https:\/\/www.lykketegning.no\/?s={search_term_string}"},"query-input":{"@type":"PropertyValueSpecification","valueRequired":true,"valueName":"search_term_string"}}],"inLanguage":"da-DK"},{"@type":"Organization","@id":"https:\/\/www.lykketegning.no\/#organization","name":"LYKKETEGNING ILLUSTRATOR","url":"https:\/\/www.lykketegning.no\/","logo":{"@type":"ImageObject","inLanguage":"da-DK","@id":"https:\/\/www.lykketegning.no\/#\/schema\/logo\/image\/","url":"https:\/\/www.lykketegning.no\/wp-content\/uploads\/2020\/03\/Logo2020_h400px.jpg","contentUrl":"https:\/\/www.lykketegning.no\/wp-content\/uploads\/2020\/03\/Logo2020_h400px.jpg","width":1024,"height":400,"caption":"LYKKETEGNING ILLUSTRAT\u00d8R"},"image":{"@id":"https:\/\/www.lykketegning.no\/#\/schema\/logo\/image\/"},"sameAs":["https:\/\/www.facebook.com\/lykketegning\/","https:\/\/www.instagram.com\/lykketegning\/","https:\/\/www.youtube.com\/@lykketegningillustrations","https:\/\/www.tiktok.com\/@lykketegningillustration"]}]}},"_links":{"self":[{"href":"https:\/\/www.lykketegning.no\/da\/wp-json\/wp\/v2\/product\/40226","targetHints":{"allow":["GET"]}}],"collection":[{"href":"https:\/\/www.lykketegning.no\/da\/wp-json\/wp\/v2\/product"}],"about":[{"href":"https:\/\/www.lykketegning.no\/da\/wp-json\/wp\/v2\/types\/product"}],"replies":[{"embeddable":true,"href":"https:\/\/www.lykketegning.no\/da\/wp-json\/wp\/v2\/comments?post=40226"}],"wp:featuredmedia":[{"embeddable":true,"href":"https:\/\/www.lykketegning.no\/da\/wp-json\/wp\/v2\/media\/40542"}],"wp:attachment":[{"href":"https:\/\/www.lykketegning.no\/da\/wp-json\/wp\/v2\/media?parent=40226"}],"wp:term":[{"taxonomy":"product_brand","embeddable":true,"href":"https:\/\/www.lykketegning.no\/da\/wp-json\/wp\/v2\/product_brand?post=40226"},{"taxonomy":"product_cat","embeddable":true,"href":"https:\/\/www.lykketegning.no\/da\/wp-json\/wp\/v2\/product_cat?post=40226"},{"taxonomy":"product_tag","embeddable":true,"href":"https:\/\/www.lykketegning.no\/da\/wp-json\/wp\/v2\/product_tag?post=40226"}],"curies":[{"name":"wp","href":"https:\/\/api.w.org\/{rel}","templated":true}]}}