{"id":39435,"date":"2024-03-17T15:07:18","date_gmt":"2024-03-17T14:07:18","guid":{"rendered":"https:\/\/www-lykketegning.wp3.hcweb.dev\/?post_type=product&#038;p=39435"},"modified":"2026-02-02T09:50:15","modified_gmt":"2026-02-02T08:50:15","slug":"illustrasjon-fra-lykketegning-not-enough-coffee","status":"publish","type":"product","link":"https:\/\/www.lykketegning.no\/da\/vare\/illustrasjon-fra-lykketegning-not-enough-coffee\/","title":{"rendered":"Illustration fra Lykketegning. \"Ikke nok kaffe\""},"content":{"rendered":"<p>Illustration fra Lykketegning. \"Ikke nok kaffe\"<\/p>\n<p>Original illustration. H\u00e5ndtegnet<\/p>\n<p>Illustration i A4-st\u00f8rrelse UDEN ramme.<\/p>\n<p>&nbsp;<\/p>\n<p><a href=\"https:\/\/www.lykketegning.no\/da\/vare\/personlige-illustrasjoner\/\">Tjek ogs\u00e5 muligheden for at f\u00e5 din helt egen personlige illustration!<\/a><\/p>\n<h3>Information om Luck-tegning<\/h3>\n<p><strong>\"Hos Lykketegning bliver hver eneste illustration skabt med varme og omhu.<\/strong><br \/>\n<strong>Med st\u00e6rke farver, klare linjer og gode citater vil Happiness Drawing f\u00e5 dig til at stoppe op et \u00f8jeblik, tage en dyb ind\u00e5nding og derefter s\u00e6tte en god kurs fremad.<\/strong><br \/>\n<strong>\"Hjerterne og smilene er fra mig til dig for at minde dig om, at du er rigtig god!\"<\/strong><\/p>\n<p>&nbsp;<\/p>\n<p>P\u00e5 hjemmesiden finder du nogle illustrationer og andre produkter som kopper, lyk\u00f8nskningskort og kalendere.<\/p>\n<p>Der kommer hele tiden nye produkter til, s\u00e5 du er velkommen til at tilmelde dig nyhedsbrevet for at f\u00e5 m\u00e5nedlige opdateringer.<\/p>\n<p>For <strong>mange mange mange mange<\/strong> flere illustrationer; bes\u00f8g min Instagram- og Facebook-profil.<\/p>\n<p>Faktisk er alle illustrationer til salg. 999 SEK for A4 og 1500 SEK for A3.<\/p>\n<p>Du kan ogs\u00e5 bestille dine helt egne - gode gaver til bryllupper og andre fester. Kontakt indbakken for dette.<\/p>\n<p><em>Pris: 1500kr for A4 og A5 (op til 5 personer\/dyr), ekstra omkostninger for flere (op til 5 personer\/dyr). A3 2000kr ex porto. Jeg har brug for at kende h\u00e5rfarve\/h\u00e5rtype, h\u00f8jde, interesser og \u00f8nsket antal illustrerede personer. Alle tilbud, du \u00f8nsker inkluderet.<\/em><\/p>\n<p>Hvis du har sp\u00f8rgsm\u00e5l, s\u00e5 t\u00f8v ikke med at kontakte mig! Hvis du gerne vil have en snak om et muligt samarbejde, s\u00e5 send mig en e-mail.<\/p>\n<p>Jeg ser frem til at h\u00f8re fra dig og h\u00e5ber, at du f\u00e5r en dejlig dag. <a href=\"https:\/\/www.facebook.com\/lykketegning\/?locale=nb_NO\">S\u00e5 kommer du til min Facebook-side.<\/a> Og hvis du vil f\u00f8lge mig p\u00e5<a href=\"https:\/\/www.instagram.com\/lykketegning\/?hl=nb\"> Instagram, du finder det her.<\/a><\/p>\n<p>Kunstner<br \/>\nIngebj\u00f8rg Rang\u00f8y Sj\u00e5land<\/p>\n<p>&nbsp;<\/p>\n<p>&nbsp;<\/p>","protected":false},"excerpt":{"rendered":"<p>Illustration fra Lykketegning. \"Ikke nok kaffe\"<\/p>\n<p>Original illustration. H\u00e5ndtegnet<\/p>\n<p>Illustration i A4-st\u00f8rrelse UDEN ramme.<\/p>\n<p>&nbsp;<\/p>\n<p><a href=\"https:\/\/www.lykketegning.no\/da\/vare\/personlige-illustrasjoner\/\">Tjek ogs\u00e5 muligheden for at f\u00e5 din helt egen personlige illustration!<\/a><\/p>\n<h3>Information om Luck-tegning<\/h3>\n<p><strong>\"Hos Lykketegning bliver hver eneste illustration skabt med varme og omhu.<\/strong><br \/>\n<strong>Med st\u00e6rke farver, klare linjer og gode citater vil Happiness Drawing f\u00e5 dig til at stoppe op et \u00f8jeblik, tage en dyb ind\u00e5nding og derefter s\u00e6tte en god kurs fremad.<\/strong><br \/>\n<strong>\"Hjerterne og smilene er fra mig til dig for at minde dig om, at du er rigtig god!\"<\/strong><\/p>","protected":false},"featured_media":39438,"comment_status":"open","ping_status":"closed","template":"","meta":[],"product_brand":[],"product_cat":[165],"product_tag":[200,199,50,227],"class_list":{"0":"post-39435","1":"product","2":"type-product","3":"status-publish","4":"has-post-thumbnail","6":"product_cat-handtegnede-unike-illustrasjoner","7":"product_tag-coffee","8":"product_tag-kaffe","9":"product_tag-tegning","10":"product_tag-trykk","12":"first","13":"instock","14":"purchasable","15":"product-type-simple"},"yoast_head":"<!-- This site is optimized with the Yoast SEO plugin v27.5 - https:\/\/yoast.com\/product\/yoast-seo-wordpress\/ -->\n<title>Illustrasjon fra Lykketegning. &quot;Not enough coffee&quot; - LYKKETEGNING ILLUSTRAT\u00d8R<\/title>\n<meta name=\"description\" content=\"Illustrasjon fra Lykketegning. &quot;Not enough coffee&quot; Original illustrasjon. H\u00e5ndtegnetIllustrasjon A4 str UTEN ramme.\" \/>\n<meta name=\"robots\" content=\"index, follow, max-snippet:-1, max-image-preview:large, max-video-preview:-1\" \/>\n<link rel=\"canonical\" href=\"https:\/\/www.lykketegning.no\/da\/product-2\/illustration-from-lucky-drawing-not-enough-coffee\/\" \/>\n<meta property=\"og:locale\" content=\"da_DK\" \/>\n<meta property=\"og:type\" content=\"article\" \/>\n<meta property=\"og:title\" content=\"Illustrasjon fra Lykketegning. &quot;Not enough coffee&quot; - LYKKETEGNING ILLUSTRAT\u00d8R\" \/>\n<meta property=\"og:description\" content=\"Illustrasjon fra Lykketegning. &quot;Not enough coffee&quot; Original illustrasjon. H\u00e5ndtegnetIllustrasjon A4 str UTEN ramme.\" \/>\n<meta property=\"og:url\" content=\"https:\/\/www.lykketegning.no\/da\/product-2\/illustration-from-lucky-drawing-not-enough-coffee\/\" \/>\n<meta property=\"og:site_name\" content=\"LYKKETEGNING ILLUSTRAT\u00d8R\" \/>\n<meta property=\"article:publisher\" content=\"https:\/\/www.facebook.com\/lykketegning\/\" \/>\n<meta property=\"article:modified_time\" content=\"2026-02-02T08:50:15+00:00\" \/>\n<meta property=\"og:image\" content=\"https:\/\/www.lykketegning.no\/wp-content\/uploads\/2025\/03\/4D6D6395-6FE7-4C5C-BE6E-71DB12EE37FE.jpg\" \/>\n\t<meta property=\"og:image:width\" content=\"1284\" \/>\n\t<meta property=\"og:image:height\" content=\"2282\" \/>\n\t<meta property=\"og:image:type\" content=\"image\/jpeg\" \/>\n<meta name=\"twitter:card\" content=\"summary_large_image\" \/>\n<meta name=\"twitter:label1\" content=\"Estimeret l\u00e6setid\" \/>\n\t<meta name=\"twitter:data1\" content=\"2 minutter\" \/>\n<script type=\"application\/ld+json\" class=\"yoast-schema-graph\">{\"@context\":\"https:\\\/\\\/schema.org\",\"@graph\":[{\"@type\":\"WebPage\",\"@id\":\"https:\\\/\\\/www.lykketegning.no\\\/en\\\/product-2\\\/illustration-from-lucky-drawing-not-enough-coffee\\\/\",\"url\":\"https:\\\/\\\/www.lykketegning.no\\\/en\\\/product-2\\\/illustration-from-lucky-drawing-not-enough-coffee\\\/\",\"name\":\"Illustrasjon fra Lykketegning. \\\"Not enough coffee\\\" - LYKKETEGNING ILLUSTRAT\u00d8R\",\"isPartOf\":{\"@id\":\"https:\\\/\\\/www.lykketegning.no\\\/#website\"},\"primaryImageOfPage\":{\"@id\":\"https:\\\/\\\/www.lykketegning.no\\\/en\\\/product-2\\\/illustration-from-lucky-drawing-not-enough-coffee\\\/#primaryimage\"},\"image\":{\"@id\":\"https:\\\/\\\/www.lykketegning.no\\\/en\\\/product-2\\\/illustration-from-lucky-drawing-not-enough-coffee\\\/#primaryimage\"},\"thumbnailUrl\":\"https:\\\/\\\/www.lykketegning.no\\\/wp-content\\\/uploads\\\/2025\\\/03\\\/4D6D6395-6FE7-4C5C-BE6E-71DB12EE37FE.jpg\",\"datePublished\":\"2024-03-17T14:07:18+00:00\",\"dateModified\":\"2026-02-02T08:50:15+00:00\",\"description\":\"Illustrasjon fra Lykketegning. \\\"Not enough coffee\\\" Original illustrasjon. H\u00e5ndtegnetIllustrasjon A4 str UTEN ramme.\",\"breadcrumb\":{\"@id\":\"https:\\\/\\\/www.lykketegning.no\\\/en\\\/product-2\\\/illustration-from-lucky-drawing-not-enough-coffee\\\/#breadcrumb\"},\"inLanguage\":\"da-DK\",\"potentialAction\":[{\"@type\":\"ReadAction\",\"target\":[\"https:\\\/\\\/www.lykketegning.no\\\/en\\\/product-2\\\/illustration-from-lucky-drawing-not-enough-coffee\\\/\"]}]},{\"@type\":\"ImageObject\",\"inLanguage\":\"da-DK\",\"@id\":\"https:\\\/\\\/www.lykketegning.no\\\/en\\\/product-2\\\/illustration-from-lucky-drawing-not-enough-coffee\\\/#primaryimage\",\"url\":\"https:\\\/\\\/www.lykketegning.no\\\/wp-content\\\/uploads\\\/2025\\\/03\\\/4D6D6395-6FE7-4C5C-BE6E-71DB12EE37FE.jpg\",\"contentUrl\":\"https:\\\/\\\/www.lykketegning.no\\\/wp-content\\\/uploads\\\/2025\\\/03\\\/4D6D6395-6FE7-4C5C-BE6E-71DB12EE37FE.jpg\",\"width\":1284,\"height\":2282,\"caption\":\"coffee Lykketegning tegning\"},{\"@type\":\"BreadcrumbList\",\"@id\":\"https:\\\/\\\/www.lykketegning.no\\\/en\\\/product-2\\\/illustration-from-lucky-drawing-not-enough-coffee\\\/#breadcrumb\",\"itemListElement\":[{\"@type\":\"ListItem\",\"position\":1,\"name\":\"Hjem\",\"item\":\"https:\\\/\\\/www.lykketegning.no\\\/\"},{\"@type\":\"ListItem\",\"position\":2,\"name\":\"Shop\",\"item\":\"https:\\\/\\\/www.lykketegning.no\\\/sv\\\/webbutik\\\/\"},{\"@type\":\"ListItem\",\"position\":3,\"name\":\"Illustrasjon fra Lykketegning. &#8220;Not enough coffee&#8221;\"}]},{\"@type\":\"WebSite\",\"@id\":\"https:\\\/\\\/www.lykketegning.no\\\/#website\",\"url\":\"https:\\\/\\\/www.lykketegning.no\\\/\",\"name\":\"LYKKETEGNING ILLUSTRAT\u00d8R\",\"description\":\"\",\"publisher\":{\"@id\":\"https:\\\/\\\/www.lykketegning.no\\\/#organization\"},\"potentialAction\":[{\"@type\":\"SearchAction\",\"target\":{\"@type\":\"EntryPoint\",\"urlTemplate\":\"https:\\\/\\\/www.lykketegning.no\\\/?s={search_term_string}\"},\"query-input\":{\"@type\":\"PropertyValueSpecification\",\"valueRequired\":true,\"valueName\":\"search_term_string\"}}],\"inLanguage\":\"da-DK\"},{\"@type\":\"Organization\",\"@id\":\"https:\\\/\\\/www.lykketegning.no\\\/#organization\",\"name\":\"LYKKETEGNING ILLUSTRAT\u00d8R\",\"url\":\"https:\\\/\\\/www.lykketegning.no\\\/\",\"logo\":{\"@type\":\"ImageObject\",\"inLanguage\":\"da-DK\",\"@id\":\"https:\\\/\\\/www.lykketegning.no\\\/#\\\/schema\\\/logo\\\/image\\\/\",\"url\":\"https:\\\/\\\/www.lykketegning.no\\\/wp-content\\\/uploads\\\/2020\\\/03\\\/Logo2020_h400px.jpg\",\"contentUrl\":\"https:\\\/\\\/www.lykketegning.no\\\/wp-content\\\/uploads\\\/2020\\\/03\\\/Logo2020_h400px.jpg\",\"width\":1024,\"height\":400,\"caption\":\"LYKKETEGNING ILLUSTRAT\u00d8R\"},\"image\":{\"@id\":\"https:\\\/\\\/www.lykketegning.no\\\/#\\\/schema\\\/logo\\\/image\\\/\"},\"sameAs\":[\"https:\\\/\\\/www.facebook.com\\\/lykketegning\\\/\",\"https:\\\/\\\/www.instagram.com\\\/lykketegning\\\/\",\"https:\\\/\\\/www.youtube.com\\\/@lykketegningillustrations\",\"https:\\\/\\\/www.tiktok.com\\\/@lykketegningillustration\"]}]}<\/script>\n<!-- \/ Yoast SEO plugin. -->","yoast_head_json":{"title":"Illustration fra Lykketegning. \"Ikke nok kaffe\" - LYKKETEGNING ILLUSTRAT\u00d8R","description":"Illustration fra Lucky Drawing. \"Ikke nok kaffe\" Original illustration. H\u00e5ndtegnetIllustration i A4-st\u00f8rrelse UDEN ramme.","robots":{"index":"index","follow":"follow","max-snippet":"max-snippet:-1","max-image-preview":"max-image-preview:large","max-video-preview":"max-video-preview:-1"},"canonical":"https:\/\/www.lykketegning.no\/da\/product-2\/illustration-from-lucky-drawing-not-enough-coffee\/","og_locale":"da_DK","og_type":"article","og_title":"Illustrasjon fra Lykketegning. \"Not enough coffee\" - LYKKETEGNING ILLUSTRAT\u00d8R","og_description":"Illustrasjon fra Lykketegning. \"Not enough coffee\" Original illustrasjon. H\u00e5ndtegnetIllustrasjon A4 str UTEN ramme.","og_url":"https:\/\/www.lykketegning.no\/da\/product-2\/illustration-from-lucky-drawing-not-enough-coffee\/","og_site_name":"LYKKETEGNING ILLUSTRAT\u00d8R","article_publisher":"https:\/\/www.facebook.com\/lykketegning\/","article_modified_time":"2026-02-02T08:50:15+00:00","og_image":[{"width":1284,"height":2282,"url":"https:\/\/www.lykketegning.no\/wp-content\/uploads\/2025\/03\/4D6D6395-6FE7-4C5C-BE6E-71DB12EE37FE.jpg","type":"image\/jpeg"}],"twitter_card":"summary_large_image","twitter_misc":{"Estimeret l\u00e6setid":"2 minutter"},"schema":{"@context":"https:\/\/schema.org","@graph":[{"@type":"WebPage","@id":"https:\/\/www.lykketegning.no\/en\/product-2\/illustration-from-lucky-drawing-not-enough-coffee\/","url":"https:\/\/www.lykketegning.no\/en\/product-2\/illustration-from-lucky-drawing-not-enough-coffee\/","name":"Illustration fra Lykketegning. \"Ikke nok kaffe\" - LYKKETEGNING ILLUSTRAT\u00d8R","isPartOf":{"@id":"https:\/\/www.lykketegning.no\/#website"},"primaryImageOfPage":{"@id":"https:\/\/www.lykketegning.no\/en\/product-2\/illustration-from-lucky-drawing-not-enough-coffee\/#primaryimage"},"image":{"@id":"https:\/\/www.lykketegning.no\/en\/product-2\/illustration-from-lucky-drawing-not-enough-coffee\/#primaryimage"},"thumbnailUrl":"https:\/\/www.lykketegning.no\/wp-content\/uploads\/2025\/03\/4D6D6395-6FE7-4C5C-BE6E-71DB12EE37FE.jpg","datePublished":"2024-03-17T14:07:18+00:00","dateModified":"2026-02-02T08:50:15+00:00","description":"Illustration fra Lucky Drawing. \"Ikke nok kaffe\" Original illustration. H\u00e5ndtegnetIllustration i A4-st\u00f8rrelse UDEN ramme.","breadcrumb":{"@id":"https:\/\/www.lykketegning.no\/en\/product-2\/illustration-from-lucky-drawing-not-enough-coffee\/#breadcrumb"},"inLanguage":"da-DK","potentialAction":[{"@type":"ReadAction","target":["https:\/\/www.lykketegning.no\/en\/product-2\/illustration-from-lucky-drawing-not-enough-coffee\/"]}]},{"@type":"ImageObject","inLanguage":"da-DK","@id":"https:\/\/www.lykketegning.no\/en\/product-2\/illustration-from-lucky-drawing-not-enough-coffee\/#primaryimage","url":"https:\/\/www.lykketegning.no\/wp-content\/uploads\/2025\/03\/4D6D6395-6FE7-4C5C-BE6E-71DB12EE37FE.jpg","contentUrl":"https:\/\/www.lykketegning.no\/wp-content\/uploads\/2025\/03\/4D6D6395-6FE7-4C5C-BE6E-71DB12EE37FE.jpg","width":1284,"height":2282,"caption":"coffee Lykketegning tegning"},{"@type":"BreadcrumbList","@id":"https:\/\/www.lykketegning.no\/en\/product-2\/illustration-from-lucky-drawing-not-enough-coffee\/#breadcrumb","itemListElement":[{"@type":"ListItem","position":1,"name":"Hjem","item":"https:\/\/www.lykketegning.no\/"},{"@type":"ListItem","position":2,"name":"Shop","item":"https:\/\/www.lykketegning.no\/sv\/webbutik\/"},{"@type":"ListItem","position":3,"name":"Illustrasjon fra Lykketegning. &#8220;Not enough coffee&#8221;"}]},{"@type":"WebSite","@id":"https:\/\/www.lykketegning.no\/#website","url":"https:\/\/www.lykketegning.no\/","name":"LYKKETEGNING ILLUSTRATOR","description":"","publisher":{"@id":"https:\/\/www.lykketegning.no\/#organization"},"potentialAction":[{"@type":"SearchAction","target":{"@type":"EntryPoint","urlTemplate":"https:\/\/www.lykketegning.no\/?s={search_term_string}"},"query-input":{"@type":"PropertyValueSpecification","valueRequired":true,"valueName":"search_term_string"}}],"inLanguage":"da-DK"},{"@type":"Organization","@id":"https:\/\/www.lykketegning.no\/#organization","name":"LYKKETEGNING ILLUSTRATOR","url":"https:\/\/www.lykketegning.no\/","logo":{"@type":"ImageObject","inLanguage":"da-DK","@id":"https:\/\/www.lykketegning.no\/#\/schema\/logo\/image\/","url":"https:\/\/www.lykketegning.no\/wp-content\/uploads\/2020\/03\/Logo2020_h400px.jpg","contentUrl":"https:\/\/www.lykketegning.no\/wp-content\/uploads\/2020\/03\/Logo2020_h400px.jpg","width":1024,"height":400,"caption":"LYKKETEGNING ILLUSTRAT\u00d8R"},"image":{"@id":"https:\/\/www.lykketegning.no\/#\/schema\/logo\/image\/"},"sameAs":["https:\/\/www.facebook.com\/lykketegning\/","https:\/\/www.instagram.com\/lykketegning\/","https:\/\/www.youtube.com\/@lykketegningillustrations","https:\/\/www.tiktok.com\/@lykketegningillustration"]}]}},"_links":{"self":[{"href":"https:\/\/www.lykketegning.no\/da\/wp-json\/wp\/v2\/product\/39435","targetHints":{"allow":["GET"]}}],"collection":[{"href":"https:\/\/www.lykketegning.no\/da\/wp-json\/wp\/v2\/product"}],"about":[{"href":"https:\/\/www.lykketegning.no\/da\/wp-json\/wp\/v2\/types\/product"}],"replies":[{"embeddable":true,"href":"https:\/\/www.lykketegning.no\/da\/wp-json\/wp\/v2\/comments?post=39435"}],"wp:featuredmedia":[{"embeddable":true,"href":"https:\/\/www.lykketegning.no\/da\/wp-json\/wp\/v2\/media\/39438"}],"wp:attachment":[{"href":"https:\/\/www.lykketegning.no\/da\/wp-json\/wp\/v2\/media?parent=39435"}],"wp:term":[{"taxonomy":"product_brand","embeddable":true,"href":"https:\/\/www.lykketegning.no\/da\/wp-json\/wp\/v2\/product_brand?post=39435"},{"taxonomy":"product_cat","embeddable":true,"href":"https:\/\/www.lykketegning.no\/da\/wp-json\/wp\/v2\/product_cat?post=39435"},{"taxonomy":"product_tag","embeddable":true,"href":"https:\/\/www.lykketegning.no\/da\/wp-json\/wp\/v2\/product_tag?post=39435"}],"curies":[{"name":"wp","href":"https:\/\/api.w.org\/{rel}","templated":true}]}}