{"id":39429,"date":"2024-03-17T14:26:03","date_gmt":"2024-03-17T13:26:03","guid":{"rendered":"https:\/\/www.lykketegning.no\/?post_type=product&#038;p=39429"},"modified":"2026-02-02T09:50:43","modified_gmt":"2026-02-02T08:50:43","slug":"printed-illustration-from-lykketegning-breathe-snoopy","status":"publish","type":"product","link":"https:\/\/www.lykketegning.no\/da\/vare\/trykt-illustration-fra-lykketegning-traek-vejret-snoopy\/","title":{"rendered":"Trykt illustration fra Lykketegning. Tr\u00e6k vejret. Snoopy"},"content":{"rendered":"<p>Trykt illustration fra Lykketegning. Tr\u00e6k vejret. Snoopy<\/p>\n<p>Illustration i A4-st\u00f8rrelse UDEN ramme. Kontakt os venligst, hvis du \u00f8nsker A3-st\u00f8rrelse.<\/p>\n<p>&nbsp;<\/p>\n<p><a href=\"https:\/\/www.lykketegning.no\/da\/vare\/personlige-illustrationer\/\">Tjek ogs\u00e5 muligheden for at f\u00e5 din helt egen personlige illustration!<\/a><\/p>\n<p>&nbsp;<\/p>","protected":false},"excerpt":{"rendered":"<p>Trykt illustration fra Lykketegning. Tr\u00e6k vejret. Snoopy<\/p>\n<p>Illustration i A4-st\u00f8rrelse UDEN ramme. Kontakt os venligst, hvis du \u00f8nsker A3-st\u00f8rrelse.<\/p>\n<p><a href=\"https:\/\/www.lykketegning.no\/da\/vare\/personlige-illustrationer\/\">Tjek ogs\u00e5 muligheden for at f\u00e5 din helt egen personlige illustration!<\/a><\/p>\n<p>&nbsp;<\/p>","protected":false},"featured_media":31092,"comment_status":"open","ping_status":"closed","template":"","meta":[],"product_brand":[],"product_cat":[170,165],"product_tag":[72,85,397,120,398,50,227],"class_list":{"0":"post-39429","1":"product","2":"type-product","3":"status-publish","4":"has-post-thumbnail","6":"product_cat-artprint","7":"product_cat-handtegnede-unike-illustrasjoner","8":"product_tag-bryllup","9":"product_tag-bryllupsgave","10":"product_tag-kjaerester","11":"product_tag-kjaerlighet","12":"product_tag-kjaerlighetsmeny","13":"product_tag-tegning","14":"product_tag-trykk","16":"first","17":"instock","18":"purchasable","19":"product-type-simple"},"yoast_head":"<!-- This site is optimized with the Yoast SEO plugin v27.4 - https:\/\/yoast.com\/product\/yoast-seo-wordpress\/ -->\n<title>Printed illustration from Lykketegning. Breathe. Snoopy - LYKKETEGNING ILLUSTRAT\u00d8R<\/title>\n<meta name=\"description\" content=\"Printed illustration from Lykketegning. Breathe. SnoopyIllustrasjon A4 str UTEN ramme. Ta kontakt hvis du \u00f8nsker A3 str.\" \/>\n<meta name=\"robots\" content=\"index, follow, max-snippet:-1, max-image-preview:large, max-video-preview:-1\" \/>\n<link rel=\"canonical\" href=\"https:\/\/www.lykketegning.no\/da\/product-2\/trykt-illustration-fra-lykketegning-traek-vejret-snoopy\/\" \/>\n<meta property=\"og:locale\" content=\"da_DK\" \/>\n<meta property=\"og:type\" content=\"article\" \/>\n<meta property=\"og:title\" content=\"Printed illustration from Lykketegning. Breathe. Snoopy - LYKKETEGNING ILLUSTRAT\u00d8R\" \/>\n<meta property=\"og:description\" content=\"Printed illustration from Lykketegning. Breathe. SnoopyIllustrasjon A4 str UTEN ramme. Ta kontakt hvis du \u00f8nsker A3 str.\" \/>\n<meta property=\"og:url\" content=\"https:\/\/www.lykketegning.no\/da\/product-2\/trykt-illustration-fra-lykketegning-traek-vejret-snoopy\/\" \/>\n<meta property=\"og:site_name\" content=\"LYKKETEGNING ILLUSTRAT\u00d8R\" \/>\n<meta property=\"article:publisher\" content=\"https:\/\/www.facebook.com\/lykketegning\/\" \/>\n<meta property=\"article:modified_time\" content=\"2026-02-02T08:50:43+00:00\" \/>\n<meta property=\"og:image\" content=\"https:\/\/www.lykketegning.no\/wp-content\/uploads\/2021\/06\/IMG_5339-scaled.jpg\" \/>\n\t<meta property=\"og:image:width\" content=\"1810\" \/>\n\t<meta property=\"og:image:height\" content=\"2560\" \/>\n\t<meta property=\"og:image:type\" content=\"image\/jpeg\" \/>\n<meta name=\"twitter:card\" content=\"summary_large_image\" \/>\n<meta name=\"twitter:label1\" content=\"Estimeret l\u00e6setid\" \/>\n\t<meta name=\"twitter:data1\" content=\"1 minut\" \/>\n<script type=\"application\/ld+json\" class=\"yoast-schema-graph\">{\"@context\":\"https:\\\/\\\/schema.org\",\"@graph\":[{\"@type\":\"WebPage\",\"@id\":\"https:\\\/\\\/www.lykketegning.no\\\/da\\\/product-2\\\/trykt-illustration-fra-lykketegning-traek-vejret-snoopy\\\/\",\"url\":\"https:\\\/\\\/www.lykketegning.no\\\/da\\\/product-2\\\/trykt-illustration-fra-lykketegning-traek-vejret-snoopy\\\/\",\"name\":\"Printed illustration from Lykketegning. Breathe. Snoopy - LYKKETEGNING ILLUSTRAT\u00d8R\",\"isPartOf\":{\"@id\":\"https:\\\/\\\/www.lykketegning.no\\\/#website\"},\"primaryImageOfPage\":{\"@id\":\"https:\\\/\\\/www.lykketegning.no\\\/da\\\/product-2\\\/trykt-illustration-fra-lykketegning-traek-vejret-snoopy\\\/#primaryimage\"},\"image\":{\"@id\":\"https:\\\/\\\/www.lykketegning.no\\\/da\\\/product-2\\\/trykt-illustration-fra-lykketegning-traek-vejret-snoopy\\\/#primaryimage\"},\"thumbnailUrl\":\"https:\\\/\\\/www.lykketegning.no\\\/wp-content\\\/uploads\\\/2021\\\/06\\\/IMG_5339-scaled.jpg\",\"datePublished\":\"2024-03-17T13:26:03+00:00\",\"dateModified\":\"2026-02-02T08:50:43+00:00\",\"description\":\"Printed illustration from Lykketegning. Breathe. SnoopyIllustrasjon A4 str UTEN ramme. Ta kontakt hvis du \u00f8nsker A3 str.\",\"breadcrumb\":{\"@id\":\"https:\\\/\\\/www.lykketegning.no\\\/da\\\/product-2\\\/trykt-illustration-fra-lykketegning-traek-vejret-snoopy\\\/#breadcrumb\"},\"inLanguage\":\"da-DK\",\"potentialAction\":[{\"@type\":\"ReadAction\",\"target\":[\"https:\\\/\\\/www.lykketegning.no\\\/da\\\/product-2\\\/trykt-illustration-fra-lykketegning-traek-vejret-snoopy\\\/\"]}]},{\"@type\":\"ImageObject\",\"inLanguage\":\"da-DK\",\"@id\":\"https:\\\/\\\/www.lykketegning.no\\\/da\\\/product-2\\\/trykt-illustration-fra-lykketegning-traek-vejret-snoopy\\\/#primaryimage\",\"url\":\"https:\\\/\\\/www.lykketegning.no\\\/wp-content\\\/uploads\\\/2021\\\/06\\\/IMG_5339-scaled.jpg\",\"contentUrl\":\"https:\\\/\\\/www.lykketegning.no\\\/wp-content\\\/uploads\\\/2021\\\/06\\\/IMG_5339-scaled.jpg\",\"width\":1810,\"height\":2560,\"caption\":\"\\\"Breathe\\\" Art. Graphic\"},{\"@type\":\"BreadcrumbList\",\"@id\":\"https:\\\/\\\/www.lykketegning.no\\\/da\\\/product-2\\\/trykt-illustration-fra-lykketegning-traek-vejret-snoopy\\\/#breadcrumb\",\"itemListElement\":[{\"@type\":\"ListItem\",\"position\":1,\"name\":\"Hjem\",\"item\":\"https:\\\/\\\/www.lykketegning.no\\\/\"},{\"@type\":\"ListItem\",\"position\":2,\"name\":\"Shop\",\"item\":\"https:\\\/\\\/www.lykketegning.no\\\/sv\\\/webbutik\\\/\"},{\"@type\":\"ListItem\",\"position\":3,\"name\":\"Printed illustration from Lykketegning. Breathe. Snoopy\"}]},{\"@type\":\"WebSite\",\"@id\":\"https:\\\/\\\/www.lykketegning.no\\\/#website\",\"url\":\"https:\\\/\\\/www.lykketegning.no\\\/\",\"name\":\"LYKKETEGNING ILLUSTRAT\u00d8R\",\"description\":\"\",\"publisher\":{\"@id\":\"https:\\\/\\\/www.lykketegning.no\\\/#organization\"},\"potentialAction\":[{\"@type\":\"SearchAction\",\"target\":{\"@type\":\"EntryPoint\",\"urlTemplate\":\"https:\\\/\\\/www.lykketegning.no\\\/?s={search_term_string}\"},\"query-input\":{\"@type\":\"PropertyValueSpecification\",\"valueRequired\":true,\"valueName\":\"search_term_string\"}}],\"inLanguage\":\"da-DK\"},{\"@type\":\"Organization\",\"@id\":\"https:\\\/\\\/www.lykketegning.no\\\/#organization\",\"name\":\"LYKKETEGNING ILLUSTRAT\u00d8R\",\"url\":\"https:\\\/\\\/www.lykketegning.no\\\/\",\"logo\":{\"@type\":\"ImageObject\",\"inLanguage\":\"da-DK\",\"@id\":\"https:\\\/\\\/www.lykketegning.no\\\/#\\\/schema\\\/logo\\\/image\\\/\",\"url\":\"https:\\\/\\\/www.lykketegning.no\\\/wp-content\\\/uploads\\\/2020\\\/03\\\/Logo2020_h400px.jpg\",\"contentUrl\":\"https:\\\/\\\/www.lykketegning.no\\\/wp-content\\\/uploads\\\/2020\\\/03\\\/Logo2020_h400px.jpg\",\"width\":1024,\"height\":400,\"caption\":\"LYKKETEGNING ILLUSTRAT\u00d8R\"},\"image\":{\"@id\":\"https:\\\/\\\/www.lykketegning.no\\\/#\\\/schema\\\/logo\\\/image\\\/\"},\"sameAs\":[\"https:\\\/\\\/www.facebook.com\\\/lykketegning\\\/\",\"https:\\\/\\\/www.instagram.com\\\/lykketegning\\\/\",\"https:\\\/\\\/www.youtube.com\\\/@lykketegningillustrations\",\"https:\\\/\\\/www.tiktok.com\\\/@lykketegningillustration\"]}]}<\/script>\n<!-- \/ Yoast SEO plugin. -->","yoast_head_json":{"title":"Trykt illustration fra Lykketegning. Tr\u00e6k vejret. Snoopy - LUCKY DRAWING ILLUSTRATOR","description":"Trykt illustration fra Lykketegning. Tr\u00e6k vejret. SnoopyIllustration i A4-st\u00f8rrelse UDEN ramme. Kontakt os venligst, hvis du \u00f8nsker A3-st\u00f8rrelse.","robots":{"index":"index","follow":"follow","max-snippet":"max-snippet:-1","max-image-preview":"max-image-preview:large","max-video-preview":"max-video-preview:-1"},"canonical":"https:\/\/www.lykketegning.no\/da\/product-2\/trykt-illustration-fra-lykketegning-traek-vejret-snoopy\/","og_locale":"da_DK","og_type":"article","og_title":"Printed illustration from Lykketegning. Breathe. Snoopy - LYKKETEGNING ILLUSTRAT\u00d8R","og_description":"Printed illustration from Lykketegning. Breathe. SnoopyIllustrasjon A4 str UTEN ramme. Ta kontakt hvis du \u00f8nsker A3 str.","og_url":"https:\/\/www.lykketegning.no\/da\/product-2\/trykt-illustration-fra-lykketegning-traek-vejret-snoopy\/","og_site_name":"LYKKETEGNING ILLUSTRAT\u00d8R","article_publisher":"https:\/\/www.facebook.com\/lykketegning\/","article_modified_time":"2026-02-02T08:50:43+00:00","og_image":[{"width":1810,"height":2560,"url":"https:\/\/www.lykketegning.no\/wp-content\/uploads\/2021\/06\/IMG_5339-scaled.jpg","type":"image\/jpeg"}],"twitter_card":"summary_large_image","twitter_misc":{"Estimeret l\u00e6setid":"1 minut"},"schema":{"@context":"https:\/\/schema.org","@graph":[{"@type":"WebPage","@id":"https:\/\/www.lykketegning.no\/da\/product-2\/trykt-illustration-fra-lykketegning-traek-vejret-snoopy\/","url":"https:\/\/www.lykketegning.no\/da\/product-2\/trykt-illustration-fra-lykketegning-traek-vejret-snoopy\/","name":"Trykt illustration fra Lykketegning. Tr\u00e6k vejret. Snoopy - LUCKY DRAWING ILLUSTRATOR","isPartOf":{"@id":"https:\/\/www.lykketegning.no\/#website"},"primaryImageOfPage":{"@id":"https:\/\/www.lykketegning.no\/da\/product-2\/trykt-illustration-fra-lykketegning-traek-vejret-snoopy\/#primaryimage"},"image":{"@id":"https:\/\/www.lykketegning.no\/da\/product-2\/trykt-illustration-fra-lykketegning-traek-vejret-snoopy\/#primaryimage"},"thumbnailUrl":"https:\/\/www.lykketegning.no\/wp-content\/uploads\/2021\/06\/IMG_5339-scaled.jpg","datePublished":"2024-03-17T13:26:03+00:00","dateModified":"2026-02-02T08:50:43+00:00","description":"Trykt illustration fra Lykketegning. Tr\u00e6k vejret. SnoopyIllustration i A4-st\u00f8rrelse UDEN ramme. Kontakt os venligst, hvis du \u00f8nsker A3-st\u00f8rrelse.","breadcrumb":{"@id":"https:\/\/www.lykketegning.no\/da\/product-2\/trykt-illustration-fra-lykketegning-traek-vejret-snoopy\/#breadcrumb"},"inLanguage":"da-DK","potentialAction":[{"@type":"ReadAction","target":["https:\/\/www.lykketegning.no\/da\/product-2\/trykt-illustration-fra-lykketegning-traek-vejret-snoopy\/"]}]},{"@type":"ImageObject","inLanguage":"da-DK","@id":"https:\/\/www.lykketegning.no\/da\/product-2\/trykt-illustration-fra-lykketegning-traek-vejret-snoopy\/#primaryimage","url":"https:\/\/www.lykketegning.no\/wp-content\/uploads\/2021\/06\/IMG_5339-scaled.jpg","contentUrl":"https:\/\/www.lykketegning.no\/wp-content\/uploads\/2021\/06\/IMG_5339-scaled.jpg","width":1810,"height":2560,"caption":"\"Breathe\" Art. Graphic"},{"@type":"BreadcrumbList","@id":"https:\/\/www.lykketegning.no\/da\/product-2\/trykt-illustration-fra-lykketegning-traek-vejret-snoopy\/#breadcrumb","itemListElement":[{"@type":"ListItem","position":1,"name":"Hjem","item":"https:\/\/www.lykketegning.no\/"},{"@type":"ListItem","position":2,"name":"Shop","item":"https:\/\/www.lykketegning.no\/sv\/webbutik\/"},{"@type":"ListItem","position":3,"name":"Printed illustration from Lykketegning. Breathe. Snoopy"}]},{"@type":"WebSite","@id":"https:\/\/www.lykketegning.no\/#website","url":"https:\/\/www.lykketegning.no\/","name":"LYKKETEGNING ILLUSTRATOR","description":"","publisher":{"@id":"https:\/\/www.lykketegning.no\/#organization"},"potentialAction":[{"@type":"SearchAction","target":{"@type":"EntryPoint","urlTemplate":"https:\/\/www.lykketegning.no\/?s={search_term_string}"},"query-input":{"@type":"PropertyValueSpecification","valueRequired":true,"valueName":"search_term_string"}}],"inLanguage":"da-DK"},{"@type":"Organization","@id":"https:\/\/www.lykketegning.no\/#organization","name":"LYKKETEGNING ILLUSTRATOR","url":"https:\/\/www.lykketegning.no\/","logo":{"@type":"ImageObject","inLanguage":"da-DK","@id":"https:\/\/www.lykketegning.no\/#\/schema\/logo\/image\/","url":"https:\/\/www.lykketegning.no\/wp-content\/uploads\/2020\/03\/Logo2020_h400px.jpg","contentUrl":"https:\/\/www.lykketegning.no\/wp-content\/uploads\/2020\/03\/Logo2020_h400px.jpg","width":1024,"height":400,"caption":"LYKKETEGNING ILLUSTRAT\u00d8R"},"image":{"@id":"https:\/\/www.lykketegning.no\/#\/schema\/logo\/image\/"},"sameAs":["https:\/\/www.facebook.com\/lykketegning\/","https:\/\/www.instagram.com\/lykketegning\/","https:\/\/www.youtube.com\/@lykketegningillustrations","https:\/\/www.tiktok.com\/@lykketegningillustration"]}]}},"_links":{"self":[{"href":"https:\/\/www.lykketegning.no\/da\/wp-json\/wp\/v2\/product\/39429","targetHints":{"allow":["GET"]}}],"collection":[{"href":"https:\/\/www.lykketegning.no\/da\/wp-json\/wp\/v2\/product"}],"about":[{"href":"https:\/\/www.lykketegning.no\/da\/wp-json\/wp\/v2\/types\/product"}],"replies":[{"embeddable":true,"href":"https:\/\/www.lykketegning.no\/da\/wp-json\/wp\/v2\/comments?post=39429"}],"wp:featuredmedia":[{"embeddable":true,"href":"https:\/\/www.lykketegning.no\/da\/wp-json\/wp\/v2\/media\/31092"}],"wp:attachment":[{"href":"https:\/\/www.lykketegning.no\/da\/wp-json\/wp\/v2\/media?parent=39429"}],"wp:term":[{"taxonomy":"product_brand","embeddable":true,"href":"https:\/\/www.lykketegning.no\/da\/wp-json\/wp\/v2\/product_brand?post=39429"},{"taxonomy":"product_cat","embeddable":true,"href":"https:\/\/www.lykketegning.no\/da\/wp-json\/wp\/v2\/product_cat?post=39429"},{"taxonomy":"product_tag","embeddable":true,"href":"https:\/\/www.lykketegning.no\/da\/wp-json\/wp\/v2\/product_tag?post=39429"}],"curies":[{"name":"wp","href":"https:\/\/api.w.org\/{rel}","templated":true}]}}