{"id":37281,"date":"2023-01-12T18:56:20","date_gmt":"2023-01-12T17:56:20","guid":{"rendered":"https:\/\/www.lykketegning.no\/fornyelse\/?post_type=product&#038;p=37281"},"modified":"2025-04-25T13:32:33","modified_gmt":"2025-04-25T11:32:33","slug":"gratulasjonskort-konge","status":"publish","type":"product","link":"https:\/\/www.lykketegning.no\/da\/vare\/kongen-af-lykonskningskort\/","title":{"rendered":"Konge af lyk\u00f8nskningskort"},"content":{"rendered":"<p style=\"text-align: left;\">Et dejligt lyk\u00f8nskningskort til alle lejligheder. \"Du er kongen!\" Dobbeltkort i A6-st\u00f8rrelse.<\/p>\n<p>Se ogs\u00e5 de andre kort. Hvis du \u00f8nsker at blive forhandler af kort, s\u00e5 send en mail til post@lykketegning.no<\/p>","protected":false},"excerpt":{"rendered":"<p>Et dejligt lyk\u00f8nskningskort til alle lejligheder. \"Du er kongen!\" Dobbeltkort i A6-st\u00f8rrelse.<\/p>\n<p>Se ogs\u00e5 de andre kort. Hvis du \u00f8nsker at blive forhandler af kort, s\u00e5 send en mail til post@lykketegning.no<\/p>","protected":false},"featured_media":39820,"comment_status":"open","ping_status":"closed","template":"","meta":[],"product_brand":[],"product_cat":[172],"product_tag":[18,259,17,196],"class_list":{"0":"post-37281","1":"product","2":"type-product","3":"status-publish","4":"has-post-thumbnail","6":"product_cat-gratulasjonskort","7":"product_tag-gratulasjonskort","8":"product_tag-konge","9":"product_tag-kort","10":"product_tag-super","12":"first","13":"instock","14":"taxable","15":"shipping-taxable","16":"purchasable","17":"product-type-simple"},"yoast_head":"<!-- This site is optimized with the Yoast SEO plugin v27.3 - https:\/\/yoast.com\/product\/yoast-seo-wordpress\/ -->\n<title>Gratulasjonskort Konge - LYKKETEGNING ILLUSTRAT\u00d8R<\/title>\n<meta name=\"robots\" content=\"index, follow, max-snippet:-1, max-image-preview:large, max-video-preview:-1\" \/>\n<link rel=\"canonical\" href=\"https:\/\/www.lykketegning.no\/da\/product-2\/kongen-af-lykonskningskort\/\" \/>\n<meta property=\"og:locale\" content=\"da_DK\" \/>\n<meta property=\"og:type\" content=\"article\" \/>\n<meta property=\"og:title\" content=\"Gratulasjonskort Konge - LYKKETEGNING ILLUSTRAT\u00d8R\" \/>\n<meta property=\"og:description\" content=\"Hyggelig gratulasjonskort til alle anledninger. &quot;Du er helt konge!&quot; A6 str dobbelt kort.  Sjekk ogs\u00e5 de andre kortene da vel. \u00d8nsker du \u00e5 bli forhandler av kort, send en email til post@lykketegning.no\" \/>\n<meta property=\"og:url\" content=\"https:\/\/www.lykketegning.no\/da\/product-2\/kongen-af-lykonskningskort\/\" \/>\n<meta property=\"og:site_name\" content=\"LYKKETEGNING ILLUSTRAT\u00d8R\" \/>\n<meta property=\"article:publisher\" content=\"https:\/\/www.facebook.com\/lykketegning\/\" \/>\n<meta property=\"article:modified_time\" content=\"2025-04-25T11:32:33+00:00\" \/>\n<meta name=\"twitter:card\" content=\"summary_large_image\" \/>\n<meta name=\"twitter:label1\" content=\"Estimeret l\u00e6setid\" \/>\n\t<meta name=\"twitter:data1\" content=\"1 minut\" \/>\n<script type=\"application\/ld+json\" class=\"yoast-schema-graph\">{\"@context\":\"https:\\\/\\\/schema.org\",\"@graph\":[{\"@type\":\"WebPage\",\"@id\":\"https:\\\/\\\/www.lykketegning.no\\\/da\\\/product-2\\\/kongen-af-lykonskningskort\\\/\",\"url\":\"https:\\\/\\\/www.lykketegning.no\\\/da\\\/product-2\\\/kongen-af-lykonskningskort\\\/\",\"name\":\"Gratulasjonskort Konge - LYKKETEGNING ILLUSTRAT\u00d8R\",\"isPartOf\":{\"@id\":\"https:\\\/\\\/www.lykketegning.no\\\/#website\"},\"primaryImageOfPage\":{\"@id\":\"https:\\\/\\\/www.lykketegning.no\\\/da\\\/product-2\\\/kongen-af-lykonskningskort\\\/#primaryimage\"},\"image\":{\"@id\":\"https:\\\/\\\/www.lykketegning.no\\\/da\\\/product-2\\\/kongen-af-lykonskningskort\\\/#primaryimage\"},\"thumbnailUrl\":\"https:\\\/\\\/www.lykketegning.no\\\/wp-content\\\/uploads\\\/2023\\\/01\\\/IMG_7345-scaled.jpg\",\"datePublished\":\"2023-01-12T17:56:20+00:00\",\"dateModified\":\"2025-04-25T11:32:33+00:00\",\"breadcrumb\":{\"@id\":\"https:\\\/\\\/www.lykketegning.no\\\/da\\\/product-2\\\/kongen-af-lykonskningskort\\\/#breadcrumb\"},\"inLanguage\":\"da-DK\",\"potentialAction\":[{\"@type\":\"ReadAction\",\"target\":[\"https:\\\/\\\/www.lykketegning.no\\\/da\\\/product-2\\\/kongen-af-lykonskningskort\\\/\"]}]},{\"@type\":\"ImageObject\",\"inLanguage\":\"da-DK\",\"@id\":\"https:\\\/\\\/www.lykketegning.no\\\/da\\\/product-2\\\/kongen-af-lykonskningskort\\\/#primaryimage\",\"url\":\"https:\\\/\\\/www.lykketegning.no\\\/wp-content\\\/uploads\\\/2023\\\/01\\\/IMG_7345-scaled.jpg\",\"contentUrl\":\"https:\\\/\\\/www.lykketegning.no\\\/wp-content\\\/uploads\\\/2023\\\/01\\\/IMG_7345-scaled.jpg\",\"width\":2560,\"height\":2560},{\"@type\":\"BreadcrumbList\",\"@id\":\"https:\\\/\\\/www.lykketegning.no\\\/da\\\/product-2\\\/kongen-af-lykonskningskort\\\/#breadcrumb\",\"itemListElement\":[{\"@type\":\"ListItem\",\"position\":1,\"name\":\"Hjem\",\"item\":\"https:\\\/\\\/www.lykketegning.no\\\/\"},{\"@type\":\"ListItem\",\"position\":2,\"name\":\"Shop\",\"item\":\"https:\\\/\\\/www.lykketegning.no\\\/sv\\\/webbutik\\\/\"},{\"@type\":\"ListItem\",\"position\":3,\"name\":\"Gratulasjonskort Konge\"}]},{\"@type\":\"WebSite\",\"@id\":\"https:\\\/\\\/www.lykketegning.no\\\/#website\",\"url\":\"https:\\\/\\\/www.lykketegning.no\\\/\",\"name\":\"LYKKETEGNING ILLUSTRAT\u00d8R\",\"description\":\"\",\"publisher\":{\"@id\":\"https:\\\/\\\/www.lykketegning.no\\\/#organization\"},\"potentialAction\":[{\"@type\":\"SearchAction\",\"target\":{\"@type\":\"EntryPoint\",\"urlTemplate\":\"https:\\\/\\\/www.lykketegning.no\\\/?s={search_term_string}\"},\"query-input\":{\"@type\":\"PropertyValueSpecification\",\"valueRequired\":true,\"valueName\":\"search_term_string\"}}],\"inLanguage\":\"da-DK\"},{\"@type\":\"Organization\",\"@id\":\"https:\\\/\\\/www.lykketegning.no\\\/#organization\",\"name\":\"LYKKETEGNING ILLUSTRAT\u00d8R\",\"url\":\"https:\\\/\\\/www.lykketegning.no\\\/\",\"logo\":{\"@type\":\"ImageObject\",\"inLanguage\":\"da-DK\",\"@id\":\"https:\\\/\\\/www.lykketegning.no\\\/#\\\/schema\\\/logo\\\/image\\\/\",\"url\":\"https:\\\/\\\/www.lykketegning.no\\\/wp-content\\\/uploads\\\/2020\\\/03\\\/Logo2020_h400px.jpg\",\"contentUrl\":\"https:\\\/\\\/www.lykketegning.no\\\/wp-content\\\/uploads\\\/2020\\\/03\\\/Logo2020_h400px.jpg\",\"width\":1024,\"height\":400,\"caption\":\"LYKKETEGNING ILLUSTRAT\u00d8R\"},\"image\":{\"@id\":\"https:\\\/\\\/www.lykketegning.no\\\/#\\\/schema\\\/logo\\\/image\\\/\"},\"sameAs\":[\"https:\\\/\\\/www.facebook.com\\\/lykketegning\\\/\",\"https:\\\/\\\/www.instagram.com\\\/lykketegning\\\/\",\"https:\\\/\\\/www.youtube.com\\\/@lykketegningillustrations\",\"https:\\\/\\\/www.tiktok.com\\\/@lykketegningillustration\"]}]}<\/script>\n<!-- \/ Yoast SEO plugin. -->","yoast_head_json":{"title":"Lyk\u00f8nskningskort King - LUCKY DRAWING ILLUSTRATOR","robots":{"index":"index","follow":"follow","max-snippet":"max-snippet:-1","max-image-preview":"max-image-preview:large","max-video-preview":"max-video-preview:-1"},"canonical":"https:\/\/www.lykketegning.no\/da\/product-2\/kongen-af-lykonskningskort\/","og_locale":"da_DK","og_type":"article","og_title":"Gratulasjonskort Konge - LYKKETEGNING ILLUSTRAT\u00d8R","og_description":"Hyggelig gratulasjonskort til alle anledninger. \"Du er helt konge!\" A6 str dobbelt kort.  Sjekk ogs\u00e5 de andre kortene da vel. \u00d8nsker du \u00e5 bli forhandler av kort, send en email til post@lykketegning.no","og_url":"https:\/\/www.lykketegning.no\/da\/product-2\/kongen-af-lykonskningskort\/","og_site_name":"LYKKETEGNING ILLUSTRAT\u00d8R","article_publisher":"https:\/\/www.facebook.com\/lykketegning\/","article_modified_time":"2025-04-25T11:32:33+00:00","twitter_card":"summary_large_image","twitter_misc":{"Estimeret l\u00e6setid":"1 minut"},"schema":{"@context":"https:\/\/schema.org","@graph":[{"@type":"WebPage","@id":"https:\/\/www.lykketegning.no\/da\/product-2\/kongen-af-lykonskningskort\/","url":"https:\/\/www.lykketegning.no\/da\/product-2\/kongen-af-lykonskningskort\/","name":"Lyk\u00f8nskningskort King - LUCKY DRAWING ILLUSTRATOR","isPartOf":{"@id":"https:\/\/www.lykketegning.no\/#website"},"primaryImageOfPage":{"@id":"https:\/\/www.lykketegning.no\/da\/product-2\/kongen-af-lykonskningskort\/#primaryimage"},"image":{"@id":"https:\/\/www.lykketegning.no\/da\/product-2\/kongen-af-lykonskningskort\/#primaryimage"},"thumbnailUrl":"https:\/\/www.lykketegning.no\/wp-content\/uploads\/2023\/01\/IMG_7345-scaled.jpg","datePublished":"2023-01-12T17:56:20+00:00","dateModified":"2025-04-25T11:32:33+00:00","breadcrumb":{"@id":"https:\/\/www.lykketegning.no\/da\/product-2\/kongen-af-lykonskningskort\/#breadcrumb"},"inLanguage":"da-DK","potentialAction":[{"@type":"ReadAction","target":["https:\/\/www.lykketegning.no\/da\/product-2\/kongen-af-lykonskningskort\/"]}]},{"@type":"ImageObject","inLanguage":"da-DK","@id":"https:\/\/www.lykketegning.no\/da\/product-2\/kongen-af-lykonskningskort\/#primaryimage","url":"https:\/\/www.lykketegning.no\/wp-content\/uploads\/2023\/01\/IMG_7345-scaled.jpg","contentUrl":"https:\/\/www.lykketegning.no\/wp-content\/uploads\/2023\/01\/IMG_7345-scaled.jpg","width":2560,"height":2560},{"@type":"BreadcrumbList","@id":"https:\/\/www.lykketegning.no\/da\/product-2\/kongen-af-lykonskningskort\/#breadcrumb","itemListElement":[{"@type":"ListItem","position":1,"name":"Hjem","item":"https:\/\/www.lykketegning.no\/"},{"@type":"ListItem","position":2,"name":"Shop","item":"https:\/\/www.lykketegning.no\/sv\/webbutik\/"},{"@type":"ListItem","position":3,"name":"Gratulasjonskort Konge"}]},{"@type":"WebSite","@id":"https:\/\/www.lykketegning.no\/#website","url":"https:\/\/www.lykketegning.no\/","name":"LYKKETEGNING ILLUSTRATOR","description":"","publisher":{"@id":"https:\/\/www.lykketegning.no\/#organization"},"potentialAction":[{"@type":"SearchAction","target":{"@type":"EntryPoint","urlTemplate":"https:\/\/www.lykketegning.no\/?s={search_term_string}"},"query-input":{"@type":"PropertyValueSpecification","valueRequired":true,"valueName":"search_term_string"}}],"inLanguage":"da-DK"},{"@type":"Organization","@id":"https:\/\/www.lykketegning.no\/#organization","name":"LYKKETEGNING ILLUSTRATOR","url":"https:\/\/www.lykketegning.no\/","logo":{"@type":"ImageObject","inLanguage":"da-DK","@id":"https:\/\/www.lykketegning.no\/#\/schema\/logo\/image\/","url":"https:\/\/www.lykketegning.no\/wp-content\/uploads\/2020\/03\/Logo2020_h400px.jpg","contentUrl":"https:\/\/www.lykketegning.no\/wp-content\/uploads\/2020\/03\/Logo2020_h400px.jpg","width":1024,"height":400,"caption":"LYKKETEGNING ILLUSTRAT\u00d8R"},"image":{"@id":"https:\/\/www.lykketegning.no\/#\/schema\/logo\/image\/"},"sameAs":["https:\/\/www.facebook.com\/lykketegning\/","https:\/\/www.instagram.com\/lykketegning\/","https:\/\/www.youtube.com\/@lykketegningillustrations","https:\/\/www.tiktok.com\/@lykketegningillustration"]}]}},"_links":{"self":[{"href":"https:\/\/www.lykketegning.no\/da\/wp-json\/wp\/v2\/product\/37281","targetHints":{"allow":["GET"]}}],"collection":[{"href":"https:\/\/www.lykketegning.no\/da\/wp-json\/wp\/v2\/product"}],"about":[{"href":"https:\/\/www.lykketegning.no\/da\/wp-json\/wp\/v2\/types\/product"}],"replies":[{"embeddable":true,"href":"https:\/\/www.lykketegning.no\/da\/wp-json\/wp\/v2\/comments?post=37281"}],"wp:featuredmedia":[{"embeddable":true,"href":"https:\/\/www.lykketegning.no\/da\/wp-json\/wp\/v2\/media\/39820"}],"wp:attachment":[{"href":"https:\/\/www.lykketegning.no\/da\/wp-json\/wp\/v2\/media?parent=37281"}],"wp:term":[{"taxonomy":"product_brand","embeddable":true,"href":"https:\/\/www.lykketegning.no\/da\/wp-json\/wp\/v2\/product_brand?post=37281"},{"taxonomy":"product_cat","embeddable":true,"href":"https:\/\/www.lykketegning.no\/da\/wp-json\/wp\/v2\/product_cat?post=37281"},{"taxonomy":"product_tag","embeddable":true,"href":"https:\/\/www.lykketegning.no\/da\/wp-json\/wp\/v2\/product_tag?post=37281"}],"curies":[{"name":"wp","href":"https:\/\/api.w.org\/{rel}","templated":true}]}}