{"id":37209,"date":"2022-11-01T17:32:04","date_gmt":"2022-11-01T16:32:04","guid":{"rendered":"https:\/\/www.lykketegning.no\/fornyelse\/?post_type=product&#038;p=37209"},"modified":"2024-11-18T10:56:58","modified_gmt":"2024-11-18T09:56:58","slug":"2-pack-gloggkrus-fra-lykketegning-kos-og-lykke","status":"publish","type":"product","link":"https:\/\/www.lykketegning.no\/da\/vare\/2-pakker-gloggkrus-fra-happiness-drawing-cos-og-lykke\/","title":{"rendered":"2 pakker gl\u00f8ggkrus fra Happiness Drawing \"KOS\" og \"LYKKE\""},"content":{"rendered":"<p>2 pakker gl\u00f8ggkrus fra Happiness Drawing \"KOS\" og \"LYKKE\"<\/p>\n<p>Nu kan du k\u00f8be julekrusene \"KOS\" og \"LYKKE\" i lidt mindre kopper i 2-pak.<\/p>\n<p>Perfekt til gl\u00f8gg. Det er derfor, vi kalder dem gl\u00f8ggb\u00e6gre.<\/p>\n<p>Smuk r\u00f8d farve og perfekt til jul.<\/p>\n<p>Se ogs\u00e5 de andre gl\u00f8ggkopper; \"Hygge\" og \"Ro\".<\/p>\n<p>Krus r\u00f8d D7 H9 28 cl Materiale: Keramik<\/p>\n<p>T\u00e5ler opvaskemaskine<\/p>\n<p>Popul\u00e6rt krus med citat fra Lucky Drawing<\/p>\n<p>\u00c5rets julekopper er ankommet! Bestil b\u00e5de \"Joy\" og \"Harmony\"<\/p>\n<p>God julegave til andre eller til dig selv!<\/p>\n<p>Tjek ogs\u00e5 de andre krus som Glede, Kos og Lykke, Ro og hygge. Samt de dejlige kage\u00e6sker fra Lykketegning.<\/p>\n<p>&nbsp;<\/p>\n<p>&nbsp;<\/p>\n<p><strong>\"Hos Lykketegning bliver hver eneste illustration skabt med varme og omhu.<\/strong><br \/>\n<strong>Med st\u00e6rke farver, klare linjer og gode citater vil Happiness Drawing f\u00e5 dig til at stoppe op et \u00f8jeblik, tage en dyb ind\u00e5nding og derefter s\u00e6tte en god kurs fremad.<\/strong><br \/>\n<strong>\"Hjerterne og smilene er fra mig til dig for at minde dig om, at du er rigtig god!\"<\/strong><\/p>\n<p>&nbsp;<\/p>\n<p>P\u00e5 hjemmesiden finder du nogle illustrationer og andre produkter som kopper, lyk\u00f8nskningskort og kalendere.<\/p>\n<p>Der kommer hele tiden nye produkter til, s\u00e5 du er velkommen til at tilmelde dig nyhedsbrevet for at f\u00e5 m\u00e5nedlige opdateringer.<\/p>\n<p>For <strong>mange mange mange mange<\/strong> flere illustrationer; bes\u00f8g min Instagram- og Facebook-profil.<\/p>\n<p>Faktisk er alle illustrationer til salg. 999 SEK for A4 og 1500 SEK for A3.<\/p>\n<p>Du kan ogs\u00e5 bestille dine helt egne - gode gaver til bryllupper og andre fester. Kontakt indbakken for dette.<\/p>\n<p><em>Pris: 1500kr for A4 og A5 (op til 5 personer\/dyr), ekstra omkostninger for flere (op til 5 personer\/dyr). A3 2000kr ex porto. Jeg har brug for at kende h\u00e5rfarve\/h\u00e5rtype, h\u00f8jde, interesser og \u00f8nsket antal illustrerede personer. Alle tilbud, du \u00f8nsker inkluderet.<\/em><\/p>\n<p>Hvis du har sp\u00f8rgsm\u00e5l, s\u00e5 t\u00f8v ikke med at kontakte mig! Hvis du gerne vil have en snak om et muligt samarbejde, s\u00e5 send mig en e-mail.<\/p>\n<p>Jeg ser frem til at h\u00f8re fra dig og h\u00e5ber, at du f\u00e5r en dejlig dag. <a href=\"https:\/\/www.facebook.com\/lykketegning\/?locale=nb_NO\">S\u00e5 kommer du til min Facebook-side.<\/a> Og hvis du vil f\u00f8lge mig p\u00e5<a href=\"https:\/\/www.instagram.com\/lykketegning\/?hl=nb\"> Instagram, du finder det her.<\/a><\/p>\n<p>Kunstner<br \/>\nIngebj\u00f8rg Rang\u00f8y Sj\u00e5land<\/p>\n<p>&nbsp;<\/p>\n<div class=\"page\" title=\"Side 1\"><\/div>\n<div class=\"page\" title=\"Side 1\"><\/div>","protected":false},"excerpt":{"rendered":"<p>2 pakker gl\u00f8ggkrus fra Happiness Drawing \"KOS\" og \"LYKKE\"<\/p>\n<p>Nu kan du k\u00f8be julekrusene \"KOS\" og \"LYKKE\" i lidt mindre kopper i 2-pak.<\/p>\n<p>Perfekt til gl\u00f8gg. Det er derfor, vi kalder dem gl\u00f8ggb\u00e6gre.<\/p>\n<p>Smuk r\u00f8d farve og perfekt til jul.<\/p>\n<p>Se ogs\u00e5 de andre gl\u00f8ggkopper; \"Hygge\" og \"Ro\".<\/p>\n<p>Krus r\u00f8d D7 H9 28 cl Materiale: Keramik<\/p>\n<p>T\u00e5ler opvaskemaskine<\/p>\n<p>Popul\u00e6rt krus med citat fra Lucky Drawing<\/p>\n<div class=\"page\" title=\"Side 1\"><\/div>","protected":false},"featured_media":37210,"comment_status":"closed","ping_status":"closed","template":"","meta":[],"product_brand":[],"product_cat":[41],"product_tag":[273,158,377,191,43,121,217],"class_list":{"0":"post-37209","1":"product","2":"type-product","3":"status-publish","4":"has-post-thumbnail","6":"product_cat-lykkekopper","7":"product_tag-gloggkopper","8":"product_tag-jul","9":"product_tag-kos-og-lykke","10":"product_tag-lykke","11":"product_tag-lykkekopp","12":"product_tag-lykkekrus","13":"product_tag-ro","15":"first","16":"outofstock","17":"taxable","18":"shipping-taxable","19":"purchasable","20":"product-type-simple"},"yoast_head":"<!-- This site is optimized with the Yoast SEO plugin v27.4 - https:\/\/yoast.com\/product\/yoast-seo-wordpress\/ -->\n<title>2 pack Gl\u00f8ggkrus fra Lykketegning &quot;KOS &quot; og &quot;LYKKE&quot; - LYKKETEGNING ILLUSTRAT\u00d8R<\/title>\n<meta name=\"description\" content=\"2 pack Gl\u00f8ggkrus fra Lykketegning &quot;KOS &quot; og &quot;LYKKE&quot; N\u00e5 kan du kj\u00f8pe julekrusene &quot;KOS&quot; og &quot;LYKKE&quot; i litt mindre kopper 2 pack. Perfekte til gl\u00f8gg. Derfor kaller vi de gl\u00f8ggkopper. Nydelig r\u00f8dfarge og perfekt til julen.\" \/>\n<meta name=\"robots\" content=\"index, follow, max-snippet:-1, max-image-preview:large, max-video-preview:-1\" \/>\n<link rel=\"canonical\" href=\"https:\/\/www.lykketegning.no\/da\/product-2\/2-pack-mulled-wine-mugs-from-happiness-drawing-cos-og-lykke\/\" \/>\n<meta property=\"og:locale\" content=\"da_DK\" \/>\n<meta property=\"og:type\" content=\"article\" \/>\n<meta property=\"og:title\" content=\"2 pack Gl\u00f8ggkrus fra Lykketegning &quot;KOS &quot; og &quot;LYKKE&quot; - LYKKETEGNING ILLUSTRAT\u00d8R\" \/>\n<meta property=\"og:description\" content=\"2 pack Gl\u00f8ggkrus fra Lykketegning &quot;KOS &quot; og &quot;LYKKE&quot; N\u00e5 kan du kj\u00f8pe julekrusene &quot;KOS&quot; og &quot;LYKKE&quot; i litt mindre kopper 2 pack. Perfekte til gl\u00f8gg. Derfor kaller vi de gl\u00f8ggkopper. Nydelig r\u00f8dfarge og perfekt til julen.\" \/>\n<meta property=\"og:url\" content=\"https:\/\/www.lykketegning.no\/da\/product-2\/2-pack-mulled-wine-mugs-from-happiness-drawing-cos-og-lykke\/\" \/>\n<meta property=\"og:site_name\" content=\"LYKKETEGNING ILLUSTRAT\u00d8R\" \/>\n<meta property=\"article:publisher\" content=\"https:\/\/www.facebook.com\/lykketegning\/\" \/>\n<meta property=\"article:modified_time\" content=\"2024-11-18T09:56:58+00:00\" \/>\n<meta property=\"og:image\" content=\"https:\/\/www.lykketegning.no\/wp-content\/uploads\/2024\/04\/46203235_GB.jpg\" \/>\n\t<meta property=\"og:image:width\" content=\"700\" \/>\n\t<meta property=\"og:image:height\" content=\"700\" \/>\n\t<meta property=\"og:image:type\" content=\"image\/jpeg\" \/>\n<meta name=\"twitter:card\" content=\"summary_large_image\" \/>\n<meta name=\"twitter:label1\" content=\"Estimeret l\u00e6setid\" \/>\n\t<meta name=\"twitter:data1\" content=\"3 minutter\" \/>\n<script type=\"application\/ld+json\" class=\"yoast-schema-graph\">{\"@context\":\"https:\\\/\\\/schema.org\",\"@graph\":[{\"@type\":\"WebPage\",\"@id\":\"https:\\\/\\\/www.lykketegning.no\\\/en\\\/product-2\\\/2-pack-mulled-wine-mugs-from-happiness-drawing-cos-og-lykke\\\/\",\"url\":\"https:\\\/\\\/www.lykketegning.no\\\/en\\\/product-2\\\/2-pack-mulled-wine-mugs-from-happiness-drawing-cos-og-lykke\\\/\",\"name\":\"2 pack Gl\u00f8ggkrus fra Lykketegning \\\"KOS \\\" og \\\"LYKKE\\\" - LYKKETEGNING ILLUSTRAT\u00d8R\",\"isPartOf\":{\"@id\":\"https:\\\/\\\/www.lykketegning.no\\\/#website\"},\"primaryImageOfPage\":{\"@id\":\"https:\\\/\\\/www.lykketegning.no\\\/en\\\/product-2\\\/2-pack-mulled-wine-mugs-from-happiness-drawing-cos-og-lykke\\\/#primaryimage\"},\"image\":{\"@id\":\"https:\\\/\\\/www.lykketegning.no\\\/en\\\/product-2\\\/2-pack-mulled-wine-mugs-from-happiness-drawing-cos-og-lykke\\\/#primaryimage\"},\"thumbnailUrl\":\"https:\\\/\\\/www.lykketegning.no\\\/wp-content\\\/uploads\\\/2024\\\/04\\\/46203235_GB.jpg\",\"datePublished\":\"2022-11-01T16:32:04+00:00\",\"dateModified\":\"2024-11-18T09:56:58+00:00\",\"description\":\"2 pack Gl\u00f8ggkrus fra Lykketegning \\\"KOS \\\" og \\\"LYKKE\\\" N\u00e5 kan du kj\u00f8pe julekrusene \\\"KOS\\\" og \\\"LYKKE\\\" i litt mindre kopper 2 pack. Perfekte til gl\u00f8gg. Derfor kaller vi de gl\u00f8ggkopper. Nydelig r\u00f8dfarge og perfekt til julen.\",\"breadcrumb\":{\"@id\":\"https:\\\/\\\/www.lykketegning.no\\\/en\\\/product-2\\\/2-pack-mulled-wine-mugs-from-happiness-drawing-cos-og-lykke\\\/#breadcrumb\"},\"inLanguage\":\"da-DK\",\"potentialAction\":[{\"@type\":\"ReadAction\",\"target\":[\"https:\\\/\\\/www.lykketegning.no\\\/en\\\/product-2\\\/2-pack-mulled-wine-mugs-from-happiness-drawing-cos-og-lykke\\\/\"]}]},{\"@type\":\"ImageObject\",\"inLanguage\":\"da-DK\",\"@id\":\"https:\\\/\\\/www.lykketegning.no\\\/en\\\/product-2\\\/2-pack-mulled-wine-mugs-from-happiness-drawing-cos-og-lykke\\\/#primaryimage\",\"url\":\"https:\\\/\\\/www.lykketegning.no\\\/wp-content\\\/uploads\\\/2024\\\/04\\\/46203235_GB.jpg\",\"contentUrl\":\"https:\\\/\\\/www.lykketegning.no\\\/wp-content\\\/uploads\\\/2024\\\/04\\\/46203235_GB.jpg\",\"width\":700,\"height\":700,\"caption\":\"2 pack Gl\u00f8ggkrus fra Lykketegning \\\"KOS \\\" og \\\"LYKKE\\\"\"},{\"@type\":\"BreadcrumbList\",\"@id\":\"https:\\\/\\\/www.lykketegning.no\\\/en\\\/product-2\\\/2-pack-mulled-wine-mugs-from-happiness-drawing-cos-og-lykke\\\/#breadcrumb\",\"itemListElement\":[{\"@type\":\"ListItem\",\"position\":1,\"name\":\"Hjem\",\"item\":\"https:\\\/\\\/www.lykketegning.no\\\/\"},{\"@type\":\"ListItem\",\"position\":2,\"name\":\"Shop\",\"item\":\"https:\\\/\\\/www.lykketegning.no\\\/sv\\\/webbutik\\\/\"},{\"@type\":\"ListItem\",\"position\":3,\"name\":\"2 pack Gl\u00f8ggkrus fra Lykketegning &#8220;KOS &#8221; og &#8220;LYKKE&#8221;\"}]},{\"@type\":\"WebSite\",\"@id\":\"https:\\\/\\\/www.lykketegning.no\\\/#website\",\"url\":\"https:\\\/\\\/www.lykketegning.no\\\/\",\"name\":\"LYKKETEGNING ILLUSTRAT\u00d8R\",\"description\":\"\",\"publisher\":{\"@id\":\"https:\\\/\\\/www.lykketegning.no\\\/#organization\"},\"potentialAction\":[{\"@type\":\"SearchAction\",\"target\":{\"@type\":\"EntryPoint\",\"urlTemplate\":\"https:\\\/\\\/www.lykketegning.no\\\/?s={search_term_string}\"},\"query-input\":{\"@type\":\"PropertyValueSpecification\",\"valueRequired\":true,\"valueName\":\"search_term_string\"}}],\"inLanguage\":\"da-DK\"},{\"@type\":\"Organization\",\"@id\":\"https:\\\/\\\/www.lykketegning.no\\\/#organization\",\"name\":\"LYKKETEGNING ILLUSTRAT\u00d8R\",\"url\":\"https:\\\/\\\/www.lykketegning.no\\\/\",\"logo\":{\"@type\":\"ImageObject\",\"inLanguage\":\"da-DK\",\"@id\":\"https:\\\/\\\/www.lykketegning.no\\\/#\\\/schema\\\/logo\\\/image\\\/\",\"url\":\"https:\\\/\\\/www.lykketegning.no\\\/wp-content\\\/uploads\\\/2020\\\/03\\\/Logo2020_h400px.jpg\",\"contentUrl\":\"https:\\\/\\\/www.lykketegning.no\\\/wp-content\\\/uploads\\\/2020\\\/03\\\/Logo2020_h400px.jpg\",\"width\":1024,\"height\":400,\"caption\":\"LYKKETEGNING ILLUSTRAT\u00d8R\"},\"image\":{\"@id\":\"https:\\\/\\\/www.lykketegning.no\\\/#\\\/schema\\\/logo\\\/image\\\/\"},\"sameAs\":[\"https:\\\/\\\/www.facebook.com\\\/lykketegning\\\/\",\"https:\\\/\\\/www.instagram.com\\\/lykketegning\\\/\",\"https:\\\/\\\/www.youtube.com\\\/@lykketegningillustrations\",\"https:\\\/\\\/www.tiktok.com\\\/@lykketegningillustration\"]}]}<\/script>\n<!-- \/ Yoast SEO plugin. -->","yoast_head_json":{"title":"2 pakker gl\u00f8ggkrus fra Lykketegning \"KOS\" og \"LYKKE\" - LYKKETEGNING ILLUSTRAT\u00d8R","description":"2-pak Gl\u00f8ggkrus fra Lykketegning \"KOS\" og \"LYKKE\" Nu kan du k\u00f8be julekrusene \"KOS\" og \"LYKKE\" i lidt mindre kopper 2-pak. Perfekt til gl\u00f8gg. Det er derfor, vi kalder dem gl\u00f8ggkopper. Smuk r\u00f8d farve og perfekt til jul.","robots":{"index":"index","follow":"follow","max-snippet":"max-snippet:-1","max-image-preview":"max-image-preview:large","max-video-preview":"max-video-preview:-1"},"canonical":"https:\/\/www.lykketegning.no\/da\/product-2\/2-pack-mulled-wine-mugs-from-happiness-drawing-cos-og-lykke\/","og_locale":"da_DK","og_type":"article","og_title":"2 pack Gl\u00f8ggkrus fra Lykketegning \"KOS \" og \"LYKKE\" - LYKKETEGNING ILLUSTRAT\u00d8R","og_description":"2 pack Gl\u00f8ggkrus fra Lykketegning \"KOS \" og \"LYKKE\" N\u00e5 kan du kj\u00f8pe julekrusene \"KOS\" og \"LYKKE\" i litt mindre kopper 2 pack. Perfekte til gl\u00f8gg. Derfor kaller vi de gl\u00f8ggkopper. Nydelig r\u00f8dfarge og perfekt til julen.","og_url":"https:\/\/www.lykketegning.no\/da\/product-2\/2-pack-mulled-wine-mugs-from-happiness-drawing-cos-og-lykke\/","og_site_name":"LYKKETEGNING ILLUSTRAT\u00d8R","article_publisher":"https:\/\/www.facebook.com\/lykketegning\/","article_modified_time":"2024-11-18T09:56:58+00:00","og_image":[{"width":700,"height":700,"url":"https:\/\/www.lykketegning.no\/wp-content\/uploads\/2024\/04\/46203235_GB.jpg","type":"image\/jpeg"}],"twitter_card":"summary_large_image","twitter_misc":{"Estimeret l\u00e6setid":"3 minutter"},"schema":{"@context":"https:\/\/schema.org","@graph":[{"@type":"WebPage","@id":"https:\/\/www.lykketegning.no\/en\/product-2\/2-pack-mulled-wine-mugs-from-happiness-drawing-cos-og-lykke\/","url":"https:\/\/www.lykketegning.no\/en\/product-2\/2-pack-mulled-wine-mugs-from-happiness-drawing-cos-og-lykke\/","name":"2 pakker gl\u00f8ggkrus fra Lykketegning \"KOS\" og \"LYKKE\" - LYKKETEGNING ILLUSTRAT\u00d8R","isPartOf":{"@id":"https:\/\/www.lykketegning.no\/#website"},"primaryImageOfPage":{"@id":"https:\/\/www.lykketegning.no\/en\/product-2\/2-pack-mulled-wine-mugs-from-happiness-drawing-cos-og-lykke\/#primaryimage"},"image":{"@id":"https:\/\/www.lykketegning.no\/en\/product-2\/2-pack-mulled-wine-mugs-from-happiness-drawing-cos-og-lykke\/#primaryimage"},"thumbnailUrl":"https:\/\/www.lykketegning.no\/wp-content\/uploads\/2024\/04\/46203235_GB.jpg","datePublished":"2022-11-01T16:32:04+00:00","dateModified":"2024-11-18T09:56:58+00:00","description":"2-pak Gl\u00f8ggkrus fra Lykketegning \"KOS\" og \"LYKKE\" Nu kan du k\u00f8be julekrusene \"KOS\" og \"LYKKE\" i lidt mindre kopper 2-pak. Perfekt til gl\u00f8gg. Det er derfor, vi kalder dem gl\u00f8ggkopper. Smuk r\u00f8d farve og perfekt til jul.","breadcrumb":{"@id":"https:\/\/www.lykketegning.no\/en\/product-2\/2-pack-mulled-wine-mugs-from-happiness-drawing-cos-og-lykke\/#breadcrumb"},"inLanguage":"da-DK","potentialAction":[{"@type":"ReadAction","target":["https:\/\/www.lykketegning.no\/en\/product-2\/2-pack-mulled-wine-mugs-from-happiness-drawing-cos-og-lykke\/"]}]},{"@type":"ImageObject","inLanguage":"da-DK","@id":"https:\/\/www.lykketegning.no\/en\/product-2\/2-pack-mulled-wine-mugs-from-happiness-drawing-cos-og-lykke\/#primaryimage","url":"https:\/\/www.lykketegning.no\/wp-content\/uploads\/2024\/04\/46203235_GB.jpg","contentUrl":"https:\/\/www.lykketegning.no\/wp-content\/uploads\/2024\/04\/46203235_GB.jpg","width":700,"height":700,"caption":"2 pack Gl\u00f8ggkrus fra Lykketegning \"KOS \" og \"LYKKE\""},{"@type":"BreadcrumbList","@id":"https:\/\/www.lykketegning.no\/en\/product-2\/2-pack-mulled-wine-mugs-from-happiness-drawing-cos-og-lykke\/#breadcrumb","itemListElement":[{"@type":"ListItem","position":1,"name":"Hjem","item":"https:\/\/www.lykketegning.no\/"},{"@type":"ListItem","position":2,"name":"Shop","item":"https:\/\/www.lykketegning.no\/sv\/webbutik\/"},{"@type":"ListItem","position":3,"name":"2 pack Gl\u00f8ggkrus fra Lykketegning &#8220;KOS &#8221; og &#8220;LYKKE&#8221;"}]},{"@type":"WebSite","@id":"https:\/\/www.lykketegning.no\/#website","url":"https:\/\/www.lykketegning.no\/","name":"LYKKETEGNING ILLUSTRATOR","description":"","publisher":{"@id":"https:\/\/www.lykketegning.no\/#organization"},"potentialAction":[{"@type":"SearchAction","target":{"@type":"EntryPoint","urlTemplate":"https:\/\/www.lykketegning.no\/?s={search_term_string}"},"query-input":{"@type":"PropertyValueSpecification","valueRequired":true,"valueName":"search_term_string"}}],"inLanguage":"da-DK"},{"@type":"Organization","@id":"https:\/\/www.lykketegning.no\/#organization","name":"LYKKETEGNING ILLUSTRATOR","url":"https:\/\/www.lykketegning.no\/","logo":{"@type":"ImageObject","inLanguage":"da-DK","@id":"https:\/\/www.lykketegning.no\/#\/schema\/logo\/image\/","url":"https:\/\/www.lykketegning.no\/wp-content\/uploads\/2020\/03\/Logo2020_h400px.jpg","contentUrl":"https:\/\/www.lykketegning.no\/wp-content\/uploads\/2020\/03\/Logo2020_h400px.jpg","width":1024,"height":400,"caption":"LYKKETEGNING ILLUSTRAT\u00d8R"},"image":{"@id":"https:\/\/www.lykketegning.no\/#\/schema\/logo\/image\/"},"sameAs":["https:\/\/www.facebook.com\/lykketegning\/","https:\/\/www.instagram.com\/lykketegning\/","https:\/\/www.youtube.com\/@lykketegningillustrations","https:\/\/www.tiktok.com\/@lykketegningillustration"]}]}},"_links":{"self":[{"href":"https:\/\/www.lykketegning.no\/da\/wp-json\/wp\/v2\/product\/37209","targetHints":{"allow":["GET"]}}],"collection":[{"href":"https:\/\/www.lykketegning.no\/da\/wp-json\/wp\/v2\/product"}],"about":[{"href":"https:\/\/www.lykketegning.no\/da\/wp-json\/wp\/v2\/types\/product"}],"replies":[{"embeddable":true,"href":"https:\/\/www.lykketegning.no\/da\/wp-json\/wp\/v2\/comments?post=37209"}],"wp:featuredmedia":[{"embeddable":true,"href":"https:\/\/www.lykketegning.no\/da\/wp-json\/wp\/v2\/media\/37210"}],"wp:attachment":[{"href":"https:\/\/www.lykketegning.no\/da\/wp-json\/wp\/v2\/media?parent=37209"}],"wp:term":[{"taxonomy":"product_brand","embeddable":true,"href":"https:\/\/www.lykketegning.no\/da\/wp-json\/wp\/v2\/product_brand?post=37209"},{"taxonomy":"product_cat","embeddable":true,"href":"https:\/\/www.lykketegning.no\/da\/wp-json\/wp\/v2\/product_cat?post=37209"},{"taxonomy":"product_tag","embeddable":true,"href":"https:\/\/www.lykketegning.no\/da\/wp-json\/wp\/v2\/product_tag?post=37209"}],"curies":[{"name":"wp","href":"https:\/\/api.w.org\/{rel}","templated":true}]}}