{"id":37155,"date":"2023-10-19T13:00:23","date_gmt":"2023-10-19T11:00:23","guid":{"rendered":"https:\/\/www.lykketegning.no\/fornyelse\/?post_type=product&#038;p=37155"},"modified":"2026-01-19T13:14:44","modified_gmt":"2026-01-19T12:14:44","slug":"helt-konge","status":"publish","type":"product","link":"https:\/\/www.lykketegning.no\/da\/vare\/helt-fantastisk\/","title":{"rendered":"\"Absolut konge!\" En kop af lykke"},"content":{"rendered":"<p>Nu kan du k\u00f8be Happy Mug; \"Absolutely king!\"<\/p>\n<p>En god gave til dig selv eller andre.<\/p>\n<p>Perfekt til manden, s\u00f8nnen, onklen, kollegaen...<\/p>\n<p>Se ogs\u00e5 de andre krus.<\/p>\n<p>Krus bl\u00e5 D8 H9,5 400 ml Materiale: Keramik<\/p>\n<p>T\u00e5ler opvaskemaskine<\/p>\n<p>Popul\u00e6rt krus med citat fra Lucky Drawing<\/p>","protected":false},"excerpt":{"rendered":"<p>Nu kan du k\u00f8be Happy Mug; \"Absolutely king!\"<\/p>\n<p>En god gave til dig selv eller andre.<\/p>\n<p>Perfekt til manden, s\u00f8nnen, onklen, kollegaen...<\/p>\n<p>Se ogs\u00e5 de andre krus.<\/p>\n<p>Krus bl\u00e5 D8 H9,5 400 ml Materiale: Keramik<\/p>\n<p>T\u00e5ler opvaskemaskine<\/p>\n<p>Popul\u00e6rt krus med citat fra Lucky Drawing<\/p>","protected":false},"featured_media":39785,"comment_status":"closed","ping_status":"closed","template":"","meta":[],"product_brand":[],"product_cat":[41],"product_tag":[269,260,259,43,121],"class_list":{"0":"post-37155","1":"product","2":"type-product","3":"status-publish","4":"has-post-thumbnail","6":"product_cat-lykkekopper","7":"product_tag-farsdag","8":"product_tag-guttekopp","9":"product_tag-konge","10":"product_tag-lykkekopp","11":"product_tag-lykkekrus","13":"first","14":"instock","15":"taxable","16":"shipping-taxable","17":"purchasable","18":"product-type-simple"},"yoast_head":"<!-- This site is optimized with the Yoast SEO plugin v27.3 - https:\/\/yoast.com\/product\/yoast-seo-wordpress\/ -->\n<title>&quot;Helt konge!&quot; Lykkekopp - LYKKETEGNING ILLUSTRAT\u00d8R<\/title>\n<meta name=\"robots\" content=\"index, follow, max-snippet:-1, max-image-preview:large, max-video-preview:-1\" \/>\n<link rel=\"canonical\" href=\"https:\/\/www.lykketegning.no\/da\/vare\/helt-fantastisk\/\" \/>\n<meta property=\"og:locale\" content=\"da_DK\" \/>\n<meta property=\"og:type\" content=\"article\" \/>\n<meta property=\"og:title\" content=\"&quot;Helt konge!&quot; Lykkekopp - LYKKETEGNING ILLUSTRAT\u00d8R\" \/>\n<meta property=\"og:description\" content=\"N\u00e5 kan du kj\u00f8pe \u00a0Lykkekruset; &quot;Helt konge!&quot;  En flott gave til deg selv eller andre.  Perfekt for mannen, s\u00f8nnen, onkel, kollega..  Sjekk ogs\u00e5 de andre krusene.  Krus bl\u00e5 D8 H9,5 400ml Materiale: Keramikk  T\u00e5ler oppvaskmaskin  Popul\u00e6rt krus med sitat fra Lykketegning\" \/>\n<meta property=\"og:url\" content=\"https:\/\/www.lykketegning.no\/da\/vare\/helt-fantastisk\/\" \/>\n<meta property=\"og:site_name\" content=\"LYKKETEGNING ILLUSTRAT\u00d8R\" \/>\n<meta property=\"article:publisher\" content=\"https:\/\/www.facebook.com\/lykketegning\/\" \/>\n<meta property=\"article:modified_time\" content=\"2026-01-19T12:14:44+00:00\" \/>\n<meta name=\"twitter:card\" content=\"summary_large_image\" \/>\n<meta name=\"twitter:label1\" content=\"Estimeret l\u00e6setid\" \/>\n\t<meta name=\"twitter:data1\" content=\"1 minut\" \/>\n<script type=\"application\/ld+json\" class=\"yoast-schema-graph\">{\"@context\":\"https:\\\/\\\/schema.org\",\"@graph\":[{\"@type\":\"WebPage\",\"@id\":\"https:\\\/\\\/www.lykketegning.no\\\/produkt\\\/helt-konge\\\/\",\"url\":\"https:\\\/\\\/www.lykketegning.no\\\/produkt\\\/helt-konge\\\/\",\"name\":\"\\\"Helt konge!\\\" Lykkekopp - LYKKETEGNING ILLUSTRAT\u00d8R\",\"isPartOf\":{\"@id\":\"https:\\\/\\\/www.lykketegning.no\\\/#website\"},\"primaryImageOfPage\":{\"@id\":\"https:\\\/\\\/www.lykketegning.no\\\/produkt\\\/helt-konge\\\/#primaryimage\"},\"image\":{\"@id\":\"https:\\\/\\\/www.lykketegning.no\\\/produkt\\\/helt-konge\\\/#primaryimage\"},\"thumbnailUrl\":\"https:\\\/\\\/www.lykketegning.no\\\/wp-content\\\/uploads\\\/2024\\\/08\\\/IMG_7314-scaled.jpg\",\"datePublished\":\"2023-10-19T11:00:23+00:00\",\"dateModified\":\"2026-01-19T12:14:44+00:00\",\"breadcrumb\":{\"@id\":\"https:\\\/\\\/www.lykketegning.no\\\/produkt\\\/helt-konge\\\/#breadcrumb\"},\"inLanguage\":\"da-DK\",\"potentialAction\":[{\"@type\":\"ReadAction\",\"target\":[\"https:\\\/\\\/www.lykketegning.no\\\/produkt\\\/helt-konge\\\/\"]}]},{\"@type\":\"ImageObject\",\"inLanguage\":\"da-DK\",\"@id\":\"https:\\\/\\\/www.lykketegning.no\\\/produkt\\\/helt-konge\\\/#primaryimage\",\"url\":\"https:\\\/\\\/www.lykketegning.no\\\/wp-content\\\/uploads\\\/2024\\\/08\\\/IMG_7314-scaled.jpg\",\"contentUrl\":\"https:\\\/\\\/www.lykketegning.no\\\/wp-content\\\/uploads\\\/2024\\\/08\\\/IMG_7314-scaled.jpg\",\"width\":2560,\"height\":2560},{\"@type\":\"BreadcrumbList\",\"@id\":\"https:\\\/\\\/www.lykketegning.no\\\/produkt\\\/helt-konge\\\/#breadcrumb\",\"itemListElement\":[{\"@type\":\"ListItem\",\"position\":1,\"name\":\"Hjem\",\"item\":\"https:\\\/\\\/www.lykketegning.no\\\/\"},{\"@type\":\"ListItem\",\"position\":2,\"name\":\"Shop\",\"item\":\"https:\\\/\\\/www.lykketegning.no\\\/sv\\\/webbutik\\\/\"},{\"@type\":\"ListItem\",\"position\":3,\"name\":\"&#8220;Helt konge!&#8221; Lykkekopp\"}]},{\"@type\":\"WebSite\",\"@id\":\"https:\\\/\\\/www.lykketegning.no\\\/#website\",\"url\":\"https:\\\/\\\/www.lykketegning.no\\\/\",\"name\":\"LYKKETEGNING ILLUSTRAT\u00d8R\",\"description\":\"\",\"publisher\":{\"@id\":\"https:\\\/\\\/www.lykketegning.no\\\/#organization\"},\"potentialAction\":[{\"@type\":\"SearchAction\",\"target\":{\"@type\":\"EntryPoint\",\"urlTemplate\":\"https:\\\/\\\/www.lykketegning.no\\\/?s={search_term_string}\"},\"query-input\":{\"@type\":\"PropertyValueSpecification\",\"valueRequired\":true,\"valueName\":\"search_term_string\"}}],\"inLanguage\":\"da-DK\"},{\"@type\":\"Organization\",\"@id\":\"https:\\\/\\\/www.lykketegning.no\\\/#organization\",\"name\":\"LYKKETEGNING ILLUSTRAT\u00d8R\",\"url\":\"https:\\\/\\\/www.lykketegning.no\\\/\",\"logo\":{\"@type\":\"ImageObject\",\"inLanguage\":\"da-DK\",\"@id\":\"https:\\\/\\\/www.lykketegning.no\\\/#\\\/schema\\\/logo\\\/image\\\/\",\"url\":\"https:\\\/\\\/www.lykketegning.no\\\/wp-content\\\/uploads\\\/2020\\\/03\\\/Logo2020_h400px.jpg\",\"contentUrl\":\"https:\\\/\\\/www.lykketegning.no\\\/wp-content\\\/uploads\\\/2020\\\/03\\\/Logo2020_h400px.jpg\",\"width\":1024,\"height\":400,\"caption\":\"LYKKETEGNING ILLUSTRAT\u00d8R\"},\"image\":{\"@id\":\"https:\\\/\\\/www.lykketegning.no\\\/#\\\/schema\\\/logo\\\/image\\\/\"},\"sameAs\":[\"https:\\\/\\\/www.facebook.com\\\/lykketegning\\\/\",\"https:\\\/\\\/www.instagram.com\\\/lykketegning\\\/\",\"https:\\\/\\\/www.youtube.com\\\/@lykketegningillustrations\",\"https:\\\/\\\/www.tiktok.com\\\/@lykketegningillustration\"]}]}<\/script>\n<!-- \/ Yoast SEO plugin. -->","yoast_head_json":{"title":"\"Absolut konge!\" Lucky cup - LUCKY DRAWING ILLUSTRATOR","robots":{"index":"index","follow":"follow","max-snippet":"max-snippet:-1","max-image-preview":"max-image-preview:large","max-video-preview":"max-video-preview:-1"},"canonical":"https:\/\/www.lykketegning.no\/da\/vare\/helt-fantastisk\/","og_locale":"da_DK","og_type":"article","og_title":"\"Helt konge!\" Lykkekopp - LYKKETEGNING ILLUSTRAT\u00d8R","og_description":"N\u00e5 kan du kj\u00f8pe \u00a0Lykkekruset; \"Helt konge!\"  En flott gave til deg selv eller andre.  Perfekt for mannen, s\u00f8nnen, onkel, kollega..  Sjekk ogs\u00e5 de andre krusene.  Krus bl\u00e5 D8 H9,5 400ml Materiale: Keramikk  T\u00e5ler oppvaskmaskin  Popul\u00e6rt krus med sitat fra Lykketegning","og_url":"https:\/\/www.lykketegning.no\/da\/vare\/helt-fantastisk\/","og_site_name":"LYKKETEGNING ILLUSTRAT\u00d8R","article_publisher":"https:\/\/www.facebook.com\/lykketegning\/","article_modified_time":"2026-01-19T12:14:44+00:00","twitter_card":"summary_large_image","twitter_misc":{"Estimeret l\u00e6setid":"1 minut"},"schema":{"@context":"https:\/\/schema.org","@graph":[{"@type":"WebPage","@id":"https:\/\/www.lykketegning.no\/produkt\/helt-konge\/","url":"https:\/\/www.lykketegning.no\/produkt\/helt-konge\/","name":"\"Absolut konge!\" Lucky cup - LUCKY DRAWING ILLUSTRATOR","isPartOf":{"@id":"https:\/\/www.lykketegning.no\/#website"},"primaryImageOfPage":{"@id":"https:\/\/www.lykketegning.no\/produkt\/helt-konge\/#primaryimage"},"image":{"@id":"https:\/\/www.lykketegning.no\/produkt\/helt-konge\/#primaryimage"},"thumbnailUrl":"https:\/\/www.lykketegning.no\/wp-content\/uploads\/2024\/08\/IMG_7314-scaled.jpg","datePublished":"2023-10-19T11:00:23+00:00","dateModified":"2026-01-19T12:14:44+00:00","breadcrumb":{"@id":"https:\/\/www.lykketegning.no\/produkt\/helt-konge\/#breadcrumb"},"inLanguage":"da-DK","potentialAction":[{"@type":"ReadAction","target":["https:\/\/www.lykketegning.no\/produkt\/helt-konge\/"]}]},{"@type":"ImageObject","inLanguage":"da-DK","@id":"https:\/\/www.lykketegning.no\/produkt\/helt-konge\/#primaryimage","url":"https:\/\/www.lykketegning.no\/wp-content\/uploads\/2024\/08\/IMG_7314-scaled.jpg","contentUrl":"https:\/\/www.lykketegning.no\/wp-content\/uploads\/2024\/08\/IMG_7314-scaled.jpg","width":2560,"height":2560},{"@type":"BreadcrumbList","@id":"https:\/\/www.lykketegning.no\/produkt\/helt-konge\/#breadcrumb","itemListElement":[{"@type":"ListItem","position":1,"name":"Hjem","item":"https:\/\/www.lykketegning.no\/"},{"@type":"ListItem","position":2,"name":"Shop","item":"https:\/\/www.lykketegning.no\/sv\/webbutik\/"},{"@type":"ListItem","position":3,"name":"&#8220;Helt konge!&#8221; Lykkekopp"}]},{"@type":"WebSite","@id":"https:\/\/www.lykketegning.no\/#website","url":"https:\/\/www.lykketegning.no\/","name":"LYKKETEGNING ILLUSTRATOR","description":"","publisher":{"@id":"https:\/\/www.lykketegning.no\/#organization"},"potentialAction":[{"@type":"SearchAction","target":{"@type":"EntryPoint","urlTemplate":"https:\/\/www.lykketegning.no\/?s={search_term_string}"},"query-input":{"@type":"PropertyValueSpecification","valueRequired":true,"valueName":"search_term_string"}}],"inLanguage":"da-DK"},{"@type":"Organization","@id":"https:\/\/www.lykketegning.no\/#organization","name":"LYKKETEGNING ILLUSTRATOR","url":"https:\/\/www.lykketegning.no\/","logo":{"@type":"ImageObject","inLanguage":"da-DK","@id":"https:\/\/www.lykketegning.no\/#\/schema\/logo\/image\/","url":"https:\/\/www.lykketegning.no\/wp-content\/uploads\/2020\/03\/Logo2020_h400px.jpg","contentUrl":"https:\/\/www.lykketegning.no\/wp-content\/uploads\/2020\/03\/Logo2020_h400px.jpg","width":1024,"height":400,"caption":"LYKKETEGNING ILLUSTRAT\u00d8R"},"image":{"@id":"https:\/\/www.lykketegning.no\/#\/schema\/logo\/image\/"},"sameAs":["https:\/\/www.facebook.com\/lykketegning\/","https:\/\/www.instagram.com\/lykketegning\/","https:\/\/www.youtube.com\/@lykketegningillustrations","https:\/\/www.tiktok.com\/@lykketegningillustration"]}]}},"_links":{"self":[{"href":"https:\/\/www.lykketegning.no\/da\/wp-json\/wp\/v2\/product\/37155","targetHints":{"allow":["GET"]}}],"collection":[{"href":"https:\/\/www.lykketegning.no\/da\/wp-json\/wp\/v2\/product"}],"about":[{"href":"https:\/\/www.lykketegning.no\/da\/wp-json\/wp\/v2\/types\/product"}],"replies":[{"embeddable":true,"href":"https:\/\/www.lykketegning.no\/da\/wp-json\/wp\/v2\/comments?post=37155"}],"wp:featuredmedia":[{"embeddable":true,"href":"https:\/\/www.lykketegning.no\/da\/wp-json\/wp\/v2\/media\/39785"}],"wp:attachment":[{"href":"https:\/\/www.lykketegning.no\/da\/wp-json\/wp\/v2\/media?parent=37155"}],"wp:term":[{"taxonomy":"product_brand","embeddable":true,"href":"https:\/\/www.lykketegning.no\/da\/wp-json\/wp\/v2\/product_brand?post=37155"},{"taxonomy":"product_cat","embeddable":true,"href":"https:\/\/www.lykketegning.no\/da\/wp-json\/wp\/v2\/product_cat?post=37155"},{"taxonomy":"product_tag","embeddable":true,"href":"https:\/\/www.lykketegning.no\/da\/wp-json\/wp\/v2\/product_tag?post=37155"}],"curies":[{"name":"wp","href":"https:\/\/api.w.org\/{rel}","templated":true}]}}