{"id":37126,"date":"2024-12-06T12:56:48","date_gmt":"2024-12-06T11:56:48","guid":{"rendered":"https:\/\/www.lykketegning.no\/fornyelse\/?post_type=product&#038;p=37126"},"modified":"2026-01-14T19:52:20","modified_gmt":"2026-01-14T18:52:20","slug":"vinglass-fra-lykketegning-elsk-beskytt-og-tro","status":"publish","type":"product","link":"https:\/\/www.lykketegning.no\/da\/vare\/vinglas-fra-lykke-tegning-kaerlighed-beskytte-og-tro\/","title":{"rendered":"Vinglas fra Lykketegning \"Elsk, beskyt og tro p\u00e5 dig selv\""},"content":{"rendered":"<p>Vinglas med smukt design og indgravering. \"Elsk, beskyt og tro p\u00e5 dig selv\".<br \/>\nGlassene er designet, s\u00e5 du kan nyde b\u00e5de r\u00f8d og hvid, men er ogs\u00e5 gode til at servere en frisk juice.<\/p>\n<p>En perfekt gave at give til en ven eller til brudeparret.<\/p>\n<p>Leveres i en s\u00f8d \u00e6ske med en illustration fra Luck Drawing.<\/p>\n<p>Se ogs\u00e5 de andre 5 vinglas fra Lykketegning<\/p>\n<p>Med klare linjer og gode citater vil Lucky Drawing f\u00e5 dig til at stoppe op og t\u00e6nke,<br \/>\nTr\u00e6k vejret dybt, og s\u00e6t s\u00e5 en god kurs fremad.<br \/>\nKan reng\u00f8res i opvaskemaskinen.<br \/>\nD9,5 H22,5 cm 625 ml, Glas, Klar. 1 pk i gave\u00e6ske<\/p>","protected":false},"excerpt":{"rendered":"<p>Vinglas med smukt design og indgravering. \"Elsk, beskyt og tro p\u00e5 dig selv\".<br \/>\nGlassene er designet, s\u00e5 du kan nyde b\u00e5de r\u00f8d og hvid, men er ogs\u00e5 gode til at servere en frisk juice.<\/p>\n<p>En perfekt gave at give til en ven eller til brudeparret.<\/p>\n<p>Leveres i en s\u00f8d \u00e6ske med en illustration fra Luck Drawing.<\/p>\n<p>Se ogs\u00e5 de andre 5 vinglas fra Lykketegning<\/p>\n<p>Med klare linjer og gode citater vil Lucky Drawing f\u00e5 dig til at stoppe op og t\u00e6nke,<br \/>\nTr\u00e6k vejret dybt, og s\u00e6t s\u00e5 en god kurs fremad.<br \/>\nKan reng\u00f8res i opvaskemaskinen.<br \/>\nD9,5 H22,5 cm 625 ml, Glas, Klar. 1 pk i gave\u00e6ske<\/p>","protected":false},"featured_media":39812,"comment_status":"open","ping_status":"closed","template":"","meta":[],"product_brand":[],"product_cat":[197],"product_tag":[248,384,198],"class_list":{"0":"post-37126","1":"product","2":"type-product","3":"status-publish","4":"has-post-thumbnail","6":"product_cat-graverte-vinglass-champagneglass","7":"product_tag-glass","8":"product_tag-januarsalg","9":"product_tag-vinglass","11":"first","12":"outofstock","13":"taxable","14":"shipping-taxable","15":"purchasable","16":"product-type-simple"},"yoast_head":"<!-- This site is optimized with the Yoast SEO plugin v27.3 - https:\/\/yoast.com\/product\/yoast-seo-wordpress\/ -->\n<title>Vinglass fra Lykketegning &quot;Elsk, beskytt og tro p\u00e5 deg selv&quot; - LYKKETEGNING ILLUSTRAT\u00d8R<\/title>\n<meta name=\"robots\" content=\"index, follow, max-snippet:-1, max-image-preview:large, max-video-preview:-1\" \/>\n<link rel=\"canonical\" href=\"https:\/\/www.lykketegning.no\/da\/product-2\/wine-glass-from-happiness-drawing-love-protect-and-believe-2\/\" \/>\n<meta property=\"og:locale\" content=\"da_DK\" \/>\n<meta property=\"og:type\" content=\"article\" \/>\n<meta property=\"og:title\" content=\"Vinglass fra Lykketegning &quot;Elsk, beskytt og tro p\u00e5 deg selv&quot; - LYKKETEGNING ILLUSTRAT\u00d8R\" \/>\n<meta property=\"og:description\" content=\"Vinglass med lekker utforming og gravering. &quot;Elsk, beskytt og tro p\u00e5 deg selv&quot;. Glassene er utformet slik at en b\u00e5de kan nyte r\u00f8dt og hvitt, men ogs\u00e5 lekre \u00e5 servere en frisk juice  En perfekt gave \u00e5 gi til venninne eller brudepar.  Kommer i s\u00f8t eske med illustrasjon fra Lykketegning.  Sjekk ogs\u00e5 de andre 5 vinglassene fra Lykketegning  Med klare linjer og gode sitater \u00f8nsker Lykketegning \u00e5 f\u00e5 deg til \u00e5 stoppe litt opp, trekke pusten godt og deretter sette en god kurs videre. Kan rengj\u00f8res i oppvaskmaskin. D9,5 H22,5 cm 625 ml, Glass, Klar. 1 pk i gavekartong\" \/>\n<meta property=\"og:url\" content=\"https:\/\/www.lykketegning.no\/da\/product-2\/wine-glass-from-happiness-drawing-love-protect-and-believe-2\/\" \/>\n<meta property=\"og:site_name\" content=\"LYKKETEGNING ILLUSTRAT\u00d8R\" \/>\n<meta property=\"article:publisher\" content=\"https:\/\/www.facebook.com\/lykketegning\/\" \/>\n<meta property=\"article:modified_time\" content=\"2026-01-14T18:52:20+00:00\" \/>\n<meta property=\"og:image\" content=\"https:\/\/www.lykketegning.no\/wp-content\/uploads\/2025\/01\/IMG_0294-2-scaled.jpg\" \/>\n\t<meta property=\"og:image:width\" content=\"2560\" \/>\n\t<meta property=\"og:image:height\" content=\"2560\" \/>\n\t<meta property=\"og:image:type\" content=\"image\/jpeg\" \/>\n<meta name=\"twitter:card\" content=\"summary_large_image\" \/>\n<meta name=\"twitter:label1\" content=\"Estimeret l\u00e6setid\" \/>\n\t<meta name=\"twitter:data1\" content=\"1 minut\" \/>\n<script type=\"application\/ld+json\" class=\"yoast-schema-graph\">{\"@context\":\"https:\\\/\\\/schema.org\",\"@graph\":[{\"@type\":\"WebPage\",\"@id\":\"https:\\\/\\\/www.lykketegning.no\\\/en\\\/product-2\\\/wine-glass-from-happiness-drawing-love-protect-and-believe-2\\\/\",\"url\":\"https:\\\/\\\/www.lykketegning.no\\\/en\\\/product-2\\\/wine-glass-from-happiness-drawing-love-protect-and-believe-2\\\/\",\"name\":\"Vinglass fra Lykketegning \\\"Elsk, beskytt og tro p\u00e5 deg selv\\\" - LYKKETEGNING ILLUSTRAT\u00d8R\",\"isPartOf\":{\"@id\":\"https:\\\/\\\/www.lykketegning.no\\\/#website\"},\"primaryImageOfPage\":{\"@id\":\"https:\\\/\\\/www.lykketegning.no\\\/en\\\/product-2\\\/wine-glass-from-happiness-drawing-love-protect-and-believe-2\\\/#primaryimage\"},\"image\":{\"@id\":\"https:\\\/\\\/www.lykketegning.no\\\/en\\\/product-2\\\/wine-glass-from-happiness-drawing-love-protect-and-believe-2\\\/#primaryimage\"},\"thumbnailUrl\":\"https:\\\/\\\/www.lykketegning.no\\\/wp-content\\\/uploads\\\/2025\\\/01\\\/IMG_0294-2-scaled.jpg\",\"datePublished\":\"2024-12-06T11:56:48+00:00\",\"dateModified\":\"2026-01-14T18:52:20+00:00\",\"breadcrumb\":{\"@id\":\"https:\\\/\\\/www.lykketegning.no\\\/en\\\/product-2\\\/wine-glass-from-happiness-drawing-love-protect-and-believe-2\\\/#breadcrumb\"},\"inLanguage\":\"da-DK\",\"potentialAction\":[{\"@type\":\"ReadAction\",\"target\":[\"https:\\\/\\\/www.lykketegning.no\\\/en\\\/product-2\\\/wine-glass-from-happiness-drawing-love-protect-and-believe-2\\\/\"]}]},{\"@type\":\"ImageObject\",\"inLanguage\":\"da-DK\",\"@id\":\"https:\\\/\\\/www.lykketegning.no\\\/en\\\/product-2\\\/wine-glass-from-happiness-drawing-love-protect-and-believe-2\\\/#primaryimage\",\"url\":\"https:\\\/\\\/www.lykketegning.no\\\/wp-content\\\/uploads\\\/2025\\\/01\\\/IMG_0294-2-scaled.jpg\",\"contentUrl\":\"https:\\\/\\\/www.lykketegning.no\\\/wp-content\\\/uploads\\\/2025\\\/01\\\/IMG_0294-2-scaled.jpg\",\"width\":2560,\"height\":2560},{\"@type\":\"BreadcrumbList\",\"@id\":\"https:\\\/\\\/www.lykketegning.no\\\/en\\\/product-2\\\/wine-glass-from-happiness-drawing-love-protect-and-believe-2\\\/#breadcrumb\",\"itemListElement\":[{\"@type\":\"ListItem\",\"position\":1,\"name\":\"Hjem\",\"item\":\"https:\\\/\\\/www.lykketegning.no\\\/\"},{\"@type\":\"ListItem\",\"position\":2,\"name\":\"Shop\",\"item\":\"https:\\\/\\\/www.lykketegning.no\\\/sv\\\/webbutik\\\/\"},{\"@type\":\"ListItem\",\"position\":3,\"name\":\"Vinglass fra Lykketegning &#8220;Elsk, beskytt og tro p\u00e5 deg selv&#8221;\"}]},{\"@type\":\"WebSite\",\"@id\":\"https:\\\/\\\/www.lykketegning.no\\\/#website\",\"url\":\"https:\\\/\\\/www.lykketegning.no\\\/\",\"name\":\"LYKKETEGNING ILLUSTRAT\u00d8R\",\"description\":\"\",\"publisher\":{\"@id\":\"https:\\\/\\\/www.lykketegning.no\\\/#organization\"},\"potentialAction\":[{\"@type\":\"SearchAction\",\"target\":{\"@type\":\"EntryPoint\",\"urlTemplate\":\"https:\\\/\\\/www.lykketegning.no\\\/?s={search_term_string}\"},\"query-input\":{\"@type\":\"PropertyValueSpecification\",\"valueRequired\":true,\"valueName\":\"search_term_string\"}}],\"inLanguage\":\"da-DK\"},{\"@type\":\"Organization\",\"@id\":\"https:\\\/\\\/www.lykketegning.no\\\/#organization\",\"name\":\"LYKKETEGNING ILLUSTRAT\u00d8R\",\"url\":\"https:\\\/\\\/www.lykketegning.no\\\/\",\"logo\":{\"@type\":\"ImageObject\",\"inLanguage\":\"da-DK\",\"@id\":\"https:\\\/\\\/www.lykketegning.no\\\/#\\\/schema\\\/logo\\\/image\\\/\",\"url\":\"https:\\\/\\\/www.lykketegning.no\\\/wp-content\\\/uploads\\\/2020\\\/03\\\/Logo2020_h400px.jpg\",\"contentUrl\":\"https:\\\/\\\/www.lykketegning.no\\\/wp-content\\\/uploads\\\/2020\\\/03\\\/Logo2020_h400px.jpg\",\"width\":1024,\"height\":400,\"caption\":\"LYKKETEGNING ILLUSTRAT\u00d8R\"},\"image\":{\"@id\":\"https:\\\/\\\/www.lykketegning.no\\\/#\\\/schema\\\/logo\\\/image\\\/\"},\"sameAs\":[\"https:\\\/\\\/www.facebook.com\\\/lykketegning\\\/\",\"https:\\\/\\\/www.instagram.com\\\/lykketegning\\\/\",\"https:\\\/\\\/www.youtube.com\\\/@lykketegningillustrations\",\"https:\\\/\\\/www.tiktok.com\\\/@lykketegningillustration\"]}]}<\/script>\n<!-- \/ Yoast SEO plugin. -->","yoast_head_json":{"title":"Vinglas fra Lykketegning \"Elsk, beskyt og tro p\u00e5 dig selv\" - LYKKETEGNING ILLUSTRAT\u00d8R","robots":{"index":"index","follow":"follow","max-snippet":"max-snippet:-1","max-image-preview":"max-image-preview:large","max-video-preview":"max-video-preview:-1"},"canonical":"https:\/\/www.lykketegning.no\/da\/product-2\/wine-glass-from-happiness-drawing-love-protect-and-believe-2\/","og_locale":"da_DK","og_type":"article","og_title":"Vinglass fra Lykketegning \"Elsk, beskytt og tro p\u00e5 deg selv\" - LYKKETEGNING ILLUSTRAT\u00d8R","og_description":"Vinglass med lekker utforming og gravering. \"Elsk, beskytt og tro p\u00e5 deg selv\". Glassene er utformet slik at en b\u00e5de kan nyte r\u00f8dt og hvitt, men ogs\u00e5 lekre \u00e5 servere en frisk juice  En perfekt gave \u00e5 gi til venninne eller brudepar.  Kommer i s\u00f8t eske med illustrasjon fra Lykketegning.  Sjekk ogs\u00e5 de andre 5 vinglassene fra Lykketegning  Med klare linjer og gode sitater \u00f8nsker Lykketegning \u00e5 f\u00e5 deg til \u00e5 stoppe litt opp, trekke pusten godt og deretter sette en god kurs videre. Kan rengj\u00f8res i oppvaskmaskin. D9,5 H22,5 cm 625 ml, Glass, Klar. 1 pk i gavekartong","og_url":"https:\/\/www.lykketegning.no\/da\/product-2\/wine-glass-from-happiness-drawing-love-protect-and-believe-2\/","og_site_name":"LYKKETEGNING ILLUSTRAT\u00d8R","article_publisher":"https:\/\/www.facebook.com\/lykketegning\/","article_modified_time":"2026-01-14T18:52:20+00:00","og_image":[{"width":2560,"height":2560,"url":"https:\/\/www.lykketegning.no\/wp-content\/uploads\/2025\/01\/IMG_0294-2-scaled.jpg","type":"image\/jpeg"}],"twitter_card":"summary_large_image","twitter_misc":{"Estimeret l\u00e6setid":"1 minut"},"schema":{"@context":"https:\/\/schema.org","@graph":[{"@type":"WebPage","@id":"https:\/\/www.lykketegning.no\/en\/product-2\/wine-glass-from-happiness-drawing-love-protect-and-believe-2\/","url":"https:\/\/www.lykketegning.no\/en\/product-2\/wine-glass-from-happiness-drawing-love-protect-and-believe-2\/","name":"Vinglas fra Lykketegning \"Elsk, beskyt og tro p\u00e5 dig selv\" - LYKKETEGNING ILLUSTRAT\u00d8R","isPartOf":{"@id":"https:\/\/www.lykketegning.no\/#website"},"primaryImageOfPage":{"@id":"https:\/\/www.lykketegning.no\/en\/product-2\/wine-glass-from-happiness-drawing-love-protect-and-believe-2\/#primaryimage"},"image":{"@id":"https:\/\/www.lykketegning.no\/en\/product-2\/wine-glass-from-happiness-drawing-love-protect-and-believe-2\/#primaryimage"},"thumbnailUrl":"https:\/\/www.lykketegning.no\/wp-content\/uploads\/2025\/01\/IMG_0294-2-scaled.jpg","datePublished":"2024-12-06T11:56:48+00:00","dateModified":"2026-01-14T18:52:20+00:00","breadcrumb":{"@id":"https:\/\/www.lykketegning.no\/en\/product-2\/wine-glass-from-happiness-drawing-love-protect-and-believe-2\/#breadcrumb"},"inLanguage":"da-DK","potentialAction":[{"@type":"ReadAction","target":["https:\/\/www.lykketegning.no\/en\/product-2\/wine-glass-from-happiness-drawing-love-protect-and-believe-2\/"]}]},{"@type":"ImageObject","inLanguage":"da-DK","@id":"https:\/\/www.lykketegning.no\/en\/product-2\/wine-glass-from-happiness-drawing-love-protect-and-believe-2\/#primaryimage","url":"https:\/\/www.lykketegning.no\/wp-content\/uploads\/2025\/01\/IMG_0294-2-scaled.jpg","contentUrl":"https:\/\/www.lykketegning.no\/wp-content\/uploads\/2025\/01\/IMG_0294-2-scaled.jpg","width":2560,"height":2560},{"@type":"BreadcrumbList","@id":"https:\/\/www.lykketegning.no\/en\/product-2\/wine-glass-from-happiness-drawing-love-protect-and-believe-2\/#breadcrumb","itemListElement":[{"@type":"ListItem","position":1,"name":"Hjem","item":"https:\/\/www.lykketegning.no\/"},{"@type":"ListItem","position":2,"name":"Shop","item":"https:\/\/www.lykketegning.no\/sv\/webbutik\/"},{"@type":"ListItem","position":3,"name":"Vinglass fra Lykketegning &#8220;Elsk, beskytt og tro p\u00e5 deg selv&#8221;"}]},{"@type":"WebSite","@id":"https:\/\/www.lykketegning.no\/#website","url":"https:\/\/www.lykketegning.no\/","name":"LYKKETEGNING ILLUSTRATOR","description":"","publisher":{"@id":"https:\/\/www.lykketegning.no\/#organization"},"potentialAction":[{"@type":"SearchAction","target":{"@type":"EntryPoint","urlTemplate":"https:\/\/www.lykketegning.no\/?s={search_term_string}"},"query-input":{"@type":"PropertyValueSpecification","valueRequired":true,"valueName":"search_term_string"}}],"inLanguage":"da-DK"},{"@type":"Organization","@id":"https:\/\/www.lykketegning.no\/#organization","name":"LYKKETEGNING ILLUSTRATOR","url":"https:\/\/www.lykketegning.no\/","logo":{"@type":"ImageObject","inLanguage":"da-DK","@id":"https:\/\/www.lykketegning.no\/#\/schema\/logo\/image\/","url":"https:\/\/www.lykketegning.no\/wp-content\/uploads\/2020\/03\/Logo2020_h400px.jpg","contentUrl":"https:\/\/www.lykketegning.no\/wp-content\/uploads\/2020\/03\/Logo2020_h400px.jpg","width":1024,"height":400,"caption":"LYKKETEGNING ILLUSTRAT\u00d8R"},"image":{"@id":"https:\/\/www.lykketegning.no\/#\/schema\/logo\/image\/"},"sameAs":["https:\/\/www.facebook.com\/lykketegning\/","https:\/\/www.instagram.com\/lykketegning\/","https:\/\/www.youtube.com\/@lykketegningillustrations","https:\/\/www.tiktok.com\/@lykketegningillustration"]}]}},"_links":{"self":[{"href":"https:\/\/www.lykketegning.no\/da\/wp-json\/wp\/v2\/product\/37126","targetHints":{"allow":["GET"]}}],"collection":[{"href":"https:\/\/www.lykketegning.no\/da\/wp-json\/wp\/v2\/product"}],"about":[{"href":"https:\/\/www.lykketegning.no\/da\/wp-json\/wp\/v2\/types\/product"}],"replies":[{"embeddable":true,"href":"https:\/\/www.lykketegning.no\/da\/wp-json\/wp\/v2\/comments?post=37126"}],"wp:featuredmedia":[{"embeddable":true,"href":"https:\/\/www.lykketegning.no\/da\/wp-json\/wp\/v2\/media\/39812"}],"wp:attachment":[{"href":"https:\/\/www.lykketegning.no\/da\/wp-json\/wp\/v2\/media?parent=37126"}],"wp:term":[{"taxonomy":"product_brand","embeddable":true,"href":"https:\/\/www.lykketegning.no\/da\/wp-json\/wp\/v2\/product_brand?post=37126"},{"taxonomy":"product_cat","embeddable":true,"href":"https:\/\/www.lykketegning.no\/da\/wp-json\/wp\/v2\/product_cat?post=37126"},{"taxonomy":"product_tag","embeddable":true,"href":"https:\/\/www.lykketegning.no\/da\/wp-json\/wp\/v2\/product_tag?post=37126"}],"curies":[{"name":"wp","href":"https:\/\/api.w.org\/{rel}","templated":true}]}}