{"id":36872,"date":"2023-05-16T09:52:55","date_gmt":"2023-05-16T07:52:55","guid":{"rendered":"https:\/\/www.lykketegning.no\/fornyelse\/?post_type=product&#038;p=36872"},"modified":"2026-02-02T09:52:00","modified_gmt":"2026-02-02T08:52:00","slug":"pippi-langstrompe-jeg-har-aldrig-provet-det","status":"publish","type":"product","link":"https:\/\/www.lykketegning.no\/da\/produkt\/pippi-langstrompe-det-har-jeg-aldri-provd-for\/","title":{"rendered":"Illustration fra Lykketegning Jeg har aldrig..."},"content":{"rendered":"<p>\"Det har jeg aldrig pr\u00f8vet f\u00f8r, s\u00e5 jeg er sikker p\u00e5, at jeg kan g\u00f8re det!\" Et godt motto for b\u00e5de unge og gamle! Prisen for A4 er 999 SEK, hvis du vil have A3, skal du bestille i din indbakke (1500 SEK).<\/p>\n<p>Hvidt ark uden ramme.<\/p>","protected":false},"excerpt":{"rendered":"<p>\"Det har jeg aldrig pr\u00f8vet f\u00f8r, s\u00e5 jeg er sikker p\u00e5, at jeg kan g\u00f8re det!\" Et godt motto for b\u00e5de unge og gamle! Prisen for A4 er 750 SEK, hvis du vil have A3, skal du bestille i din indbakke (999 SEK).<\/p>\n<p>Hvidt ark uden ramme.<\/p>","protected":false},"featured_media":36711,"comment_status":"open","ping_status":"closed","template":"","meta":[],"product_brand":[],"product_cat":[166,165,75,168],"product_tag":[71,70,69,68,67,50],"class_list":{"0":"post-36872","1":"product","2":"type-product","3":"status-publish","4":"has-post-thumbnail","6":"product_cat-barn","7":"product_cat-handtegnede-unike-illustrasjoner","8":"product_cat-konfirmasjonsgave","9":"product_cat-takkegave","10":"product_tag-barnerom","11":"product_tag-barnetegning","12":"product_tag-illustrasjon","13":"product_tag-pippi","14":"product_tag-pippi-langstrompe","15":"product_tag-tegning","17":"first","18":"instock","19":"purchasable","20":"product-type-simple"},"yoast_head":"<!-- This site is optimized with the Yoast SEO plugin v27.3 - https:\/\/yoast.com\/product\/yoast-seo-wordpress\/ -->\n<title>Illustrasjon fra Lykketegning. Det har jeg aldri.. - LYKKETEGNING ILLUSTRAT\u00d8R<\/title>\n<meta name=\"robots\" content=\"index, follow, max-snippet:-1, max-image-preview:large, max-video-preview:-1\" \/>\n<link rel=\"canonical\" href=\"https:\/\/www.lykketegning.no\/da\/product-2\/pippi-langstrompe-jeg-har-aldrig-provet-det\/\" \/>\n<meta property=\"og:locale\" content=\"da_DK\" \/>\n<meta property=\"og:type\" content=\"article\" \/>\n<meta property=\"og:title\" content=\"Illustrasjon fra Lykketegning. Det har jeg aldri.. - LYKKETEGNING ILLUSTRAT\u00d8R\" \/>\n<meta property=\"og:description\" content=\"&quot;Det har jeg aldri pr\u00f8vd f\u00f8r, s\u00e5 det klarer jeg helt sikkert!&quot; Et godt motto for store og sm\u00e5! Pris for A4 er 750 kr, \u00f8nskes A3 bestiller du i innboksen. (999kr)  Hvitt ark uten ramme.\" \/>\n<meta property=\"og:url\" content=\"https:\/\/www.lykketegning.no\/da\/product-2\/pippi-langstrompe-jeg-har-aldrig-provet-det\/\" \/>\n<meta property=\"og:site_name\" content=\"LYKKETEGNING ILLUSTRAT\u00d8R\" \/>\n<meta property=\"article:publisher\" content=\"https:\/\/www.facebook.com\/lykketegning\/\" \/>\n<meta property=\"article:modified_time\" content=\"2026-02-02T08:52:00+00:00\" \/>\n<meta property=\"og:image\" content=\"https:\/\/www.lykketegning.no\/wp-content\/uploads\/2024\/04\/FullSizeRender-1.jpg\" \/>\n\t<meta property=\"og:image:width\" content=\"1353\" \/>\n\t<meta property=\"og:image:height\" content=\"1913\" \/>\n\t<meta property=\"og:image:type\" content=\"image\/jpeg\" \/>\n<meta name=\"twitter:card\" content=\"summary_large_image\" \/>\n<script type=\"application\/ld+json\" class=\"yoast-schema-graph\">{\"@context\":\"https:\\\/\\\/schema.org\",\"@graph\":[{\"@type\":\"WebPage\",\"@id\":\"https:\\\/\\\/www.lykketegning.no\\\/produkt\\\/pippi-langstrompe-det-har-jeg-aldri-provd-for\\\/\",\"url\":\"https:\\\/\\\/www.lykketegning.no\\\/produkt\\\/pippi-langstrompe-det-har-jeg-aldri-provd-for\\\/\",\"name\":\"Illustrasjon fra Lykketegning. Det har jeg aldri.. - LYKKETEGNING ILLUSTRAT\u00d8R\",\"isPartOf\":{\"@id\":\"https:\\\/\\\/www.lykketegning.no\\\/#website\"},\"primaryImageOfPage\":{\"@id\":\"https:\\\/\\\/www.lykketegning.no\\\/produkt\\\/pippi-langstrompe-det-har-jeg-aldri-provd-for\\\/#primaryimage\"},\"image\":{\"@id\":\"https:\\\/\\\/www.lykketegning.no\\\/produkt\\\/pippi-langstrompe-det-har-jeg-aldri-provd-for\\\/#primaryimage\"},\"thumbnailUrl\":\"https:\\\/\\\/www.lykketegning.no\\\/wp-content\\\/uploads\\\/2024\\\/04\\\/FullSizeRender-1.jpg\",\"datePublished\":\"2023-05-16T07:52:55+00:00\",\"dateModified\":\"2026-02-02T08:52:00+00:00\",\"breadcrumb\":{\"@id\":\"https:\\\/\\\/www.lykketegning.no\\\/produkt\\\/pippi-langstrompe-det-har-jeg-aldri-provd-for\\\/#breadcrumb\"},\"inLanguage\":\"da-DK\",\"potentialAction\":[{\"@type\":\"ReadAction\",\"target\":[\"https:\\\/\\\/www.lykketegning.no\\\/produkt\\\/pippi-langstrompe-det-har-jeg-aldri-provd-for\\\/\"]}]},{\"@type\":\"ImageObject\",\"inLanguage\":\"da-DK\",\"@id\":\"https:\\\/\\\/www.lykketegning.no\\\/produkt\\\/pippi-langstrompe-det-har-jeg-aldri-provd-for\\\/#primaryimage\",\"url\":\"https:\\\/\\\/www.lykketegning.no\\\/wp-content\\\/uploads\\\/2024\\\/04\\\/FullSizeRender-1.jpg\",\"contentUrl\":\"https:\\\/\\\/www.lykketegning.no\\\/wp-content\\\/uploads\\\/2024\\\/04\\\/FullSizeRender-1.jpg\",\"width\":1353,\"height\":1913,\"caption\":\"\\\"Det har jeg aldri pr\u00f8vd f\u00f8r\"},{\"@type\":\"BreadcrumbList\",\"@id\":\"https:\\\/\\\/www.lykketegning.no\\\/produkt\\\/pippi-langstrompe-det-har-jeg-aldri-provd-for\\\/#breadcrumb\",\"itemListElement\":[{\"@type\":\"ListItem\",\"position\":1,\"name\":\"Hjem\",\"item\":\"https:\\\/\\\/www.lykketegning.no\\\/\"},{\"@type\":\"ListItem\",\"position\":2,\"name\":\"Produkter\",\"item\":\"https:\\\/\\\/www.lykketegning.no\\\/shop\\\/\"},{\"@type\":\"ListItem\",\"position\":3,\"name\":\"Illustrasjon fra Lykketegning. Det har jeg aldri..\"}]},{\"@type\":\"WebSite\",\"@id\":\"https:\\\/\\\/www.lykketegning.no\\\/#website\",\"url\":\"https:\\\/\\\/www.lykketegning.no\\\/\",\"name\":\"LYKKETEGNING ILLUSTRAT\u00d8R\",\"description\":\"\",\"publisher\":{\"@id\":\"https:\\\/\\\/www.lykketegning.no\\\/#organization\"},\"potentialAction\":[{\"@type\":\"SearchAction\",\"target\":{\"@type\":\"EntryPoint\",\"urlTemplate\":\"https:\\\/\\\/www.lykketegning.no\\\/?s={search_term_string}\"},\"query-input\":{\"@type\":\"PropertyValueSpecification\",\"valueRequired\":true,\"valueName\":\"search_term_string\"}}],\"inLanguage\":\"da-DK\"},{\"@type\":\"Organization\",\"@id\":\"https:\\\/\\\/www.lykketegning.no\\\/#organization\",\"name\":\"LYKKETEGNING ILLUSTRAT\u00d8R\",\"url\":\"https:\\\/\\\/www.lykketegning.no\\\/\",\"logo\":{\"@type\":\"ImageObject\",\"inLanguage\":\"da-DK\",\"@id\":\"https:\\\/\\\/www.lykketegning.no\\\/#\\\/schema\\\/logo\\\/image\\\/\",\"url\":\"https:\\\/\\\/www.lykketegning.no\\\/wp-content\\\/uploads\\\/2020\\\/03\\\/Logo2020_h400px.jpg\",\"contentUrl\":\"https:\\\/\\\/www.lykketegning.no\\\/wp-content\\\/uploads\\\/2020\\\/03\\\/Logo2020_h400px.jpg\",\"width\":1024,\"height\":400,\"caption\":\"LYKKETEGNING ILLUSTRAT\u00d8R\"},\"image\":{\"@id\":\"https:\\\/\\\/www.lykketegning.no\\\/#\\\/schema\\\/logo\\\/image\\\/\"},\"sameAs\":[\"https:\\\/\\\/www.facebook.com\\\/lykketegning\\\/\",\"https:\\\/\\\/www.instagram.com\\\/lykketegning\\\/\",\"https:\\\/\\\/www.youtube.com\\\/@lykketegningillustrations\",\"https:\\\/\\\/www.tiktok.com\\\/@lykketegningillustration\"]}]}<\/script>\n<!-- \/ Yoast SEO plugin. -->","yoast_head_json":{"title":"Illustration fra Happiness-tegning. Det har jeg aldrig gjort. - LYKKE TEGNING ILLUSTRATOR","robots":{"index":"index","follow":"follow","max-snippet":"max-snippet:-1","max-image-preview":"max-image-preview:large","max-video-preview":"max-video-preview:-1"},"canonical":"https:\/\/www.lykketegning.no\/da\/product-2\/pippi-langstrompe-jeg-har-aldrig-provet-det\/","og_locale":"da_DK","og_type":"article","og_title":"Illustrasjon fra Lykketegning. Det har jeg aldri.. - LYKKETEGNING ILLUSTRAT\u00d8R","og_description":"\"Det har jeg aldri pr\u00f8vd f\u00f8r, s\u00e5 det klarer jeg helt sikkert!\" Et godt motto for store og sm\u00e5! Pris for A4 er 750 kr, \u00f8nskes A3 bestiller du i innboksen. (999kr)  Hvitt ark uten ramme.","og_url":"https:\/\/www.lykketegning.no\/da\/product-2\/pippi-langstrompe-jeg-har-aldrig-provet-det\/","og_site_name":"LYKKETEGNING ILLUSTRAT\u00d8R","article_publisher":"https:\/\/www.facebook.com\/lykketegning\/","article_modified_time":"2026-02-02T08:52:00+00:00","og_image":[{"width":1353,"height":1913,"url":"https:\/\/www.lykketegning.no\/wp-content\/uploads\/2024\/04\/FullSizeRender-1.jpg","type":"image\/jpeg"}],"twitter_card":"summary_large_image","schema":{"@context":"https:\/\/schema.org","@graph":[{"@type":"WebPage","@id":"https:\/\/www.lykketegning.no\/produkt\/pippi-langstrompe-det-har-jeg-aldri-provd-for\/","url":"https:\/\/www.lykketegning.no\/produkt\/pippi-langstrompe-det-har-jeg-aldri-provd-for\/","name":"Illustration fra Happiness-tegning. Det har jeg aldrig gjort. - LYKKE TEGNING ILLUSTRATOR","isPartOf":{"@id":"https:\/\/www.lykketegning.no\/#website"},"primaryImageOfPage":{"@id":"https:\/\/www.lykketegning.no\/produkt\/pippi-langstrompe-det-har-jeg-aldri-provd-for\/#primaryimage"},"image":{"@id":"https:\/\/www.lykketegning.no\/produkt\/pippi-langstrompe-det-har-jeg-aldri-provd-for\/#primaryimage"},"thumbnailUrl":"https:\/\/www.lykketegning.no\/wp-content\/uploads\/2024\/04\/FullSizeRender-1.jpg","datePublished":"2023-05-16T07:52:55+00:00","dateModified":"2026-02-02T08:52:00+00:00","breadcrumb":{"@id":"https:\/\/www.lykketegning.no\/produkt\/pippi-langstrompe-det-har-jeg-aldri-provd-for\/#breadcrumb"},"inLanguage":"da-DK","potentialAction":[{"@type":"ReadAction","target":["https:\/\/www.lykketegning.no\/produkt\/pippi-langstrompe-det-har-jeg-aldri-provd-for\/"]}]},{"@type":"ImageObject","inLanguage":"da-DK","@id":"https:\/\/www.lykketegning.no\/produkt\/pippi-langstrompe-det-har-jeg-aldri-provd-for\/#primaryimage","url":"https:\/\/www.lykketegning.no\/wp-content\/uploads\/2024\/04\/FullSizeRender-1.jpg","contentUrl":"https:\/\/www.lykketegning.no\/wp-content\/uploads\/2024\/04\/FullSizeRender-1.jpg","width":1353,"height":1913,"caption":"\"Det har jeg aldri pr\u00f8vd f\u00f8r"},{"@type":"BreadcrumbList","@id":"https:\/\/www.lykketegning.no\/produkt\/pippi-langstrompe-det-har-jeg-aldri-provd-for\/#breadcrumb","itemListElement":[{"@type":"ListItem","position":1,"name":"Hjem","item":"https:\/\/www.lykketegning.no\/"},{"@type":"ListItem","position":2,"name":"Produkter","item":"https:\/\/www.lykketegning.no\/shop\/"},{"@type":"ListItem","position":3,"name":"Illustrasjon fra Lykketegning. Det har jeg aldri.."}]},{"@type":"WebSite","@id":"https:\/\/www.lykketegning.no\/#website","url":"https:\/\/www.lykketegning.no\/","name":"LYKKETEGNING ILLUSTRATOR","description":"","publisher":{"@id":"https:\/\/www.lykketegning.no\/#organization"},"potentialAction":[{"@type":"SearchAction","target":{"@type":"EntryPoint","urlTemplate":"https:\/\/www.lykketegning.no\/?s={search_term_string}"},"query-input":{"@type":"PropertyValueSpecification","valueRequired":true,"valueName":"search_term_string"}}],"inLanguage":"da-DK"},{"@type":"Organization","@id":"https:\/\/www.lykketegning.no\/#organization","name":"LYKKETEGNING ILLUSTRATOR","url":"https:\/\/www.lykketegning.no\/","logo":{"@type":"ImageObject","inLanguage":"da-DK","@id":"https:\/\/www.lykketegning.no\/#\/schema\/logo\/image\/","url":"https:\/\/www.lykketegning.no\/wp-content\/uploads\/2020\/03\/Logo2020_h400px.jpg","contentUrl":"https:\/\/www.lykketegning.no\/wp-content\/uploads\/2020\/03\/Logo2020_h400px.jpg","width":1024,"height":400,"caption":"LYKKETEGNING ILLUSTRAT\u00d8R"},"image":{"@id":"https:\/\/www.lykketegning.no\/#\/schema\/logo\/image\/"},"sameAs":["https:\/\/www.facebook.com\/lykketegning\/","https:\/\/www.instagram.com\/lykketegning\/","https:\/\/www.youtube.com\/@lykketegningillustrations","https:\/\/www.tiktok.com\/@lykketegningillustration"]}]}},"_links":{"self":[{"href":"https:\/\/www.lykketegning.no\/da\/wp-json\/wp\/v2\/product\/36872","targetHints":{"allow":["GET"]}}],"collection":[{"href":"https:\/\/www.lykketegning.no\/da\/wp-json\/wp\/v2\/product"}],"about":[{"href":"https:\/\/www.lykketegning.no\/da\/wp-json\/wp\/v2\/types\/product"}],"replies":[{"embeddable":true,"href":"https:\/\/www.lykketegning.no\/da\/wp-json\/wp\/v2\/comments?post=36872"}],"wp:featuredmedia":[{"embeddable":true,"href":"https:\/\/www.lykketegning.no\/da\/wp-json\/wp\/v2\/media\/36711"}],"wp:attachment":[{"href":"https:\/\/www.lykketegning.no\/da\/wp-json\/wp\/v2\/media?parent=36872"}],"wp:term":[{"taxonomy":"product_brand","embeddable":true,"href":"https:\/\/www.lykketegning.no\/da\/wp-json\/wp\/v2\/product_brand?post=36872"},{"taxonomy":"product_cat","embeddable":true,"href":"https:\/\/www.lykketegning.no\/da\/wp-json\/wp\/v2\/product_cat?post=36872"},{"taxonomy":"product_tag","embeddable":true,"href":"https:\/\/www.lykketegning.no\/da\/wp-json\/wp\/v2\/product_tag?post=36872"}],"curies":[{"name":"wp","href":"https:\/\/api.w.org\/{rel}","templated":true}]}}