{"id":28619,"date":"2020-08-30T21:05:43","date_gmt":"2020-08-30T19:05:43","guid":{"rendered":"https:\/\/www.lykketegning.no\/?post_type=product&#038;p=28619"},"modified":"2024-05-02T11:13:19","modified_gmt":"2024-05-02T09:13:19","slug":"hoodie-dance-like-no-one-is-watching","status":"publish","type":"product","link":"https:\/\/www.lykketegning.no\/da\/vare\/haettetroje-dans-som-om-ingen-ser-pa\/","title":{"rendered":"H\u00e6ttetr\u00f8je; \"Dans som om ingen ser p\u00e5\""},"content":{"rendered":"<p>Kunne du t\u00e6nke dig denne behagelige sweater med h\u00e6tte? V\u00e6lg mellem forskellige farver, og dans, som om ingen ser det!<\/p>\n<p>V\u00e6r sk\u00f8r, v\u00e6r fri!<\/p>\n<p>&nbsp;<\/p>\n<p>2 ugers leveringstid. Varen kan ikke byttes, da tr\u00f8jer bestilles efter den \u00f8nskede st\u00f8rrelse og det \u00f8nskede design.<\/p>\n<p>65% polyester, 35% bomuld<\/p>\n<p>280 g\/m2<\/p>\n<p>M\u00e5 ikke t\u00f8rretumbles.<\/p>","protected":false},"excerpt":{"rendered":"<p>Kunne du t\u00e6nke dig denne behagelige sweater? V\u00e6lg mellem forskellige farver, og dans, som om ingen ser p\u00e5!<\/p>\n<p>V\u00e6r sk\u00f8r, v\u00e6r fri!<\/p>\n<p>Varen kan ikke byttes, da tr\u00f8jer bestilles efter den \u00f8nskede st\u00f8rrelse og det \u00f8nskede design.<\/p>\n<p>&nbsp;<\/p>\n<p>65% polyester, 35% bomuld<\/p>\n<p>280 g\/m2<\/p>","protected":false},"featured_media":28601,"comment_status":"open","ping_status":"closed","template":"","meta":[],"product_brand":[],"product_cat":[202,169],"product_tag":[205,203,204],"class_list":{"0":"post-28619","1":"product","2":"type-product","3":"status-publish","4":"has-post-thumbnail","6":"product_cat-klaer-med-trykk","7":"product_cat-trykk","8":"product_tag-genser","9":"product_tag-hettegenser","10":"product_tag-hoodie","12":"first","13":"instock","14":"taxable","15":"shipping-taxable","16":"purchasable","17":"product-type-variable"},"yoast_head":"<!-- This site is optimized with the Yoast SEO plugin v27.3 - https:\/\/yoast.com\/product\/yoast-seo-wordpress\/ -->\n<title>Hoodie ; &quot;Dance like no one is watching&quot; - LYKKETEGNING ILLUSTRAT\u00d8R<\/title>\n<meta name=\"robots\" content=\"index, follow, max-snippet:-1, max-image-preview:large, max-video-preview:-1\" \/>\n<link rel=\"canonical\" href=\"https:\/\/www.lykketegning.no\/da\/product-2\/sudadera-con-capucha-baila-como-si-nadie-te-viera\/\" \/>\n<meta property=\"og:locale\" content=\"da_DK\" \/>\n<meta property=\"og:type\" content=\"article\" \/>\n<meta property=\"og:title\" content=\"Hoodie ; &quot;Dance like no one is watching&quot; - LYKKETEGNING ILLUSTRAT\u00d8R\" \/>\n<meta property=\"og:description\" content=\"Would you like this comfy sweater? Choose between different colors and dance like no one is watching!  Be crazy, be free!  Varen kan ikke byttes da det blir bestilt gensere etter \u00f8nsket str og motiv.  &nbsp;  65% polyester, 35% cotton  280 g\/m2\" \/>\n<meta property=\"og:url\" content=\"https:\/\/www.lykketegning.no\/da\/product-2\/sudadera-con-capucha-baila-como-si-nadie-te-viera\/\" \/>\n<meta property=\"og:site_name\" content=\"LYKKETEGNING ILLUSTRAT\u00d8R\" \/>\n<meta property=\"article:publisher\" content=\"https:\/\/www.facebook.com\/lykketegning\/\" \/>\n<meta property=\"article:modified_time\" content=\"2024-05-02T09:13:19+00:00\" \/>\n<meta property=\"og:image\" content=\"https:\/\/www.lykketegning.no\/wp-content\/uploads\/2020\/08\/IMG_6857-scaled.jpg\" \/>\n\t<meta property=\"og:image:width\" content=\"1920\" \/>\n\t<meta property=\"og:image:height\" content=\"2560\" \/>\n\t<meta property=\"og:image:type\" content=\"image\/jpeg\" \/>\n<meta name=\"twitter:card\" content=\"summary_large_image\" \/>\n<meta name=\"twitter:label1\" content=\"Estimeret l\u00e6setid\" \/>\n\t<meta name=\"twitter:data1\" content=\"1 minut\" \/>\n<script type=\"application\/ld+json\" class=\"yoast-schema-graph\">{\"@context\":\"https:\\\/\\\/schema.org\",\"@graph\":[{\"@type\":\"WebPage\",\"@id\":\"https:\\\/\\\/www.lykketegning.no\\\/es\\\/product-2\\\/sudadera-con-capucha-baila-como-si-nadie-te-viera\\\/\",\"url\":\"https:\\\/\\\/www.lykketegning.no\\\/es\\\/product-2\\\/sudadera-con-capucha-baila-como-si-nadie-te-viera\\\/\",\"name\":\"Hoodie ; \\\"Dance like no one is watching\\\" - LYKKETEGNING ILLUSTRAT\u00d8R\",\"isPartOf\":{\"@id\":\"https:\\\/\\\/www.lykketegning.no\\\/#website\"},\"primaryImageOfPage\":{\"@id\":\"https:\\\/\\\/www.lykketegning.no\\\/es\\\/product-2\\\/sudadera-con-capucha-baila-como-si-nadie-te-viera\\\/#primaryimage\"},\"image\":{\"@id\":\"https:\\\/\\\/www.lykketegning.no\\\/es\\\/product-2\\\/sudadera-con-capucha-baila-como-si-nadie-te-viera\\\/#primaryimage\"},\"thumbnailUrl\":\"https:\\\/\\\/www.lykketegning.no\\\/wp-content\\\/uploads\\\/2020\\\/08\\\/IMG_6857-scaled.jpg\",\"datePublished\":\"2020-08-30T19:05:43+00:00\",\"dateModified\":\"2024-05-02T09:13:19+00:00\",\"breadcrumb\":{\"@id\":\"https:\\\/\\\/www.lykketegning.no\\\/es\\\/product-2\\\/sudadera-con-capucha-baila-como-si-nadie-te-viera\\\/#breadcrumb\"},\"inLanguage\":\"da-DK\",\"potentialAction\":[{\"@type\":\"ReadAction\",\"target\":[\"https:\\\/\\\/www.lykketegning.no\\\/es\\\/product-2\\\/sudadera-con-capucha-baila-como-si-nadie-te-viera\\\/\"]}]},{\"@type\":\"ImageObject\",\"inLanguage\":\"da-DK\",\"@id\":\"https:\\\/\\\/www.lykketegning.no\\\/es\\\/product-2\\\/sudadera-con-capucha-baila-como-si-nadie-te-viera\\\/#primaryimage\",\"url\":\"https:\\\/\\\/www.lykketegning.no\\\/wp-content\\\/uploads\\\/2020\\\/08\\\/IMG_6857-scaled.jpg\",\"contentUrl\":\"https:\\\/\\\/www.lykketegning.no\\\/wp-content\\\/uploads\\\/2020\\\/08\\\/IMG_6857-scaled.jpg\",\"width\":1920,\"height\":2560},{\"@type\":\"BreadcrumbList\",\"@id\":\"https:\\\/\\\/www.lykketegning.no\\\/es\\\/product-2\\\/sudadera-con-capucha-baila-como-si-nadie-te-viera\\\/#breadcrumb\",\"itemListElement\":[{\"@type\":\"ListItem\",\"position\":1,\"name\":\"Hjem\",\"item\":\"https:\\\/\\\/www.lykketegning.no\\\/\"},{\"@type\":\"ListItem\",\"position\":2,\"name\":\"Shop\",\"item\":\"https:\\\/\\\/www.lykketegning.no\\\/sv\\\/webbutik\\\/\"},{\"@type\":\"ListItem\",\"position\":3,\"name\":\"Hoodie ; &#8220;Dance like no one is watching&#8221;\"}]},{\"@type\":\"WebSite\",\"@id\":\"https:\\\/\\\/www.lykketegning.no\\\/#website\",\"url\":\"https:\\\/\\\/www.lykketegning.no\\\/\",\"name\":\"LYKKETEGNING ILLUSTRAT\u00d8R\",\"description\":\"\",\"publisher\":{\"@id\":\"https:\\\/\\\/www.lykketegning.no\\\/#organization\"},\"potentialAction\":[{\"@type\":\"SearchAction\",\"target\":{\"@type\":\"EntryPoint\",\"urlTemplate\":\"https:\\\/\\\/www.lykketegning.no\\\/?s={search_term_string}\"},\"query-input\":{\"@type\":\"PropertyValueSpecification\",\"valueRequired\":true,\"valueName\":\"search_term_string\"}}],\"inLanguage\":\"da-DK\"},{\"@type\":\"Organization\",\"@id\":\"https:\\\/\\\/www.lykketegning.no\\\/#organization\",\"name\":\"LYKKETEGNING ILLUSTRAT\u00d8R\",\"url\":\"https:\\\/\\\/www.lykketegning.no\\\/\",\"logo\":{\"@type\":\"ImageObject\",\"inLanguage\":\"da-DK\",\"@id\":\"https:\\\/\\\/www.lykketegning.no\\\/#\\\/schema\\\/logo\\\/image\\\/\",\"url\":\"https:\\\/\\\/www.lykketegning.no\\\/wp-content\\\/uploads\\\/2020\\\/03\\\/Logo2020_h400px.jpg\",\"contentUrl\":\"https:\\\/\\\/www.lykketegning.no\\\/wp-content\\\/uploads\\\/2020\\\/03\\\/Logo2020_h400px.jpg\",\"width\":1024,\"height\":400,\"caption\":\"LYKKETEGNING ILLUSTRAT\u00d8R\"},\"image\":{\"@id\":\"https:\\\/\\\/www.lykketegning.no\\\/#\\\/schema\\\/logo\\\/image\\\/\"},\"sameAs\":[\"https:\\\/\\\/www.facebook.com\\\/lykketegning\\\/\",\"https:\\\/\\\/www.instagram.com\\\/lykketegning\\\/\",\"https:\\\/\\\/www.youtube.com\\\/@lykketegningillustrations\",\"https:\\\/\\\/www.tiktok.com\\\/@lykketegningillustration\"]}]}<\/script>\n<!-- \/ Yoast SEO plugin. -->","yoast_head_json":{"title":"H\u00e6ttetr\u00f8je; \"Dans som om ingen ser p\u00e5\" - HELDIG TEGNING ILLUSTRATOR","robots":{"index":"index","follow":"follow","max-snippet":"max-snippet:-1","max-image-preview":"max-image-preview:large","max-video-preview":"max-video-preview:-1"},"canonical":"https:\/\/www.lykketegning.no\/da\/product-2\/sudadera-con-capucha-baila-como-si-nadie-te-viera\/","og_locale":"da_DK","og_type":"article","og_title":"Hoodie ; \"Dance like no one is watching\" - LYKKETEGNING ILLUSTRAT\u00d8R","og_description":"Would you like this comfy sweater? Choose between different colors and dance like no one is watching!  Be crazy, be free!  Varen kan ikke byttes da det blir bestilt gensere etter \u00f8nsket str og motiv.  &nbsp;  65% polyester, 35% cotton  280 g\/m2","og_url":"https:\/\/www.lykketegning.no\/da\/product-2\/sudadera-con-capucha-baila-como-si-nadie-te-viera\/","og_site_name":"LYKKETEGNING ILLUSTRAT\u00d8R","article_publisher":"https:\/\/www.facebook.com\/lykketegning\/","article_modified_time":"2024-05-02T09:13:19+00:00","og_image":[{"width":1920,"height":2560,"url":"https:\/\/www.lykketegning.no\/wp-content\/uploads\/2020\/08\/IMG_6857-scaled.jpg","type":"image\/jpeg"}],"twitter_card":"summary_large_image","twitter_misc":{"Estimeret l\u00e6setid":"1 minut"},"schema":{"@context":"https:\/\/schema.org","@graph":[{"@type":"WebPage","@id":"https:\/\/www.lykketegning.no\/es\/product-2\/sudadera-con-capucha-baila-como-si-nadie-te-viera\/","url":"https:\/\/www.lykketegning.no\/es\/product-2\/sudadera-con-capucha-baila-como-si-nadie-te-viera\/","name":"H\u00e6ttetr\u00f8je; \"Dans som om ingen ser p\u00e5\" - HELDIG TEGNING ILLUSTRATOR","isPartOf":{"@id":"https:\/\/www.lykketegning.no\/#website"},"primaryImageOfPage":{"@id":"https:\/\/www.lykketegning.no\/es\/product-2\/sudadera-con-capucha-baila-como-si-nadie-te-viera\/#primaryimage"},"image":{"@id":"https:\/\/www.lykketegning.no\/es\/product-2\/sudadera-con-capucha-baila-como-si-nadie-te-viera\/#primaryimage"},"thumbnailUrl":"https:\/\/www.lykketegning.no\/wp-content\/uploads\/2020\/08\/IMG_6857-scaled.jpg","datePublished":"2020-08-30T19:05:43+00:00","dateModified":"2024-05-02T09:13:19+00:00","breadcrumb":{"@id":"https:\/\/www.lykketegning.no\/es\/product-2\/sudadera-con-capucha-baila-como-si-nadie-te-viera\/#breadcrumb"},"inLanguage":"da-DK","potentialAction":[{"@type":"ReadAction","target":["https:\/\/www.lykketegning.no\/es\/product-2\/sudadera-con-capucha-baila-como-si-nadie-te-viera\/"]}]},{"@type":"ImageObject","inLanguage":"da-DK","@id":"https:\/\/www.lykketegning.no\/es\/product-2\/sudadera-con-capucha-baila-como-si-nadie-te-viera\/#primaryimage","url":"https:\/\/www.lykketegning.no\/wp-content\/uploads\/2020\/08\/IMG_6857-scaled.jpg","contentUrl":"https:\/\/www.lykketegning.no\/wp-content\/uploads\/2020\/08\/IMG_6857-scaled.jpg","width":1920,"height":2560},{"@type":"BreadcrumbList","@id":"https:\/\/www.lykketegning.no\/es\/product-2\/sudadera-con-capucha-baila-como-si-nadie-te-viera\/#breadcrumb","itemListElement":[{"@type":"ListItem","position":1,"name":"Hjem","item":"https:\/\/www.lykketegning.no\/"},{"@type":"ListItem","position":2,"name":"Shop","item":"https:\/\/www.lykketegning.no\/sv\/webbutik\/"},{"@type":"ListItem","position":3,"name":"Hoodie ; &#8220;Dance like no one is watching&#8221;"}]},{"@type":"WebSite","@id":"https:\/\/www.lykketegning.no\/#website","url":"https:\/\/www.lykketegning.no\/","name":"LYKKETEGNING ILLUSTRATOR","description":"","publisher":{"@id":"https:\/\/www.lykketegning.no\/#organization"},"potentialAction":[{"@type":"SearchAction","target":{"@type":"EntryPoint","urlTemplate":"https:\/\/www.lykketegning.no\/?s={search_term_string}"},"query-input":{"@type":"PropertyValueSpecification","valueRequired":true,"valueName":"search_term_string"}}],"inLanguage":"da-DK"},{"@type":"Organization","@id":"https:\/\/www.lykketegning.no\/#organization","name":"LYKKETEGNING ILLUSTRATOR","url":"https:\/\/www.lykketegning.no\/","logo":{"@type":"ImageObject","inLanguage":"da-DK","@id":"https:\/\/www.lykketegning.no\/#\/schema\/logo\/image\/","url":"https:\/\/www.lykketegning.no\/wp-content\/uploads\/2020\/03\/Logo2020_h400px.jpg","contentUrl":"https:\/\/www.lykketegning.no\/wp-content\/uploads\/2020\/03\/Logo2020_h400px.jpg","width":1024,"height":400,"caption":"LYKKETEGNING ILLUSTRAT\u00d8R"},"image":{"@id":"https:\/\/www.lykketegning.no\/#\/schema\/logo\/image\/"},"sameAs":["https:\/\/www.facebook.com\/lykketegning\/","https:\/\/www.instagram.com\/lykketegning\/","https:\/\/www.youtube.com\/@lykketegningillustrations","https:\/\/www.tiktok.com\/@lykketegningillustration"]}]}},"_links":{"self":[{"href":"https:\/\/www.lykketegning.no\/da\/wp-json\/wp\/v2\/product\/28619","targetHints":{"allow":["GET"]}}],"collection":[{"href":"https:\/\/www.lykketegning.no\/da\/wp-json\/wp\/v2\/product"}],"about":[{"href":"https:\/\/www.lykketegning.no\/da\/wp-json\/wp\/v2\/types\/product"}],"replies":[{"embeddable":true,"href":"https:\/\/www.lykketegning.no\/da\/wp-json\/wp\/v2\/comments?post=28619"}],"wp:featuredmedia":[{"embeddable":true,"href":"https:\/\/www.lykketegning.no\/da\/wp-json\/wp\/v2\/media\/28601"}],"wp:attachment":[{"href":"https:\/\/www.lykketegning.no\/da\/wp-json\/wp\/v2\/media?parent=28619"}],"wp:term":[{"taxonomy":"product_brand","embeddable":true,"href":"https:\/\/www.lykketegning.no\/da\/wp-json\/wp\/v2\/product_brand?post=28619"},{"taxonomy":"product_cat","embeddable":true,"href":"https:\/\/www.lykketegning.no\/da\/wp-json\/wp\/v2\/product_cat?post=28619"},{"taxonomy":"product_tag","embeddable":true,"href":"https:\/\/www.lykketegning.no\/da\/wp-json\/wp\/v2\/product_tag?post=28619"}],"curies":[{"name":"wp","href":"https:\/\/api.w.org\/{rel}","templated":true}]}}