{"id":36406,"date":"2024-04-10T11:40:49","date_gmt":"2024-04-10T09:40:49","guid":{"rendered":"https:\/\/www.lykketegning.no\/fornyelse\/?page_id=36406"},"modified":"2025-05-23T10:28:05","modified_gmt":"2025-05-23T08:28:05","slug":"personlige-tegninger","status":"publish","type":"page","link":"https:\/\/www.lykketegning.no\/da\/personlige-tegninger\/","title":{"rendered":"Personlige tegninger"},"content":{"rendered":"<form role=\"search\" action=\"https:\/\/www.lykketegning.no\/da\/\" method=\"get\" aria-label=\"S\u00f8geformular\" data-trp-original-action=\"https:\/\/www.lykketegning.no\">\n\t\t\t\t\t\t\t\t\t\tSearch\n\t\t\t\t\t\t\t\t\t\t<label for=\"pp-search-form__input-\">\n\t\t\t\tS\u00f8g efter\t\t\t<\/label>\n\t\t\t<input id=\"pp-search-form__input-\"  placeholder=\"S\u00f8g efter\" type=\"search\" name=\"s\" title=\"Search\" value=\"\"\/>\n\t\t\t<input type=\"hidden\" name=\"trp-form-language\" value=\"da\"\/><\/form>\n\t<nav id=\"breadcrumbs\" aria-label=\"Breadcrumbs\"><a href=\"https:\/\/www.lykketegning.no\/da\/\">Startside<\/a> \u00bb Personlige tegninger<\/nav><h2>\n\t\t\tPersonlig tegning\t<\/h2>\n<h3>\n\t\t\tBestil din helt egen skr\u00e6ddersyede illustration. Gode gaver til bryllupper og andre fester.\t<\/h3>\n\t<p>Jeg har brug for at kende h\u00e5rfarve\/h\u00e5rtype, h\u00f8jde, interesser og det \u00f8nskede antal illustrerede personer. Eventuelle citater, du \u00f8nsker at inkludere.<\/p>\n<p>Mail kan sendes til post@lykketegning.no, eller du kan bestille <a href=\"https:\/\/www.lykketegning.no\/da\/vare\/personlige-illustrasjoner\/\">direkte her.\u00a0<\/a><\/p>\n<h4>\n\t\t\tPriser\t<\/h4>\n\t\t\t<h3> NOK 1500,-.<\/h3> <p>A4 og A5 med op til 5 personer\/dyr. <br \/>(Ekstra omkostninger for flere.)<\/p>\t\t\n\t\t\t<h3> NOK 2000,-.<\/h3> <p>A3 ex. porto<\/p>\t\t\n\t\t\t<a href=\"mailto:post@lykketegning.no\" target=\"_blank\" rel=\"noopener\">\n\t\t\t\t\t\t\tBestil via e-mail\n\t\t\t<\/a>\n\t\t\t\t<img decoding=\"async\" src=\"https:\/\/www.lykketegning.no\/wp-content\/uploads\/2025\/04\/h3a327209-06-2019-205357-752375050200.jpg\" alt=\"Lykketegning personlige tegninger\" itemprop=\"image\" height=\"667\" width=\"1000\" title=\"Lykketegning personlige tegninger\" onerror=\"this.style.display='none'\" loading='lazy' \/>","protected":false},"excerpt":{"rendered":"<p>S\u00f8g S\u00f8g Hjem \" Personlige tegninger Personlig tegning Bestil din helt egen skr\u00e6ddersyede illustration. Gode gaver til bryllupper og andre fester. Jeg har brug for at kende din h\u00e5rfarve\/h\u00e5rtype, h\u00f8jde, interesser og det \u00f8nskede antal illustrerede personer. Eventuelle citater, som du \u00f8nsker inkluderet. Mail kan sendes til post@lykketegning.no, eller du kan bestille direkte her.  Priser kr. 1500,- A4 og...<\/p>","protected":false},"author":2008,"featured_media":0,"parent":0,"menu_order":0,"comment_status":"closed","ping_status":"closed","template":"","meta":{"footnotes":""},"class_list":["post-36406","page","type-page","status-publish","hentry"],"yoast_head":"<!-- This site is optimized with the Yoast SEO plugin v27.3 - https:\/\/yoast.com\/product\/yoast-seo-wordpress\/ -->\n<title>Personlige tegninger - LYKKETEGNING ILLUSTRAT\u00d8R<\/title>\n<meta name=\"robots\" content=\"index, follow, max-snippet:-1, max-image-preview:large, max-video-preview:-1\" \/>\n<link rel=\"canonical\" href=\"https:\/\/www.lykketegning.no\/da\/personlige-tegninger\/\" \/>\n<meta property=\"og:locale\" content=\"da_DK\" \/>\n<meta property=\"og:type\" content=\"article\" \/>\n<meta property=\"og:title\" content=\"Personlige tegninger - LYKKETEGNING ILLUSTRAT\u00d8R\" \/>\n<meta property=\"og:description\" content=\"Search S\u00f8k Hjem \u00bb Personlige tegninger Personlig tegning Bestill en helt egen spesiallaget illustrasjon. Flotte gaver til bryllup og andre selskaper. Jeg trenger \u00e5 vite h\u00e5rfarge\/ h\u00e5rtype, h\u00f8yde, interesser og \u00f8nsket antall illustrerte personer. Evt sitat som \u00f8nskes med. Mail kan sendes til post@lykketegning.no eller du kan bestille direkte her.\u00a0 Priser NOK 1500,- A4 og&hellip;\" \/>\n<meta property=\"og:url\" content=\"https:\/\/www.lykketegning.no\/da\/personlige-tegninger\/\" \/>\n<meta property=\"og:site_name\" content=\"LYKKETEGNING ILLUSTRAT\u00d8R\" \/>\n<meta property=\"article:publisher\" content=\"https:\/\/www.facebook.com\/lykketegning\/\" \/>\n<meta property=\"article:modified_time\" content=\"2025-05-23T08:28:05+00:00\" \/>\n<meta property=\"og:image\" content=\"https:\/\/www.lykketegning.no\/wp-content\/uploads\/2025\/04\/h3a327209-06-2019-205357-752375050200.jpg\" \/>\n<meta name=\"twitter:card\" content=\"summary_large_image\" \/>\n<script type=\"application\/ld+json\" class=\"yoast-schema-graph\">{\"@context\":\"https:\\\/\\\/schema.org\",\"@graph\":[{\"@type\":\"WebPage\",\"@id\":\"https:\\\/\\\/www.lykketegning.no\\\/personlige-tegninger\\\/\",\"url\":\"https:\\\/\\\/www.lykketegning.no\\\/personlige-tegninger\\\/\",\"name\":\"Personlige tegninger - LYKKETEGNING ILLUSTRAT\u00d8R\",\"isPartOf\":{\"@id\":\"https:\\\/\\\/www.lykketegning.no\\\/#website\"},\"primaryImageOfPage\":{\"@id\":\"https:\\\/\\\/www.lykketegning.no\\\/personlige-tegninger\\\/#primaryimage\"},\"image\":{\"@id\":\"https:\\\/\\\/www.lykketegning.no\\\/personlige-tegninger\\\/#primaryimage\"},\"thumbnailUrl\":\"https:\\\/\\\/www.lykketegning.no\\\/wp-content\\\/uploads\\\/2025\\\/04\\\/h3a327209-06-2019-205357-752375050200.jpg\",\"datePublished\":\"2024-04-10T09:40:49+00:00\",\"dateModified\":\"2025-05-23T08:28:05+00:00\",\"breadcrumb\":{\"@id\":\"https:\\\/\\\/www.lykketegning.no\\\/personlige-tegninger\\\/#breadcrumb\"},\"inLanguage\":\"da-DK\",\"potentialAction\":[{\"@type\":\"ReadAction\",\"target\":[\"https:\\\/\\\/www.lykketegning.no\\\/personlige-tegninger\\\/\"]}]},{\"@type\":\"ImageObject\",\"inLanguage\":\"da-DK\",\"@id\":\"https:\\\/\\\/www.lykketegning.no\\\/personlige-tegninger\\\/#primaryimage\",\"url\":\"https:\\\/\\\/www.lykketegning.no\\\/wp-content\\\/uploads\\\/2025\\\/04\\\/h3a327209-06-2019-205357-752375050200.jpg\",\"contentUrl\":\"https:\\\/\\\/www.lykketegning.no\\\/wp-content\\\/uploads\\\/2025\\\/04\\\/h3a327209-06-2019-205357-752375050200.jpg\"},{\"@type\":\"BreadcrumbList\",\"@id\":\"https:\\\/\\\/www.lykketegning.no\\\/personlige-tegninger\\\/#breadcrumb\",\"itemListElement\":[{\"@type\":\"ListItem\",\"position\":1,\"name\":\"Hjem\",\"item\":\"https:\\\/\\\/www.lykketegning.no\\\/\"},{\"@type\":\"ListItem\",\"position\":2,\"name\":\"Personlige tegninger\"}]},{\"@type\":\"WebSite\",\"@id\":\"https:\\\/\\\/www.lykketegning.no\\\/#website\",\"url\":\"https:\\\/\\\/www.lykketegning.no\\\/\",\"name\":\"LYKKETEGNING ILLUSTRAT\u00d8R\",\"description\":\"\",\"publisher\":{\"@id\":\"https:\\\/\\\/www.lykketegning.no\\\/#organization\"},\"potentialAction\":[{\"@type\":\"SearchAction\",\"target\":{\"@type\":\"EntryPoint\",\"urlTemplate\":\"https:\\\/\\\/www.lykketegning.no\\\/?s={search_term_string}\"},\"query-input\":{\"@type\":\"PropertyValueSpecification\",\"valueRequired\":true,\"valueName\":\"search_term_string\"}}],\"inLanguage\":\"da-DK\"},{\"@type\":\"Organization\",\"@id\":\"https:\\\/\\\/www.lykketegning.no\\\/#organization\",\"name\":\"LYKKETEGNING ILLUSTRAT\u00d8R\",\"url\":\"https:\\\/\\\/www.lykketegning.no\\\/\",\"logo\":{\"@type\":\"ImageObject\",\"inLanguage\":\"da-DK\",\"@id\":\"https:\\\/\\\/www.lykketegning.no\\\/#\\\/schema\\\/logo\\\/image\\\/\",\"url\":\"https:\\\/\\\/www.lykketegning.no\\\/wp-content\\\/uploads\\\/2020\\\/03\\\/Logo2020_h400px.jpg\",\"contentUrl\":\"https:\\\/\\\/www.lykketegning.no\\\/wp-content\\\/uploads\\\/2020\\\/03\\\/Logo2020_h400px.jpg\",\"width\":1024,\"height\":400,\"caption\":\"LYKKETEGNING ILLUSTRAT\u00d8R\"},\"image\":{\"@id\":\"https:\\\/\\\/www.lykketegning.no\\\/#\\\/schema\\\/logo\\\/image\\\/\"},\"sameAs\":[\"https:\\\/\\\/www.facebook.com\\\/lykketegning\\\/\",\"https:\\\/\\\/www.instagram.com\\\/lykketegning\\\/\",\"https:\\\/\\\/www.youtube.com\\\/@lykketegningillustrations\",\"https:\\\/\\\/www.tiktok.com\\\/@lykketegningillustration\"]}]}<\/script>\n<!-- \/ Yoast SEO plugin. -->","yoast_head_json":{"title":"Personlige tegninger - LYKKETEGNING ILLUSTRAT\u00d8R","robots":{"index":"index","follow":"follow","max-snippet":"max-snippet:-1","max-image-preview":"max-image-preview:large","max-video-preview":"max-video-preview:-1"},"canonical":"https:\/\/www.lykketegning.no\/da\/personlige-tegninger\/","og_locale":"da_DK","og_type":"article","og_title":"Personlige tegninger - LYKKETEGNING ILLUSTRAT\u00d8R","og_description":"Search S\u00f8k Hjem \u00bb Personlige tegninger Personlig tegning Bestill en helt egen spesiallaget illustrasjon. Flotte gaver til bryllup og andre selskaper. Jeg trenger \u00e5 vite h\u00e5rfarge\/ h\u00e5rtype, h\u00f8yde, interesser og \u00f8nsket antall illustrerte personer. Evt sitat som \u00f8nskes med. Mail kan sendes til post@lykketegning.no eller du kan bestille direkte her.\u00a0 Priser NOK 1500,- A4 og&hellip;","og_url":"https:\/\/www.lykketegning.no\/da\/personlige-tegninger\/","og_site_name":"LYKKETEGNING ILLUSTRAT\u00d8R","article_publisher":"https:\/\/www.facebook.com\/lykketegning\/","article_modified_time":"2025-05-23T08:28:05+00:00","og_image":[{"url":"https:\/\/www.lykketegning.no\/wp-content\/uploads\/2025\/04\/h3a327209-06-2019-205357-752375050200.jpg","type":"","width":"","height":""}],"twitter_card":"summary_large_image","schema":{"@context":"https:\/\/schema.org","@graph":[{"@type":"WebPage","@id":"https:\/\/www.lykketegning.no\/personlige-tegninger\/","url":"https:\/\/www.lykketegning.no\/personlige-tegninger\/","name":"Personlige tegninger - LYKKETEGNING ILLUSTRAT\u00d8R","isPartOf":{"@id":"https:\/\/www.lykketegning.no\/#website"},"primaryImageOfPage":{"@id":"https:\/\/www.lykketegning.no\/personlige-tegninger\/#primaryimage"},"image":{"@id":"https:\/\/www.lykketegning.no\/personlige-tegninger\/#primaryimage"},"thumbnailUrl":"https:\/\/www.lykketegning.no\/wp-content\/uploads\/2025\/04\/h3a327209-06-2019-205357-752375050200.jpg","datePublished":"2024-04-10T09:40:49+00:00","dateModified":"2025-05-23T08:28:05+00:00","breadcrumb":{"@id":"https:\/\/www.lykketegning.no\/personlige-tegninger\/#breadcrumb"},"inLanguage":"da-DK","potentialAction":[{"@type":"ReadAction","target":["https:\/\/www.lykketegning.no\/personlige-tegninger\/"]}]},{"@type":"ImageObject","inLanguage":"da-DK","@id":"https:\/\/www.lykketegning.no\/personlige-tegninger\/#primaryimage","url":"https:\/\/www.lykketegning.no\/wp-content\/uploads\/2025\/04\/h3a327209-06-2019-205357-752375050200.jpg","contentUrl":"https:\/\/www.lykketegning.no\/wp-content\/uploads\/2025\/04\/h3a327209-06-2019-205357-752375050200.jpg"},{"@type":"BreadcrumbList","@id":"https:\/\/www.lykketegning.no\/personlige-tegninger\/#breadcrumb","itemListElement":[{"@type":"ListItem","position":1,"name":"Hjem","item":"https:\/\/www.lykketegning.no\/"},{"@type":"ListItem","position":2,"name":"Personlige tegninger"}]},{"@type":"WebSite","@id":"https:\/\/www.lykketegning.no\/#website","url":"https:\/\/www.lykketegning.no\/","name":"LYKKETEGNING ILLUSTRATOR","description":"","publisher":{"@id":"https:\/\/www.lykketegning.no\/#organization"},"potentialAction":[{"@type":"SearchAction","target":{"@type":"EntryPoint","urlTemplate":"https:\/\/www.lykketegning.no\/?s={search_term_string}"},"query-input":{"@type":"PropertyValueSpecification","valueRequired":true,"valueName":"search_term_string"}}],"inLanguage":"da-DK"},{"@type":"Organization","@id":"https:\/\/www.lykketegning.no\/#organization","name":"LYKKETEGNING ILLUSTRATOR","url":"https:\/\/www.lykketegning.no\/","logo":{"@type":"ImageObject","inLanguage":"da-DK","@id":"https:\/\/www.lykketegning.no\/#\/schema\/logo\/image\/","url":"https:\/\/www.lykketegning.no\/wp-content\/uploads\/2020\/03\/Logo2020_h400px.jpg","contentUrl":"https:\/\/www.lykketegning.no\/wp-content\/uploads\/2020\/03\/Logo2020_h400px.jpg","width":1024,"height":400,"caption":"LYKKETEGNING ILLUSTRAT\u00d8R"},"image":{"@id":"https:\/\/www.lykketegning.no\/#\/schema\/logo\/image\/"},"sameAs":["https:\/\/www.facebook.com\/lykketegning\/","https:\/\/www.instagram.com\/lykketegning\/","https:\/\/www.youtube.com\/@lykketegningillustrations","https:\/\/www.tiktok.com\/@lykketegningillustration"]}]}},"_links":{"self":[{"href":"https:\/\/www.lykketegning.no\/da\/wp-json\/wp\/v2\/pages\/36406","targetHints":{"allow":["GET"]}}],"collection":[{"href":"https:\/\/www.lykketegning.no\/da\/wp-json\/wp\/v2\/pages"}],"about":[{"href":"https:\/\/www.lykketegning.no\/da\/wp-json\/wp\/v2\/types\/page"}],"author":[{"embeddable":true,"href":"https:\/\/www.lykketegning.no\/da\/wp-json\/wp\/v2\/users\/2008"}],"replies":[{"embeddable":true,"href":"https:\/\/www.lykketegning.no\/da\/wp-json\/wp\/v2\/comments?post=36406"}],"version-history":[{"count":0,"href":"https:\/\/www.lykketegning.no\/da\/wp-json\/wp\/v2\/pages\/36406\/revisions"}],"wp:attachment":[{"href":"https:\/\/www.lykketegning.no\/da\/wp-json\/wp\/v2\/media?parent=36406"}],"curies":[{"name":"wp","href":"https:\/\/api.w.org\/{rel}","templated":true}]}}